{"id":414,"date":"2023-03-01T12:27:47","date_gmt":"2023-03-01T10:27:47","guid":{"rendered":"https:\/\/annualreport.forcitgroup.com\/?page_id=414"},"modified":"2023-03-14T15:12:48","modified_gmt":"2023-03-14T13:12:48","slug":"toimitusjohtajan-tervehdys","status":"publish","type":"page","link":"https:\/\/annualreport.forcitgroup.com\/2022\/fi\/toimintakertomus\/toimitusjohtajan-tervehdys\/","title":{"rendered":"Toimitusjohtajan tervehdys"},"content":{"rendered":"\n<div style=\"height:75px\" aria-hidden=\"true\" class=\"wp-block-spacer\"><\/div>\n\n\n\n<figure class=\"wp-block-image size-full\"><img loading=\"lazy\" decoding=\"async\" width=\"775\" height=\"517\" src=\"https:\/\/annualreport.forcitgroup.com\/2022\/wp-content\/uploads\/2023\/03\/2022-Forcit_Article-image_ceo-greeting_joakim-westerlund.jpg\" alt=\"\" class=\"wp-image-827\" srcset=\"https:\/\/annualreport.forcitgroup.com\/2022\/wp-content\/uploads\/2023\/03\/2022-Forcit_Article-image_ceo-greeting_joakim-westerlund.jpg 775w, https:\/\/annualreport.forcitgroup.com\/2022\/wp-content\/uploads\/2023\/03\/2022-Forcit_Article-image_ceo-greeting_joakim-westerlund-300x200.jpg 300w, https:\/\/annualreport.forcitgroup.com\/2022\/wp-content\/uploads\/2023\/03\/2022-Forcit_Article-image_ceo-greeting_joakim-westerlund-768x512.jpg 768w\" sizes=\"(max-width: 775px) 100vw, 775px\" \/><figcaption class=\"wp-element-caption\">Joakim Westerlund,<br>Toimitusjohtaja,<br>FORCIT Group<\/figcaption><\/figure>\n\n\n\n<h2 class=\"wp-block-heading\">Toimitusjohtajan tervehdys<\/h2>\n\n\n\n<p class=\"lead\">Viet\u00e4mme t\u00e4n\u00e4 vuonna 130-vuotisjuhlaamme \u2013 FORCITin tarina alkoi 1800-luvulla ja jatkuu t\u00e4n\u00e4kin p\u00e4iv\u00e4n\u00e4.<\/p>\n\n\n\n<p>Aloitimme dynamiitin tuotannolla vuonna 1893, ja olemme siit\u00e4 l\u00e4htien jatkaneet toimintaamme koko 1900-luvun ajan aina t\u00e4h\u00e4n p\u00e4iv\u00e4\u00e4n asti. Meill\u00e4 on ollut viimeisten 130 vuoden aikana t\u00e4rke\u00e4 rooli nykyisen infrastruktuurin ja yhteiskunnan rakentamisessa sek\u00e4 Suomen itsen\u00e4isyyden puolustamisessa. T\u00e4m\u00e4n perinn\u00f6n ja osaamisen pohjalta olemme laajentaneet toimintaamme v\u00e4hitellen Ruotsiin, Norjaan ja Portugaliin.<\/p>\n\n\n\n<blockquote class=\"wp-block-quote\">\n<p>\u201cMielest\u00e4mme pitk\u00e4 historiamme sitoo meid\u00e4t tulevaisuuteen. T\u00e4m\u00e4 tarkoittaa, ett\u00e4 meid\u00e4n on kannettava vastuumme ja viet\u00e4v\u00e4 toimialaamme eteenp\u00e4in.\u201d<\/p>\n<\/blockquote>\n\n\n\n<p>T\u00e4n\u00e4 p\u00e4iv\u00e4n\u00e4 olemme r\u00e4j\u00e4hteiden ja pohjoismaisissa olosuhteissa teht\u00e4vien r\u00e4j\u00e4ytyst\u00f6iden johtava asiantuntija. Toimimme my\u00f6s kaivostoiminnan digitalisaation globaaleilla markkinoilla. Olemme my\u00f6s merkitt\u00e4v\u00e4 toimija ymp\u00e4rist\u00f6konsultointipalveluiden alalla ja vastuullinen huippuluokan puolustusteknologian valmistaja globaaleille markkinoille.&nbsp;<\/p>\n\n\n\n<p>Autamme osaamisellamme asiakkaitamme heid\u00e4n vaativassa toiminnassaan ja rakennamme tulevaisuuden yhteiskuntaa.&nbsp;&nbsp;&nbsp;<\/p>\n\n\n\n<p>Mielest\u00e4mme pitk\u00e4 historiamme sitoo meid\u00e4t tulevaisuuteen. T\u00e4m\u00e4 tarkoittaa, ett\u00e4 meid\u00e4n on kannettava vastuumme ja viet\u00e4v\u00e4 toimialaamme eteenp\u00e4in. Olemme sitoutuneet tuotteidemme ja palveluidemme jatkuvaan kehitt\u00e4misen nykyaikaisen digitaalisen teknologian avulla, jotta voimme vastata tulevaisuuden tarpeisiin vastuullisesti ja kest\u00e4v\u00e4sti. Odotamme innolla, ett\u00e4 p\u00e4\u00e4semme toimimaan suunnann\u00e4ytt\u00e4j\u00e4n\u00e4 my\u00f6s seuraavat 130 vuotta!\u202f<\/p>\n\n\n\n<div style=\"height:50px\" aria-hidden=\"true\" class=\"wp-block-spacer\"><\/div>\n\n\n\n<figure class=\"wp-block-embed is-type-video is-provider-vimeo wp-block-embed-vimeo wp-embed-aspect-16-9 wp-has-aspect-ratio\"><div class=\"wp-block-embed__wrapper\">\n<iframe loading=\"lazy\" title=\"Forcit-130v-full-2023-03-02-Subtitles-English\" src=\"https:\/\/player.vimeo.com\/video\/807841815?h=5e271c6c2d&amp;dnt=1&amp;app_id=122963\" width=\"640\" height=\"360\" frameborder=\"0\" allow=\"autoplay; fullscreen; picture-in-picture\" allowfullscreen><\/iframe>\n<\/div><\/figure>\n","protected":false},"excerpt":{"rendered":"<p>Toimitusjohtajan tervehdys Viet\u00e4mme t\u00e4n\u00e4 vuonna 130-vuotisjuhlaamme \u2013 FORCITin tarina alkoi 1800-luvulla ja jatkuu t\u00e4n\u00e4kin p\u00e4iv\u00e4n\u00e4. Aloitimme dynamiitin tuotannolla vuonna 1893, ja olemme siit\u00e4 l\u00e4htien jatkaneet toimintaamme koko 1900-luvun ajan aina t\u00e4h\u00e4n p\u00e4iv\u00e4\u00e4n asti. Meill\u00e4 on ollut viimeisten 130 vuoden aikana t\u00e4rke\u00e4 rooli nykyisen infrastruktuurin ja yhteiskunnan rakentamisessa sek\u00e4 Suomen itsen\u00e4isyyden puolustamisessa. T\u00e4m\u00e4n perinn\u00f6n ja osaamisen [&#8230;]<\/p>\n<p><a class=\"btn btn-secondary understrap-read-more-link\" href=\"https:\/\/annualreport.forcitgroup.com\/2022\/fi\/toimintakertomus\/toimitusjohtajan-tervehdys\/\">Read More&#8230;<span class=\"screen-reader-text\"> from Toimitusjohtajan tervehdys<\/span><\/a><\/p>\n","protected":false},"author":1,"featured_media":837,"parent":412,"menu_order":0,"comment_status":"closed","ping_status":"closed","template":"","meta":{"footnotes":""},"acf":[],"_links":{"self":[{"href":"https:\/\/annualreport.forcitgroup.com\/2022\/wp-json\/wp\/v2\/pages\/414"}],"collection":[{"href":"https:\/\/annualreport.forcitgroup.com\/2022\/wp-json\/wp\/v2\/pages"}],"about":[{"href":"https:\/\/annualreport.forcitgroup.com\/2022\/wp-json\/wp\/v2\/types\/page"}],"author":[{"embeddable":true,"href":"https:\/\/annualreport.forcitgroup.com\/2022\/wp-json\/wp\/v2\/users\/1"}],"replies":[{"embeddable":true,"href":"https:\/\/annualreport.forcitgroup.com\/2022\/wp-json\/wp\/v2\/comments?post=414"}],"version-history":[{"count":5,"href":"https:\/\/annualreport.forcitgroup.com\/2022\/wp-json\/wp\/v2\/pages\/414\/revisions"}],"predecessor-version":[{"id":1044,"href":"https:\/\/annualreport.forcitgroup.com\/2022\/wp-json\/wp\/v2\/pages\/414\/revisions\/1044"}],"up":[{"embeddable":true,"href":"https:\/\/annualreport.forcitgroup.com\/2022\/wp-json\/wp\/v2\/pages\/412"}],"wp:featuredmedia":[{"embeddable":true,"href":"https:\/\/annualreport.forcitgroup.com\/2022\/wp-json\/wp\/v2\/media\/837"}],"wp:attachment":[{"href":"https:\/\/annualreport.forcitgroup.com\/2022\/wp-json\/wp\/v2\/media?parent=414"}],"curies":[{"name":"wp","href":"https:\/\/api.w.org\/{rel}","templated":true}]}}