{"id":432,"date":"2023-03-01T12:44:22","date_gmt":"2023-03-01T10:44:22","guid":{"rendered":"https:\/\/annualreport.forcitgroup.com\/?page_id=432"},"modified":"2023-03-07T15:08:06","modified_gmt":"2023-03-07T13:08:06","slug":"liiketoiminta-alueiden-kehitys","status":"publish","type":"page","link":"https:\/\/annualreport.forcitgroup.com\/2022\/fi\/toimintakertomus\/liiketoiminta-alueiden-kehitys\/","title":{"rendered":"Liiketoiminta-alueiden kehitys"},"content":{"rendered":"\n<div style=\"height:75px\" aria-hidden=\"true\" class=\"wp-block-spacer\"><\/div>\n\n\n\n<figure class=\"wp-block-image size-full\"><img loading=\"lazy\" decoding=\"async\" width=\"775\" height=\"460\" src=\"https:\/\/annualreport.forcitgroup.com\/2022\/wp-content\/uploads\/2023\/03\/BU-2022-Forcit_Article-image_ecm.jpg\" alt=\"\" class=\"wp-image-836\" srcset=\"https:\/\/annualreport.forcitgroup.com\/2022\/wp-content\/uploads\/2023\/03\/BU-2022-Forcit_Article-image_ecm.jpg 775w, https:\/\/annualreport.forcitgroup.com\/2022\/wp-content\/uploads\/2023\/03\/BU-2022-Forcit_Article-image_ecm-300x178.jpg 300w, https:\/\/annualreport.forcitgroup.com\/2022\/wp-content\/uploads\/2023\/03\/BU-2022-Forcit_Article-image_ecm-768x456.jpg 768w\" sizes=\"(max-width: 775px) 100vw, 775px\" \/><\/figure>\n\n\n\n<h2 class=\"wp-block-heading\">Explosives<\/h2>\n\n\n\n<p>FORCIT Explosives kasvatti liikevaihtoaan vuonna 2022 kaikissa maissa. Keskeisen\u00e4 teemana vuonna 2022 oli saatavuuden turvaaminen raaka-aineiden saatavuuden ja hinnan kannalta ennenn\u00e4kem\u00e4tt\u00f6m\u00e4ss\u00e4 ja dramaattisessa tilanteessa. Suurin haaste on liittynyt ammoniakin hinnan jyrkk\u00e4\u00e4n nousuun, joka johtuu suurelta osin geopoliittisesta tilanteesta. Raaka-aineiden saatavuuden rajoitukset ja merkitt\u00e4v\u00e4t hinnannousut ovat nostaneet r\u00e4j\u00e4hteiden tuotantokustannuksia ja tuoneet uusia haasteita ostotoiminnalle.&nbsp;<\/p>\n\n\n\n<p>FORCIT on vankan toimitusketjun ansiosta pystynyt huolehtimaan asiakastoimitusten jatkuvuudesta n\u00e4iss\u00e4 vaikeissa olosuhteissa. FORCIT on kiitollinen hyv\u00e4st\u00e4 ja joustavasta yhteisty\u00f6st\u00e4 asiakkaiden kanssa sek\u00e4 rakentavasta yhteisest\u00e4 ratkaisujen etsimisest\u00e4 toimitusten turvaamiseksi haastavana vuotena. &nbsp;<br>&nbsp;<br>FORCIT Explosives jatkoi monista haasteista huolimatta kasvu- ja investointisuunnitelmaansa menestyksekk\u00e4\u00e4sti. Sek\u00e4 tuotantom\u00e4\u00e4r\u00e4t ett\u00e4 toimitusm\u00e4\u00e4r\u00e4t saavuttivat enn\u00e4tystason kaikissa maissa. Vuoden aikana avattiin uusia toimipisteit\u00e4 asiakkaiden palvelemiseksi Ruotsissa ja Norjassa, aloitettiin uusien toimitilojen rakennushankkeita ja investoitiin nykyisten toimitilojen kapasiteetin kasvattamiseen. O-Pitblastin ohjelmiston ja teknologian integrointi eteni vuoden aikana hyvin.<\/p>\n\n\n\n<div style=\"height:50px\" aria-hidden=\"true\" class=\"wp-block-spacer\"><\/div>\n\n\n\n<figure class=\"wp-block-image size-full\"><img loading=\"lazy\" decoding=\"async\" width=\"773\" height=\"459\" src=\"https:\/\/annualreport.forcitgroup.com\/2022\/wp-content\/uploads\/2023\/03\/BU-2022-Forcit_Article-image_defence.jpg\" alt=\"\" class=\"wp-image-835\" srcset=\"https:\/\/annualreport.forcitgroup.com\/2022\/wp-content\/uploads\/2023\/03\/BU-2022-Forcit_Article-image_defence.jpg 773w, https:\/\/annualreport.forcitgroup.com\/2022\/wp-content\/uploads\/2023\/03\/BU-2022-Forcit_Article-image_defence-300x178.jpg 300w, https:\/\/annualreport.forcitgroup.com\/2022\/wp-content\/uploads\/2023\/03\/BU-2022-Forcit_Article-image_defence-768x456.jpg 768w\" sizes=\"(max-width: 773px) 100vw, 773px\" \/><\/figure>\n\n\n\n<h2 class=\"wp-block-heading\">Defence<\/h2>\n\n\n\n<p>Defence-liiketoiminta-alueen liikevaihto yli kaksinkertaistui vuonna 2022 edellisvuodesta vuoden alun vahvan tilauskannan ansiosta. Odotamme kysynn\u00e4n kasvavan edelleen, sill\u00e4 monet maat kasvattavat puolustusbudjettejaan Ven\u00e4j\u00e4n Ukrainaa kohtaan aloittaman brutaalin hy\u00f6kk\u00e4yssodan vuoksi. Defence-liiketoiminta-alueemme keskittyi vuonna 2022 raaka-aineiden saatavuuden ja riitt\u00e4v\u00e4n tuotantokapasiteetin varmistamiseen sek\u00e4 kykyyn rekrytoida kasvaneen kysynn\u00e4n tarpeisiin vastaamiseksi.<\/p>\n\n\n\n<div style=\"height:50px\" aria-hidden=\"true\" class=\"wp-block-spacer\"><\/div>\n\n\n\n<figure class=\"wp-block-image size-full\"><img loading=\"lazy\" decoding=\"async\" width=\"775\" height=\"460\" src=\"https:\/\/annualreport.forcitgroup.com\/2022\/wp-content\/uploads\/2023\/03\/BU-2022-Forcit_Article-image_consulting.jpg\" alt=\"\" class=\"wp-image-834\" srcset=\"https:\/\/annualreport.forcitgroup.com\/2022\/wp-content\/uploads\/2023\/03\/BU-2022-Forcit_Article-image_consulting.jpg 775w, https:\/\/annualreport.forcitgroup.com\/2022\/wp-content\/uploads\/2023\/03\/BU-2022-Forcit_Article-image_consulting-300x178.jpg 300w, https:\/\/annualreport.forcitgroup.com\/2022\/wp-content\/uploads\/2023\/03\/BU-2022-Forcit_Article-image_consulting-768x456.jpg 768w\" sizes=\"(max-width: 775px) 100vw, 775px\" \/><\/figure>\n\n\n\n<h2 class=\"wp-block-heading\">Consulting<\/h2>\n\n\n\n<p>FORCIT Consultingin liikevaihto kasvoi hieman vuonna 2022 paikallisissa valuutoissa mitattuna. Vuoden aikana toteutettiin useita sis\u00e4isi\u00e4 kehityshankkeita Consulting-liiketoiminta-alueen pitk\u00e4n aikav\u00e4lin kilpailukyvyn ja menestyksen varmistamiseksi. Lis\u00e4ksi Consulting-liiketoiminta-alue perusti nelj\u00e4 uutta toimipistett\u00e4 Pohjoismaihin: Lappeenrantaan, Ruotsin Kalixiin ja Skellefte\u00e5hon ja Norjan Bergeniin.<\/p>\n\n\n\n<h2 class=\"wp-block-heading\">Tutkimus ja kehitys<\/h2>\n\n\n\n<p>FORCIT Explosives liiketoiminta-alueen tuotekehityksess\u00e4 edistyttiin merkitt\u00e4v\u00e4sti Kemiitti-j\u00e4rjestelm\u00e4n yhten\u00e4isen laadun kehitt\u00e4misess\u00e4 ottamalla k\u00e4ytt\u00f6\u00f6n uusia mittausmenetelmi\u00e4 sek\u00e4 prosessi- ja tuoteparannuksia. My\u00f6s uuden typett\u00f6m\u00e4n r\u00e4j\u00e4hteen kehitt\u00e4minen eteni, ja typett\u00f6mille geeli- ja emulsiotuotteille saatiin CE-merkint\u00e4. Lis\u00e4ksi aloitettiin uuden vihre\u00e4n tuotelinjan kehitt\u00e4minen. FORCIT lanseerasi my\u00f6s maanalaiseen k\u00e4ytt\u00f6\u00f6n tarkoitetut uuden sukupolven ECM3-emulsiopanostuslaitteet.&nbsp;<\/p>\n\n\n\n<p>FORCIT Defencen tutkimus- ja kehitysty\u00f6ss\u00e4 keskityttiin vedenalaisten j\u00e4rjestelmien ja FORCIT Sentry Area Denial System j\u00e4rjestelm\u00e4n jatkokehitt\u00e4miseen. Sentry-j\u00e4rjestelm\u00e4n ensimm\u00e4isten sarjatoimitusten odotetaan tapahtuvan vuonna 2023.&nbsp;<\/p>\n\n\n\n<p>Mittausdatan k\u00e4sittely-, hallinta- ja k\u00e4ytt\u00f6alustan kehitysty\u00f6 on jatkunut FORCITin Consulting-liiketoiminta-alueella. Lis\u00e4ksi Consulting lanseerasi uuden tietojenk\u00e4sittely\u00e4 sujuvoittavan ja tehostavan mobiilisovelluksen.<\/p>\n\n\n\n<h2 class=\"wp-block-heading\">Investoinnit<\/h2>\n\n\n\n<p>Konsernin kokonaisinvestoinnit olivat tilikauden aikana 11,6\u202fmiljoonaa euroa (15,9 miljoonaa euroa), ja leasingrahoitus mukaan lukien 12,3\u202fmiljoonaa euroa (17,1 miljoonaa euroa). Emoyhti\u00f6n investoinnit omaan toimintaansa olivat 5,9 miljoonaa euroa (2,1 miljoonaa euroa). Konsernin kokonaisinvestoinnit leasingrahoitus mukaan lukien olivat 5,4% vuoden liikevaihdosta.&nbsp;&nbsp;<\/p>\n\n\n\n<p>T\u00e4rkeimm\u00e4t investoinnit koskivat kapasiteetin kasvattamista ja FORCIT Explosives liiketoiminta-alueen palveluverkon laajentamista Norjassa, Ruotsissa ja Suomessa. My\u00f6s huomattavien investointien tekemist\u00e4 panostus- ja toimitusprosessien digitalisointiin jatkettiin. FORCIT Consulting on investoinut t\u00e4rin\u00e4- ja melumittauslaitteisiin ja ohjelmistoihin.<\/p>\n","protected":false},"excerpt":{"rendered":"<p>Explosives FORCIT Explosives kasvatti liikevaihtoaan vuonna 2022 kaikissa maissa. Keskeisen\u00e4 teemana vuonna 2022 oli saatavuuden turvaaminen raaka-aineiden saatavuuden ja hinnan kannalta ennenn\u00e4kem\u00e4tt\u00f6m\u00e4ss\u00e4 ja dramaattisessa tilanteessa. Suurin haaste on liittynyt ammoniakin hinnan jyrkk\u00e4\u00e4n nousuun, joka johtuu suurelta osin geopoliittisesta tilanteesta. Raaka-aineiden saatavuuden rajoitukset ja merkitt\u00e4v\u00e4t hinnannousut ovat nostaneet r\u00e4j\u00e4hteiden tuotantokustannuksia ja tuoneet uusia haasteita ostotoiminnalle.&nbsp; FORCIT [&#8230;]<\/p>\n<p><a class=\"btn btn-secondary understrap-read-more-link\" href=\"https:\/\/annualreport.forcitgroup.com\/2022\/fi\/toimintakertomus\/liiketoiminta-alueiden-kehitys\/\">Read More&#8230;<span class=\"screen-reader-text\"> from Liiketoiminta-alueiden kehitys<\/span><\/a><\/p>\n","protected":false},"author":1,"featured_media":831,"parent":412,"menu_order":0,"comment_status":"closed","ping_status":"closed","template":"","meta":{"_acf_changed":false,"footnotes":""},"acf":[],"_links":{"self":[{"href":"https:\/\/annualreport.forcitgroup.com\/2022\/wp-json\/wp\/v2\/pages\/432"}],"collection":[{"href":"https:\/\/annualreport.forcitgroup.com\/2022\/wp-json\/wp\/v2\/pages"}],"about":[{"href":"https:\/\/annualreport.forcitgroup.com\/2022\/wp-json\/wp\/v2\/types\/page"}],"author":[{"embeddable":true,"href":"https:\/\/annualreport.forcitgroup.com\/2022\/wp-json\/wp\/v2\/users\/1"}],"replies":[{"embeddable":true,"href":"https:\/\/annualreport.forcitgroup.com\/2022\/wp-json\/wp\/v2\/comments?post=432"}],"version-history":[{"count":5,"href":"https:\/\/annualreport.forcitgroup.com\/2022\/wp-json\/wp\/v2\/pages\/432\/revisions"}],"predecessor-version":[{"id":851,"href":"https:\/\/annualreport.forcitgroup.com\/2022\/wp-json\/wp\/v2\/pages\/432\/revisions\/851"}],"up":[{"embeddable":true,"href":"https:\/\/annualreport.forcitgroup.com\/2022\/wp-json\/wp\/v2\/pages\/412"}],"wp:featuredmedia":[{"embeddable":true,"href":"https:\/\/annualreport.forcitgroup.com\/2022\/wp-json\/wp\/v2\/media\/831"}],"wp:attachment":[{"href":"https:\/\/annualreport.forcitgroup.com\/2022\/wp-json\/wp\/v2\/media?parent=432"}],"curies":[{"name":"wp","href":"https:\/\/api.w.org\/{rel}","templated":true}]}}