{"id":436,"date":"2023-03-01T12:48:57","date_gmt":"2023-03-01T10:48:57","guid":{"rendered":"https:\/\/annualreport.forcitgroup.com\/?page_id=436"},"modified":"2023-03-07T15:10:15","modified_gmt":"2023-03-07T13:10:15","slug":"ennusteet","status":"publish","type":"page","link":"https:\/\/annualreport.forcitgroup.com\/2022\/fi\/toimintakertomus\/ennusteet\/","title":{"rendered":"Ennusteet"},"content":{"rendered":"\n<h2 class=\"wp-block-heading\">Riskit ja ep\u00e4varmuustekij\u00e4t<\/h2>\n\n\n\n<p>Intensiivinen geopoliittinen tilanne ja Ukrainan sota ovat vuoden 2021 lopusta l\u00e4htien aiheuttaneet merkitt\u00e4vi\u00e4 ja ennenn\u00e4kem\u00e4tt\u00f6mi\u00e4 raaka-aineisiin liittyvi\u00e4 haasteita.&nbsp; Keskeisten raaka-aineiden saatavuus ja hintojen eritt\u00e4in suuri vaihtelu ovat aiheuttaneet liiketoiminnallemme suuria haasteita. Vaikka raaka-aineiden hinnat laskivat ja raaka-aineiden saatavuusrajoitukset lieventyiv\u00e4t vuoden 2022 loppupuolella, odotamme tilanteen pysyv\u00e4n ep\u00e4vakaana vuonna 2023 ja vaativan paljon ty\u00f6t\u00e4 vaihtoehtoisten ratkaisujen l\u00f6yt\u00e4miseksi sek\u00e4 muuttuvan hintatason k\u00e4sittelemiseksi.&nbsp;<\/p>\n\n\n\n<p>Globaalien ja eurooppalaisten talousn\u00e4kymien heikkenemisen odotetaan vaikuttavan yhti\u00f6\u00f6n ja etenkin Explosives- ja Consulting-liiketoiminta-alueiden urakoitsijasegmenttiin. Ennusteet rakennusmarkkinoiden aktiivisuudesta vuonna 2023 muuttuivat viime vuonna selv\u00e4sti negatiivisemmiksi kaikissa Pohjoismaissa.&nbsp;<\/p>\n\n\n\n<p>Koska yhti\u00f6n toiminnoista merkitt\u00e4v\u00e4 osa on Ruotsissa ja Norjassa, Ruotsin kruunun ja euron sek\u00e4 Norjan kruunun ja euron v\u00e4liset kurssimuutokset muodostavat valuuttariskin. Yhti\u00f6 on edelleen pyrkinyt suojautumaan valuuttariskej\u00e4 vastaan erilaisten sopimusten avulla.&nbsp;&nbsp;<\/p>\n\n\n\n<p>Ukrainan sota ja siihen liittyv\u00e4t geopoliittiset j\u00e4nnitteet ovat lis\u00e4nneet IT- ja hybridiuhkiin liittyvi\u00e4 riskej\u00e4. FORCIT on sen vuoksi keskittynyt entist\u00e4 enemm\u00e4n tietoturvaan ja fyysiseen turvallisuuteen sek\u00e4 tehnyt niihin merkitt\u00e4vi\u00e4 investointeja.&nbsp;&nbsp;&nbsp;<\/p>\n\n\n\n<h2 class=\"wp-block-heading\">Vuoden 2023 n\u00e4kym\u00e4t<\/h2>\n\n\n\n<p>Infrarakentamisen n\u00e4kym\u00e4t ovat Suomessa ja Ruotsissa yleisen taloustilanteen n\u00e4kymien vuoksi selv\u00e4sti negatiiviset. Norjan n\u00e4kym\u00e4t ovat positiivisemmat. Kaivossegmenttiin kohdistuu vuoden 2022 tulokseen verrattuna neutraaleja odotuksia. Vuoden 2023 suurimmat huolenaiheet liittyv\u00e4t talouden kokonaisn\u00e4kymiin, inflaatioon ja erityisesti keskeisten raaka-aineiden hintakehitykseen. Kilpailu siviilir\u00e4j\u00e4hdemarkkinoilla on edelleen kovaa.&nbsp;&nbsp;<\/p>\n\n\n\n<p>Yhti\u00f6 uskoo kuitenkin pystyv\u00e4ns\u00e4 harjoittamaan edelleen kannattavaa liiketoimintaa p\u00e4\u00e4markkinoillaan pit\u00e4m\u00e4ll\u00e4 yll\u00e4 hyv\u00e4\u00e4 kilpailukyky\u00e4\u00e4n ja keskittym\u00e4ll\u00e4 edelleen toimintansa kehitt\u00e4miseen ja tehokkuuteen.&nbsp; &nbsp;<br>&nbsp;<br>FORCIT perusti tammikuussa 2023 ENAEX SA:n kanssa O-Pitblastia koskevan yhteisyrityksen. Tavoitteena on vastata kest\u00e4v\u00e4n kaivostoiminnan ohjelmistojen ja tuotteiden kasvavaan markkinakysynt\u00e4\u00e4n.&nbsp;&nbsp;<\/p>\n\n\n\n<p>FORCIT Defence liiketoiminta-alueen tilauskanta kasvoi vuonna 2022 voimakkaasti uudelle enn\u00e4tystasolle, mik\u00e4 lis\u00e4\u00e4 tuottoja vuonna 2023.&nbsp;<\/p>\n\n\n\n<p>FORCIT Consultingilla on vahva markkina-asema, ja sill\u00e4 on hyv\u00e4t kasvumahdollisuudet toiminnan maantieteellisen laajentamisen ja ydinliiketoimintaansa l\u00e4hell\u00e4 olevan palvelutarjontansa kehitt\u00e4misen avulla. Odotukset FORCIT Consultingin kannalta olennaisten markkinoiden kehityksest\u00e4 ovat kuitenkin negatiivisemmat kuin moneen vuoteen.&nbsp;<\/p>\n\n\n\n<p>Tiivist\u00e4en voidaan todeta, ett\u00e4 yhti\u00f6 odottaa vuonna 2023 myynnin kasvavan vuoteen 2022 verrattuna, mutta sill\u00e4 on inflaation ja siviilir\u00e4j\u00e4hteiden ja konsultointipalvelujen heikentymisen vuoksi varovaiset odotukset kannattavuuden kehityksest\u00e4.&nbsp;<\/p>\n","protected":false},"excerpt":{"rendered":"<p>Riskit ja ep\u00e4varmuustekij\u00e4t Intensiivinen geopoliittinen tilanne ja Ukrainan sota ovat vuoden 2021 lopusta l\u00e4htien aiheuttaneet merkitt\u00e4vi\u00e4 ja ennenn\u00e4kem\u00e4tt\u00f6mi\u00e4 raaka-aineisiin liittyvi\u00e4 haasteita.&nbsp; Keskeisten raaka-aineiden saatavuus ja hintojen eritt\u00e4in suuri vaihtelu ovat aiheuttaneet liiketoiminnallemme suuria haasteita. Vaikka raaka-aineiden hinnat laskivat ja raaka-aineiden saatavuusrajoitukset lieventyiv\u00e4t vuoden 2022 loppupuolella, odotamme tilanteen pysyv\u00e4n ep\u00e4vakaana vuonna 2023 ja vaativan paljon ty\u00f6t\u00e4 [&#8230;]<\/p>\n<p><a class=\"btn btn-secondary understrap-read-more-link\" href=\"https:\/\/annualreport.forcitgroup.com\/2022\/fi\/toimintakertomus\/ennusteet\/\">Read More&#8230;<span class=\"screen-reader-text\"> from Ennusteet<\/span><\/a><\/p>\n","protected":false},"author":1,"featured_media":832,"parent":412,"menu_order":0,"comment_status":"closed","ping_status":"closed","template":"","meta":{"_acf_changed":false,"footnotes":""},"acf":[],"_links":{"self":[{"href":"https:\/\/annualreport.forcitgroup.com\/2022\/wp-json\/wp\/v2\/pages\/436"}],"collection":[{"href":"https:\/\/annualreport.forcitgroup.com\/2022\/wp-json\/wp\/v2\/pages"}],"about":[{"href":"https:\/\/annualreport.forcitgroup.com\/2022\/wp-json\/wp\/v2\/types\/page"}],"author":[{"embeddable":true,"href":"https:\/\/annualreport.forcitgroup.com\/2022\/wp-json\/wp\/v2\/users\/1"}],"replies":[{"embeddable":true,"href":"https:\/\/annualreport.forcitgroup.com\/2022\/wp-json\/wp\/v2\/comments?post=436"}],"version-history":[{"count":1,"href":"https:\/\/annualreport.forcitgroup.com\/2022\/wp-json\/wp\/v2\/pages\/436\/revisions"}],"predecessor-version":[{"id":437,"href":"https:\/\/annualreport.forcitgroup.com\/2022\/wp-json\/wp\/v2\/pages\/436\/revisions\/437"}],"up":[{"embeddable":true,"href":"https:\/\/annualreport.forcitgroup.com\/2022\/wp-json\/wp\/v2\/pages\/412"}],"wp:featuredmedia":[{"embeddable":true,"href":"https:\/\/annualreport.forcitgroup.com\/2022\/wp-json\/wp\/v2\/media\/832"}],"wp:attachment":[{"href":"https:\/\/annualreport.forcitgroup.com\/2022\/wp-json\/wp\/v2\/media?parent=436"}],"curies":[{"name":"wp","href":"https:\/\/api.w.org\/{rel}","templated":true}]}}