{"id":457,"date":"2023-03-01T13:06:26","date_gmt":"2023-03-01T11:06:26","guid":{"rendered":"https:\/\/annualreport.forcitgroup.com\/?page_id=457"},"modified":"2023-03-14T15:13:00","modified_gmt":"2023-03-14T13:13:00","slug":"vd-ord","status":"publish","type":"page","link":"https:\/\/annualreport.forcitgroup.com\/2022\/sv\/verksamhetsberattelse\/vd-ord\/","title":{"rendered":"VD-Ord"},"content":{"rendered":"\n<div style=\"height:75px\" aria-hidden=\"true\" class=\"wp-block-spacer\"><\/div>\n\n\n\n<figure class=\"wp-block-image size-full\"><img loading=\"lazy\" decoding=\"async\" width=\"775\" height=\"517\" src=\"https:\/\/annualreport.forcitgroup.com\/2022\/wp-content\/uploads\/2023\/03\/2022-Forcit_Article-image_ceo-greeting_joakim-westerlund.jpg\" alt=\"\" class=\"wp-image-827\" srcset=\"https:\/\/annualreport.forcitgroup.com\/2022\/wp-content\/uploads\/2023\/03\/2022-Forcit_Article-image_ceo-greeting_joakim-westerlund.jpg 775w, https:\/\/annualreport.forcitgroup.com\/2022\/wp-content\/uploads\/2023\/03\/2022-Forcit_Article-image_ceo-greeting_joakim-westerlund-300x200.jpg 300w, https:\/\/annualreport.forcitgroup.com\/2022\/wp-content\/uploads\/2023\/03\/2022-Forcit_Article-image_ceo-greeting_joakim-westerlund-768x512.jpg 768w\" sizes=\"(max-width: 775px) 100vw, 775px\" \/><figcaption class=\"wp-element-caption\">Joakim Westerlund,<br>Verkst\u00e4llande direkt\u00f6r,<br>FORCIT Group<\/figcaption><\/figure>\n\n\n\n<h2 class=\"wp-block-heading\">VD-ORD<\/h2>\n\n\n\n<p class=\"lead\">I \u00e5r firar vi v\u00e5rt 130-\u00e5rsjubileum \u2013 FORCITs historia b\u00f6rjade redan p\u00e5 1800-talet och forts\u00e4tter \u00e4n i dag.<\/p>\n\n\n\n<p>Fr\u00e5n v\u00e5r begynnelse med dynamittillverkning 1893 har vi fortsatt v\u00e5r verksamhet under hela 1900-talet och fram till i dag. Under de senaste 130 \u00e5ren har vi spelat en viktig roll i byggandet av den infrastruktur och det samh\u00e4lle vi ser i dag \u2013 och \u00e4ven i f\u00f6rsvaret av Finlands sj\u00e4lvst\u00e4ndighet. Baserat p\u00e5 detta arv och kunnande har vi gradvis ut\u00f6kat v\u00e5r verksamhet till Sverige, Norge och Portugal.&nbsp;<\/p>\n\n\n\n<blockquote class=\"wp-block-quote\">\n<p>\u201cVi k\u00e4nner att v\u00e5r l\u00e5nga historia f\u00f6rpliktigar oss inf\u00f6r framtiden. Det inneb\u00e4r att vi m\u00e5ste ta ansvar och leda v\u00e5r bransch fram\u00e5t.\u201d<\/p>\n<\/blockquote>\n\n\n\n<p>I dag \u00e4r vi den ledande experten p\u00e5 spr\u00e4ng\u00e4mnen och spr\u00e4ngning f\u00f6r nordiska f\u00f6rh\u00e5llanden och har ocks\u00e5 n\u00e4rvaro p\u00e5 den globala marknaden f\u00f6r gruvdriftsdigitalisering. Vi \u00e4r ocks\u00e5 en stor akt\u00f6r inom milj\u00f6konsulttj\u00e4nster och en ansvarig tillverkare av toppmodern f\u00f6rsvarsteknologi f\u00f6r den globala marknaden.&nbsp;<\/p>\n\n\n\n<p>Med v\u00e5r expertis hj\u00e4lper vi v\u00e5ra kunder i deras kr\u00e4vande verksamheter och bidrar till att bygga morgondagens samh\u00e4llen.&nbsp;&nbsp;&nbsp;<\/p>\n\n\n\n<p>Vi k\u00e4nner att v\u00e5r l\u00e5nga historia f\u00f6rpliktigar oss inf\u00f6r framtiden. Det inneb\u00e4r att vi m\u00e5ste ta ansvar och leda v\u00e5r bransch fram\u00e5t. Vi \u00e4r fast beslutna att st\u00e4ndigt utveckla v\u00e5ra produkter och tj\u00e4nster med hj\u00e4lp av modern digital teknologi f\u00f6r att tillgodose behoven f\u00f6r en h\u00e5llbar framtid. Vi ser fram emot att ligga i framkant ocks\u00e5 de kommande 130 \u00e5ren!<\/p>\n\n\n\n<div style=\"height:50px\" aria-hidden=\"true\" class=\"wp-block-spacer\"><\/div>\n\n\n\n<figure class=\"wp-block-embed is-type-video is-provider-vimeo wp-block-embed-vimeo wp-embed-aspect-16-9 wp-has-aspect-ratio\"><div class=\"wp-block-embed__wrapper\">\n<iframe loading=\"lazy\" title=\"Forcit-130v-full-2023-03-02-Subtitles-English\" src=\"https:\/\/player.vimeo.com\/video\/807841815?h=5e271c6c2d&amp;dnt=1&amp;app_id=122963\" width=\"640\" height=\"360\" frameborder=\"0\" allow=\"autoplay; fullscreen; picture-in-picture\" allowfullscreen><\/iframe>\n<\/div><\/figure>\n","protected":false},"excerpt":{"rendered":"<p>VD-ORD I \u00e5r firar vi v\u00e5rt 130-\u00e5rsjubileum \u2013 FORCITs historia b\u00f6rjade redan p\u00e5 1800-talet och forts\u00e4tter \u00e4n i dag. Fr\u00e5n v\u00e5r begynnelse med dynamittillverkning 1893 har vi fortsatt v\u00e5r verksamhet under hela 1900-talet och fram till i dag. Under de senaste 130 \u00e5ren har vi spelat en viktig roll i byggandet av den infrastruktur och [&#8230;]<\/p>\n<p><a class=\"btn btn-secondary understrap-read-more-link\" href=\"https:\/\/annualreport.forcitgroup.com\/2022\/sv\/verksamhetsberattelse\/vd-ord\/\">Read More&#8230;<span class=\"screen-reader-text\"> from VD-Ord<\/span><\/a><\/p>\n","protected":false},"author":1,"featured_media":837,"parent":455,"menu_order":0,"comment_status":"closed","ping_status":"closed","template":"","meta":{"footnotes":""},"acf":[],"_links":{"self":[{"href":"https:\/\/annualreport.forcitgroup.com\/2022\/wp-json\/wp\/v2\/pages\/457"}],"collection":[{"href":"https:\/\/annualreport.forcitgroup.com\/2022\/wp-json\/wp\/v2\/pages"}],"about":[{"href":"https:\/\/annualreport.forcitgroup.com\/2022\/wp-json\/wp\/v2\/types\/page"}],"author":[{"embeddable":true,"href":"https:\/\/annualreport.forcitgroup.com\/2022\/wp-json\/wp\/v2\/users\/1"}],"replies":[{"embeddable":true,"href":"https:\/\/annualreport.forcitgroup.com\/2022\/wp-json\/wp\/v2\/comments?post=457"}],"version-history":[{"count":5,"href":"https:\/\/annualreport.forcitgroup.com\/2022\/wp-json\/wp\/v2\/pages\/457\/revisions"}],"predecessor-version":[{"id":1045,"href":"https:\/\/annualreport.forcitgroup.com\/2022\/wp-json\/wp\/v2\/pages\/457\/revisions\/1045"}],"up":[{"embeddable":true,"href":"https:\/\/annualreport.forcitgroup.com\/2022\/wp-json\/wp\/v2\/pages\/455"}],"wp:featuredmedia":[{"embeddable":true,"href":"https:\/\/annualreport.forcitgroup.com\/2022\/wp-json\/wp\/v2\/media\/837"}],"wp:attachment":[{"href":"https:\/\/annualreport.forcitgroup.com\/2022\/wp-json\/wp\/v2\/media?parent=457"}],"curies":[{"name":"wp","href":"https:\/\/api.w.org\/{rel}","templated":true}]}}