{"id":461,"date":"2023-03-01T13:09:34","date_gmt":"2023-03-01T11:09:34","guid":{"rendered":"https:\/\/annualreport.forcitgroup.com\/?page_id=461"},"modified":"2023-03-07T15:05:03","modified_gmt":"2023-03-07T13:05:03","slug":"koncernens-ekonomi-och-aktiviteter","status":"publish","type":"page","link":"https:\/\/annualreport.forcitgroup.com\/2022\/sv\/verksamhetsberattelse\/koncernens-ekonomi-och-aktiviteter\/","title":{"rendered":"Koncernens ekonomi och aktiviteter\u00a0"},"content":{"rendered":"\n<h2 class=\"wp-block-heading\">Allm\u00e4nt<\/h2>\n\n\n\n<p>FORCIT Group driver tre aff\u00e4rsenheter: FORCIT Explosives \u00e4r verksam inom civila spr\u00e4ng\u00e4mnen samt mjukvara relaterad till borrning och spr\u00e4ngning; FORCIT Consulting tillhandah\u00e5ller m\u00e4tnings-, \u00f6vervaknings-, konsult- och utbildningstj\u00e4nster och FORCIT Defence \u00e4r inriktat p\u00e5 f\u00f6rsvarsmakter och tillverkare av f\u00f6rsvarsmateriel. FORCITs m\u00e5ls\u00e4ttning \u00e4r att vidareutveckla sin position som nordisk marknadsledare och f\u00f6redragen leverant\u00f6r av tj\u00e4nster, produkter och kompetens g\u00e4llande spr\u00e4ng\u00e4mnen, laddning och \u00f6vervakning av milj\u00f6p\u00e5verkan.&nbsp;&nbsp;<\/p>\n\n\n\n<p>Inom Defence-omr\u00e5det \u00e4r m\u00e5ls\u00e4ttningen att vara en f\u00f6redragen teknikpartner och ledande systemleverant\u00f6r p\u00e5 v\u00e4rldsmarknaden f\u00f6r ickek\u00e4nsliga spr\u00e4ng\u00e4mnen.&nbsp;&nbsp;<\/p>\n\n\n\n<p>FORCITs kvalitetssystem \u00e4r certifierat enligt ISO 9001-standarden och dess milj\u00f6system enligt ISO 14001-standarden. Defence-verksamheten \u00e4r certifierad i enlighet med NATO:s AQAP 2110-kvalitetsnormer. F\u00f6rutom ISO- och AQAP-standarderna har Defence-verksamheten ocks\u00e5 ackrediterats i \u00f6verensst\u00e4mmelse med kriterierna f\u00f6r den finska nationella s\u00e4kerhetsauditeringen (KATAKRI).<\/p>\n\n\n\n<h2 class=\"wp-block-heading\">Ekonomisk \u00f6versikt&nbsp;<\/h2>\n\n\n\n<p>Bolagets verksamhet fortsatte att utvecklas positivt under 2022. Den \u00f6vergripande europeiska ekonomiska utvecklingen och den milj\u00f6 vi verkar i har p\u00e5verkats starkt av pandemin, kriget i Ukraina och efterdyningarna av dessa.&nbsp;<\/p>\n\n\n\n<p>Trots en utmanande marknadssituation v\u00e4xte alla aff\u00e4rsenheter j\u00e4mf\u00f6rt med f\u00f6reg\u00e5ende \u00e5r i lokala valutor. Aff\u00e4rsenheten Consulting uppvisade dock ett svagare resultat i euros.&nbsp;&nbsp;<\/p>\n\n\n\n<p>Nedanst\u00e5ende nyckeltal beskriver utvecklingen under de senaste r\u00e4kenskaps\u00e5ren. Koncernens r\u00f6relseresultat \u00f6kade tydligt under 2022 j\u00e4mf\u00f6rt med 2021. L\u00f6nsamheten har \u00f6kat med stigande int\u00e4kter och en mer l\u00f6nsam aff\u00e4rsomr\u00e5desmix.&nbsp;<\/p>\n\n\n\n<div style=\"height:40px\" aria-hidden=\"true\" class=\"wp-block-spacer\"><\/div>\n\n\n\n<table id=\"tablepress-23\" class=\"tablepress tablepress-id-23\">\n<thead>\n<tr class=\"row-1 odd\">\n\t<th class=\"column-1\">Koncern<\/th><th class=\"column-2\">2022<\/th><th class=\"column-3\">2021<\/th><th class=\"column-4\">2020<\/th>\n<\/tr>\n<\/thead>\n<tbody class=\"row-hover\">\n<tr class=\"row-2 even\">\n\t<td class=\"column-1\">Oms\u00e4ttning, miljoner euro<\/td><td class=\"column-2\">228,342<\/td><td class=\"column-3\">150,466<\/td><td class=\"column-4\">127,413<\/td>\n<\/tr>\n<tr class=\"row-3 odd\">\n\t<td class=\"column-1\">R\u00f6relseresultat, miljoner euro<\/td><td class=\"column-2\">26,905<\/td><td class=\"column-3\">8,645<\/td><td class=\"column-4\">8,576<\/td>\n<\/tr>\n<tr class=\"row-4 even\">\n\t<td class=\"column-1\">R\u00f6relseresultat som % av nettooms\u00e4ttning<\/td><td class=\"column-2\">11,8<\/td><td class=\"column-3\">5,7<\/td><td class=\"column-4\">6,7<\/td>\n<\/tr>\n<tr class=\"row-5 odd\">\n\t<td class=\"column-1\">Avkastning p\u00e5 eget kapital (%)<\/td><td class=\"column-2\">41,3<\/td><td class=\"column-3\">14,2<\/td><td class=\"column-4\">16,2<\/td>\n<\/tr>\n<tr class=\"row-6 even\">\n\t<td class=\"column-1\">Soliditet %<\/td><td class=\"column-2\">48,0<\/td><td class=\"column-3\">44,1<\/td><td class=\"column-4\">45,8<\/td>\n<\/tr>\n<tr class=\"row-7 odd\">\n\t<td class=\"column-1\">Antal anst\u00e4llda i genomsnitt<\/td><td class=\"column-2\">533<\/td><td class=\"column-3\">499<\/td><td class=\"column-4\">432<\/td>\n<\/tr>\n<\/tbody>\n<\/table>\n\n\n\n<div style=\"height:40px\" aria-hidden=\"true\" class=\"wp-block-spacer\"><\/div>\n\n\n\n<table id=\"tablepress-24\" class=\"tablepress tablepress-id-24\">\n<thead>\n<tr class=\"row-1 odd\">\n\t<th class=\"column-1\">Moderbolag<\/th><th class=\"column-2\">2022<\/th><th class=\"column-3\">2021<\/th><th class=\"column-4\">2020<\/th>\n<\/tr>\n<\/thead>\n<tbody class=\"row-hover\">\n<tr class=\"row-2 even\">\n\t<td class=\"column-1\">Oms\u00e4ttning, miljoner euro<\/td><td class=\"column-2\">112,676<\/td><td class=\"column-3\">71,999<\/td><td class=\"column-4\">61,654<\/td>\n<\/tr>\n<tr class=\"row-3 odd\">\n\t<td class=\"column-1\">R\u00f6relseresultat, miljoner euro<\/td><td class=\"column-2\">13,586<\/td><td class=\"column-3\">3,336<\/td><td class=\"column-4\">3,723<\/td>\n<\/tr>\n<tr class=\"row-4 even\">\n\t<td class=\"column-1\">R\u00f6relseresultat som % av nettooms\u00e4ttning<\/td><td class=\"column-2\">12,1<\/td><td class=\"column-3\">4,6<\/td><td class=\"column-4\">6,0<\/td>\n<\/tr>\n<tr class=\"row-5 odd\">\n\t<td class=\"column-1\">Avkastning p\u00e5 eget kapital (%)\u202f<\/td><td class=\"column-2\">26,7<\/td><td class=\"column-3\">14,9<\/td><td class=\"column-4\">12,7<\/td>\n<\/tr>\n<tr class=\"row-6 even\">\n\t<td class=\"column-1\">Soliditet %<\/td><td class=\"column-2\">49,2<\/td><td class=\"column-3\">48,8<\/td><td class=\"column-4\">46,4<\/td>\n<\/tr>\n<tr class=\"row-7 odd\">\n\t<td class=\"column-1\">Antal anst\u00e4llda i genomsnitt<\/td><td class=\"column-2\">265<\/td><td class=\"column-3\">250<\/td><td class=\"column-4\">225<\/td>\n<\/tr>\n<\/tbody>\n<\/table>\n\n\n\n<h2 class=\"wp-block-heading\">H\u00e5llbarhet<\/h2>\n\n\n\n<h3 class=\"wp-block-heading\">Milj\u00f6<\/h3>\n\n\n\n<p>Under 2022 har vi st\u00e4rkt v\u00e5rt h\u00e5llbarhetsarbete, s\u00e4rskilt med avseende p\u00e5 koldioxidutsl\u00e4ppen. Vi har nu definierat en ambiti\u00f6s l\u00e5ngsiktig f\u00e4rdplan mot v\u00e5rt m\u00e5l om en koldioxidneutral verksamhet till 2035, och inlett ett FoU-arbete f\u00f6r att utveckla en gr\u00f6n produktlinje. I denna f\u00e4rdplan planerar vi investeringar och nyckelprojekt f\u00f6r att minska utsl\u00e4ppen, f\u00f6rb\u00e4ttra energieffektiviteten och ytterligare \u00f6ka andelen gr\u00f6n energi. Initiativet att utveckla ett kv\u00e4vefritt spr\u00e4ng\u00e4mne \u00e4r ett annat viktigt projekt inom FORCITs h\u00e5llbarhetsramverk.&nbsp;<\/p>\n\n\n\n<p>Ut\u00f6ver detta h\u00e5ller FORCIT p\u00e5 att utveckla en metod d\u00e4r emulsionsavfall kan brytas ner tillbaka till sina r\u00e5varor f\u00f6r att sedan \u00e5teranv\u00e4ndas i FORCITs produktion.<\/p>\n\n\n\n<h3 class=\"wp-block-heading\">S\u00e4kerhet<\/h3>\n\n\n\n<p>S\u00e4kerheten \u00e4r alltid v\u00e5r h\u00f6gsta prioritet. Under 2022 vidtog vi flera \u00e5tg\u00e4rder f\u00f6r att ytterligare st\u00e4rka medvetenheten och s\u00e4kerhetskulturen p\u00e5 FORCIT och olycksfrekvensen minskade med 53 % j\u00e4mf\u00f6rt med f\u00f6reg\u00e5ende \u00e5r till en niv\u00e5 p\u00e5 3,3.<strong>&nbsp;<\/strong>&nbsp;<\/p>\n\n\n\n<p>Ett nytt program f\u00f6r att f\u00f6rb\u00e4ttra v\u00e5ra s\u00e4kerhetsrutiner och \u00f6ka medvetenheten om risker (Day With Operator) initierades i Finland, och involverade 25 bes\u00f6k av h\u00e5llbarhetsteamet och vd p\u00e5 produktionsanl\u00e4ggningar och arbetsplatser f\u00f6r att observera s\u00e4kerhetsfr\u00e5gor i organisationen. Detta initiativ kommer att forts\u00e4tta i \u00f6vriga nordiska l\u00e4nder under 2023. &nbsp;<br>&nbsp;<br>V\u00e5rt starka fokus p\u00e5 IT-s\u00e4kerhet samt fysisk s\u00e4kerhet har st\u00e4rkts ytterligare under 2022.<\/p>\n\n\n\n<h2 class=\"wp-block-heading\">Personal<\/h2>\n\n\n\n<p>FORCIT-koncernens personal har vuxit i alla l\u00e4nder med v\u00e4xande verksamheter och \u00f6kade int\u00e4kter. I slutet av 2022 hade FORCIT 544 anst\u00e4llda.&nbsp;&nbsp;<\/p>\n\n\n\n<p>Under \u00e5ret genomf\u00f6rdes en personalunders\u00f6kning i hela koncernen f\u00f6r att m\u00e4ta personalens engagemang och tillfredsst\u00e4llelse. Resultaten f\u00f6rb\u00e4ttrades ytterligare fr\u00e5n f\u00f6reg\u00e5ende \u00e5r och visade att personalens engagemang forts\u00e4tter att ligga p\u00e5 en h\u00f6g niv\u00e5, med eNPS-indexet f\u00f6r personalengagemang p\u00e5 40.&nbsp;&nbsp;<\/p>\n\n\n\n<p>Efter pandemin har det nya normala blivit en hybridl\u00f6sning d\u00e4r m\u00e5nga av tj\u00e4nstem\u00e4nnen arbetar delvis hemifr\u00e5n i enlighet med FORCIT-koncernens policy f\u00f6r distansarbete. Detta verkar uppskattas av de anst\u00e4llda och bidra till en h\u00e4lsosam balans mellan arbete och fritid.<\/p>\n\n\n\n<h2 class=\"wp-block-heading\">Administration<\/h2>\n\n\n\n<p>Oy Forcit Ab:s ordinarie bolagsst\u00e4mma den 7 april 2022 valde Alexander Tallberg till ny styrelseledamot tillsammans med de befintliga styrelseledam\u00f6terna Lauri Stadigh, Tom Melbye, Hans Karlander, Pasi Tolppanen och Jarmo Lindberg. Lauri Stadigh har fortsatt som styrelseordf\u00f6rande och Joakim Westerlund har fortsatt som vd f\u00f6r FORCIT. Bolagets revisorer har varit KPMG Oy Ab, med Christian H\u00e4llstr\u00f6m som huvudansvarig revisor, CGR.<\/p>\n\n\n\n<h2 class=\"wp-block-heading\">Styrelsens f\u00f6rslag till vinstdisposition&nbsp;<\/h2>\n\n\n\n<p>Om bokslutet fastst\u00e4lls st\u00e5r till Oy Forcit Ab:s bolagsst\u00e4mmas disposition<\/p>\n\n\n\n<table id=\"tablepress-25\" class=\"tablepress tablepress-id-25\">\n<tbody class=\"row-hover\">\n<tr class=\"row-1 odd\">\n\t<td class=\"column-1\">Dispositionsfond<\/td><td class=\"column-2\">28 576 232,35 euro<\/td>\n<\/tr>\n<tr class=\"row-2 even\">\n\t<td class=\"column-1\">Fond f\u00f6r inbetalt fritt eget kapital<\/td><td class=\"column-2\">1 500 630,00 euro<\/td>\n<\/tr>\n<tr class=\"row-3 odd\">\n\t<td class=\"column-1\">R\u00e4kenskapsperiodens vinst<\/td><td class=\"column-2\">14 045 646,80 euro<\/td>\n<\/tr>\n<tr class=\"row-4 even\">\n\t<td class=\"column-1\">Totalt<\/td><td class=\"column-2\">44 122 509,15 euro<\/td>\n<\/tr>\n<\/tbody>\n<\/table>\n\n\n\n<p>Styrelsen f\u00f6resl\u00e5r att medlen disponeras p\u00e5 f\u00f6ljande s\u00e4tt:<\/p>\n\n\n\n<table id=\"tablepress-26\" class=\"tablepress tablepress-id-26\">\n<thead>\n<tr class=\"row-1 odd\">\n\t<th class=\"column-1\">Till aktie\u00e4garna utdelas i dividend:<\/th><th class=\"column-2\"><\/th>\n<\/tr>\n<\/thead>\n<tbody class=\"row-hover\">\n<tr class=\"row-2 even\">\n\t<td class=\"column-1\">25,00 euro\/aktie<\/td><td class=\"column-2\">5 034 000,00 euro<\/td>\n<\/tr>\n<tr class=\"row-3 odd\">\n\t<td class=\"column-1\">Dispositionsfond<\/td><td class=\"column-2\">37 587 879,15 euro<\/td>\n<\/tr>\n<tr class=\"row-4 even\">\n\t<td class=\"column-1\">Fond f\u00f6r inbetalt fritt eget kapital<\/td><td class=\"column-2\">1 500 630,00 euro<\/td>\n<\/tr>\n<tr class=\"row-5 odd\">\n\t<td class=\"column-1\">Totalt<\/td><td class=\"column-2\">44 122 509,15 euro<\/td>\n<\/tr>\n<\/tbody>\n<\/table>\n\n\n\n<p>Inga v\u00e4sentliga f\u00f6r\u00e4ndringar efter r\u00e4kenskapsperiodens slut har skett i bolagets ekonomiska situation. Bolagets likviditet \u00e4r god och den f\u00f6reslagna vinstutdelningen \u00e4ventyrar inte bolagets betalningsf\u00f6rm\u00e5ga.<\/p>\n\n\n\n<h2 class=\"wp-block-heading\">Bolagets aktier<\/h2>\n\n\n\n<p>Enligt ikraftvarande fullmakt emitterades 450 nya aktier under 2021 som en del av ledningens l\u00e5ngsiktiga incitamentsprogram som godk\u00e4ndes p\u00e5 den extra bolagsst\u00e4mman i november 2020. Dessa aktier registrerades 2022 och har r\u00e4tt till dividend.&nbsp;&nbsp;<\/p>\n\n\n\n<p>Bolaget har endast ett slag av aktier. Varje aktie ger en r\u00f6st vid bolagsst\u00e4mmor och samma r\u00e4tt till dividend.<\/p>\n\n\n\n<table id=\"tablepress-27\" class=\"tablepress tablepress-id-27\">\n<thead>\n<tr class=\"row-1 odd\">\n\t<th class=\"column-1\">Antalet aktier<\/th><th class=\"column-2\">2022<\/th><th class=\"column-3\">2021<\/th>\n<\/tr>\n<\/thead>\n<tbody class=\"row-hover\">\n<tr class=\"row-2 even\">\n\t<td class=\"column-1\"><\/td><td class=\"column-2\">201 360<\/td><td class=\"column-3\">200 910<\/td>\n<\/tr>\n<\/tbody>\n<\/table>\n","protected":false},"excerpt":{"rendered":"<p>Allm\u00e4nt FORCIT Group driver tre aff\u00e4rsenheter: FORCIT Explosives \u00e4r verksam inom civila spr\u00e4ng\u00e4mnen samt mjukvara relaterad till borrning och spr\u00e4ngning; FORCIT Consulting tillhandah\u00e5ller m\u00e4tnings-, \u00f6vervaknings-, konsult- och utbildningstj\u00e4nster och FORCIT Defence \u00e4r inriktat p\u00e5 f\u00f6rsvarsmakter och tillverkare av f\u00f6rsvarsmateriel. FORCITs m\u00e5ls\u00e4ttning \u00e4r att vidareutveckla sin position som nordisk marknadsledare och f\u00f6redragen leverant\u00f6r av tj\u00e4nster, produkter [&#8230;]<\/p>\n<p><a class=\"btn btn-secondary understrap-read-more-link\" href=\"https:\/\/annualreport.forcitgroup.com\/2022\/sv\/verksamhetsberattelse\/koncernens-ekonomi-och-aktiviteter\/\">Read More&#8230;<span class=\"screen-reader-text\"> from Koncernens ekonomi och aktiviteter\u00a0<\/span><\/a><\/p>\n","protected":false},"author":1,"featured_media":838,"parent":455,"menu_order":0,"comment_status":"closed","ping_status":"closed","template":"","meta":{"_acf_changed":false,"footnotes":""},"acf":[],"_links":{"self":[{"href":"https:\/\/annualreport.forcitgroup.com\/2022\/wp-json\/wp\/v2\/pages\/461"}],"collection":[{"href":"https:\/\/annualreport.forcitgroup.com\/2022\/wp-json\/wp\/v2\/pages"}],"about":[{"href":"https:\/\/annualreport.forcitgroup.com\/2022\/wp-json\/wp\/v2\/types\/page"}],"author":[{"embeddable":true,"href":"https:\/\/annualreport.forcitgroup.com\/2022\/wp-json\/wp\/v2\/users\/1"}],"replies":[{"embeddable":true,"href":"https:\/\/annualreport.forcitgroup.com\/2022\/wp-json\/wp\/v2\/comments?post=461"}],"version-history":[{"count":5,"href":"https:\/\/annualreport.forcitgroup.com\/2022\/wp-json\/wp\/v2\/pages\/461\/revisions"}],"predecessor-version":[{"id":848,"href":"https:\/\/annualreport.forcitgroup.com\/2022\/wp-json\/wp\/v2\/pages\/461\/revisions\/848"}],"up":[{"embeddable":true,"href":"https:\/\/annualreport.forcitgroup.com\/2022\/wp-json\/wp\/v2\/pages\/455"}],"wp:featuredmedia":[{"embeddable":true,"href":"https:\/\/annualreport.forcitgroup.com\/2022\/wp-json\/wp\/v2\/media\/838"}],"wp:attachment":[{"href":"https:\/\/annualreport.forcitgroup.com\/2022\/wp-json\/wp\/v2\/media?parent=461"}],"curies":[{"name":"wp","href":"https:\/\/api.w.org\/{rel}","templated":true}]}}