{"id":466,"date":"2023-03-01T13:14:51","date_gmt":"2023-03-01T11:14:51","guid":{"rendered":"https:\/\/annualreport.forcitgroup.com\/?page_id=466"},"modified":"2023-03-08T12:25:21","modified_gmt":"2023-03-08T10:25:21","slug":"affarsenhetsutveckling","status":"publish","type":"page","link":"https:\/\/annualreport.forcitgroup.com\/2022\/sv\/verksamhetsberattelse\/affarsenhetsutveckling\/","title":{"rendered":"Aff\u00e4rsenhetsutveckling"},"content":{"rendered":"\n<div style=\"height:75px\" aria-hidden=\"true\" class=\"wp-block-spacer\"><\/div>\n\n\n\n<figure class=\"wp-block-image size-full\"><img loading=\"lazy\" decoding=\"async\" width=\"775\" height=\"460\" src=\"https:\/\/annualreport.forcitgroup.com\/2022\/wp-content\/uploads\/2023\/03\/BU-2022-Forcit_Article-image_ecm.jpg\" alt=\"\" class=\"wp-image-836\" srcset=\"https:\/\/annualreport.forcitgroup.com\/2022\/wp-content\/uploads\/2023\/03\/BU-2022-Forcit_Article-image_ecm.jpg 775w, https:\/\/annualreport.forcitgroup.com\/2022\/wp-content\/uploads\/2023\/03\/BU-2022-Forcit_Article-image_ecm-300x178.jpg 300w, https:\/\/annualreport.forcitgroup.com\/2022\/wp-content\/uploads\/2023\/03\/BU-2022-Forcit_Article-image_ecm-768x456.jpg 768w\" sizes=\"(max-width: 775px) 100vw, 775px\" \/><\/figure>\n\n\n\n<h2 class=\"wp-block-heading\">Explosives<\/h2>\n\n\n\n<p>Under 2022 \u00f6kade FORCIT Explosives int\u00e4kter i alla l\u00e4nder. Ett nyckeltema under 2022 var att s\u00e4kra tillg\u00e5ngen i en aldrig tidigare sk\u00e5dad och dramatisk situation kopplad till tillg\u00e4ngligheten och priset p\u00e5 kritiska r\u00e5varor. Den st\u00f6rsta utmaningen har varit relaterad till den kraftiga \u00f6kningen av priset p\u00e5 ammoniak, till stor del driven av den geopolitiska situationen. Begr\u00e4nsningar i tillg\u00e5ngen och betydande pris\u00f6kningar p\u00e5 r\u00e5varor har drivit upp kostnaden f\u00f6r produktion av spr\u00e4ng\u00e4mnen och medf\u00f6rt nya utmaningar inom ink\u00f6psfunktionen.&nbsp;<\/p>\n\n\n\n<p>Tack vare en robust leveranskedja har FORCIT kunnat uppr\u00e4tth\u00e5lla kontinuiteten i leveranserna till kunderna i dessa sv\u00e5ra f\u00f6rh\u00e5llanden. FORCIT \u00e4r tacksam f\u00f6r ett gott och flexibelt samarbete med kunderna och f\u00f6r den konstruktiva samsynen i arbetet att hitta l\u00f6sningar f\u00f6r att s\u00e4kra f\u00f6rs\u00f6rjningen under ett utmanande \u00e5r.&nbsp;<\/p>\n\n\n\n<p>Trots de m\u00e5nga utmaningarna fortsatte FORCIT Explosives framg\u00e5ngsrikt sin tillv\u00e4xt- och investeringsplan. B\u00e5de produktionsvolymerna och leveransvolymerna n\u00e5dde rekordniv\u00e5er i alla l\u00e4nder. Nya anl\u00e4ggningar f\u00f6r att betj\u00e4na kunder i Sverige och Norge \u00f6ppnades under \u00e5ret och byggnationen av ytterligare anl\u00e4ggningar p\u00e5b\u00f6rjades. Investeringar gjordes \u00e4ven f\u00f6r att \u00f6ka kapaciteten p\u00e5 befintliga anl\u00e4ggningar. Integreringen av O-Pitblast i koncernen framskred p\u00e5 ett bra s\u00e4tt under \u00e5ret.<\/p>\n\n\n\n<div style=\"height:50px\" aria-hidden=\"true\" class=\"wp-block-spacer\"><\/div>\n\n\n\n<figure class=\"wp-block-image size-full\"><img loading=\"lazy\" decoding=\"async\" width=\"773\" height=\"459\" src=\"https:\/\/annualreport.forcitgroup.com\/2022\/wp-content\/uploads\/2023\/03\/BU-2022-Forcit_Article-image_defence.jpg\" alt=\"\" class=\"wp-image-835\" srcset=\"https:\/\/annualreport.forcitgroup.com\/2022\/wp-content\/uploads\/2023\/03\/BU-2022-Forcit_Article-image_defence.jpg 773w, https:\/\/annualreport.forcitgroup.com\/2022\/wp-content\/uploads\/2023\/03\/BU-2022-Forcit_Article-image_defence-300x178.jpg 300w, https:\/\/annualreport.forcitgroup.com\/2022\/wp-content\/uploads\/2023\/03\/BU-2022-Forcit_Article-image_defence-768x456.jpg 768w\" sizes=\"(max-width: 773px) 100vw, 773px\" \/><\/figure>\n\n\n\n<h2 class=\"wp-block-heading\">Defence<\/h2>\n\n\n\n<p>Int\u00e4kterna inom Defence mer \u00e4n f\u00f6rdubblades under 2022 j\u00e4mf\u00f6rt med f\u00f6reg\u00e5ende \u00e5r. Vi f\u00f6rv\u00e4ntar oss en fortsatt \u00f6kad efterfr\u00e5gan d\u00e5 m\u00e5nga l\u00e4nder h\u00f6jer sina f\u00f6rsvarsbudgetar som resultat av Rysslands brutala anfallskrig mot Ukraina. Under 2022 har v\u00e5r Defence-verksamhet fokuserat p\u00e5 att s\u00e4kerst\u00e4lla tillg\u00e5ngen p\u00e5 r\u00e5varor och tillr\u00e4cklig produktionskapacitet, samt p\u00e5 f\u00f6rm\u00e5gan att rekrytera f\u00f6r att m\u00f6ta den \u00f6kade efterfr\u00e5gan.<\/p>\n\n\n\n<div style=\"height:50px\" aria-hidden=\"true\" class=\"wp-block-spacer\"><\/div>\n\n\n\n<figure class=\"wp-block-image size-full\"><img loading=\"lazy\" decoding=\"async\" width=\"775\" height=\"460\" src=\"https:\/\/annualreport.forcitgroup.com\/2022\/wp-content\/uploads\/2023\/03\/BU-2022-Forcit_Article-image_consulting.jpg\" alt=\"\" class=\"wp-image-834\" srcset=\"https:\/\/annualreport.forcitgroup.com\/2022\/wp-content\/uploads\/2023\/03\/BU-2022-Forcit_Article-image_consulting.jpg 775w, https:\/\/annualreport.forcitgroup.com\/2022\/wp-content\/uploads\/2023\/03\/BU-2022-Forcit_Article-image_consulting-300x178.jpg 300w, https:\/\/annualreport.forcitgroup.com\/2022\/wp-content\/uploads\/2023\/03\/BU-2022-Forcit_Article-image_consulting-768x456.jpg 768w\" sizes=\"(max-width: 775px) 100vw, 775px\" \/><\/figure>\n\n\n\n<h2 class=\"wp-block-heading\">Consulting<\/h2>\n\n\n\n<p>FORCIT Consulting-oms\u00e4ttningen v\u00e4xte marginellt under 2022 i lokala valutor. Flera interna utvecklingsinitiativ genomf\u00f6rdes framg\u00e5ngsrikt under \u00e5ret f\u00f6r att s\u00e4kerst\u00e4lla Consulting-verksamhetens l\u00e5ngsiktiga konkurrenskraft. Vidare har aff\u00e4rsomr\u00e5det Consulting etablerat fyra nya kontor i Norden, Kalix och Skellefte\u00e5 i Sverige, Villmanstrand i Finland och Bergen, Norge.<\/p>\n\n\n\n<h2 class=\"wp-block-heading\">Forskning och utveckling&nbsp;&nbsp;&nbsp;<\/h2>\n\n\n\n<p>FORCIT Explosives produktutveckling gjorde stora framsteg i utvecklingen av enhetlig kvalitet i Kemiitti-systemet genom inf\u00f6randet av nya m\u00e4tmetoder och process- och produktf\u00f6rb\u00e4ttringar. Utvecklingen av ett nytt kv\u00e4vefritt spr\u00e4ng\u00e4mne gick ocks\u00e5 fram\u00e5t och CE-m\u00e4rkning godk\u00e4ndes f\u00f6r kv\u00e4vefria gel- och emulsionsprodukter. Vidare p\u00e5b\u00f6rjades arbete som syftar till att utveckla en ny gr\u00f6n produktlinje. Forcit lanserade ocks\u00e5 en ny generation emulsionsladdningsenheter, ECM3, f\u00f6r underjordsdrift.&nbsp;<\/p>\n\n\n\n<p>Inom FORCIT Defence har FoU-arbetet fokuserats p\u00e5 den fortsatta utvecklingen av undervattensystem och FORCIT Sentry Area Denial System. De f\u00f6rsta serieleveranserna av Sentry-systemet f\u00f6rv\u00e4ntas \u00e4ga rum 2023.&nbsp;<\/p>\n\n\n\n<p>Inom FORCIT Consulting har utvecklingsarbetet kring plattformen f\u00f6r hantering, \u00f6vervakning och anv\u00e4ndning av m\u00e4tdata fortsatt, och en ny mobilapp f\u00f6r smidig och effektiv datahantering lanserades.<\/p>\n\n\n\n<h2 class=\"wp-block-heading\">Investeringar<\/h2>\n\n\n\n<p>Koncernens totala investeringar under r\u00e4kenskapsperioden, inklusive fusioner och f\u00f6rv\u00e4rv, uppgick till 11,6 miljoner euro (15,9 miljoner euro), och med leasingfinansieringen inkluderad uppgick de till 12,3 miljoner euro (17,1 miljoner euro). Moderbolagets investeringar i den egna verksamheten uppgick till 5,9 miljoner euro (2,1 miljoner euro). Koncernens totala investeringar inkluderat leasingfinansieringen uppgick till 5,4% av \u00e5rets oms\u00e4ttning.&nbsp;&nbsp;<\/p>\n\n\n\n<p>De viktigaste investeringarna gjordes f\u00f6r att ut\u00f6ka kapaciteten och servicen\u00e4tverket inom FORCIT Explosives i Norge, Sverige och Finland. Betydande investeringar har ocks\u00e5 forts\u00e4ttningsvis gjorts i digitalisering av laddnings- och leveransprocesserna. Inom FORCIT Consulting har investeringar gjorts i utrustning och programvara f\u00f6r vibrations- och bullerm\u00e4tningar.<\/p>\n","protected":false},"excerpt":{"rendered":"<p>Explosives Under 2022 \u00f6kade FORCIT Explosives int\u00e4kter i alla l\u00e4nder. Ett nyckeltema under 2022 var att s\u00e4kra tillg\u00e5ngen i en aldrig tidigare sk\u00e5dad och dramatisk situation kopplad till tillg\u00e4ngligheten och priset p\u00e5 kritiska r\u00e5varor. Den st\u00f6rsta utmaningen har varit relaterad till den kraftiga \u00f6kningen av priset p\u00e5 ammoniak, till stor del driven av den geopolitiska [&#8230;]<\/p>\n<p><a class=\"btn btn-secondary understrap-read-more-link\" href=\"https:\/\/annualreport.forcitgroup.com\/2022\/sv\/verksamhetsberattelse\/affarsenhetsutveckling\/\">Read More&#8230;<span class=\"screen-reader-text\"> from Aff\u00e4rsenhetsutveckling<\/span><\/a><\/p>\n","protected":false},"author":1,"featured_media":831,"parent":455,"menu_order":0,"comment_status":"closed","ping_status":"closed","template":"","meta":{"_acf_changed":false,"footnotes":""},"acf":[],"_links":{"self":[{"href":"https:\/\/annualreport.forcitgroup.com\/2022\/wp-json\/wp\/v2\/pages\/466"}],"collection":[{"href":"https:\/\/annualreport.forcitgroup.com\/2022\/wp-json\/wp\/v2\/pages"}],"about":[{"href":"https:\/\/annualreport.forcitgroup.com\/2022\/wp-json\/wp\/v2\/types\/page"}],"author":[{"embeddable":true,"href":"https:\/\/annualreport.forcitgroup.com\/2022\/wp-json\/wp\/v2\/users\/1"}],"replies":[{"embeddable":true,"href":"https:\/\/annualreport.forcitgroup.com\/2022\/wp-json\/wp\/v2\/comments?post=466"}],"version-history":[{"count":5,"href":"https:\/\/annualreport.forcitgroup.com\/2022\/wp-json\/wp\/v2\/pages\/466\/revisions"}],"predecessor-version":[{"id":926,"href":"https:\/\/annualreport.forcitgroup.com\/2022\/wp-json\/wp\/v2\/pages\/466\/revisions\/926"}],"up":[{"embeddable":true,"href":"https:\/\/annualreport.forcitgroup.com\/2022\/wp-json\/wp\/v2\/pages\/455"}],"wp:featuredmedia":[{"embeddable":true,"href":"https:\/\/annualreport.forcitgroup.com\/2022\/wp-json\/wp\/v2\/media\/831"}],"wp:attachment":[{"href":"https:\/\/annualreport.forcitgroup.com\/2022\/wp-json\/wp\/v2\/media?parent=466"}],"curies":[{"name":"wp","href":"https:\/\/api.w.org\/{rel}","templated":true}]}}