{"id":470,"date":"2023-03-01T13:18:08","date_gmt":"2023-03-01T11:18:08","guid":{"rendered":"https:\/\/annualreport.forcitgroup.com\/?page_id=470"},"modified":"2023-03-07T15:10:25","modified_gmt":"2023-03-07T13:10:25","slug":"prognoser-och-forutsagelser","status":"publish","type":"page","link":"https:\/\/annualreport.forcitgroup.com\/2022\/sv\/verksamhetsberattelse\/prognoser-och-forutsagelser\/","title":{"rendered":"Prognoser och f\u00f6ruts\u00e4gelser"},"content":{"rendered":"\n<h2 class=\"wp-block-heading\">Risker och os\u00e4kerhetsfaktorer&nbsp;<\/h2>\n\n\n\n<p>Den intensiva geopolitiska situationen och kriget i Ukraina har sedan slutet av 2021 orsakat betydande utmaningar relaterade till r\u00e5varor. Tillg\u00e5ngen och de extremt volatila prisniv\u00e5erna p\u00e5 kritiska r\u00e5varor har inneburit stora utmaningar f\u00f6r v\u00e5r verksamhet. \u00c4ven om vi under slutet av 2022 s\u00e5g fallande r\u00e5varupriser och f\u00e4rre r\u00e5varubegr\u00e4nsningar f\u00f6rv\u00e4ntas situationen forts\u00e4tta att vara volatil under 2023 och kr\u00e4va anstr\u00e4ngningar f\u00f6r att hitta alternativa l\u00f6sningar att hantera de skiftande prisniv\u00e5erna.&nbsp;<\/p>\n\n\n\n<p>De f\u00f6rs\u00e4mrade globala och europeiska ekonomiska utsikterna f\u00f6rv\u00e4ntas p\u00e5verka bolaget, s\u00e4rskilt entrepren\u00f6rssegmentet i v\u00e5r Explosives- och Consulting-verksamhet. Prognoserna f\u00f6r 2023 relaterade till aktiviteten p\u00e5 byggmarknaden har i alla nordiska l\u00e4nder blivit klart mer negativa under det senaste \u00e5ret.&nbsp;<\/p>\n\n\n\n<p>Med en avsev\u00e4rd andel av v\u00e5r verksamhet i Sverige och Norge finns det en valutarisk p\u00e5 grund av fluktuationer i v\u00e4xelkursen mellan SEK och EUR samt mellan NOK och EUR. Bolaget har fortsatt arbetet att skydda sig mot valutarisker i de avtal och \u00f6verenskommelser som ing\u00e5tts.&nbsp;&nbsp;<\/p>\n\n\n\n<p>Kriget i Ukraina och relaterade geopolitiska sp\u00e4nningar har \u00f6kat riskerna relaterade till cyber- och hybridhot. F\u00f6ljaktligen har FORCIT gjort betydande investeringar och \u00f6kat sitt fokus p\u00e5 cybers\u00e4kerhet och fysisk s\u00e4kerhet.&nbsp;&nbsp;&nbsp;<\/p>\n\n\n\n<h2 class=\"wp-block-heading\">Utsikter f\u00f6r 2023&nbsp;<\/h2>\n\n\n\n<p>Utsikterna f\u00f6r infrastrukturbyggande \u00e4r f\u00f6rsiktiga i Finland och Sverige, vilket drivs av de \u00f6vergripande ekonomiska utsikterna. Utsikterna f\u00f6r Norge \u00e4r mer positiva. F\u00f6rv\u00e4ntningarna inom gruvdriftsegmentet \u00e4r neutrala j\u00e4mf\u00f6rt med \u00e5r 2022. Den st\u00f6rsta oron f\u00f6r 2023 \u00e4r relaterad till de \u00f6vergripande ekonomiska utsikterna, inflationen och i synnerhet prisutvecklingen p\u00e5 kritiska r\u00e5varor. Konkurrensen p\u00e5 marknaden f\u00f6r civila spr\u00e4ng\u00e4mnen \u00e4r fortsatt h\u00e5rd.&nbsp;&nbsp;<\/p>\n\n\n\n<p>Genom att uppr\u00e4tth\u00e5lla sin goda konkurrenskraft och med fortsatt fokus p\u00e5 utveckling och effektivitet r\u00e4knar vi dock med att kunna ha en forts\u00e4tt l\u00f6nsam verksamhet p\u00e5 v\u00e5ra huvudmarknader.&nbsp; &nbsp;<br>&nbsp;<br>I januari 2023 ingick FORCIT en joint venture med ENAEX SA kring O-Pitblast i syfte att m\u00f6ta den \u00f6kade efterfr\u00e5gan p\u00e5 marknaden r\u00f6rande mjukvara och produkter f\u00f6r h\u00e5llbar gruvverksamhet.&nbsp;&nbsp;<\/p>\n\n\n\n<p>Orderstocken f\u00f6r FORCIT Defence \u00f6kade under 2022, vilket kommer att bidra till int\u00e4kterna under 2023.&nbsp;<\/p>\n\n\n\n<p>FORCIT Consulting har en stark marknadsposition och \u00e4r v\u00e4l positionerat f\u00f6r ytterligare tillv\u00e4xt genom geografisk expansion och utveckling av sitt tj\u00e4nsteerbjudande. F\u00f6rv\u00e4ntningarna p\u00e5 utvecklingen av relevanta marknader f\u00f6r Forcit Consulting \u00e4r dock mer negativa \u00e4n p\u00e5 m\u00e5nga \u00e5r.&nbsp;<\/p>\n\n\n\n<p>Sammanfattningsvis r\u00e4knar bolaget med en f\u00f6rs\u00e4ljnings\u00f6kning 2023 j\u00e4mf\u00f6rt med 2022, men har f\u00f6rsiktiga f\u00f6rv\u00e4ntningar p\u00e5 l\u00f6nsamhetsutvecklingen till f\u00f6ljd av inflation och f\u00f6rs\u00e4mrade \u00f6vergripande marknadssentiment inom civila spr\u00e4ng\u00e4mnen och konsulttj\u00e4nster.&nbsp;<\/p>\n","protected":false},"excerpt":{"rendered":"<p>Risker och os\u00e4kerhetsfaktorer&nbsp; Den intensiva geopolitiska situationen och kriget i Ukraina har sedan slutet av 2021 orsakat betydande utmaningar relaterade till r\u00e5varor. Tillg\u00e5ngen och de extremt volatila prisniv\u00e5erna p\u00e5 kritiska r\u00e5varor har inneburit stora utmaningar f\u00f6r v\u00e5r verksamhet. \u00c4ven om vi under slutet av 2022 s\u00e5g fallande r\u00e5varupriser och f\u00e4rre r\u00e5varubegr\u00e4nsningar f\u00f6rv\u00e4ntas situationen forts\u00e4tta att [&#8230;]<\/p>\n<p><a class=\"btn btn-secondary understrap-read-more-link\" href=\"https:\/\/annualreport.forcitgroup.com\/2022\/sv\/verksamhetsberattelse\/prognoser-och-forutsagelser\/\">Read More&#8230;<span class=\"screen-reader-text\"> from Prognoser och f\u00f6ruts\u00e4gelser<\/span><\/a><\/p>\n","protected":false},"author":1,"featured_media":832,"parent":455,"menu_order":0,"comment_status":"closed","ping_status":"closed","template":"","meta":{"_acf_changed":false,"footnotes":""},"acf":[],"_links":{"self":[{"href":"https:\/\/annualreport.forcitgroup.com\/2022\/wp-json\/wp\/v2\/pages\/470"}],"collection":[{"href":"https:\/\/annualreport.forcitgroup.com\/2022\/wp-json\/wp\/v2\/pages"}],"about":[{"href":"https:\/\/annualreport.forcitgroup.com\/2022\/wp-json\/wp\/v2\/types\/page"}],"author":[{"embeddable":true,"href":"https:\/\/annualreport.forcitgroup.com\/2022\/wp-json\/wp\/v2\/users\/1"}],"replies":[{"embeddable":true,"href":"https:\/\/annualreport.forcitgroup.com\/2022\/wp-json\/wp\/v2\/comments?post=470"}],"version-history":[{"count":2,"href":"https:\/\/annualreport.forcitgroup.com\/2022\/wp-json\/wp\/v2\/pages\/470\/revisions"}],"predecessor-version":[{"id":853,"href":"https:\/\/annualreport.forcitgroup.com\/2022\/wp-json\/wp\/v2\/pages\/470\/revisions\/853"}],"up":[{"embeddable":true,"href":"https:\/\/annualreport.forcitgroup.com\/2022\/wp-json\/wp\/v2\/pages\/455"}],"wp:featuredmedia":[{"embeddable":true,"href":"https:\/\/annualreport.forcitgroup.com\/2022\/wp-json\/wp\/v2\/media\/832"}],"wp:attachment":[{"href":"https:\/\/annualreport.forcitgroup.com\/2022\/wp-json\/wp\/v2\/media?parent=470"}],"curies":[{"name":"wp","href":"https:\/\/api.w.org\/{rel}","templated":true}]}}