{"id":548,"date":"2023-03-03T10:19:52","date_gmt":"2023-03-03T08:19:52","guid":{"rendered":"https:\/\/annualreport.forcitgroup.com\/?page_id=548"},"modified":"2023-03-08T08:53:21","modified_gmt":"2023-03-08T06:53:21","slug":"revisionsberattelse","status":"publish","type":"page","link":"https:\/\/annualreport.forcitgroup.com\/2022\/sv\/bokslut\/revisionsberattelse\/","title":{"rendered":"Revisionsber\u00e4ttelse"},"content":{"rendered":"\n<div style=\"height:40px\" aria-hidden=\"true\" class=\"wp-block-spacer\"><\/div>\n\n\n\n<h3 class=\"wp-block-heading\">Revision av bokslutet<\/h3>\n\n\n\n<h4 class=\"wp-block-heading\">Uttalande<\/h4>\n\n\n\n<p>Vi har utf\u00f6rt en revision av bokslutet f\u00f6r Oy Forcit Ab (fo-nummer 0103189-6) f\u00f6r r\u00e4kenskapsperioden 1.1\u2013 31.12.2022. Bokslutet omfattar koncernens samt moderbolagets balansr\u00e4kning, resultatr\u00e4kning, finansieringsanalys och noter till bokslutet.<\/p>\n\n\n\n<p>Enligt v\u00e5r uppfattning ger bokslutet en r\u00e4ttvisande bild av koncernens och moderbolagets ekonomiska st\u00e4llning samt av resultatet av deras verksamhet i enlighet med i Finland ikraftvarande stadganden g\u00e4llande uppr\u00e4ttande av bokslut och det uppfyller de lagstadgade kraven.<\/p>\n\n\n\n<h4 class=\"wp-block-heading\">Grund f\u00f6r uttalandet<\/h4>\n\n\n\n<p>Vi har utf\u00f6rt v\u00e5r revision i enlighet med god revisionssed i Finland. V\u00e5rt ansvar enligt god revisionssed beskrivs n\u00e4rmare i avsnittet Revisorns ansvar f\u00f6r revisionen av bokslutet. Vi \u00e4r oberoende i f\u00f6rh\u00e5llande till moderbolaget och koncernf\u00f6retagen enligt de etiska kraven i Finland som g\u00e4ller den av oss utf\u00f6rda revisionen och vi har i \u00f6vrigt fullgjort v\u00e5rt yrkesetiskaansvar enligt dessa. Vi anser att de revisionsbevis vi har inh\u00e4mtat \u00e4r tillr\u00e4ckliga och \u00e4ndam\u00e5lsenliga som grund f\u00f6r v\u00e5ra uttalanden.<\/p>\n\n\n\n<h4 class=\"wp-block-heading\">Styrelsens och verkst\u00e4llande direkt\u00f6rens ansvar f\u00f6r bokslutet<\/h4>\n\n\n\n<p>Styrelsen och verkst\u00e4llande direkt\u00f6ren ansvarar f\u00f6r uppr\u00e4ttandet av bokslutet och f\u00f6r att bokslutet ger en r\u00e4ttvisande bild i enlighet med i Finland ikraftvarande stadganden g\u00e4llande uppr\u00e4ttande av bokslut samt uppfyller de lagstadgade kraven. Styrelsen och verkst\u00e4llande direkt\u00f6ren ansvarar \u00e4ven f\u00f6r den interna kontroll som de bed\u00f6mer \u00e4r n\u00f6dv\u00e4ndig f\u00f6r att uppr\u00e4tta ett bokslut som inte inneh\u00e5ller n\u00e5gra v\u00e4sentliga felaktigheter, vare sig dessa beror p\u00e5 oegentligheter eller p\u00e5 fel.<\/p>\n\n\n\n<p>Vid uppr\u00e4ttandet av bokslutet ansvarar styrelsen och verkst\u00e4llande direkt\u00f6ren f\u00f6r bed\u00f6mningen av moderbolagets och koncernens f\u00f6rm\u00e5ga att forts\u00e4tta verksamheten. De upplyser, n\u00e4r s\u00e5 \u00e4r till\u00e4mpligt, om f\u00f6rh\u00e5llanden som kan p\u00e5verka f\u00f6rm\u00e5gan att forts\u00e4tta verksamheten och att anv\u00e4nda antagandet om fortsatt drift. Antagandet om fortsatt drift till\u00e4mpas dock inte om man avser att likvidera moderbolaget eller koncernen, upph\u00f6ra med verksamheten eller inte har n\u00e5got realistiskt alternativ till att g\u00f6ra n\u00e5got av detta.<\/p>\n\n\n\n<h4 class=\"wp-block-heading\">Revisorns ansvar f\u00f6r revisionen av bokslutet<\/h4>\n\n\n\n<p>V\u00e5ra m\u00e5l \u00e4r att uppn\u00e5 en rimlig grad av s\u00e4kerhet om huruvida bokslutet som helhet inneh\u00e5ller n\u00e5gra v\u00e4sentliga felaktigheter, vare sig dessa beror p\u00e5 oegentligheter eller p\u00e5 fel, och att l\u00e4mna en revisionsber\u00e4ttelse som inneh\u00e5ller v\u00e5ra uttalanden. Rimlig s\u00e4kerhet \u00e4r en h\u00f6g grad av s\u00e4kerhet, men \u00e4r ingen garanti f\u00f6r att en revision som utf\u00f6rs enligt god revisionssed alltid kommer att uppt\u00e4cka en v\u00e4sentlig felaktighet om en s\u00e5dan finns. Felaktigheter kan uppst\u00e5 p\u00e5 grund av oegentligheter eller fel och anses vara v\u00e4sentliga om de enskilt eller tillsammans rimligen kan f\u00f6rv\u00e4ntas p\u00e5verka de ekonomiska beslut som anv\u00e4ndare fattar med grund i bokslutet.<\/p>\n\n\n\n<p>Som del av en revision enligt god revisionssed anv\u00e4nder vi professionellt omd\u00f6me och har en professionellt skeptisk inst\u00e4llning under hela revisionen. Dessutom:<\/p>\n\n\n\n<p>\u00bb Identifierar och bed\u00f6mer vi riskerna f\u00f6r v\u00e4sentliga felaktigheter i bokslutet, vare sig dessa beror p\u00e5 oegentligheter eller p\u00e5 fel, utformar och utf\u00f6r gransknings\u00e5tg\u00e4rder bland annat utifr\u00e5n dessa risker och inh\u00e4mtar revisionsbevis<br>som \u00e4r tillr\u00e4ckliga och \u00e4ndam\u00e5lsenliga f\u00f6r att utg\u00f6ra en grund f\u00f6r v\u00e5ra uttalanden. Risken f\u00f6r att inte uppt\u00e4cka en v\u00e4sentlig felaktighet till f\u00f6ljd av oegentligheter \u00e4r h\u00f6gre \u00e4n f\u00f6r en v\u00e4sentlig felaktighet som beror p\u00e5 fel, eftersom oegentligheter kan innefatta agerande i maskopi, f\u00f6rfalskning, avsiktliga utel\u00e4mnanden, felaktig information eller \u00e5sidos\u00e4ttande av intern kontroll.<\/p>\n\n\n\n<p>\u00bb Skaffar vi oss en f\u00f6rst\u00e5else av den del av moderbolagets eller koncernens interna kontroll som har betydelse f\u00f6r v\u00e5r revision f\u00f6r att utforma gransknings\u00e5tg\u00e4rder som \u00e4r l\u00e4mpliga med h\u00e4nsyn till omst\u00e4ndigheterna, men inte f\u00f6r att uttala oss om effektiviteten i den interna kontrollen.<\/p>\n\n\n\n<p>\u00bb Utv\u00e4rderar vi l\u00e4mpligheten i de redovisningsprinciper som anv\u00e4nds och rimligheten i ledningens uppskattningar i redovisningen och tillh\u00f6rande upplysningar.<\/p>\n\n\n\n<p>\u00bb Drar vi en slutsats om l\u00e4mpligheten i att styrelsen och verkst\u00e4llande direkt\u00f6ren anv\u00e4nder antagandet om fortsatt drift vid uppr\u00e4ttandet av bokslutet. Vi drar ocks\u00e5 en slutsats, med grund i de inh\u00e4mtade revisionsbevisen, om huruvida det finns n\u00e5gon v\u00e4sentlig os\u00e4kerhetsfaktor som avser s\u00e5dana h\u00e4ndelser eller f\u00f6rh\u00e5llanden som kan leda till betydande tvivel om moderbolagets eller koncernens f\u00f6rm\u00e5ga att forts\u00e4tta verksamheten. Om vi drar slutsatsen att det finns en v\u00e4sentlig os\u00e4kerhetsfaktor, m\u00e5ste vi i revisionsber\u00e4ttelsen f\u00e4sta uppm\u00e4rksamheten p\u00e5 upplysningarna i bokslutet om den v\u00e4sentliga os\u00e4kerhetsfaktorn eller, om s\u00e5dana upplysningar \u00e4r otillr\u00e4ckliga, modifiera uttalandet om bokslutet. V\u00e5ra slutsatser baseras p\u00e5 de revisionsbevis som inh\u00e4mtas fram till datumet f\u00f6r revisionsber\u00e4ttelsen. Dock kan framtida h\u00e4ndelser eller f\u00f6rh\u00e5llanden g\u00f6ra att ett moderbolag eller en koncern inte l\u00e4ngre kan forts\u00e4tta verksamheten.<\/p>\n\n\n\n<p>\u00bb Utv\u00e4rderar vi den \u00f6vergripande presentationen, strukturen och inneh\u00e5llet i bokslutet, d\u00e4ribland upplysningarna, och om bokslutet \u00e5terger de underliggande transaktionerna och h\u00e4ndelserna p\u00e5 ett s\u00e4tt som ger en r\u00e4ttvisande bild.<\/p>\n\n\n\n<p>\u00bb Inh\u00e4mtar vi tillr\u00e4ckliga och \u00e4ndam\u00e5lsenliga revisionsbevis avseende den finansiella informationen f\u00f6r enheterna eller aff\u00e4rsaktiviteterna inom koncernen f\u00f6r att g\u00f6ra ett uttalande avseende koncernbokslutet. Vi ansvarar f\u00f6r styrning, \u00f6vervakning och utf\u00f6rande av koncernrevisionen. Vi \u00e4r ensamt ansvariga f\u00f6r v\u00e5rt uttalande.<\/p>\n\n\n\n<p>Vi kommunicerar med dem som har ansvar f\u00f6r bolagets styrning avseende, bland annat, revisionens planerade omfattning och inriktning samt tidpunkten f\u00f6r den, samt betydelsefulla iakttagelser under revisionen, d\u00e4ribland eventuella betydande brister i den interna kontrollen som vi identifierat under revisionen.<\/p>\n\n\n\n<h3 class=\"wp-block-heading\">\u00d6vriga rapporteringsskyldigheter<\/h3>\n\n\n\n<h4 class=\"wp-block-heading\">\u00d6vrig information<\/h4>\n\n\n\n<p>Styrelsen och verkst\u00e4llande direkt\u00f6ren ansvarar f\u00f6r den \u00f6vriga informationen. Den \u00f6vriga informationen omfattar verksamhetsber\u00e4ttelsen. V\u00e5rt uttalande om bokslutet t\u00e4cker inte \u00f6vrig information.<\/p>\n\n\n\n<p>V\u00e5r skyldighet \u00e4r att l\u00e4sa den \u00f6vriga informationen i samband med revisionen av bokslutet och i samband med detta<br>g\u00f6ra en bed\u00f6mning av om det finns v\u00e4sentliga motstridigheter mellan den \u00f6vriga informationen och bokslutet eller den uppfattning vi har inh\u00e4mtat under revisionen eller om den i \u00f6vrigt verkar inneh\u00e5lla v\u00e4sentliga felaktigheter. Det \u00e4r ytterligare v\u00e5r skyldighet att bed\u00f6ma om verksamhetsber\u00e4ttelsen har uppr\u00e4ttats enligt g\u00e4llande best\u00e4mmelser om uppr\u00e4ttande av verksamhetsber\u00e4ttelse.<\/p>\n\n\n\n<p>Enligt v\u00e5r uppfattning \u00e4r uppgifterna i verksamhetsber\u00e4ttelsen och bokslutet enhetliga och verksamhetsber\u00e4ttelsen har uppr\u00e4ttats i enlighet med g\u00e4llande best\u00e4mmelser om uppr\u00e4ttande av verksamhetsber\u00e4ttelse.<\/p>\n\n\n\n<p>Om vi utg\u00e5ende fr\u00e5n v\u00e5rt arbete p\u00e5 den \u00f6vriga informationen, drar slutsatsen att det f\u00f6rekommer en v\u00e4sentlig felaktighet i verksamhetsber\u00e4ttelsen, b\u00f6r vi rapportera detta. Vi har ingenting att rapportera g\u00e4llande detta.<\/p>\n\n\n\n<p>Helsingfors den 7 mars 2023<\/p>\n\n\n\n<p><strong>KPMG OY AB<br>CHRISTIAN H\u00c4LLSTR\u00d6M<br>CGR<\/strong><\/p>\n","protected":false},"excerpt":{"rendered":"<p>Revision av bokslutet Uttalande Vi har utf\u00f6rt en revision av bokslutet f\u00f6r Oy Forcit Ab (fo-nummer 0103189-6) f\u00f6r r\u00e4kenskapsperioden 1.1\u2013 31.12.2022. Bokslutet omfattar koncernens samt moderbolagets balansr\u00e4kning, resultatr\u00e4kning, finansieringsanalys och noter till bokslutet. Enligt v\u00e5r uppfattning ger bokslutet en r\u00e4ttvisande bild av koncernens och moderbolagets ekonomiska st\u00e4llning samt av resultatet av deras verksamhet i enlighet [&#8230;]<\/p>\n<p><a class=\"btn btn-secondary understrap-read-more-link\" href=\"https:\/\/annualreport.forcitgroup.com\/2022\/sv\/bokslut\/revisionsberattelse\/\">Read More&#8230;<span class=\"screen-reader-text\"> from Revisionsber\u00e4ttelse<\/span><\/a><\/p>\n","protected":false},"author":1,"featured_media":127,"parent":544,"menu_order":0,"comment_status":"closed","ping_status":"closed","template":"page-template-numbers.php","meta":{"footnotes":""},"acf":[],"_links":{"self":[{"href":"https:\/\/annualreport.forcitgroup.com\/2022\/wp-json\/wp\/v2\/pages\/548"}],"collection":[{"href":"https:\/\/annualreport.forcitgroup.com\/2022\/wp-json\/wp\/v2\/pages"}],"about":[{"href":"https:\/\/annualreport.forcitgroup.com\/2022\/wp-json\/wp\/v2\/types\/page"}],"author":[{"embeddable":true,"href":"https:\/\/annualreport.forcitgroup.com\/2022\/wp-json\/wp\/v2\/users\/1"}],"replies":[{"embeddable":true,"href":"https:\/\/annualreport.forcitgroup.com\/2022\/wp-json\/wp\/v2\/comments?post=548"}],"version-history":[{"count":5,"href":"https:\/\/annualreport.forcitgroup.com\/2022\/wp-json\/wp\/v2\/pages\/548\/revisions"}],"predecessor-version":[{"id":916,"href":"https:\/\/annualreport.forcitgroup.com\/2022\/wp-json\/wp\/v2\/pages\/548\/revisions\/916"}],"up":[{"embeddable":true,"href":"https:\/\/annualreport.forcitgroup.com\/2022\/wp-json\/wp\/v2\/pages\/544"}],"wp:featuredmedia":[{"embeddable":true,"href":"https:\/\/annualreport.forcitgroup.com\/2022\/wp-json\/wp\/v2\/media\/127"}],"wp:attachment":[{"href":"https:\/\/annualreport.forcitgroup.com\/2022\/wp-json\/wp\/v2\/media?parent=548"}],"curies":[{"name":"wp","href":"https:\/\/api.w.org\/{rel}","templated":true}]}}