{"id":552,"date":"2023-03-03T10:20:59","date_gmt":"2023-03-03T08:20:59","guid":{"rendered":"https:\/\/annualreport.forcitgroup.com\/?page_id=552"},"modified":"2023-03-07T16:10:24","modified_gmt":"2023-03-07T14:10:24","slug":"koncernens-bokslut","status":"publish","type":"page","link":"https:\/\/annualreport.forcitgroup.com\/2022\/sv\/bokslut\/koncernens-bokslut\/","title":{"rendered":"Koncernens bokslut"},"content":{"rendered":"\n<div style=\"height:40px\" aria-hidden=\"true\" class=\"wp-block-spacer\"><\/div>\n\n\n\n<h3 class=\"wp-block-heading\">Koncernens resultatr\u00e4kning<\/h3>\n\n\n\n<table id=\"tablepress-30\" class=\"tablepress tablepress-id-30\">\n<thead>\n<tr class=\"row-1 odd\">\n\t<th class=\"column-1\">1000\u20ac<\/th><th class=\"column-2\">2022<\/th><th class=\"column-3\">2021<\/th>\n<\/tr>\n<\/thead>\n<tbody class=\"row-hover\">\n<tr class=\"row-2 even\">\n\t<td class=\"column-1\">OMS\u00c4TTNING<\/td><td class=\"column-2\">228 342<\/td><td class=\"column-3\">150 466<\/td>\n<\/tr>\n<tr class=\"row-3 odd\">\n\t<td class=\"column-1\">F\u00f6r\u00e4ndring i produktlager<\/td><td class=\"column-2\">2 231<\/td><td class=\"column-3\">204<\/td>\n<\/tr>\n<tr class=\"row-4 even\">\n\t<td class=\"column-1\">Tillverkning f\u00f6r eget bruk<\/td><td class=\"column-2\">19<\/td><td class=\"column-3\">45<\/td>\n<\/tr>\n<tr class=\"row-5 odd\">\n\t<td class=\"column-1\">\u00d6vriga r\u00f6relseint\u00e4kter<\/td><td class=\"column-2\">701<\/td><td class=\"column-3\">435<\/td>\n<\/tr>\n<tr class=\"row-6 even\">\n\t<td class=\"column-1\">Material och tj\u00e4nster<\/td><td class=\"column-2\"><\/td><td class=\"column-3\"><\/td>\n<\/tr>\n<tr class=\"row-7 odd\">\n\t<td class=\"column-1\">Material, f\u00f6rn\u00f6denheter och varor<\/td><td class=\"column-2\"><\/td><td class=\"column-3\"><\/td>\n<\/tr>\n<tr class=\"row-8 even\">\n\t<td class=\"column-1\">Ink\u00f6p under r\u00e4kenskapsperioden<\/td><td class=\"column-2\">-125 889<\/td><td class=\"column-3\">-69 188<\/td>\n<\/tr>\n<tr class=\"row-9 odd\">\n\t<td class=\"column-1\">F\u00f6r\u00e4ndring av lager<\/td><td class=\"column-2\">7 864<\/td><td class=\"column-3\">1 909<\/td>\n<\/tr>\n<tr class=\"row-10 even\">\n\t<td class=\"column-1\">Material och tj\u00e4nster totalt<\/td><td class=\"column-2\">-118 025<\/td><td class=\"column-3\">-67 279<\/td>\n<\/tr>\n<tr class=\"row-11 odd\">\n\t<td class=\"column-1\">Personalkostnader<\/td><td class=\"column-2\"><\/td><td class=\"column-3\"><\/td>\n<\/tr>\n<tr class=\"row-12 even\">\n\t<td class=\"column-1\">L\u00f6ner och arvoden<\/td><td class=\"column-2\">-32 472<\/td><td class=\"column-3\">-29 119<\/td>\n<\/tr>\n<tr class=\"row-13 odd\">\n\t<td class=\"column-1\">L\u00f6nebikostnader<\/td><td class=\"column-2\"><\/td><td class=\"column-3\"><\/td>\n<\/tr>\n<tr class=\"row-14 even\">\n\t<td class=\"column-1\">Pensionskostnader<\/td><td class=\"column-2\">-4 775<\/td><td class=\"column-3\">-4 270<\/td>\n<\/tr>\n<tr class=\"row-15 odd\">\n\t<td class=\"column-1\">\u00d6vriga l\u00f6nebikostnader<\/td><td class=\"column-2\">-5 295<\/td><td class=\"column-3\">-4 508<\/td>\n<\/tr>\n<tr class=\"row-16 even\">\n\t<td class=\"column-1\">Personalkostnader totalt<\/td><td class=\"column-2\">-42 542<\/td><td class=\"column-3\">-37 898<\/td>\n<\/tr>\n<tr class=\"row-17 odd\">\n\t<td class=\"column-1\">Avskrivningar och nedskrivningar<\/td><td class=\"column-2\"><\/td><td class=\"column-3\"><\/td>\n<\/tr>\n<tr class=\"row-18 even\">\n\t<td class=\"column-1\">Avskrivning enligt plan<\/td><td class=\"column-2\">-8 811<\/td><td class=\"column-3\">-8 683<\/td>\n<\/tr>\n<tr class=\"row-19 odd\">\n\t<td class=\"column-1\">\u00d6vriga r\u00f6relsekostnader<\/td><td class=\"column-2\">-35 009<\/td><td class=\"column-3\">-28 645<\/td>\n<\/tr>\n<tr class=\"row-20 even\">\n\t<td class=\"column-1\">R\u00d6RELSEVINST<\/td><td class=\"column-2\">26 905<\/td><td class=\"column-3\">8 645<\/td>\n<\/tr>\n<tr class=\"row-21 odd\">\n\t<td class=\"column-1\">Finansiella int\u00e4kter och kostnader<\/td><td class=\"column-2\"><\/td><td class=\"column-3\"><\/td>\n<\/tr>\n<tr class=\"row-22 even\">\n\t<td class=\"column-1\">\u00d6vriga r\u00e4nte- och finansiella int\u00e4kter<\/td><td class=\"column-2\">70<\/td><td class=\"column-3\">166<\/td>\n<\/tr>\n<tr class=\"row-23 odd\">\n\t<td class=\"column-1\">Nedskrivningar av placeringar bland best\u00e5ende aktiva<\/td><td class=\"column-2\">0<\/td><td class=\"column-3\">3<\/td>\n<\/tr>\n<tr class=\"row-24 even\">\n\t<td class=\"column-1\">R\u00e4ntekostnader och \u00f6vriga finansiella kostnader<\/td><td class=\"column-2\">-752<\/td><td class=\"column-3\">-845<\/td>\n<\/tr>\n<tr class=\"row-25 odd\">\n\t<td class=\"column-1\">Finansiella int\u00e4kter och kostnader totalt<\/td><td class=\"column-2\">-682<\/td><td class=\"column-3\">-676<\/td>\n<\/tr>\n<tr class=\"row-26 even\">\n\t<td class=\"column-1\">VINST F\u00d6RE SKATTER<\/td><td class=\"column-2\">26 223<\/td><td class=\"column-3\">7 969<\/td>\n<\/tr>\n<tr class=\"row-27 odd\">\n\t<td class=\"column-1\">F\u00f6r\u00e4ndring av latent skatteskuld<\/td><td class=\"column-2\">13<\/td><td class=\"column-3\">-93<\/td>\n<\/tr>\n<tr class=\"row-28 even\">\n\t<td class=\"column-1\">Inkomstskatter<\/td><td class=\"column-2\">-4 707<\/td><td class=\"column-3\">-1 808<\/td>\n<\/tr>\n<tr class=\"row-29 odd\">\n\t<td class=\"column-1\">R\u00c4KENSKAPSPERIODENS VINST<\/td><td class=\"column-2\">21 529<\/td><td class=\"column-3\">6 069<\/td>\n<\/tr>\n<\/tbody>\n<\/table>\n\n\n\n<div style=\"height:100px\" aria-hidden=\"true\" class=\"wp-block-spacer\"><\/div>\n\n\n\n<h3 class=\"wp-block-heading\">Koncernens balansr\u00e4kning<\/h3>\n\n\n\n<h4 class=\"wp-block-heading\">Best\u00e5ende aktiva<\/h4>\n\n\n\n<table id=\"tablepress-33\" class=\"tablepress tablepress-id-33\">\n<thead>\n<tr class=\"row-1 odd\">\n\t<th class=\"column-1\">1000 \u20ac<\/th><th class=\"column-2\">2022<\/th><th class=\"column-3\">2021<\/th>\n<\/tr>\n<\/thead>\n<tbody class=\"row-hover\">\n<tr class=\"row-2 even\">\n\t<td class=\"column-1\">Immateriella tillg\u00e5ngar<\/td><td class=\"column-2\"><\/td><td class=\"column-3\"><\/td>\n<\/tr>\n<tr class=\"row-3 odd\">\n\t<td class=\"column-1\">Immateriella r\u00e4ttigheter<\/td><td class=\"column-2\">4 025<\/td><td class=\"column-3\">2 678<\/td>\n<\/tr>\n<tr class=\"row-4 even\">\n\t<td class=\"column-1\">Koncerngoodwill<\/td><td class=\"column-2\">6 474<\/td><td class=\"column-3\">7 557<\/td>\n<\/tr>\n<tr class=\"row-5 odd\">\n\t<td class=\"column-1\">Immateriella tillg\u00e5ngar totalt<\/td><td class=\"column-2\">10 499<\/td><td class=\"column-3\">10 236<\/td>\n<\/tr>\n<tr class=\"row-6 even\">\n\t<td class=\"column-1\">Materiella tillg\u00e5ngar<\/td><td class=\"column-2\"><\/td><td class=\"column-3\"><\/td>\n<\/tr>\n<tr class=\"row-7 odd\">\n\t<td class=\"column-1\">Mark- och vattenomr\u00e5den<\/td><td class=\"column-2\">1 769<\/td><td class=\"column-3\">1 629<\/td>\n<\/tr>\n<tr class=\"row-8 even\">\n\t<td class=\"column-1\">Byggnader och konstruktioner<\/td><td class=\"column-2\">19 677<\/td><td class=\"column-3\">19 841<\/td>\n<\/tr>\n<tr class=\"row-9 odd\">\n\t<td class=\"column-1\">Maskiner och inventarier<\/td><td class=\"column-2\">16 016<\/td><td class=\"column-3\">17 000<\/td>\n<\/tr>\n<tr class=\"row-10 even\">\n\t<td class=\"column-1\">\u00d6vriga materiella tillg\u00e5ngar<\/td><td class=\"column-2\">167<\/td><td class=\"column-3\">730<\/td>\n<\/tr>\n<tr class=\"row-11 odd\">\n\t<td class=\"column-1\">F\u00f6rskottsbetalningar och p\u00e5g\u00e5ende nyanl\u00e4ggningar<\/td><td class=\"column-2\">10 317<\/td><td class=\"column-3\">6 315<\/td>\n<\/tr>\n<tr class=\"row-12 even\">\n\t<td class=\"column-1\">Materiella tillg\u00e5ngar totalt<\/td><td class=\"column-2\">47 946<\/td><td class=\"column-3\">45 515<\/td>\n<\/tr>\n<tr class=\"row-13 odd\">\n\t<td class=\"column-1\">Placeringar<\/td><td class=\"column-2\"><\/td><td class=\"column-3\"><\/td>\n<\/tr>\n<tr class=\"row-14 even\">\n\t<td class=\"column-1\">Aktier och andelar<\/td><td class=\"column-2\">290<\/td><td class=\"column-3\">289<\/td>\n<\/tr>\n<tr class=\"row-15 odd\">\n\t<td class=\"column-1\">Intressef\u00f6retag<\/td><td class=\"column-2\">20<\/td><td class=\"column-3\">16<\/td>\n<\/tr>\n<tr class=\"row-16 even\">\n\t<td class=\"column-1\">\u00d6vriga placeringar<\/td><td class=\"column-2\">235<\/td><td class=\"column-3\">250<\/td>\n<\/tr>\n<tr class=\"row-17 odd\">\n\t<td class=\"column-1\">Placeringar totalt<\/td><td class=\"column-2\">546<\/td><td class=\"column-3\">555<\/td>\n<\/tr>\n<tr class=\"row-18 even\">\n\t<td class=\"column-1\">BEST\u00c5ENDE AKTIVA TOTALT<\/td><td class=\"column-2\">58 991<\/td><td class=\"column-3\">56 305<\/td>\n<\/tr>\n<\/tbody>\n<\/table>\n\n\n\n<div style=\"height:40px\" aria-hidden=\"true\" class=\"wp-block-spacer\"><\/div>\n\n\n\n<h4 class=\"wp-block-heading\">R\u00f6rliga aktiva<\/h4>\n\n\n\n<table id=\"tablepress-34\" class=\"tablepress tablepress-id-34\">\n<thead>\n<tr class=\"row-1 odd\">\n\t<th class=\"column-1\">1000 \u20ac<\/th><th class=\"column-2\">2022<\/th><th class=\"column-3\">2021<\/th>\n<\/tr>\n<\/thead>\n<tbody class=\"row-hover\">\n<tr class=\"row-2 even\">\n\t<td class=\"column-1\">Oms\u00e4ttningstillg\u00e5ngar<\/td><td class=\"column-2\"><\/td><td class=\"column-3\"><\/td>\n<\/tr>\n<tr class=\"row-3 odd\">\n\t<td class=\"column-1\">Material och f\u00f6rn\u00f6denheter<\/td><td class=\"column-2\">11 829<\/td><td class=\"column-3\">6 792<\/td>\n<\/tr>\n<tr class=\"row-4 even\">\n\t<td class=\"column-1\">F\u00e4rdiga produkter<\/td><td class=\"column-2\">4 705<\/td><td class=\"column-3\">2 706<\/td>\n<\/tr>\n<tr class=\"row-5 odd\">\n\t<td class=\"column-1\">\u00d6vriga oms\u00e4ttningstillg\u00e5ngar<\/td><td class=\"column-2\">9 701<\/td><td class=\"column-3\">7 166<\/td>\n<\/tr>\n<tr class=\"row-6 even\">\n\t<td class=\"column-1\">F\u00f6rskottsbetalningar<\/td><td class=\"column-2\">171<\/td><td class=\"column-3\">1 179<\/td>\n<\/tr>\n<tr class=\"row-7 odd\">\n\t<td class=\"column-1\">Oms\u00e4ttningstillg\u00e5ngar totalt<\/td><td class=\"column-2\">26 407<\/td><td class=\"column-3\">17 843<\/td>\n<\/tr>\n<tr class=\"row-8 even\">\n\t<td class=\"column-1\">Fordringar<\/td><td class=\"column-2\"><\/td><td class=\"column-3\"><\/td>\n<\/tr>\n<tr class=\"row-9 odd\">\n\t<td class=\"column-1\">Kundfordringar<\/td><td class=\"column-2\">34 677<\/td><td class=\"column-3\">22 296<\/td>\n<\/tr>\n<tr class=\"row-10 even\">\n\t<td class=\"column-1\">L\u00e5nefordringar<\/td><td class=\"column-2\">51<\/td><td class=\"column-3\">34<\/td>\n<\/tr>\n<tr class=\"row-11 odd\">\n\t<td class=\"column-1\">\u00d6vriga fordringar<\/td><td class=\"column-2\">976<\/td><td class=\"column-3\">513<\/td>\n<\/tr>\n<tr class=\"row-12 even\">\n\t<td class=\"column-1\">Resultatregleringar<\/td><td class=\"column-2\">547<\/td><td class=\"column-3\">995<\/td>\n<\/tr>\n<tr class=\"row-13 odd\">\n\t<td class=\"column-1\">Fordringar totalt<\/td><td class=\"column-2\">36 252<\/td><td class=\"column-3\">23 839<\/td>\n<\/tr>\n<tr class=\"row-14 even\">\n\t<td class=\"column-1\">Finansiella v\u00e4rdepapper<\/td><td class=\"column-2\"><\/td><td class=\"column-3\"><\/td>\n<\/tr>\n<tr class=\"row-15 odd\">\n\t<td class=\"column-1\">\u00d6vriga v\u00e4rdepapper<\/td><td class=\"column-2\">0<\/td><td class=\"column-3\">0<\/td>\n<\/tr>\n<tr class=\"row-16 even\">\n\t<td class=\"column-1\">Kassa och banktillgodohavanden<\/td><td class=\"column-2\">5 059<\/td><td class=\"column-3\">6 119<\/td>\n<\/tr>\n<tr class=\"row-17 odd\">\n\t<td class=\"column-1\">R\u00d6RLIGA AKTIVA TOTALT<\/td><td class=\"column-2\">67 717<\/td><td class=\"column-3\">47 802<\/td>\n<\/tr>\n<tr class=\"row-18 even\">\n\t<td class=\"column-1\">AKTIVA TOTALT<\/td><td class=\"column-2\">126 708<\/td><td class=\"column-3\">104 107<\/td>\n<\/tr>\n<\/tbody>\n<\/table>\n\n\n\n<div style=\"height:100px\" aria-hidden=\"true\" class=\"wp-block-spacer\"><\/div>\n\n\n\n<h3 class=\"wp-block-heading\">Passiva<\/h3>\n\n\n\n<h4 class=\"wp-block-heading\">Eget kapital<\/h4>\n\n\n\n<table id=\"tablepress-50\" class=\"tablepress tablepress-id-50\">\n<thead>\n<tr class=\"row-1 odd\">\n\t<th class=\"column-1\">1000 \u20ac<\/th><th class=\"column-2\">2022<\/th><th class=\"column-3\">2021<\/th>\n<\/tr>\n<\/thead>\n<tbody class=\"row-hover\">\n<tr class=\"row-2 even\">\n\t<td class=\"column-1\">Aktiekapital<\/td><td class=\"column-2\">3 149<\/td><td class=\"column-3\">3 149<\/td>\n<\/tr>\n<tr class=\"row-3 odd\">\n\t<td class=\"column-1\">Aktieemission<\/td><td class=\"column-2\">0<\/td><td class=\"column-3\">176<\/td>\n<\/tr>\n<tr class=\"row-4 even\">\n\t<td class=\"column-1\">Fonden f\u00f6r fritt inbetalt kapital<\/td><td class=\"column-2\">1 501<\/td><td class=\"column-3\">1 324<\/td>\n<\/tr>\n<tr class=\"row-5 odd\">\n\t<td class=\"column-1\">Dispositionsfond<\/td><td class=\"column-2\">34 060<\/td><td class=\"column-3\">33 183<\/td>\n<\/tr>\n<tr class=\"row-6 even\">\n\t<td class=\"column-1\">R\u00e4kenskapsperiodens resultat<\/td><td class=\"column-2\">21 529<\/td><td class=\"column-3\">6 069<\/td>\n<\/tr>\n<tr class=\"row-7 odd\">\n\t<td class=\"column-1\">EGET KAPITAL TOTALT<\/td><td class=\"column-2\">60 238<\/td><td class=\"column-3\">43 901<\/td>\n<\/tr>\n<\/tbody>\n<\/table>\n\n\n\n<div style=\"height:50px\" aria-hidden=\"true\" class=\"wp-block-spacer\"><\/div>\n\n\n\n<h4 class=\"wp-block-heading\">Fr\u00e4mmande kapital<\/h4>\n\n\n\n<table id=\"tablepress-51\" class=\"tablepress tablepress-id-51\">\n<thead>\n<tr class=\"row-1 odd\">\n\t<th class=\"column-1\">1000 \u20ac<\/th><th class=\"column-2\">2022<\/th><th class=\"column-3\">2021<\/th>\n<\/tr>\n<\/thead>\n<tbody class=\"row-hover\">\n<tr class=\"row-2 even\">\n\t<td class=\"column-1\">L\u00e5ngfristigt<\/td><td class=\"column-2\"><\/td><td class=\"column-3\"><\/td>\n<\/tr>\n<tr class=\"row-3 odd\">\n\t<td class=\"column-1\">Latent skatteskuld<\/td><td class=\"column-2\">3 289<\/td><td class=\"column-3\">3 303<\/td>\n<\/tr>\n<tr class=\"row-4 even\">\n\t<td class=\"column-1\">Skulder till kreditinstitut<\/td><td class=\"column-2\">16 712<\/td><td class=\"column-3\">18 023<\/td>\n<\/tr>\n<tr class=\"row-5 odd\">\n\t<td class=\"column-1\">\u00d6vriga l\u00e5ngfristiga skulder<\/td><td class=\"column-2\">2 050<\/td><td class=\"column-3\">2 133<\/td>\n<\/tr>\n<tr class=\"row-6 even\">\n\t<td class=\"column-1\">L\u00e5ngfristigt fr\u00e4mmande kapital totalt<\/td><td class=\"column-2\">22 051<\/td><td class=\"column-3\">23 459<\/td>\n<\/tr>\n<tr class=\"row-7 odd\">\n\t<td class=\"column-1\">Kortfristigt<\/td><td class=\"column-2\"><\/td><td class=\"column-3\"><\/td>\n<\/tr>\n<tr class=\"row-8 even\">\n\t<td class=\"column-1\">Skulder till kreditinstitut<\/td><td class=\"column-2\">5 051<\/td><td class=\"column-3\">4 763<\/td>\n<\/tr>\n<tr class=\"row-9 odd\">\n\t<td class=\"column-1\">Erh\u00e5llna f\u00f6rskott<\/td><td class=\"column-2\">1 134<\/td><td class=\"column-3\">4 621<\/td>\n<\/tr>\n<tr class=\"row-10 even\">\n\t<td class=\"column-1\">Leverant\u00f6rsskulder<\/td><td class=\"column-2\">22 004<\/td><td class=\"column-3\">15 140<\/td>\n<\/tr>\n<tr class=\"row-11 odd\">\n\t<td class=\"column-1\">\u00d6vriga skulder<\/td><td class=\"column-2\">4 371<\/td><td class=\"column-3\">3 779<\/td>\n<\/tr>\n<tr class=\"row-12 even\">\n\t<td class=\"column-1\">Resultatregleringar<\/td><td class=\"column-2\">11 859<\/td><td class=\"column-3\">8 444<\/td>\n<\/tr>\n<tr class=\"row-13 odd\">\n\t<td class=\"column-1\">Kortfristigt fr\u00e4mmande kapital totalt<\/td><td class=\"column-2\">44 419<\/td><td class=\"column-3\">36 747<\/td>\n<\/tr>\n<tr class=\"row-14 even\">\n\t<td class=\"column-1\">FR\u00c4MMANDE KAPITAL TOTALT<\/td><td class=\"column-2\">66 470<\/td><td class=\"column-3\">60 206<\/td>\n<\/tr>\n<tr class=\"row-15 odd\">\n\t<td class=\"column-1\">PASSIVA TOTALT<\/td><td class=\"column-2\">126 708<\/td><td class=\"column-3\">104 107<\/td>\n<\/tr>\n<\/tbody>\n<\/table>\n\n\n\n<div style=\"height:100px\" aria-hidden=\"true\" class=\"wp-block-spacer\"><\/div>\n\n\n\n<h3 class=\"wp-block-heading\">Koncernens finansieringsanalys<\/h3>\n\n\n\n<table id=\"tablepress-36\" class=\"tablepress tablepress-id-36\">\n<thead>\n<tr class=\"row-1 odd\">\n\t<th class=\"column-1\">1000 \u20ac<\/th><th class=\"column-2\">2022<\/th><th class=\"column-3\">2021<\/th>\n<\/tr>\n<\/thead>\n<tbody class=\"row-hover\">\n<tr class=\"row-2 even\">\n\t<td class=\"column-1\">R\u00f6relsens kassafl\u00f6de<\/td><td class=\"column-2\"><\/td><td class=\"column-3\"><\/td>\n<\/tr>\n<tr class=\"row-3 odd\">\n\t<td class=\"column-1\">R\u00f6relsevinst<\/td><td class=\"column-2\">26 905<\/td><td class=\"column-3\">8 645<\/td>\n<\/tr>\n<tr class=\"row-4 even\">\n\t<td class=\"column-1\">Korrigeringar till r\u00f6relsevinsten<\/td><td class=\"column-2\">8 806<\/td><td class=\"column-3\">8 537<\/td>\n<\/tr>\n<tr class=\"row-5 odd\">\n\t<td class=\"column-1\">F\u00f6r\u00e4ndring i r\u00f6relsekapitalet<\/td><td class=\"column-2\">-17 000<\/td><td class=\"column-3\">-1 571<\/td>\n<\/tr>\n<tr class=\"row-6 even\">\n\t<td class=\"column-1\">Betalda r\u00e4ntor<\/td><td class=\"column-2\">-752<\/td><td class=\"column-3\">-511<\/td>\n<\/tr>\n<tr class=\"row-7 odd\">\n\t<td class=\"column-1\">Erh\u00e5llna r\u00e4ntor<\/td><td class=\"column-2\">65<\/td><td class=\"column-3\">46<\/td>\n<\/tr>\n<tr class=\"row-8 even\">\n\t<td class=\"column-1\">Erh\u00e5llna dividender<\/td><td class=\"column-2\">5<\/td><td class=\"column-3\">2<\/td>\n<\/tr>\n<tr class=\"row-9 odd\">\n\t<td class=\"column-1\">Betalda skatter<\/td><td class=\"column-2\">-2 382<\/td><td class=\"column-3\">-1 506<\/td>\n<\/tr>\n<tr class=\"row-10 even\">\n\t<td class=\"column-1\">R\u00f6relsens kassafl\u00f6de<\/td><td class=\"column-2\">15 648<\/td><td class=\"column-3\">13 643<\/td>\n<\/tr>\n<tr class=\"row-11 odd\">\n\t<td class=\"column-1\">Investeringarnas kassafl\u00f6de<\/td><td class=\"column-2\"><\/td><td class=\"column-3\"><\/td>\n<\/tr>\n<tr class=\"row-12 even\">\n\t<td class=\"column-1\">Investeringar i materiella och immateriella tillg\u00e5ngar<\/td><td class=\"column-2\">-12 063<\/td><td class=\"column-3\">-9 693<\/td>\n<\/tr>\n<tr class=\"row-13 odd\">\n\t<td class=\"column-1\">\u00d6verl\u00e5telseint\u00e4kter fr\u00e5n materiella och immateriella tillg\u00e5ngar<\/td><td class=\"column-2\">82<\/td><td class=\"column-3\">58<\/td>\n<\/tr>\n<tr class=\"row-14 even\">\n\t<td class=\"column-1\">F\u00f6rv\u00e4rv av dotterbolag minus bolagets kassa vid f\u00f6rv\u00e4rvstidpunkten<\/td><td class=\"column-2\">-226<\/td><td class=\"column-3\">-2 405<\/td>\n<\/tr>\n<tr class=\"row-15 odd\">\n\t<td class=\"column-1\">Investeringar i \u00f6vriga placeringar<\/td><td class=\"column-2\">14<\/td><td class=\"column-3\">0<\/td>\n<\/tr>\n<tr class=\"row-16 even\">\n\t<td class=\"column-1\">Investeringarnas kassafl\u00f6de<\/td><td class=\"column-2\">-12 194<\/td><td class=\"column-3\">-12 041<\/td>\n<\/tr>\n<tr class=\"row-17 odd\">\n\t<td class=\"column-1\">Finansieringens kassafl\u00f6de<\/td><td class=\"column-2\"><\/td><td class=\"column-3\"><\/td>\n<\/tr>\n<tr class=\"row-18 even\">\n\t<td class=\"column-1\">Upptagning av kortfristiga l\u00e5n<\/td><td class=\"column-2\">304<\/td><td class=\"column-3\">39<\/td>\n<\/tr>\n<tr class=\"row-19 odd\">\n\t<td class=\"column-1\">\u00c5terbetalning av kortfristiga l\u00e5n<\/td><td class=\"column-2\">-16<\/td><td class=\"column-3\">-46<\/td>\n<\/tr>\n<tr class=\"row-20 even\">\n\t<td class=\"column-1\">Upptagning av l\u00e5ngfristiga l\u00e5n<\/td><td class=\"column-2\">2 000<\/td><td class=\"column-3\">196<\/td>\n<\/tr>\n<tr class=\"row-21 odd\">\n\t<td class=\"column-1\">\u00c5terbetalning av l\u00e5ngfristiga l\u00e5n<\/td><td class=\"column-2\">-3 379<\/td><td class=\"column-3\">-2 403<\/td>\n<\/tr>\n<tr class=\"row-22 even\">\n\t<td class=\"column-1\">Utbetalda dividender och \u00e5terbetalning av fritt eget kapital<\/td><td class=\"column-2\">-3 423<\/td><td class=\"column-3\">-3 317<\/td>\n<\/tr>\n<tr class=\"row-23 odd\">\n\t<td class=\"column-1\">Aktieemission<\/td><td class=\"column-2\">0<\/td><td class=\"column-3\">176<\/td>\n<\/tr>\n<tr class=\"row-24 even\">\n\t<td class=\"column-1\">Finansieringens kassafl\u00f6de<\/td><td class=\"column-2\">-4 514<\/td><td class=\"column-3\">-5 355<\/td>\n<\/tr>\n<tr class=\"row-25 odd\">\n\t<td class=\"column-1\">F\u00d6R\u00c4NDRING I LIKVIDA MEDEL<\/td><td class=\"column-2\">-1 060<\/td><td class=\"column-3\">-3 752<\/td>\n<\/tr>\n<tr class=\"row-26 even\">\n\t<td class=\"column-1\">Likvida medel vid periodens b\u00f6rjan<\/td><td class=\"column-2\">6 119<\/td><td class=\"column-3\">9 871<\/td>\n<\/tr>\n<tr class=\"row-27 odd\">\n\t<td class=\"column-1\">F\u00f6r\u00e4ndringar under r\u00e4kenskapsperioden<\/td><td class=\"column-2\">-1 060<\/td><td class=\"column-3\">-3 752<\/td>\n<\/tr>\n<tr class=\"row-28 even\">\n\t<td class=\"column-1\">Likvida medel vid periodens slut<\/td><td class=\"column-2\">5 059<\/td><td class=\"column-3\">6 119<\/td>\n<\/tr>\n<\/tbody>\n<\/table>\n","protected":false},"excerpt":{"rendered":"<p>Koncernens resultatr\u00e4kning Koncernens balansr\u00e4kning Best\u00e5ende aktiva R\u00f6rliga aktiva Passiva Eget kapital Fr\u00e4mmande kapital Koncernens finansieringsanalys [&#8230;]<\/p>\n<p><a class=\"btn btn-secondary understrap-read-more-link\" href=\"https:\/\/annualreport.forcitgroup.com\/2022\/sv\/bokslut\/koncernens-bokslut\/\">Read More&#8230;<span class=\"screen-reader-text\"> from Koncernens bokslut<\/span><\/a><\/p>\n","protected":false},"author":1,"featured_media":127,"parent":544,"menu_order":0,"comment_status":"closed","ping_status":"closed","template":"page-template-numbers.php","meta":{"footnotes":""},"acf":[],"_links":{"self":[{"href":"https:\/\/annualreport.forcitgroup.com\/2022\/wp-json\/wp\/v2\/pages\/552"}],"collection":[{"href":"https:\/\/annualreport.forcitgroup.com\/2022\/wp-json\/wp\/v2\/pages"}],"about":[{"href":"https:\/\/annualreport.forcitgroup.com\/2022\/wp-json\/wp\/v2\/types\/page"}],"author":[{"embeddable":true,"href":"https:\/\/annualreport.forcitgroup.com\/2022\/wp-json\/wp\/v2\/users\/1"}],"replies":[{"embeddable":true,"href":"https:\/\/annualreport.forcitgroup.com\/2022\/wp-json\/wp\/v2\/comments?post=552"}],"version-history":[{"count":5,"href":"https:\/\/annualreport.forcitgroup.com\/2022\/wp-json\/wp\/v2\/pages\/552\/revisions"}],"predecessor-version":[{"id":888,"href":"https:\/\/annualreport.forcitgroup.com\/2022\/wp-json\/wp\/v2\/pages\/552\/revisions\/888"}],"up":[{"embeddable":true,"href":"https:\/\/annualreport.forcitgroup.com\/2022\/wp-json\/wp\/v2\/pages\/544"}],"wp:featuredmedia":[{"embeddable":true,"href":"https:\/\/annualreport.forcitgroup.com\/2022\/wp-json\/wp\/v2\/media\/127"}],"wp:attachment":[{"href":"https:\/\/annualreport.forcitgroup.com\/2022\/wp-json\/wp\/v2\/media?parent=552"}],"curies":[{"name":"wp","href":"https:\/\/api.w.org\/{rel}","templated":true}]}}