{"id":560,"date":"2023-03-03T10:46:32","date_gmt":"2023-03-03T08:46:32","guid":{"rendered":"https:\/\/annualreport.forcitgroup.com\/?page_id=560"},"modified":"2023-03-09T11:50:26","modified_gmt":"2023-03-09T09:50:26","slug":"moderbolagets-bokslut","status":"publish","type":"page","link":"https:\/\/annualreport.forcitgroup.com\/2022\/sv\/bokslut\/moderbolagets-bokslut\/","title":{"rendered":"Moderbolagets bokslut"},"content":{"rendered":"\n<div style=\"height:40px\" aria-hidden=\"true\" class=\"wp-block-spacer\"><\/div>\n\n\n\n<h3 class=\"wp-block-heading\">Moderbolagets resultatr\u00e4kning<\/h3>\n\n\n\n<table id=\"tablepress-52\" class=\"tablepress tablepress-id-52\">\n<thead>\n<tr class=\"row-1 odd\">\n\t<th class=\"column-1\">1000 \u20ac<\/th><th class=\"column-2\">2022<\/th><th class=\"column-3\">2021<\/th>\n<\/tr>\n<\/thead>\n<tbody class=\"row-hover\">\n<tr class=\"row-2 even\">\n\t<td class=\"column-1\">OMS\u00c4TTNING<\/td><td class=\"column-2\">112 676<\/td><td class=\"column-3\">71 999<\/td>\n<\/tr>\n<tr class=\"row-3 odd\">\n\t<td class=\"column-1\">F\u00f6r\u00e4ndring i produktlager<\/td><td class=\"column-2\">704<\/td><td class=\"column-3\">182<\/td>\n<\/tr>\n<tr class=\"row-4 even\">\n\t<td class=\"column-1\">Tillverkning f\u00f6r eget bruk<\/td><td class=\"column-2\">19<\/td><td class=\"column-3\">39<\/td>\n<\/tr>\n<tr class=\"row-5 odd\">\n\t<td class=\"column-1\">\u00d6vriga r\u00f6relseint\u00e4kter<\/td><td class=\"column-2\">3 223<\/td><td class=\"column-3\">2 085<\/td>\n<\/tr>\n<tr class=\"row-6 even\">\n\t<td class=\"column-1\">Material och tj\u00e4nster<\/td><td class=\"column-2\"><\/td><td class=\"column-3\"><\/td>\n<\/tr>\n<tr class=\"row-7 odd\">\n\t<td class=\"column-1\">Material, f\u00f6rn\u00f6denheter och varor<\/td><td class=\"column-2\"><\/td><td class=\"column-3\"><\/td>\n<\/tr>\n<tr class=\"row-8 even\">\n\t<td class=\"column-1\">Ink\u00f6p under r\u00e4kenskapsperioden<\/td><td class=\"column-2\">-64 776<\/td><td class=\"column-3\">-35 251<\/td>\n<\/tr>\n<tr class=\"row-9 odd\">\n\t<td class=\"column-1\">F\u00f6r\u00e4ndring av lager<\/td><td class=\"column-2\">6 074<\/td><td class=\"column-3\">1 399<\/td>\n<\/tr>\n<tr class=\"row-10 even\">\n\t<td class=\"column-1\">Material och tj\u00e4nster totalt<\/td><td class=\"column-2\">-58 701<\/td><td class=\"column-3\">-33 852<\/td>\n<\/tr>\n<tr class=\"row-11 odd\">\n\t<td class=\"column-1\">Personalkostnader<\/td><td class=\"column-2\"><\/td><td class=\"column-3\"><\/td>\n<\/tr>\n<tr class=\"row-12 even\">\n\t<td class=\"column-1\">L\u00f6ner och arvoden<\/td><td class=\"column-2\">-16 423<\/td><td class=\"column-3\">-15 260<\/td>\n<\/tr>\n<tr class=\"row-13 odd\">\n\t<td class=\"column-1\">L\u00f6nebikostnader<\/td><td class=\"column-2\"><\/td><td class=\"column-3\"><\/td>\n<\/tr>\n<tr class=\"row-14 even\">\n\t<td class=\"column-1\">Pensionskostnader<\/td><td class=\"column-2\">-3 302<\/td><td class=\"column-3\">-2 741<\/td>\n<\/tr>\n<tr class=\"row-15 odd\">\n\t<td class=\"column-1\">\u00d6vriga l\u00f6nebikostnader<\/td><td class=\"column-2\">-741<\/td><td class=\"column-3\">-566<\/td>\n<\/tr>\n<tr class=\"row-16 even\">\n\t<td class=\"column-1\">Personalkostnader totalt<\/td><td class=\"column-2\">-20 466<\/td><td class=\"column-3\">-18 567<\/td>\n<\/tr>\n<tr class=\"row-17 odd\">\n\t<td class=\"column-1\">Avskrivningar och nedskrivningar<\/td><td class=\"column-2\"><\/td><td class=\"column-3\"><\/td>\n<\/tr>\n<tr class=\"row-18 even\">\n\t<td class=\"column-1\">Avskrivning enligt plan<\/td><td class=\"column-2\">-3 344<\/td><td class=\"column-3\">-3 148<\/td>\n<\/tr>\n<tr class=\"row-19 odd\">\n\t<td class=\"column-1\">\u00d6vriga r\u00f6relsekostnader<\/td><td class=\"column-2\">-20 524<\/td><td class=\"column-3\">-15 402<\/td>\n<\/tr>\n<tr class=\"row-20 even\">\n\t<td class=\"column-1\">R\u00d6RELSEVINST<\/td><td class=\"column-2\">13 586<\/td><td class=\"column-3\">3 336<\/td>\n<\/tr>\n<tr class=\"row-21 odd\">\n\t<td class=\"column-1\">Finansiella int\u00e4kter och kostnader<\/td><td class=\"column-2\"><\/td><td class=\"column-3\"><\/td>\n<\/tr>\n<tr class=\"row-22 even\">\n\t<td class=\"column-1\">\u00d6vriga r\u00e4nte- och finansiella int\u00e4kter<\/td><td class=\"column-2\"><\/td><td class=\"column-3\"><\/td>\n<\/tr>\n<tr class=\"row-23 odd\">\n\t<td class=\"column-1\">Koncernbolag<\/td><td class=\"column-2\">2 979<\/td><td class=\"column-3\">3 880<\/td>\n<\/tr>\n<tr class=\"row-24 even\">\n\t<td class=\"column-1\">\u00d6vriga<\/td><td class=\"column-2\">21<\/td><td class=\"column-3\">132<\/td>\n<\/tr>\n<tr class=\"row-25 odd\">\n\t<td class=\"column-1\">Finansiella int\u00e4kter totalt<\/td><td class=\"column-2\">3 000<\/td><td class=\"column-3\">4 012<\/td>\n<\/tr>\n<tr class=\"row-26 even\">\n\t<td class=\"column-1\">\u00d6vriga r\u00e4nte- och finansiella kostnader<\/td><td class=\"column-2\"><\/td><td class=\"column-3\"><\/td>\n<\/tr>\n<tr class=\"row-27 odd\">\n\t<td class=\"column-1\">Koncerbolag<\/td><td class=\"column-2\">-27<\/td><td class=\"column-3\">0<\/td>\n<\/tr>\n<tr class=\"row-28 even\">\n\t<td class=\"column-1\">\u00d6vriga<\/td><td class=\"column-2\">-765<\/td><td class=\"column-3\">-794<\/td>\n<\/tr>\n<tr class=\"row-29 odd\">\n\t<td class=\"column-1\">Finansiella kostnader totalt<\/td><td class=\"column-2\">-792<\/td><td class=\"column-3\">-794<\/td>\n<\/tr>\n<tr class=\"row-30 even\">\n\t<td class=\"column-1\">VINST F\u00d6RE BOKSLUTSDISPOSITIONER OCH SKATTER<\/td><td class=\"column-2\">15 794<\/td><td class=\"column-3\">6 553<\/td>\n<\/tr>\n<tr class=\"row-31 odd\">\n\t<td class=\"column-1\">Bokslutsdispositioner<\/td><td class=\"column-2\"><\/td><td class=\"column-3\"><\/td>\n<\/tr>\n<tr class=\"row-32 even\">\n\t<td class=\"column-1\">F\u00f6r\u00e4ndring av avskrivningsdifferens<\/td><td class=\"column-2\">-308<\/td><td class=\"column-3\">135<\/td>\n<\/tr>\n<tr class=\"row-33 odd\">\n\t<td class=\"column-1\">Erh\u00e5llna koncernbidrag<\/td><td class=\"column-2\">1 394<\/td><td class=\"column-3\">1 745<\/td>\n<\/tr>\n<tr class=\"row-34 even\">\n\t<td class=\"column-1\">Bokslutsdispositioner totalt<\/td><td class=\"column-2\">1 086<\/td><td class=\"column-3\">1 880<\/td>\n<\/tr>\n<tr class=\"row-35 odd\">\n\t<td class=\"column-1\">Inkomstskatter<\/td><td class=\"column-2\">-2 834<\/td><td class=\"column-3\">-945<\/td>\n<\/tr>\n<tr class=\"row-36 even\">\n\t<td class=\"column-1\">R\u00c4KENSKAPSPERIODENS VINST<\/td><td class=\"column-2\">14 046<\/td><td class=\"column-3\">7 489<\/td>\n<\/tr>\n<\/tbody>\n<\/table>\n\n\n\n<div style=\"height:40px\" aria-hidden=\"true\" class=\"wp-block-spacer\"><\/div>\n\n\n\n<h2 class=\"wp-block-heading\">Moderbolagets balansr\u00e4kning<\/h2>\n\n\n\n<h3 class=\"wp-block-heading\">Aktiva<\/h3>\n\n\n\n<h4 class=\"wp-block-heading\">Best\u00e5ende aktiva<\/h4>\n\n\n\n<table id=\"tablepress-56\" class=\"tablepress tablepress-id-56\">\n<thead>\n<tr class=\"row-1 odd\">\n\t<th class=\"column-1\">1000 \u20ac<\/th><th class=\"column-2\">2022<\/th><th class=\"column-3\">2021<\/th>\n<\/tr>\n<\/thead>\n<tbody class=\"row-hover\">\n<tr class=\"row-2 even\">\n\t<td class=\"column-1\">Immateriella tillg\u00e5ngar<\/td><td class=\"column-2\"><\/td><td class=\"column-3\"><\/td>\n<\/tr>\n<tr class=\"row-3 odd\">\n\t<td class=\"column-1\">Immateriella r\u00e4ttigheter<\/td><td class=\"column-2\">3 879<\/td><td class=\"column-3\">2 530<\/td>\n<\/tr>\n<tr class=\"row-4 even\">\n\t<td class=\"column-1\">Immateriella tillg\u00e5ngar totalt<\/td><td class=\"column-2\">3 879<\/td><td class=\"column-3\">2 530<\/td>\n<\/tr>\n<tr class=\"row-5 odd\">\n\t<td class=\"column-1\">Materiella tillg\u00e5ngar<\/td><td class=\"column-2\"><\/td><td class=\"column-3\"><\/td>\n<\/tr>\n<tr class=\"row-6 even\">\n\t<td class=\"column-1\">Mark- och vattenomr\u00e5den<\/td><td class=\"column-2\">1 393<\/td><td class=\"column-3\">1 221<\/td>\n<\/tr>\n<tr class=\"row-7 odd\">\n\t<td class=\"column-1\">Byggnader och konstruktioner<\/td><td class=\"column-2\">13 013<\/td><td class=\"column-3\">13 750<\/td>\n<\/tr>\n<tr class=\"row-8 even\">\n\t<td class=\"column-1\">Maskiner och inventarier<\/td><td class=\"column-2\">6 359<\/td><td class=\"column-3\">6 179<\/td>\n<\/tr>\n<tr class=\"row-9 odd\">\n\t<td class=\"column-1\">\u00d6vriga materiella tillg\u00e5ngar<\/td><td class=\"column-2\">34<\/td><td class=\"column-3\">57<\/td>\n<\/tr>\n<tr class=\"row-10 even\">\n\t<td class=\"column-1\">F\u00f6rskottsbetalningar och p\u00e5g\u00e5ende nyanl\u00e4ggningar<\/td><td class=\"column-2\">6 715<\/td><td class=\"column-3\">5 147<\/td>\n<\/tr>\n<tr class=\"row-11 odd\">\n\t<td class=\"column-1\">Materiella tillg\u00e5ngar totalt<\/td><td class=\"column-2\">27 513<\/td><td class=\"column-3\">26 354<\/td>\n<\/tr>\n<tr class=\"row-12 even\">\n\t<td class=\"column-1\">Placeringar<\/td><td class=\"column-2\"><\/td><td class=\"column-3\"><\/td>\n<\/tr>\n<tr class=\"row-13 odd\">\n\t<td class=\"column-1\">Andelar i f\u00f6retag inom samma koncern<\/td><td class=\"column-2\">24 940<\/td><td class=\"column-3\">24 699<\/td>\n<\/tr>\n<tr class=\"row-14 even\">\n\t<td class=\"column-1\">L\u00e5nefordringar hos f\u00f6retag i samma koncern<\/td><td class=\"column-2\">243<\/td><td class=\"column-3\">238<\/td>\n<\/tr>\n<tr class=\"row-15 odd\">\n\t<td class=\"column-1\">\u00d6vriga l\u00e5nefordringar<\/td><td class=\"column-2\">77<\/td><td class=\"column-3\">81<\/td>\n<\/tr>\n<tr class=\"row-16 even\">\n\t<td class=\"column-1\">\u00d6vriga aktier och andelar<\/td><td class=\"column-2\">287<\/td><td class=\"column-3\">287<\/td>\n<\/tr>\n<tr class=\"row-17 odd\">\n\t<td class=\"column-1\">Placeringar totalt<\/td><td class=\"column-2\">25 547<\/td><td class=\"column-3\">25 304<\/td>\n<\/tr>\n<tr class=\"row-18 even\">\n\t<td class=\"column-1\">BEST\u00c5ENDE AKTIVA TOTALT<\/td><td class=\"column-2\">56 939<\/td><td class=\"column-3\">54 188<\/td>\n<\/tr>\n<\/tbody>\n<\/table>\n\n\n\n<div style=\"height:40px\" aria-hidden=\"true\" class=\"wp-block-spacer\"><\/div>\n\n\n\n<h4 class=\"wp-block-heading\">R\u00f6gliga aktiva<\/h4>\n\n\n\n<table id=\"tablepress-57\" class=\"tablepress tablepress-id-57\">\n<thead>\n<tr class=\"row-1 odd\">\n\t<th class=\"column-1\">1000 \u20ac<\/th><th class=\"column-2\">2022<\/th><th class=\"column-3\">2021<\/th>\n<\/tr>\n<\/thead>\n<tbody class=\"row-hover\">\n<tr class=\"row-2 even\">\n\t<td class=\"column-1\">Oms\u00e4ttningstillg\u00e5ngar<\/td><td class=\"column-2\"><\/td><td class=\"column-3\"><\/td>\n<\/tr>\n<tr class=\"row-3 odd\">\n\t<td class=\"column-1\">Material och f\u00f6rn\u00f6denheter<\/td><td class=\"column-2\">10 197<\/td><td class=\"column-3\">5 468<\/td>\n<\/tr>\n<tr class=\"row-4 even\">\n\t<td class=\"column-1\">F\u00e4rdiga produkter<\/td><td class=\"column-2\">3 149<\/td><td class=\"column-3\">2 445<\/td>\n<\/tr>\n<tr class=\"row-5 odd\">\n\t<td class=\"column-1\">\u00d6vriga oms\u00e4ttningstillg\u00e5ngar<\/td><td class=\"column-2\">4 005<\/td><td class=\"column-3\">2 662<\/td>\n<\/tr>\n<tr class=\"row-6 even\">\n\t<td class=\"column-1\">F\u00f6rskottsbetalningar<\/td><td class=\"column-2\">171<\/td><td class=\"column-3\">1 179<\/td>\n<\/tr>\n<tr class=\"row-7 odd\">\n\t<td class=\"column-1\">Oms\u00e4ttningstillg\u00e5ngar totalt<\/td><td class=\"column-2\">17 523<\/td><td class=\"column-3\">11 753<\/td>\n<\/tr>\n<tr class=\"row-8 even\">\n\t<td class=\"column-1\">Fordringar<\/td><td class=\"column-2\"><\/td><td class=\"column-3\"><\/td>\n<\/tr>\n<tr class=\"row-9 odd\">\n\t<td class=\"column-1\">F\u00f6rs\u00e4ljningsfordringar<\/td><td class=\"column-2\">16 595<\/td><td class=\"column-3\">8 857<\/td>\n<\/tr>\n<tr class=\"row-10 even\">\n\t<td class=\"column-1\">Fordringar hos f\u00f6retag inom samma koncern<\/td><td class=\"column-2\">14 980<\/td><td class=\"column-3\">12 308<\/td>\n<\/tr>\n<tr class=\"row-11 odd\">\n\t<td class=\"column-1\">L\u00e5nefordringar<\/td><td class=\"column-2\">50<\/td><td class=\"column-3\">33<\/td>\n<\/tr>\n<tr class=\"row-12 even\">\n\t<td class=\"column-1\">\u00d6vriga fordringar<\/td><td class=\"column-2\">105<\/td><td class=\"column-3\">28<\/td>\n<\/tr>\n<tr class=\"row-13 odd\">\n\t<td class=\"column-1\">Resultatregleringar<\/td><td class=\"column-2\">88<\/td><td class=\"column-3\">283<\/td>\n<\/tr>\n<tr class=\"row-14 even\">\n\t<td class=\"column-1\">Fordringar totalt<\/td><td class=\"column-2\">31 819<\/td><td class=\"column-3\">21 509<\/td>\n<\/tr>\n<tr class=\"row-15 odd\">\n\t<td class=\"column-1\">Finansiella v\u00e4rdepapper<\/td><td class=\"column-2\"><\/td><td class=\"column-3\"><\/td>\n<\/tr>\n<tr class=\"row-16 even\">\n\t<td class=\"column-1\">Kassa och bank tillgodohavanden<\/td><td class=\"column-2\">4 584<\/td><td class=\"column-3\">5 500<\/td>\n<\/tr>\n<tr class=\"row-17 odd\">\n\t<td class=\"column-1\">R\u00d6RLIGA AKTIVA TOTALT<\/td><td class=\"column-2\">53 925<\/td><td class=\"column-3\">38 762<\/td>\n<\/tr>\n<tr class=\"row-18 even\">\n\t<td class=\"column-1\">AKTIVA TOTALT<\/td><td class=\"column-2\">110 864<\/td><td class=\"column-3\">92 950<\/td>\n<\/tr>\n<\/tbody>\n<\/table>\n\n\n\n<div style=\"height:40px\" aria-hidden=\"true\" class=\"wp-block-spacer\"><\/div>\n\n\n\n<h3 class=\"wp-block-heading\">Passiva<\/h3>\n\n\n\n<h4 class=\"wp-block-heading\">Eget kapital<\/h4>\n\n\n\n<table id=\"tablepress-53\" class=\"tablepress tablepress-id-53\">\n<thead>\n<tr class=\"row-1 odd\">\n\t<th class=\"column-1\">1000\u20ac<\/th><th class=\"column-2\">2022<\/th><th class=\"column-3\">2021<\/th>\n<\/tr>\n<\/thead>\n<tbody class=\"row-hover\">\n<tr class=\"row-2 even\">\n\t<td class=\"column-1\">Aktiekapital<\/td><td class=\"column-2\">3 149<\/td><td class=\"column-3\">3 149<\/td>\n<\/tr>\n<tr class=\"row-3 odd\">\n\t<td class=\"column-1\">Aktieemission<\/td><td class=\"column-2\">0<\/td><td class=\"column-3\">176<\/td>\n<\/tr>\n<tr class=\"row-4 even\">\n\t<td class=\"column-1\">Fonden f\u00f6r fritt inbetalt kapital<\/td><td class=\"column-2\">1 501<\/td><td class=\"column-3\">1 324<\/td>\n<\/tr>\n<tr class=\"row-5 odd\">\n\t<td class=\"column-1\">Dispositionsfond<\/td><td class=\"column-2\">28 576<\/td><td class=\"column-3\">24 510<\/td>\n<\/tr>\n<tr class=\"row-6 even\">\n\t<td class=\"column-1\">R\u00e4kenskapsperiodens resultat<\/td><td class=\"column-2\">14 046<\/td><td class=\"column-3\">7 489<\/td>\n<\/tr>\n<tr class=\"row-7 odd\">\n\t<td class=\"column-1\">EGET KAPITAL TOTALT<\/td><td class=\"column-2\">47 271<\/td><td class=\"column-3\">36 649<\/td>\n<\/tr>\n<tr class=\"row-8 even\">\n\t<td class=\"column-1\">AVSKRIVNINGSDIFFERENS<\/td><td class=\"column-2\">8 349<\/td><td class=\"column-3\">8 041<\/td>\n<\/tr>\n<\/tbody>\n<\/table>\n\n\n\n<div style=\"height:40px\" aria-hidden=\"true\" class=\"wp-block-spacer\"><\/div>\n\n\n\n<h4 class=\"wp-block-heading\">Fr\u00e4mmande kapital<\/h4>\n\n\n\n<table id=\"tablepress-54\" class=\"tablepress tablepress-id-54\">\n<thead>\n<tr class=\"row-1 odd\">\n\t<th class=\"column-1\">1000 \u20ac<\/th><th class=\"column-2\">2022<\/th><th class=\"column-3\">2021<\/th>\n<\/tr>\n<\/thead>\n<tbody class=\"row-hover\">\n<tr class=\"row-2 even\">\n\t<td class=\"column-1\">L\u00e5ngfristigt<\/td><td class=\"column-2\"><\/td><td class=\"column-3\"><\/td>\n<\/tr>\n<tr class=\"row-3 odd\">\n\t<td class=\"column-1\">Skulder till kreditinstitut<\/td><td class=\"column-2\">16 426<\/td><td class=\"column-3\">17 723<\/td>\n<\/tr>\n<tr class=\"row-4 even\">\n\t<td class=\"column-1\">\u00d6vriga l\u00e5ngfristiga skulder<\/td><td class=\"column-2\">2 050<\/td><td class=\"column-3\">2 133<\/td>\n<\/tr>\n<tr class=\"row-5 odd\">\n\t<td class=\"column-1\">L\u00e5ngfristigt fr\u00e4mmande kapital totalt<\/td><td class=\"column-2\">18 476<\/td><td class=\"column-3\">19 856<\/td>\n<\/tr>\n<tr class=\"row-6 even\">\n\t<td class=\"column-1\">Kortfristigt<\/td><td class=\"column-2\"><\/td><td class=\"column-3\"><\/td>\n<\/tr>\n<tr class=\"row-7 odd\">\n\t<td class=\"column-1\">Skulder till kreditinstitut<\/td><td class=\"column-2\">5 067<\/td><td class=\"column-3\">4 763<\/td>\n<\/tr>\n<tr class=\"row-8 even\">\n\t<td class=\"column-1\">Erh\u00e5llna f\u00f6rskott<\/td><td class=\"column-2\">1 133<\/td><td class=\"column-3\">4 619<\/td>\n<\/tr>\n<tr class=\"row-9 odd\">\n\t<td class=\"column-1\">Leverant\u00f6rsskulder<\/td><td class=\"column-2\">10 281<\/td><td class=\"column-3\">8 741<\/td>\n<\/tr>\n<tr class=\"row-10 even\">\n\t<td class=\"column-1\">Skulder till f\u00f6retag inom samma koncern<\/td><td class=\"column-2\">12 363<\/td><td class=\"column-3\">4 666<\/td>\n<\/tr>\n<tr class=\"row-11 odd\">\n\t<td class=\"column-1\">\u00d6vriga skulder<\/td><td class=\"column-2\">1 916<\/td><td class=\"column-3\">1 970<\/td>\n<\/tr>\n<tr class=\"row-12 even\">\n\t<td class=\"column-1\">Resultatregleringar<\/td><td class=\"column-2\">6 008<\/td><td class=\"column-3\">3 646<\/td>\n<\/tr>\n<tr class=\"row-13 odd\">\n\t<td class=\"column-1\">Kortfristigt fr\u00e4mmande kapital totalt<\/td><td class=\"column-2\">36 767<\/td><td class=\"column-3\">28 405<\/td>\n<\/tr>\n<tr class=\"row-14 even\">\n\t<td class=\"column-1\">FR\u00c4MMANDE KAPITAL TOTALT<\/td><td class=\"column-2\">55 244<\/td><td class=\"column-3\">48 261<\/td>\n<\/tr>\n<tr class=\"row-15 odd\">\n\t<td class=\"column-1\">PASSIVA TOTALT<\/td><td class=\"column-2\">110 864<\/td><td class=\"column-3\">92 950<\/td>\n<\/tr>\n<\/tbody>\n<\/table>\n\n\n\n<div style=\"height:40px\" aria-hidden=\"true\" class=\"wp-block-spacer\"><\/div>\n\n\n\n<h2 class=\"wp-block-heading\">Moderbolagets finansieringsanalys<\/h2>\n\n\n\n<table id=\"tablepress-55\" class=\"tablepress tablepress-id-55\">\n<thead>\n<tr class=\"row-1 odd\">\n\t<th class=\"column-1\">1000 \u20ac<\/th><th class=\"column-2\">2022<\/th><th class=\"column-3\">2021<\/th>\n<\/tr>\n<\/thead>\n<tbody class=\"row-hover\">\n<tr class=\"row-2 even\">\n\t<td class=\"column-1\">R\u00f6relsens kassafl\u00f6de<\/td><td class=\"column-2\"><\/td><td class=\"column-3\"><\/td>\n<\/tr>\n<tr class=\"row-3 odd\">\n\t<td class=\"column-1\">R\u00f6relsevinst<\/td><td class=\"column-2\">13 586<\/td><td class=\"column-3\">3 336<\/td>\n<\/tr>\n<tr class=\"row-4 even\">\n\t<td class=\"column-1\">Korrigeringar till r\u00f6relsevinsten<\/td><td class=\"column-2\">3 226<\/td><td class=\"column-3\">2 824<\/td>\n<\/tr>\n<tr class=\"row-5 odd\">\n\t<td class=\"column-1\">F\u00f6r\u00e4ndring i r\u00f6relsekapitalet*<\/td><td class=\"column-2\">-14 828<\/td><td class=\"column-3\">-726<\/td>\n<\/tr>\n<tr class=\"row-6 even\">\n\t<td class=\"column-1\">Betalda r\u00e4ntor<\/td><td class=\"column-2\">-674<\/td><td class=\"column-3\">-461<\/td>\n<\/tr>\n<tr class=\"row-7 odd\">\n\t<td class=\"column-1\">Erh\u00e5llna r\u00e4ntor<\/td><td class=\"column-2\">88<\/td><td class=\"column-3\">73<\/td>\n<\/tr>\n<tr class=\"row-8 even\">\n\t<td class=\"column-1\">Erh\u00e5llna dividender<\/td><td class=\"column-2\">4<\/td><td class=\"column-3\">4<\/td>\n<\/tr>\n<tr class=\"row-9 odd\">\n\t<td class=\"column-1\">\u00d6vriga finansiella poster<\/td><td class=\"column-2\">0<\/td><td class=\"column-3\">-5<\/td>\n<\/tr>\n<tr class=\"row-10 even\">\n\t<td class=\"column-1\">Betalda skatter<\/td><td class=\"column-2\">-1 088<\/td><td class=\"column-3\">-847<\/td>\n<\/tr>\n<tr class=\"row-11 odd\">\n\t<td class=\"column-1\">R\u00f6relsens kassafl\u00f6de<\/td><td class=\"column-2\">315<\/td><td class=\"column-3\">4 198<\/td>\n<\/tr>\n<tr class=\"row-12 even\">\n\t<td class=\"column-1\">Investeringarnas kassafl\u00f6de<\/td><td class=\"column-2\"><\/td><td class=\"column-3\"><\/td>\n<\/tr>\n<tr class=\"row-13 odd\">\n\t<td class=\"column-1\">Investeringar i materiella och immateriella nyttigheter<\/td><td class=\"column-2\">-5 781<\/td><td class=\"column-3\">-3 776<\/td>\n<\/tr>\n<tr class=\"row-14 even\">\n\t<td class=\"column-1\">\u00c5terbetalning av l\u00e5nefordringar fr\u00e5n dotterbolag<\/td><td class=\"column-2\">4 685<\/td><td class=\"column-3\">-1 910<\/td>\n<\/tr>\n<tr class=\"row-15 odd\">\n\t<td class=\"column-1\">Erh\u00e5llna r\u00e4ntor<\/td><td class=\"column-2\">0<\/td><td class=\"column-3\">0<\/td>\n<\/tr>\n<tr class=\"row-16 even\">\n\t<td class=\"column-1\">Investeringar i dotterbolag<\/td><td class=\"column-2\">-271<\/td><td class=\"column-3\">-3 045<\/td>\n<\/tr>\n<tr class=\"row-17 odd\">\n\t<td class=\"column-1\">\u00c5terbetalning av l\u00e5nefordringar<\/td><td class=\"column-2\">-18<\/td><td class=\"column-3\">115<\/td>\n<\/tr>\n<tr class=\"row-18 even\">\n\t<td class=\"column-1\">Investeringarnas kassafl\u00f6de<\/td><td class=\"column-2\">-1 386<\/td><td class=\"column-3\">-8 615<\/td>\n<\/tr>\n<tr class=\"row-19 odd\">\n\t<td class=\"column-1\">Finansieringens kassafl\u00f6de<\/td><td class=\"column-2\"><\/td><td class=\"column-3\"><\/td>\n<\/tr>\n<tr class=\"row-20 even\">\n\t<td class=\"column-1\">Upptagning av kortfristiga l\u00e5n<\/td><td class=\"column-2\">304<\/td><td class=\"column-3\">39<\/td>\n<\/tr>\n<tr class=\"row-21 odd\">\n\t<td class=\"column-1\">\u00c5terbetalning av kortfristiga l\u00e5n<\/td><td class=\"column-2\">0<\/td><td class=\"column-3\">-46<\/td>\n<\/tr>\n<tr class=\"row-22 even\">\n\t<td class=\"column-1\">Upptagning av l\u00e5ngfristiga l\u00e5n<\/td><td class=\"column-2\">2 000<\/td><td class=\"column-3\">196<\/td>\n<\/tr>\n<tr class=\"row-23 odd\">\n\t<td class=\"column-1\">\u00c5terbetalning av l\u00e5ngfristiga l\u00e5n<\/td><td class=\"column-2\">-3 379<\/td><td class=\"column-3\">-2 403<\/td>\n<\/tr>\n<tr class=\"row-24 even\">\n\t<td class=\"column-1\">Utbetalda dividender<\/td><td class=\"column-2\">-3 423<\/td><td class=\"column-3\">-3 219<\/td>\n<\/tr>\n<tr class=\"row-25 odd\">\n\t<td class=\"column-1\">Aktieemission<\/td><td class=\"column-2\">0<\/td><td class=\"column-3\">176<\/td>\n<\/tr>\n<tr class=\"row-26 even\">\n\t<td class=\"column-1\">\u00d6kning av eget kapital mot betalning<\/td><td class=\"column-2\">0<\/td><td class=\"column-3\">-98<\/td>\n<\/tr>\n<tr class=\"row-27 odd\">\n\t<td class=\"column-1\">Dividend fr\u00e5n dotterbolag<\/td><td class=\"column-2\">2 908<\/td><td class=\"column-3\">3 812<\/td>\n<\/tr>\n<tr class=\"row-28 even\">\n\t<td class=\"column-1\">Erh\u00e5llet koncernbidrag, som betalts<\/td><td class=\"column-2\">1 745<\/td><td class=\"column-3\">1 785<\/td>\n<\/tr>\n<tr class=\"row-29 odd\">\n\t<td class=\"column-1\">Finansieringens kassafl\u00f6de<\/td><td class=\"column-2\">154<\/td><td class=\"column-3\">242<\/td>\n<\/tr>\n<tr class=\"row-30 even\">\n\t<td class=\"column-1\">F\u00d6R\u00c4NDRING I LIKVIDA MEDEL<\/td><td class=\"column-2\">-916<\/td><td class=\"column-3\">-4 175<\/td>\n<\/tr>\n<tr class=\"row-31 odd\">\n\t<td class=\"column-1\">Likvida medel vid periodens b\u00f6rjan<\/td><td class=\"column-2\">5 500<\/td><td class=\"column-3\">9 675<\/td>\n<\/tr>\n<tr class=\"row-32 even\">\n\t<td class=\"column-1\">F\u00f6r\u00e4ndringar under r\u00e4kenskapsperioden<\/td><td class=\"column-2\">-916<\/td><td class=\"column-3\">-4 175<\/td>\n<\/tr>\n<tr class=\"row-33 odd\">\n\t<td class=\"column-1\">Likvida medel vid periodens slut<\/td><td class=\"column-2\">4 584<\/td><td class=\"column-3\">5 500<\/td>\n<\/tr>\n<tr class=\"row-34 even\">\n\t<td class=\"column-1\">*Varav f\u00f6r\u00e4ndringen p\u00e5 koncernkontot utg\u00f6r<\/td><td class=\"column-2\">7 021<\/td><td class=\"column-3\">-4 047<\/td>\n<\/tr>\n<\/tbody>\n<\/table>\n","protected":false},"excerpt":{"rendered":"<p>Moderbolagets resultatr\u00e4kning Moderbolagets balansr\u00e4kning Aktiva Best\u00e5ende aktiva R\u00f6gliga aktiva Passiva Eget kapital Fr\u00e4mmande kapital Moderbolagets finansieringsanalys [&#8230;]<\/p>\n<p><a class=\"btn btn-secondary understrap-read-more-link\" href=\"https:\/\/annualreport.forcitgroup.com\/2022\/sv\/bokslut\/moderbolagets-bokslut\/\">Read More&#8230;<span class=\"screen-reader-text\"> from Moderbolagets bokslut<\/span><\/a><\/p>\n","protected":false},"author":1,"featured_media":127,"parent":544,"menu_order":0,"comment_status":"closed","ping_status":"closed","template":"page-template-numbers.php","meta":{"_acf_changed":false,"footnotes":""},"acf":[],"_links":{"self":[{"href":"https:\/\/annualreport.forcitgroup.com\/2022\/wp-json\/wp\/v2\/pages\/560"}],"collection":[{"href":"https:\/\/annualreport.forcitgroup.com\/2022\/wp-json\/wp\/v2\/pages"}],"about":[{"href":"https:\/\/annualreport.forcitgroup.com\/2022\/wp-json\/wp\/v2\/types\/page"}],"author":[{"embeddable":true,"href":"https:\/\/annualreport.forcitgroup.com\/2022\/wp-json\/wp\/v2\/users\/1"}],"replies":[{"embeddable":true,"href":"https:\/\/annualreport.forcitgroup.com\/2022\/wp-json\/wp\/v2\/comments?post=560"}],"version-history":[{"count":5,"href":"https:\/\/annualreport.forcitgroup.com\/2022\/wp-json\/wp\/v2\/pages\/560\/revisions"}],"predecessor-version":[{"id":931,"href":"https:\/\/annualreport.forcitgroup.com\/2022\/wp-json\/wp\/v2\/pages\/560\/revisions\/931"}],"up":[{"embeddable":true,"href":"https:\/\/annualreport.forcitgroup.com\/2022\/wp-json\/wp\/v2\/pages\/544"}],"wp:featuredmedia":[{"embeddable":true,"href":"https:\/\/annualreport.forcitgroup.com\/2022\/wp-json\/wp\/v2\/media\/127"}],"wp:attachment":[{"href":"https:\/\/annualreport.forcitgroup.com\/2022\/wp-json\/wp\/v2\/media?parent=560"}],"curies":[{"name":"wp","href":"https:\/\/api.w.org\/{rel}","templated":true}]}}