{"id":858,"date":"2023-03-07T15:18:19","date_gmt":"2023-03-07T13:18:19","guid":{"rendered":"https:\/\/annualreport.forcitgroup.com\/?page_id=858"},"modified":"2023-03-08T12:10:39","modified_gmt":"2023-03-08T10:10:39","slug":"underteckningar","status":"publish","type":"page","link":"https:\/\/annualreport.forcitgroup.com\/2022\/sv\/bokslut\/underteckningar\/","title":{"rendered":"Underteckningar"},"content":{"rendered":"\n<div style=\"height:100px\" aria-hidden=\"true\" class=\"wp-block-spacer\"><\/div>\n\n\n\n<p class=\"has-text-align-center\">Helsingfors den 3 mars 2023<\/p>\n\n\n\n<div style=\"height:50px\" aria-hidden=\"true\" class=\"wp-block-spacer\"><\/div>\n\n\n\n<p class=\"has-text-align-center\"><strong>Lauri Stadigh,<br>Styrelsens ordf.<\/strong><\/p>\n\n\n\n<p class=\"has-text-align-center\"><strong>Joakim Westerlund,<br>VD<\/strong><\/p>\n\n\n\n<p class=\"has-text-align-center\"><strong>Tom Melbye<\/strong><\/p>\n\n\n\n<p class=\"has-text-align-center\"><strong>Hans Karlander<\/strong><\/p>\n\n\n\n<p class=\"has-text-align-center\"><strong>Pasi Tolppanen<\/strong><\/p>\n\n\n\n<p class=\"has-text-align-center\"><strong>Jarmo Lindberg<\/strong><\/p>\n\n\n\n<p class=\"has-text-align-center\"><strong>Alexander Tallberg<\/strong><\/p>\n\n\n\n<div style=\"height:50px\" aria-hidden=\"true\" class=\"wp-block-spacer\"><\/div>\n\n\n\n<p class=\"has-text-align-center\">\u00d6ver utf\u00f6rd granskning har idag avgivits revisionsber\u00e4ttelse<\/p>\n\n\n\n<p class=\"has-text-align-center\">Helsingfors den 7 mars 2023<\/p>\n\n\n\n<p class=\"has-text-align-center\"><strong>KPMG Oy Ab<\/strong><br><strong>Christian H\u00e4llstr\u00f6m, CGR<\/strong><\/p>\n","protected":false},"excerpt":{"rendered":"<p>Helsingfors den 3 mars 2023 Lauri Stadigh,Styrelsens ordf. Joakim Westerlund,VD Tom Melbye Hans Karlander Pasi Tolppanen Jarmo Lindberg Alexander Tallberg \u00d6ver utf\u00f6rd granskning har idag avgivits revisionsber\u00e4ttelse Helsingfors den 7 mars 2023 KPMG Oy AbChristian H\u00e4llstr\u00f6m, CGR [&#8230;]<\/p>\n<p><a class=\"btn btn-secondary understrap-read-more-link\" href=\"https:\/\/annualreport.forcitgroup.com\/2022\/sv\/bokslut\/underteckningar\/\">Read More&#8230;<span class=\"screen-reader-text\"> from Underteckningar<\/span><\/a><\/p>\n","protected":false},"author":1,"featured_media":0,"parent":544,"menu_order":0,"comment_status":"closed","ping_status":"closed","template":"page-template-numbers.php","meta":{"_acf_changed":false,"footnotes":""},"acf":[],"_links":{"self":[{"href":"https:\/\/annualreport.forcitgroup.com\/2022\/wp-json\/wp\/v2\/pages\/858"}],"collection":[{"href":"https:\/\/annualreport.forcitgroup.com\/2022\/wp-json\/wp\/v2\/pages"}],"about":[{"href":"https:\/\/annualreport.forcitgroup.com\/2022\/wp-json\/wp\/v2\/types\/page"}],"author":[{"embeddable":true,"href":"https:\/\/annualreport.forcitgroup.com\/2022\/wp-json\/wp\/v2\/users\/1"}],"replies":[{"embeddable":true,"href":"https:\/\/annualreport.forcitgroup.com\/2022\/wp-json\/wp\/v2\/comments?post=858"}],"version-history":[{"count":5,"href":"https:\/\/annualreport.forcitgroup.com\/2022\/wp-json\/wp\/v2\/pages\/858\/revisions"}],"predecessor-version":[{"id":923,"href":"https:\/\/annualreport.forcitgroup.com\/2022\/wp-json\/wp\/v2\/pages\/858\/revisions\/923"}],"up":[{"embeddable":true,"href":"https:\/\/annualreport.forcitgroup.com\/2022\/wp-json\/wp\/v2\/pages\/544"}],"wp:attachment":[{"href":"https:\/\/annualreport.forcitgroup.com\/2022\/wp-json\/wp\/v2\/media?parent=858"}],"curies":[{"name":"wp","href":"https:\/\/api.w.org\/{rel}","templated":true}]}}