{"id":966,"date":"2023-03-09T14:28:08","date_gmt":"2023-03-09T12:28:08","guid":{"rendered":"https:\/\/annualreport.forcitgroup.com\/?page_id=966"},"modified":"2023-03-09T14:28:09","modified_gmt":"2023-03-09T12:28:09","slug":"konsernin-tuloslaskelma","status":"publish","type":"page","link":"https:\/\/annualreport.forcitgroup.com\/2022\/fi\/tilinpaatos\/konsernin-tilinpaatos\/konsernin-tuloslaskelma\/","title":{"rendered":"Konsernin tuloslaskelma"},"content":{"rendered":"\n<div style=\"height:40px\" aria-hidden=\"true\" class=\"wp-block-spacer\"><\/div>\n\n\n\n<table id=\"tablepress-29\" class=\"tablepress tablepress-id-29\">\n<thead>\n<tr class=\"row-1 odd\">\n\t<th class=\"column-1\">1000\u20ac<\/th><th class=\"column-2\">2022<\/th><th class=\"column-3\">2021<\/th>\n<\/tr>\n<\/thead>\n<tbody class=\"row-hover\">\n<tr class=\"row-2 even\">\n\t<td class=\"column-1\">LIIKEVAIHTO<\/td><td class=\"column-2\">228 342<\/td><td class=\"column-3\">150 466<\/td>\n<\/tr>\n<tr class=\"row-3 odd\">\n\t<td class=\"column-1\">Valmistevarastojen muutos<\/td><td class=\"column-2\">2 231<\/td><td class=\"column-3\">204<\/td>\n<\/tr>\n<tr class=\"row-4 even\">\n\t<td class=\"column-1\">Valmistus omaan k\u00e4ytt\u00f6\u00f6n<\/td><td class=\"column-2\">19<\/td><td class=\"column-3\">45<\/td>\n<\/tr>\n<tr class=\"row-5 odd\">\n\t<td class=\"column-1\">Liiketoiminnan muut tuotot<\/td><td class=\"column-2\">701<\/td><td class=\"column-3\">435<\/td>\n<\/tr>\n<tr class=\"row-6 even\">\n\t<td class=\"column-1\">Materiaalit ja palvelut<\/td><td class=\"column-2\"><\/td><td class=\"column-3\"><\/td>\n<\/tr>\n<tr class=\"row-7 odd\">\n\t<td class=\"column-1\">Aineet, tarvikkeet ja tavarat<\/td><td class=\"column-2\"><\/td><td class=\"column-3\"><\/td>\n<\/tr>\n<tr class=\"row-8 even\">\n\t<td class=\"column-1\">Ostot tilikauden aikana<\/td><td class=\"column-2\">-125 889<\/td><td class=\"column-3\">-69 188<\/td>\n<\/tr>\n<tr class=\"row-9 odd\">\n\t<td class=\"column-1\">Varastojen muutos<\/td><td class=\"column-2\">7 864<\/td><td class=\"column-3\">1 909<\/td>\n<\/tr>\n<tr class=\"row-10 even\">\n\t<td class=\"column-1\">Materiaalit ja palvelut yhteens\u00e4<\/td><td class=\"column-2\">-118 025<\/td><td class=\"column-3\">-67 279<\/td>\n<\/tr>\n<tr class=\"row-11 odd\">\n\t<td class=\"column-1\">Henkil\u00f6st\u00f6kulut<\/td><td class=\"column-2\"><\/td><td class=\"column-3\"><\/td>\n<\/tr>\n<tr class=\"row-12 even\">\n\t<td class=\"column-1\">Palkat ja palkkiot<\/td><td class=\"column-2\">-32 472<\/td><td class=\"column-3\">-29 119<\/td>\n<\/tr>\n<tr class=\"row-13 odd\">\n\t<td class=\"column-1\">Henkil\u00f6sivukulut<\/td><td class=\"column-2\"><\/td><td class=\"column-3\"><\/td>\n<\/tr>\n<tr class=\"row-14 even\">\n\t<td class=\"column-1\">El\u00e4kekulut<\/td><td class=\"column-2\">-4 775<\/td><td class=\"column-3\">-4 270<\/td>\n<\/tr>\n<tr class=\"row-15 odd\">\n\t<td class=\"column-1\">Muut henkil\u00f6sivukulut<\/td><td class=\"column-2\">-5 295<\/td><td class=\"column-3\">-4 508<\/td>\n<\/tr>\n<tr class=\"row-16 even\">\n\t<td class=\"column-1\">Henkil\u00f6st\u00f6kulut yhteens\u00e4<\/td><td class=\"column-2\">-42 542<\/td><td class=\"column-3\">-37 898<\/td>\n<\/tr>\n<tr class=\"row-17 odd\">\n\t<td class=\"column-1\">Poistot ja arvonalentumiset<\/td><td class=\"column-2\"><\/td><td class=\"column-3\"><\/td>\n<\/tr>\n<tr class=\"row-18 even\">\n\t<td class=\"column-1\">Suunnitelman mukaiset poistot<\/td><td class=\"column-2\">-8 811<\/td><td class=\"column-3\">-8 683<\/td>\n<\/tr>\n<tr class=\"row-19 odd\">\n\t<td class=\"column-1\">Liiketoiminnan muut kulut<\/td><td class=\"column-2\">-35 009<\/td><td class=\"column-3\">-28 645<\/td>\n<\/tr>\n<tr class=\"row-20 even\">\n\t<td class=\"column-1\">LIIKEVOITTO<\/td><td class=\"column-2\">26 905<\/td><td class=\"column-3\">8 645<\/td>\n<\/tr>\n<tr class=\"row-21 odd\">\n\t<td class=\"column-1\">Rahoitustuotot ja -kulut<\/td><td class=\"column-2\"><\/td><td class=\"column-3\"><\/td>\n<\/tr>\n<tr class=\"row-22 even\">\n\t<td class=\"column-1\">Muut korko- ja rahoitustuotot<\/td><td class=\"column-2\">70<\/td><td class=\"column-3\">166<\/td>\n<\/tr>\n<tr class=\"row-23 odd\">\n\t<td class=\"column-1\">Arvonalentumiset pysyvien vastaavien sijoituksista<\/td><td class=\"column-2\">0<\/td><td class=\"column-3\">3<\/td>\n<\/tr>\n<tr class=\"row-24 even\">\n\t<td class=\"column-1\">Korkokulut ja muut rahoituskulut<\/td><td class=\"column-2\">-752<\/td><td class=\"column-3\">-845<\/td>\n<\/tr>\n<tr class=\"row-25 odd\">\n\t<td class=\"column-1\">Rahoitustuotot ja -kulut yhteens\u00e4<\/td><td class=\"column-2\">-682<\/td><td class=\"column-3\">-676<\/td>\n<\/tr>\n<tr class=\"row-26 even\">\n\t<td class=\"column-1\">VOITTO ENNEN VEROJA<\/td><td class=\"column-2\">26 223<\/td><td class=\"column-3\">7 969<\/td>\n<\/tr>\n<tr class=\"row-27 odd\">\n\t<td class=\"column-1\">Laskennallisen verovelan muutos<\/td><td class=\"column-2\">13<\/td><td class=\"column-3\">-93<\/td>\n<\/tr>\n<tr class=\"row-28 even\">\n\t<td class=\"column-1\">Tuloverot<\/td><td class=\"column-2\">-4 707<\/td><td class=\"column-3\">-1 808<\/td>\n<\/tr>\n<tr class=\"row-29 odd\">\n\t<td class=\"column-1\">TILIKAUDEN VOITTO<\/td><td class=\"column-2\">21 529<\/td><td class=\"column-3\">6 069<\/td>\n<\/tr>\n<\/tbody>\n<\/table>\n","protected":false},"excerpt":{"rendered":"<p> [&#8230;]<\/p>\n<p><a class=\"btn btn-secondary understrap-read-more-link\" href=\"https:\/\/annualreport.forcitgroup.com\/2022\/fi\/tilinpaatos\/konsernin-tilinpaatos\/konsernin-tuloslaskelma\/\">Read More&#8230;<span class=\"screen-reader-text\"> from Konsernin tuloslaskelma<\/span><\/a><\/p>\n","protected":false},"author":1,"featured_media":0,"parent":550,"menu_order":0,"comment_status":"closed","ping_status":"closed","template":"page-template-numbers.php","meta":{"_acf_changed":false,"footnotes":""},"acf":[],"_links":{"self":[{"href":"https:\/\/annualreport.forcitgroup.com\/2022\/wp-json\/wp\/v2\/pages\/966"}],"collection":[{"href":"https:\/\/annualreport.forcitgroup.com\/2022\/wp-json\/wp\/v2\/pages"}],"about":[{"href":"https:\/\/annualreport.forcitgroup.com\/2022\/wp-json\/wp\/v2\/types\/page"}],"author":[{"embeddable":true,"href":"https:\/\/annualreport.forcitgroup.com\/2022\/wp-json\/wp\/v2\/users\/1"}],"replies":[{"embeddable":true,"href":"https:\/\/annualreport.forcitgroup.com\/2022\/wp-json\/wp\/v2\/comments?post=966"}],"version-history":[{"count":1,"href":"https:\/\/annualreport.forcitgroup.com\/2022\/wp-json\/wp\/v2\/pages\/966\/revisions"}],"predecessor-version":[{"id":967,"href":"https:\/\/annualreport.forcitgroup.com\/2022\/wp-json\/wp\/v2\/pages\/966\/revisions\/967"}],"up":[{"embeddable":true,"href":"https:\/\/annualreport.forcitgroup.com\/2022\/wp-json\/wp\/v2\/pages\/550"}],"wp:attachment":[{"href":"https:\/\/annualreport.forcitgroup.com\/2022\/wp-json\/wp\/v2\/media?parent=966"}],"curies":[{"name":"wp","href":"https:\/\/api.w.org\/{rel}","templated":true}]}}