{"id":968,"date":"2023-03-09T14:29:06","date_gmt":"2023-03-09T12:29:06","guid":{"rendered":"https:\/\/annualreport.forcitgroup.com\/?page_id=968"},"modified":"2023-03-09T14:29:06","modified_gmt":"2023-03-09T12:29:06","slug":"konsernin-tase","status":"publish","type":"page","link":"https:\/\/annualreport.forcitgroup.com\/2022\/fi\/tilinpaatos\/konsernin-tilinpaatos\/konsernin-tase\/","title":{"rendered":"Konsernin tase"},"content":{"rendered":"\n<div style=\"height:40px\" aria-hidden=\"true\" class=\"wp-block-spacer\"><\/div>\n\n\n\n<h4 class=\"wp-block-heading\">Pysyv\u00e4t vastaavat<\/h4>\n\n\n\n<table id=\"tablepress-31\" class=\"tablepress tablepress-id-31\">\n<thead>\n<tr class=\"row-1 odd\">\n\t<th class=\"column-1\">1000 \u20ac<\/th><th class=\"column-2\">2022<\/th><th class=\"column-3\">2021<\/th>\n<\/tr>\n<\/thead>\n<tbody class=\"row-hover\">\n<tr class=\"row-2 even\">\n\t<td class=\"column-1\">Aineettomat hy\u00f6dykkeet<\/td><td class=\"column-2\"><\/td><td class=\"column-3\"><\/td>\n<\/tr>\n<tr class=\"row-3 odd\">\n\t<td class=\"column-1\">Aineettomat oikeudet<\/td><td class=\"column-2\">4 025<\/td><td class=\"column-3\">2 678<\/td>\n<\/tr>\n<tr class=\"row-4 even\">\n\t<td class=\"column-1\">Konserniliikearvo<\/td><td class=\"column-2\">6 474<\/td><td class=\"column-3\">7 557<\/td>\n<\/tr>\n<tr class=\"row-5 odd\">\n\t<td class=\"column-1\">Aineettomat hy\u00f6dykkeet yhteens\u00e4<\/td><td class=\"column-2\">10 499<\/td><td class=\"column-3\">10 236<\/td>\n<\/tr>\n<tr class=\"row-6 even\">\n\t<td class=\"column-1\">Aineelliset hy\u00f6dykkeet<\/td><td class=\"column-2\"><\/td><td class=\"column-3\"><\/td>\n<\/tr>\n<tr class=\"row-7 odd\">\n\t<td class=\"column-1\">Maa- ja vesialueet<\/td><td class=\"column-2\">1 769<\/td><td class=\"column-3\">1 629<\/td>\n<\/tr>\n<tr class=\"row-8 even\">\n\t<td class=\"column-1\">Rakennukset ja rakennelmat<\/td><td class=\"column-2\">19 677<\/td><td class=\"column-3\">19 841<\/td>\n<\/tr>\n<tr class=\"row-9 odd\">\n\t<td class=\"column-1\">Koneet ja kalusto<\/td><td class=\"column-2\">16 016<\/td><td class=\"column-3\">17 000<\/td>\n<\/tr>\n<tr class=\"row-10 even\">\n\t<td class=\"column-1\">Muut aineelliset hy\u00f6dykkeet<\/td><td class=\"column-2\">167<\/td><td class=\"column-3\">730<\/td>\n<\/tr>\n<tr class=\"row-11 odd\">\n\t<td class=\"column-1\">Ennakkomaksut ja keskener\u00e4iset hankinnat<\/td><td class=\"column-2\">10 317<\/td><td class=\"column-3\">6 315<\/td>\n<\/tr>\n<tr class=\"row-12 even\">\n\t<td class=\"column-1\">Aineelliset hy\u00f6dykkeet yhteens\u00e4<\/td><td class=\"column-2\">47 946<\/td><td class=\"column-3\">45 515<\/td>\n<\/tr>\n<tr class=\"row-13 odd\">\n\t<td class=\"column-1\">Sijoitukset<\/td><td class=\"column-2\"><\/td><td class=\"column-3\"><\/td>\n<\/tr>\n<tr class=\"row-14 even\">\n\t<td class=\"column-1\">Osakkeet ja osuudet<\/td><td class=\"column-2\">290<\/td><td class=\"column-3\">289<\/td>\n<\/tr>\n<tr class=\"row-15 odd\">\n\t<td class=\"column-1\">Osakkuusyritykset<\/td><td class=\"column-2\">20<\/td><td class=\"column-3\">16<\/td>\n<\/tr>\n<tr class=\"row-16 even\">\n\t<td class=\"column-1\">Muut sijoitukset<\/td><td class=\"column-2\">235<\/td><td class=\"column-3\">250<\/td>\n<\/tr>\n<tr class=\"row-17 odd\">\n\t<td class=\"column-1\">Sijoitukset yhteens\u00e4<\/td><td class=\"column-2\">546<\/td><td class=\"column-3\">555<\/td>\n<\/tr>\n<tr class=\"row-18 even\">\n\t<td class=\"column-1\">PYSYV\u00c4T VASTAAVAT YHTEENS\u00c4<\/td><td class=\"column-2\">58 991<\/td><td class=\"column-3\">56 305<\/td>\n<\/tr>\n<\/tbody>\n<\/table>\n\n\n\n<div style=\"height:40px\" aria-hidden=\"true\" class=\"wp-block-spacer\"><\/div>\n\n\n\n<h4 class=\"wp-block-heading\">Vaihtuvat vastaavat<\/h4>\n\n\n\n<table id=\"tablepress-32\" class=\"tablepress tablepress-id-32\">\n<thead>\n<tr class=\"row-1 odd\">\n\t<th class=\"column-1\">1000 \u20ac<\/th><th class=\"column-2\">2022<\/th><th class=\"column-3\">2021<\/th>\n<\/tr>\n<\/thead>\n<tbody class=\"row-hover\">\n<tr class=\"row-2 even\">\n\t<td class=\"column-1\">Vaihto-omaisuus<\/td><td class=\"column-2\"><\/td><td class=\"column-3\"><\/td>\n<\/tr>\n<tr class=\"row-3 odd\">\n\t<td class=\"column-1\">Aineet ja tarvikkeet<\/td><td class=\"column-2\">11 829<\/td><td class=\"column-3\">6 792<\/td>\n<\/tr>\n<tr class=\"row-4 even\">\n\t<td class=\"column-1\">Valmiit tuotteet<\/td><td class=\"column-2\">4 705<\/td><td class=\"column-3\">2 706<\/td>\n<\/tr>\n<tr class=\"row-5 odd\">\n\t<td class=\"column-1\">Muu vaihto-omaisuus<\/td><td class=\"column-2\">9 701<\/td><td class=\"column-3\">7 166<\/td>\n<\/tr>\n<tr class=\"row-6 even\">\n\t<td class=\"column-1\">Ennakkomaksut<\/td><td class=\"column-2\">171<\/td><td class=\"column-3\">1,179<\/td>\n<\/tr>\n<tr class=\"row-7 odd\">\n\t<td class=\"column-1\">Vaihto-omaisuus yhteens\u00e4<\/td><td class=\"column-2\">26 407<\/td><td class=\"column-3\">17 843<\/td>\n<\/tr>\n<tr class=\"row-8 even\">\n\t<td class=\"column-1\">Saamiset<\/td><td class=\"column-2\"><\/td><td class=\"column-3\"><\/td>\n<\/tr>\n<tr class=\"row-9 odd\">\n\t<td class=\"column-1\">Myyntisaamiset<\/td><td class=\"column-2\">34 677<\/td><td class=\"column-3\">22 296<\/td>\n<\/tr>\n<tr class=\"row-10 even\">\n\t<td class=\"column-1\">Lainasaamiset<\/td><td class=\"column-2\">51<\/td><td class=\"column-3\">34<\/td>\n<\/tr>\n<tr class=\"row-11 odd\">\n\t<td class=\"column-1\">Muut saamiset<\/td><td class=\"column-2\">976<\/td><td class=\"column-3\">513<\/td>\n<\/tr>\n<tr class=\"row-12 even\">\n\t<td class=\"column-1\">Siirtosaamiset<\/td><td class=\"column-2\">547<\/td><td class=\"column-3\">995<\/td>\n<\/tr>\n<tr class=\"row-13 odd\">\n\t<td class=\"column-1\">Saamiset yhteens\u00e4<\/td><td class=\"column-2\">36 252<\/td><td class=\"column-3\">23 839<\/td>\n<\/tr>\n<tr class=\"row-14 even\">\n\t<td class=\"column-1\">Rahoitusarvopaperit<\/td><td class=\"column-2\"><\/td><td class=\"column-3\"><\/td>\n<\/tr>\n<tr class=\"row-15 odd\">\n\t<td class=\"column-1\">Muut arvopaperit<\/td><td class=\"column-2\">0<\/td><td class=\"column-3\">0<\/td>\n<\/tr>\n<tr class=\"row-16 even\">\n\t<td class=\"column-1\">Rahat ja pankkisaamiset<\/td><td class=\"column-2\">5 059<\/td><td class=\"column-3\">6 119<\/td>\n<\/tr>\n<tr class=\"row-17 odd\">\n\t<td class=\"column-1\">VAIHTUVAT VASTAAVAT YHT.<\/td><td class=\"column-2\">67 717<\/td><td class=\"column-3\">47 802<\/td>\n<\/tr>\n<tr class=\"row-18 even\">\n\t<td class=\"column-1\">VASTAAVAA YHTEENS\u00c4<\/td><td class=\"column-2\">126 708<\/td><td class=\"column-3\">104 107<\/td>\n<\/tr>\n<\/tbody>\n<\/table>\n\n\n\n<div style=\"height:40px\" aria-hidden=\"true\" class=\"wp-block-spacer\"><\/div>\n\n\n\n<h4 class=\"wp-block-heading\">Vastattavaa<\/h4>\n\n\n\n<h5 class=\"wp-block-heading\">Oma p\u00e4\u00e4oma<\/h5>\n\n\n\n<table id=\"tablepress-48\" class=\"tablepress tablepress-id-48\">\n<thead>\n<tr class=\"row-1 odd\">\n\t<th class=\"column-1\">1000 \u20ac<\/th><th class=\"column-2\">2022<\/th><th class=\"column-3\">2021<\/th>\n<\/tr>\n<\/thead>\n<tbody class=\"row-hover\">\n<tr class=\"row-2 even\">\n\t<td class=\"column-1\">Osakep\u00e4\u00e4oma<\/td><td class=\"column-2\">3 149<\/td><td class=\"column-3\">3 149<\/td>\n<\/tr>\n<tr class=\"row-3 odd\">\n\t<td class=\"column-1\">Osakeanti<\/td><td class=\"column-2\">0<\/td><td class=\"column-3\">176<\/td>\n<\/tr>\n<tr class=\"row-4 even\">\n\t<td class=\"column-1\">Sijoitetun vapaan\u00a0oman p\u00e4\u00e4oman rahasto<\/td><td class=\"column-2\">1 501<\/td><td class=\"column-3\">1 324<\/td>\n<\/tr>\n<tr class=\"row-5 odd\">\n\t<td class=\"column-1\">K\u00e4ytt\u00f6rahasto<\/td><td class=\"column-2\">34 060<\/td><td class=\"column-3\">33 183<\/td>\n<\/tr>\n<tr class=\"row-6 even\">\n\t<td class=\"column-1\">Tilikauden tulos<\/td><td class=\"column-2\">21 529<\/td><td class=\"column-3\">6 069<\/td>\n<\/tr>\n<tr class=\"row-7 odd\">\n\t<td class=\"column-1\">OMA P\u00c4\u00c4OMA YHTEENS\u00c4<\/td><td class=\"column-2\">60 238<\/td><td class=\"column-3\">43 901<\/td>\n<\/tr>\n<\/tbody>\n<\/table>\n\n\n\n<div style=\"height:40px\" aria-hidden=\"true\" class=\"wp-block-spacer\"><\/div>\n\n\n\n<h5 class=\"wp-block-heading\">Vieras p\u00e4\u00e4oma<\/h5>\n\n\n\n<table id=\"tablepress-49\" class=\"tablepress tablepress-id-49\">\n<thead>\n<tr class=\"row-1 odd\">\n\t<th class=\"column-1\">1000 \u20ac<\/th><th class=\"column-2\">2022<\/th><th class=\"column-3\">2021<\/th>\n<\/tr>\n<\/thead>\n<tbody class=\"row-hover\">\n<tr class=\"row-2 even\">\n\t<td class=\"column-1\">Pitk\u00e4aikainen<\/td><td class=\"column-2\"><\/td><td class=\"column-3\"><\/td>\n<\/tr>\n<tr class=\"row-3 odd\">\n\t<td class=\"column-1\">Laskennallinen verovelka<\/td><td class=\"column-2\">3 289<\/td><td class=\"column-3\">3 303<\/td>\n<\/tr>\n<tr class=\"row-4 even\">\n\t<td class=\"column-1\">Lainat rahoituslaitoksilta<\/td><td class=\"column-2\">16 712<\/td><td class=\"column-3\">18 023<\/td>\n<\/tr>\n<tr class=\"row-5 odd\">\n\t<td class=\"column-1\">Muut pitk\u00e4aikaiset velat<\/td><td class=\"column-2\">2 050<\/td><td class=\"column-3\">2 133<\/td>\n<\/tr>\n<tr class=\"row-6 even\">\n\t<td class=\"column-1\">Pitk\u00e4aikainen vieras p\u00e4\u00e4oma yhteens\u00e4<\/td><td class=\"column-2\">22 051<\/td><td class=\"column-3\">23 459<\/td>\n<\/tr>\n<tr class=\"row-7 odd\">\n\t<td class=\"column-1\">Lyhytaikainen<\/td><td class=\"column-2\"><\/td><td class=\"column-3\"><\/td>\n<\/tr>\n<tr class=\"row-8 even\">\n\t<td class=\"column-1\">Lainat rahoituslaitoksilta<\/td><td class=\"column-2\">5 051<\/td><td class=\"column-3\">4 763<\/td>\n<\/tr>\n<tr class=\"row-9 odd\">\n\t<td class=\"column-1\">Saadut ennakot<\/td><td class=\"column-2\">1 134<\/td><td class=\"column-3\">4 621<\/td>\n<\/tr>\n<tr class=\"row-10 even\">\n\t<td class=\"column-1\">Ostovelat<\/td><td class=\"column-2\">22 004<\/td><td class=\"column-3\">15 140<\/td>\n<\/tr>\n<tr class=\"row-11 odd\">\n\t<td class=\"column-1\">Muut velat<\/td><td class=\"column-2\">4 371<\/td><td class=\"column-3\">3 779<\/td>\n<\/tr>\n<tr class=\"row-12 even\">\n\t<td class=\"column-1\">Siirtovelat<\/td><td class=\"column-2\">11 859<\/td><td class=\"column-3\">8 444<\/td>\n<\/tr>\n<tr class=\"row-13 odd\">\n\t<td class=\"column-1\">Lyhytaikainen vieras p\u00e4\u00e4oma yhteens\u00e4<\/td><td class=\"column-2\">44 419<\/td><td class=\"column-3\">36 747<\/td>\n<\/tr>\n<tr class=\"row-14 even\">\n\t<td class=\"column-1\">VIERAS P\u00c4\u00c4OMA YHTEENS\u00c4<\/td><td class=\"column-2\">66 470<\/td><td class=\"column-3\">60 206<\/td>\n<\/tr>\n<tr class=\"row-15 odd\">\n\t<td class=\"column-1\">VASTATTAVAA YHTEENS\u00c4<\/td><td class=\"column-2\">126 708<\/td><td class=\"column-3\">104 107<\/td>\n<\/tr>\n<\/tbody>\n<\/table>\n","protected":false},"excerpt":{"rendered":"<p>Pysyv\u00e4t vastaavat Vaihtuvat vastaavat Vastattavaa Oma p\u00e4\u00e4oma Vieras p\u00e4\u00e4oma [&#8230;]<\/p>\n<p><a class=\"btn btn-secondary understrap-read-more-link\" href=\"https:\/\/annualreport.forcitgroup.com\/2022\/fi\/tilinpaatos\/konsernin-tilinpaatos\/konsernin-tase\/\">Read More&#8230;<span class=\"screen-reader-text\"> from Konsernin tase<\/span><\/a><\/p>\n","protected":false},"author":1,"featured_media":0,"parent":550,"menu_order":0,"comment_status":"closed","ping_status":"closed","template":"page-template-numbers.php","meta":{"_acf_changed":false,"footnotes":""},"acf":[],"_links":{"self":[{"href":"https:\/\/annualreport.forcitgroup.com\/2022\/wp-json\/wp\/v2\/pages\/968"}],"collection":[{"href":"https:\/\/annualreport.forcitgroup.com\/2022\/wp-json\/wp\/v2\/pages"}],"about":[{"href":"https:\/\/annualreport.forcitgroup.com\/2022\/wp-json\/wp\/v2\/types\/page"}],"author":[{"embeddable":true,"href":"https:\/\/annualreport.forcitgroup.com\/2022\/wp-json\/wp\/v2\/users\/1"}],"replies":[{"embeddable":true,"href":"https:\/\/annualreport.forcitgroup.com\/2022\/wp-json\/wp\/v2\/comments?post=968"}],"version-history":[{"count":1,"href":"https:\/\/annualreport.forcitgroup.com\/2022\/wp-json\/wp\/v2\/pages\/968\/revisions"}],"predecessor-version":[{"id":969,"href":"https:\/\/annualreport.forcitgroup.com\/2022\/wp-json\/wp\/v2\/pages\/968\/revisions\/969"}],"up":[{"embeddable":true,"href":"https:\/\/annualreport.forcitgroup.com\/2022\/wp-json\/wp\/v2\/pages\/550"}],"wp:attachment":[{"href":"https:\/\/annualreport.forcitgroup.com\/2022\/wp-json\/wp\/v2\/media?parent=968"}],"curies":[{"name":"wp","href":"https:\/\/api.w.org\/{rel}","templated":true}]}}