{"id":970,"date":"2023-03-09T14:29:50","date_gmt":"2023-03-09T12:29:50","guid":{"rendered":"https:\/\/annualreport.forcitgroup.com\/?page_id=970"},"modified":"2023-03-09T14:52:56","modified_gmt":"2023-03-09T12:52:56","slug":"konsernin-rahoituslaskelma","status":"publish","type":"page","link":"https:\/\/annualreport.forcitgroup.com\/2022\/fi\/tilinpaatos\/konsernin-tilinpaatos\/konsernin-rahoituslaskelma\/","title":{"rendered":"Konsernin rahoituslaskelma"},"content":{"rendered":"\n<div style=\"height:50px\" aria-hidden=\"true\" class=\"wp-block-spacer\"><\/div>\n\n\n\n<table id=\"tablepress-35\" class=\"tablepress tablepress-id-35\">\n<thead>\n<tr class=\"row-1 odd\">\n\t<th class=\"column-1\">1000 \u20ac<\/th><th class=\"column-2\">2022<\/th><th class=\"column-3\">2021<\/th>\n<\/tr>\n<\/thead>\n<tbody class=\"row-hover\">\n<tr class=\"row-2 even\">\n\t<td class=\"column-1\">Liiketoiminnan rahavirta<\/td><td class=\"column-2\"><\/td><td class=\"column-3\"><\/td>\n<\/tr>\n<tr class=\"row-3 odd\">\n\t<td class=\"column-1\">Liikevoitto<\/td><td class=\"column-2\">26 905<\/td><td class=\"column-3\">8 645<\/td>\n<\/tr>\n<tr class=\"row-4 even\">\n\t<td class=\"column-1\">Oikaisut liikevoittoon<\/td><td class=\"column-2\">8 806<\/td><td class=\"column-3\">8 537<\/td>\n<\/tr>\n<tr class=\"row-5 odd\">\n\t<td class=\"column-1\">K\u00e4ytt\u00f6p\u00e4\u00e4oman muutos<\/td><td class=\"column-2\">-17 000<\/td><td class=\"column-3\">-1 571<\/td>\n<\/tr>\n<tr class=\"row-6 even\">\n\t<td class=\"column-1\">Maksetut korot<\/td><td class=\"column-2\">-752<\/td><td class=\"column-3\">-511<\/td>\n<\/tr>\n<tr class=\"row-7 odd\">\n\t<td class=\"column-1\">Saadut korot<\/td><td class=\"column-2\">65<\/td><td class=\"column-3\">46<\/td>\n<\/tr>\n<tr class=\"row-8 even\">\n\t<td class=\"column-1\">Saadut osingot<\/td><td class=\"column-2\">5<\/td><td class=\"column-3\">2<\/td>\n<\/tr>\n<tr class=\"row-9 odd\">\n\t<td class=\"column-1\">Maksetut verot<\/td><td class=\"column-2\">-2 382<\/td><td class=\"column-3\">-1 506<\/td>\n<\/tr>\n<tr class=\"row-10 even\">\n\t<td class=\"column-1\">Liiketoiminnan rahavirta<\/td><td class=\"column-2\">15 648<\/td><td class=\"column-3\">13 643<\/td>\n<\/tr>\n<tr class=\"row-11 odd\">\n\t<td class=\"column-1\">Investointien rahavirta<\/td><td class=\"column-2\"><\/td><td class=\"column-3\"><\/td>\n<\/tr>\n<tr class=\"row-12 even\">\n\t<td class=\"column-1\">Investoinnit aineellisiin ja aineettomiin hy\u00f6dykkeisiin<\/td><td class=\"column-2\">-12 063<\/td><td class=\"column-3\">-9 693<\/td>\n<\/tr>\n<tr class=\"row-13 odd\">\n\t<td class=\"column-1\">Aineellisten ja aineettomien hy\u00f6dykkeiden luovutustulot<\/td><td class=\"column-2\">82<\/td><td class=\"column-3\">58<\/td>\n<\/tr>\n<tr class=\"row-14 even\">\n\t<td class=\"column-1\">Tyt\u00e4ryhti\u00f6iden hankinta v\u00e4hennettyn\u00e4 yhti\u00f6n k\u00e4teisell\u00e4 hankintahetkell\u00e4<\/td><td class=\"column-2\">-226<\/td><td class=\"column-3\">-2 405<\/td>\n<\/tr>\n<tr class=\"row-15 odd\">\n\t<td class=\"column-1\">Investoinnit muihin sijoituksiin<\/td><td class=\"column-2\">14<\/td><td class=\"column-3\">0<\/td>\n<\/tr>\n<tr class=\"row-16 even\">\n\t<td class=\"column-1\">Investointien rahavirta<\/td><td class=\"column-2\">-12 194<\/td><td class=\"column-3\">-12 041<\/td>\n<\/tr>\n<tr class=\"row-17 odd\">\n\t<td class=\"column-1\">Rahoituksen rahavirta<\/td><td class=\"column-2\"><\/td><td class=\"column-3\"><\/td>\n<\/tr>\n<tr class=\"row-18 even\">\n\t<td class=\"column-1\">Lyhytaikaisten lainojen nostot<\/td><td class=\"column-2\">304<\/td><td class=\"column-3\">39<\/td>\n<\/tr>\n<tr class=\"row-19 odd\">\n\t<td class=\"column-1\">Lyhytaikaisten lainojen takaisinmaksut<\/td><td class=\"column-2\">-16<\/td><td class=\"column-3\">-46<\/td>\n<\/tr>\n<tr class=\"row-20 even\">\n\t<td class=\"column-1\">Pitk\u00e4aikaisten lainojen nostot<\/td><td class=\"column-2\">2 000<\/td><td class=\"column-3\">196<\/td>\n<\/tr>\n<tr class=\"row-21 odd\">\n\t<td class=\"column-1\">Pitk\u00e4aikaisten lainojen takaisinmaksut<\/td><td class=\"column-2\">-3 379<\/td><td class=\"column-3\">-2 403<\/td>\n<\/tr>\n<tr class=\"row-22 even\">\n\t<td class=\"column-1\">Maksetut osingot ja vapaan oman p\u00e4\u00e4oman takaisinmaksu<\/td><td class=\"column-2\">-3 423<\/td><td class=\"column-3\">-3 317<\/td>\n<\/tr>\n<tr class=\"row-23 odd\">\n\t<td class=\"column-1\">Osakeanti<\/td><td class=\"column-2\">0<\/td><td class=\"column-3\">176<\/td>\n<\/tr>\n<tr class=\"row-24 even\">\n\t<td class=\"column-1\">Rahoituksen rahavirta<\/td><td class=\"column-2\">-4 514<\/td><td class=\"column-3\">-5 355<\/td>\n<\/tr>\n<tr class=\"row-25 odd\">\n\t<td class=\"column-1\">RAHAVAROJEN MUUTOS<\/td><td class=\"column-2\">-1 060<\/td><td class=\"column-3\">-3 752<\/td>\n<\/tr>\n<tr class=\"row-26 even\">\n\t<td class=\"column-1\">Rahavarat tilikauden alussa<\/td><td class=\"column-2\">6 119<\/td><td class=\"column-3\">9 871<\/td>\n<\/tr>\n<tr class=\"row-27 odd\">\n\t<td class=\"column-1\">Muutoksia tilikauden aikana<\/td><td class=\"column-2\">-1 060<\/td><td class=\"column-3\">-3 752<\/td>\n<\/tr>\n<tr class=\"row-28 even\">\n\t<td class=\"column-1\">Rahavarat tilikauden lopussa<\/td><td class=\"column-2\">5 059<\/td><td class=\"column-3\">6 119<\/td>\n<\/tr>\n<\/tbody>\n<\/table>\n","protected":false},"excerpt":{"rendered":"<p> [&#8230;]<\/p>\n<p><a class=\"btn btn-secondary understrap-read-more-link\" href=\"https:\/\/annualreport.forcitgroup.com\/2022\/fi\/tilinpaatos\/konsernin-tilinpaatos\/konsernin-rahoituslaskelma\/\">Read More&#8230;<span class=\"screen-reader-text\"> from Konsernin rahoituslaskelma<\/span><\/a><\/p>\n","protected":false},"author":1,"featured_media":0,"parent":550,"menu_order":0,"comment_status":"closed","ping_status":"closed","template":"page-template-numbers.php","meta":{"_acf_changed":false,"footnotes":""},"acf":[],"_links":{"self":[{"href":"https:\/\/annualreport.forcitgroup.com\/2022\/wp-json\/wp\/v2\/pages\/970"}],"collection":[{"href":"https:\/\/annualreport.forcitgroup.com\/2022\/wp-json\/wp\/v2\/pages"}],"about":[{"href":"https:\/\/annualreport.forcitgroup.com\/2022\/wp-json\/wp\/v2\/types\/page"}],"author":[{"embeddable":true,"href":"https:\/\/annualreport.forcitgroup.com\/2022\/wp-json\/wp\/v2\/users\/1"}],"replies":[{"embeddable":true,"href":"https:\/\/annualreport.forcitgroup.com\/2022\/wp-json\/wp\/v2\/comments?post=970"}],"version-history":[{"count":1,"href":"https:\/\/annualreport.forcitgroup.com\/2022\/wp-json\/wp\/v2\/pages\/970\/revisions"}],"predecessor-version":[{"id":971,"href":"https:\/\/annualreport.forcitgroup.com\/2022\/wp-json\/wp\/v2\/pages\/970\/revisions\/971"}],"up":[{"embeddable":true,"href":"https:\/\/annualreport.forcitgroup.com\/2022\/wp-json\/wp\/v2\/pages\/550"}],"wp:attachment":[{"href":"https:\/\/annualreport.forcitgroup.com\/2022\/wp-json\/wp\/v2\/media?parent=970"}],"curies":[{"name":"wp","href":"https:\/\/api.w.org\/{rel}","templated":true}]}}