{"id":974,"date":"2023-03-09T14:31:51","date_gmt":"2023-03-09T12:31:51","guid":{"rendered":"https:\/\/annualreport.forcitgroup.com\/?page_id=974"},"modified":"2023-03-09T14:54:07","modified_gmt":"2023-03-09T12:54:07","slug":"koncernens-balansrakning","status":"publish","type":"page","link":"https:\/\/annualreport.forcitgroup.com\/2022\/sv\/bokslut\/koncernens-bokslut\/koncernens-balansrakning\/","title":{"rendered":"Koncernens balansr\u00e4kning"},"content":{"rendered":"\n<div style=\"height:51px\" aria-hidden=\"true\" class=\"wp-block-spacer\"><\/div>\n\n\n\n<h3 class=\"wp-block-heading\">Koncernens balansr\u00e4kning<\/h3>\n\n\n\n<h4 class=\"wp-block-heading\">Best\u00e5ende aktiva<\/h4>\n\n\n\n<table id=\"tablepress-33\" class=\"tablepress tablepress-id-33\">\n<thead>\n<tr class=\"row-1 odd\">\n\t<th class=\"column-1\">1000 \u20ac<\/th><th class=\"column-2\">2022<\/th><th class=\"column-3\">2021<\/th>\n<\/tr>\n<\/thead>\n<tbody class=\"row-hover\">\n<tr class=\"row-2 even\">\n\t<td class=\"column-1\">Immateriella tillg\u00e5ngar<\/td><td class=\"column-2\"><\/td><td class=\"column-3\"><\/td>\n<\/tr>\n<tr class=\"row-3 odd\">\n\t<td class=\"column-1\">Immateriella r\u00e4ttigheter<\/td><td class=\"column-2\">4 025<\/td><td class=\"column-3\">2 678<\/td>\n<\/tr>\n<tr class=\"row-4 even\">\n\t<td class=\"column-1\">Koncerngoodwill<\/td><td class=\"column-2\">6 474<\/td><td class=\"column-3\">7 557<\/td>\n<\/tr>\n<tr class=\"row-5 odd\">\n\t<td class=\"column-1\">Immateriella tillg\u00e5ngar totalt<\/td><td class=\"column-2\">10 499<\/td><td class=\"column-3\">10 236<\/td>\n<\/tr>\n<tr class=\"row-6 even\">\n\t<td class=\"column-1\">Materiella tillg\u00e5ngar<\/td><td class=\"column-2\"><\/td><td class=\"column-3\"><\/td>\n<\/tr>\n<tr class=\"row-7 odd\">\n\t<td class=\"column-1\">Mark- och vattenomr\u00e5den<\/td><td class=\"column-2\">1 769<\/td><td class=\"column-3\">1 629<\/td>\n<\/tr>\n<tr class=\"row-8 even\">\n\t<td class=\"column-1\">Byggnader och konstruktioner<\/td><td class=\"column-2\">19 677<\/td><td class=\"column-3\">19 841<\/td>\n<\/tr>\n<tr class=\"row-9 odd\">\n\t<td class=\"column-1\">Maskiner och inventarier<\/td><td class=\"column-2\">16 016<\/td><td class=\"column-3\">17 000<\/td>\n<\/tr>\n<tr class=\"row-10 even\">\n\t<td class=\"column-1\">\u00d6vriga materiella tillg\u00e5ngar<\/td><td class=\"column-2\">167<\/td><td class=\"column-3\">730<\/td>\n<\/tr>\n<tr class=\"row-11 odd\">\n\t<td class=\"column-1\">F\u00f6rskottsbetalningar och p\u00e5g\u00e5ende nyanl\u00e4ggningar<\/td><td class=\"column-2\">10 317<\/td><td class=\"column-3\">6 315<\/td>\n<\/tr>\n<tr class=\"row-12 even\">\n\t<td class=\"column-1\">Materiella tillg\u00e5ngar totalt<\/td><td class=\"column-2\">47 946<\/td><td class=\"column-3\">45 515<\/td>\n<\/tr>\n<tr class=\"row-13 odd\">\n\t<td class=\"column-1\">Placeringar<\/td><td class=\"column-2\"><\/td><td class=\"column-3\"><\/td>\n<\/tr>\n<tr class=\"row-14 even\">\n\t<td class=\"column-1\">Aktier och andelar<\/td><td class=\"column-2\">290<\/td><td class=\"column-3\">289<\/td>\n<\/tr>\n<tr class=\"row-15 odd\">\n\t<td class=\"column-1\">Intressef\u00f6retag<\/td><td class=\"column-2\">20<\/td><td class=\"column-3\">16<\/td>\n<\/tr>\n<tr class=\"row-16 even\">\n\t<td class=\"column-1\">\u00d6vriga placeringar<\/td><td class=\"column-2\">235<\/td><td class=\"column-3\">250<\/td>\n<\/tr>\n<tr class=\"row-17 odd\">\n\t<td class=\"column-1\">Placeringar totalt<\/td><td class=\"column-2\">546<\/td><td class=\"column-3\">555<\/td>\n<\/tr>\n<tr class=\"row-18 even\">\n\t<td class=\"column-1\">BEST\u00c5ENDE AKTIVA TOTALT<\/td><td class=\"column-2\">58 991<\/td><td class=\"column-3\">56 305<\/td>\n<\/tr>\n<\/tbody>\n<\/table>\n\n\n\n<div style=\"height:40px\" aria-hidden=\"true\" class=\"wp-block-spacer\"><\/div>\n\n\n\n<h4 class=\"wp-block-heading\">R\u00f6rliga aktiva<\/h4>\n\n\n\n<table id=\"tablepress-34\" class=\"tablepress tablepress-id-34\">\n<thead>\n<tr class=\"row-1 odd\">\n\t<th class=\"column-1\">1000 \u20ac<\/th><th class=\"column-2\">2022<\/th><th class=\"column-3\">2021<\/th>\n<\/tr>\n<\/thead>\n<tbody class=\"row-hover\">\n<tr class=\"row-2 even\">\n\t<td class=\"column-1\">Oms\u00e4ttningstillg\u00e5ngar<\/td><td class=\"column-2\"><\/td><td class=\"column-3\"><\/td>\n<\/tr>\n<tr class=\"row-3 odd\">\n\t<td class=\"column-1\">Material och f\u00f6rn\u00f6denheter<\/td><td class=\"column-2\">11 829<\/td><td class=\"column-3\">6 792<\/td>\n<\/tr>\n<tr class=\"row-4 even\">\n\t<td class=\"column-1\">F\u00e4rdiga produkter<\/td><td class=\"column-2\">4 705<\/td><td class=\"column-3\">2 706<\/td>\n<\/tr>\n<tr class=\"row-5 odd\">\n\t<td class=\"column-1\">\u00d6vriga oms\u00e4ttningstillg\u00e5ngar<\/td><td class=\"column-2\">9 701<\/td><td class=\"column-3\">7 166<\/td>\n<\/tr>\n<tr class=\"row-6 even\">\n\t<td class=\"column-1\">F\u00f6rskottsbetalningar<\/td><td class=\"column-2\">171<\/td><td class=\"column-3\">1 179<\/td>\n<\/tr>\n<tr class=\"row-7 odd\">\n\t<td class=\"column-1\">Oms\u00e4ttningstillg\u00e5ngar totalt<\/td><td class=\"column-2\">26 407<\/td><td class=\"column-3\">17 843<\/td>\n<\/tr>\n<tr class=\"row-8 even\">\n\t<td class=\"column-1\">Fordringar<\/td><td class=\"column-2\"><\/td><td class=\"column-3\"><\/td>\n<\/tr>\n<tr class=\"row-9 odd\">\n\t<td class=\"column-1\">Kundfordringar<\/td><td class=\"column-2\">34 677<\/td><td class=\"column-3\">22 296<\/td>\n<\/tr>\n<tr class=\"row-10 even\">\n\t<td class=\"column-1\">L\u00e5nefordringar<\/td><td class=\"column-2\">51<\/td><td class=\"column-3\">34<\/td>\n<\/tr>\n<tr class=\"row-11 odd\">\n\t<td class=\"column-1\">\u00d6vriga fordringar<\/td><td class=\"column-2\">976<\/td><td class=\"column-3\">513<\/td>\n<\/tr>\n<tr class=\"row-12 even\">\n\t<td class=\"column-1\">Resultatregleringar<\/td><td class=\"column-2\">547<\/td><td class=\"column-3\">995<\/td>\n<\/tr>\n<tr class=\"row-13 odd\">\n\t<td class=\"column-1\">Fordringar totalt<\/td><td class=\"column-2\">36 252<\/td><td class=\"column-3\">23 839<\/td>\n<\/tr>\n<tr class=\"row-14 even\">\n\t<td class=\"column-1\">Finansiella v\u00e4rdepapper<\/td><td class=\"column-2\"><\/td><td class=\"column-3\"><\/td>\n<\/tr>\n<tr class=\"row-15 odd\">\n\t<td class=\"column-1\">\u00d6vriga v\u00e4rdepapper<\/td><td class=\"column-2\">0<\/td><td class=\"column-3\">0<\/td>\n<\/tr>\n<tr class=\"row-16 even\">\n\t<td class=\"column-1\">Kassa och banktillgodohavanden<\/td><td class=\"column-2\">5 059<\/td><td class=\"column-3\">6 119<\/td>\n<\/tr>\n<tr class=\"row-17 odd\">\n\t<td class=\"column-1\">R\u00d6RLIGA AKTIVA TOTALT<\/td><td class=\"column-2\">67 717<\/td><td class=\"column-3\">47 802<\/td>\n<\/tr>\n<tr class=\"row-18 even\">\n\t<td class=\"column-1\">AKTIVA TOTALT<\/td><td class=\"column-2\">126 708<\/td><td class=\"column-3\">104 107<\/td>\n<\/tr>\n<\/tbody>\n<\/table>\n\n\n\n<div style=\"height:100px\" aria-hidden=\"true\" class=\"wp-block-spacer\"><\/div>\n\n\n\n<h3 class=\"wp-block-heading\">Passiva<\/h3>\n\n\n\n<h4 class=\"wp-block-heading\">Eget kapital<\/h4>\n\n\n\n<table id=\"tablepress-50\" class=\"tablepress tablepress-id-50\">\n<thead>\n<tr class=\"row-1 odd\">\n\t<th class=\"column-1\">1000 \u20ac<\/th><th class=\"column-2\">2022<\/th><th class=\"column-3\">2021<\/th>\n<\/tr>\n<\/thead>\n<tbody class=\"row-hover\">\n<tr class=\"row-2 even\">\n\t<td class=\"column-1\">Aktiekapital<\/td><td class=\"column-2\">3 149<\/td><td class=\"column-3\">3 149<\/td>\n<\/tr>\n<tr class=\"row-3 odd\">\n\t<td class=\"column-1\">Aktieemission<\/td><td class=\"column-2\">0<\/td><td class=\"column-3\">176<\/td>\n<\/tr>\n<tr class=\"row-4 even\">\n\t<td class=\"column-1\">Fonden f\u00f6r fritt inbetalt kapital<\/td><td class=\"column-2\">1 501<\/td><td class=\"column-3\">1 324<\/td>\n<\/tr>\n<tr class=\"row-5 odd\">\n\t<td class=\"column-1\">Dispositionsfond<\/td><td class=\"column-2\">34 060<\/td><td class=\"column-3\">33 183<\/td>\n<\/tr>\n<tr class=\"row-6 even\">\n\t<td class=\"column-1\">R\u00e4kenskapsperiodens resultat<\/td><td class=\"column-2\">21 529<\/td><td class=\"column-3\">6 069<\/td>\n<\/tr>\n<tr class=\"row-7 odd\">\n\t<td class=\"column-1\">EGET KAPITAL TOTALT<\/td><td class=\"column-2\">60 238<\/td><td class=\"column-3\">43 901<\/td>\n<\/tr>\n<\/tbody>\n<\/table>\n\n\n\n<div style=\"height:50px\" aria-hidden=\"true\" class=\"wp-block-spacer\"><\/div>\n\n\n\n<h4 class=\"wp-block-heading\">Fr\u00e4mmande kapital<\/h4>\n\n\n\n<table id=\"tablepress-51\" class=\"tablepress tablepress-id-51\">\n<thead>\n<tr class=\"row-1 odd\">\n\t<th class=\"column-1\">1000 \u20ac<\/th><th class=\"column-2\">2022<\/th><th class=\"column-3\">2021<\/th>\n<\/tr>\n<\/thead>\n<tbody class=\"row-hover\">\n<tr class=\"row-2 even\">\n\t<td class=\"column-1\">L\u00e5ngfristigt<\/td><td class=\"column-2\"><\/td><td class=\"column-3\"><\/td>\n<\/tr>\n<tr class=\"row-3 odd\">\n\t<td class=\"column-1\">Latent skatteskuld<\/td><td class=\"column-2\">3 289<\/td><td class=\"column-3\">3 303<\/td>\n<\/tr>\n<tr class=\"row-4 even\">\n\t<td class=\"column-1\">Skulder till kreditinstitut<\/td><td class=\"column-2\">16 712<\/td><td class=\"column-3\">18 023<\/td>\n<\/tr>\n<tr class=\"row-5 odd\">\n\t<td class=\"column-1\">\u00d6vriga l\u00e5ngfristiga skulder<\/td><td class=\"column-2\">2 050<\/td><td class=\"column-3\">2 133<\/td>\n<\/tr>\n<tr class=\"row-6 even\">\n\t<td class=\"column-1\">L\u00e5ngfristigt fr\u00e4mmande kapital totalt<\/td><td class=\"column-2\">22 051<\/td><td class=\"column-3\">23 459<\/td>\n<\/tr>\n<tr class=\"row-7 odd\">\n\t<td class=\"column-1\">Kortfristigt<\/td><td class=\"column-2\"><\/td><td class=\"column-3\"><\/td>\n<\/tr>\n<tr class=\"row-8 even\">\n\t<td class=\"column-1\">Skulder till kreditinstitut<\/td><td class=\"column-2\">5 051<\/td><td class=\"column-3\">4 763<\/td>\n<\/tr>\n<tr class=\"row-9 odd\">\n\t<td class=\"column-1\">Erh\u00e5llna f\u00f6rskott<\/td><td class=\"column-2\">1 134<\/td><td class=\"column-3\">4 621<\/td>\n<\/tr>\n<tr class=\"row-10 even\">\n\t<td class=\"column-1\">Leverant\u00f6rsskulder<\/td><td class=\"column-2\">22 004<\/td><td class=\"column-3\">15 140<\/td>\n<\/tr>\n<tr class=\"row-11 odd\">\n\t<td class=\"column-1\">\u00d6vriga skulder<\/td><td class=\"column-2\">4 371<\/td><td class=\"column-3\">3 779<\/td>\n<\/tr>\n<tr class=\"row-12 even\">\n\t<td class=\"column-1\">Resultatregleringar<\/td><td class=\"column-2\">11 859<\/td><td class=\"column-3\">8 444<\/td>\n<\/tr>\n<tr class=\"row-13 odd\">\n\t<td class=\"column-1\">Kortfristigt fr\u00e4mmande kapital totalt<\/td><td class=\"column-2\">44 419<\/td><td class=\"column-3\">36 747<\/td>\n<\/tr>\n<tr class=\"row-14 even\">\n\t<td class=\"column-1\">FR\u00c4MMANDE KAPITAL TOTALT<\/td><td class=\"column-2\">66 470<\/td><td class=\"column-3\">60 206<\/td>\n<\/tr>\n<tr class=\"row-15 odd\">\n\t<td class=\"column-1\">PASSIVA TOTALT<\/td><td class=\"column-2\">126 708<\/td><td class=\"column-3\">104 107<\/td>\n<\/tr>\n<\/tbody>\n<\/table>\n","protected":false},"excerpt":{"rendered":"<p>Koncernens balansr\u00e4kning Best\u00e5ende aktiva R\u00f6rliga aktiva Passiva Eget kapital Fr\u00e4mmande kapital [&#8230;]<\/p>\n<p><a class=\"btn btn-secondary understrap-read-more-link\" href=\"https:\/\/annualreport.forcitgroup.com\/2022\/sv\/bokslut\/koncernens-bokslut\/koncernens-balansrakning\/\">Read More&#8230;<span class=\"screen-reader-text\"> from Koncernens balansr\u00e4kning<\/span><\/a><\/p>\n","protected":false},"author":1,"featured_media":0,"parent":552,"menu_order":0,"comment_status":"closed","ping_status":"closed","template":"page-template-numbers.php","meta":{"footnotes":""},"acf":[],"_links":{"self":[{"href":"https:\/\/annualreport.forcitgroup.com\/2022\/wp-json\/wp\/v2\/pages\/974"}],"collection":[{"href":"https:\/\/annualreport.forcitgroup.com\/2022\/wp-json\/wp\/v2\/pages"}],"about":[{"href":"https:\/\/annualreport.forcitgroup.com\/2022\/wp-json\/wp\/v2\/types\/page"}],"author":[{"embeddable":true,"href":"https:\/\/annualreport.forcitgroup.com\/2022\/wp-json\/wp\/v2\/users\/1"}],"replies":[{"embeddable":true,"href":"https:\/\/annualreport.forcitgroup.com\/2022\/wp-json\/wp\/v2\/comments?post=974"}],"version-history":[{"count":1,"href":"https:\/\/annualreport.forcitgroup.com\/2022\/wp-json\/wp\/v2\/pages\/974\/revisions"}],"predecessor-version":[{"id":975,"href":"https:\/\/annualreport.forcitgroup.com\/2022\/wp-json\/wp\/v2\/pages\/974\/revisions\/975"}],"up":[{"embeddable":true,"href":"https:\/\/annualreport.forcitgroup.com\/2022\/wp-json\/wp\/v2\/pages\/552"}],"wp:attachment":[{"href":"https:\/\/annualreport.forcitgroup.com\/2022\/wp-json\/wp\/v2\/media?parent=974"}],"curies":[{"name":"wp","href":"https:\/\/api.w.org\/{rel}","templated":true}]}}