{"id":986,"date":"2023-03-09T14:46:31","date_gmt":"2023-03-09T12:46:31","guid":{"rendered":"https:\/\/annualreport.forcitgroup.com\/?page_id=986"},"modified":"2023-03-09T14:59:17","modified_gmt":"2023-03-09T12:59:17","slug":"emoyhtion-tase","status":"publish","type":"page","link":"https:\/\/annualreport.forcitgroup.com\/2022\/fi\/tilinpaatos\/emoyhtion-tilinpaatos\/emoyhtion-tase\/","title":{"rendered":"Emoyhti\u00f6n tase"},"content":{"rendered":"\n<div style=\"height:40px\" aria-hidden=\"true\" class=\"wp-block-spacer\"><\/div>\n\n\n\n<h4 class=\"wp-block-heading\">Vastaavaa<\/h4>\n\n\n\n<h5 class=\"wp-block-heading\">Pysyv\u00e4t vastaavat<\/h5>\n\n\n\n<table id=\"tablepress-41\" class=\"tablepress tablepress-id-41\">\n<thead>\n<tr class=\"row-1 odd\">\n\t<th class=\"column-1\">1000 \u20ac<\/th><th class=\"column-2\">2022<\/th><th class=\"column-3\">2021<\/th>\n<\/tr>\n<\/thead>\n<tbody class=\"row-hover\">\n<tr class=\"row-2 even\">\n\t<td class=\"column-1\">Aineettomat hy\u00f6dykkeet<\/td><td class=\"column-2\"><\/td><td class=\"column-3\"><\/td>\n<\/tr>\n<tr class=\"row-3 odd\">\n\t<td class=\"column-1\">Aineettomat oikeudet<\/td><td class=\"column-2\">3 879<\/td><td class=\"column-3\">2 530<\/td>\n<\/tr>\n<tr class=\"row-4 even\">\n\t<td class=\"column-1\">Aineettomat hy\u00f6dykkeet yhteens\u00e4<\/td><td class=\"column-2\">3 879<\/td><td class=\"column-3\">2 530<\/td>\n<\/tr>\n<tr class=\"row-5 odd\">\n\t<td class=\"column-1\">Aineelliset hy\u00f6dykkeet<\/td><td class=\"column-2\"><\/td><td class=\"column-3\"><\/td>\n<\/tr>\n<tr class=\"row-6 even\">\n\t<td class=\"column-1\">Maa- ja vesialueet<\/td><td class=\"column-2\">1 393<\/td><td class=\"column-3\">1 221<\/td>\n<\/tr>\n<tr class=\"row-7 odd\">\n\t<td class=\"column-1\">Rakennukset ja rakennelmat<\/td><td class=\"column-2\">13 013<\/td><td class=\"column-3\">13 750<\/td>\n<\/tr>\n<tr class=\"row-8 even\">\n\t<td class=\"column-1\">Koneet ja kalusto<\/td><td class=\"column-2\">6 359<\/td><td class=\"column-3\">6 179<\/td>\n<\/tr>\n<tr class=\"row-9 odd\">\n\t<td class=\"column-1\">Muut aineelliset hy\u00f6dykkeet<\/td><td class=\"column-2\">34<\/td><td class=\"column-3\">57<\/td>\n<\/tr>\n<tr class=\"row-10 even\">\n\t<td class=\"column-1\">Ennakkomaksut ja keskener\u00e4iset hankinnat<\/td><td class=\"column-2\">6 715<\/td><td class=\"column-3\">5 147<\/td>\n<\/tr>\n<tr class=\"row-11 odd\">\n\t<td class=\"column-1\">Aineelliset hy\u00f6dykkeet yhteens\u00e4<\/td><td class=\"column-2\">27 513<\/td><td class=\"column-3\">26 354<\/td>\n<\/tr>\n<tr class=\"row-12 even\">\n\t<td class=\"column-1\">Sijoitukset<\/td><td class=\"column-2\"><\/td><td class=\"column-3\"><\/td>\n<\/tr>\n<tr class=\"row-13 odd\">\n\t<td class=\"column-1\">Osuudet saman konsernin yrityksiss\u00e4<\/td><td class=\"column-2\">24 940<\/td><td class=\"column-3\">24 699<\/td>\n<\/tr>\n<tr class=\"row-14 even\">\n\t<td class=\"column-1\">Lainasaamiset saman konsernin yrityksilt\u00e4<\/td><td class=\"column-2\">243<\/td><td class=\"column-3\">238<\/td>\n<\/tr>\n<tr class=\"row-15 odd\">\n\t<td class=\"column-1\">Muut lainasaamiset<\/td><td class=\"column-2\">77<\/td><td class=\"column-3\">81<\/td>\n<\/tr>\n<tr class=\"row-16 even\">\n\t<td class=\"column-1\">Osakkeet ja osuudet<\/td><td class=\"column-2\">287<\/td><td class=\"column-3\">287<\/td>\n<\/tr>\n<tr class=\"row-17 odd\">\n\t<td class=\"column-1\">Sijoitukset yhteens\u00e4<\/td><td class=\"column-2\">25 547<\/td><td class=\"column-3\">25 304<\/td>\n<\/tr>\n<tr class=\"row-18 even\">\n\t<td class=\"column-1\">PYSYV\u00c4T VASTAAVAT YHTEENS\u00c4<\/td><td class=\"column-2\">56 939<\/td><td class=\"column-3\">54 188<\/td>\n<\/tr>\n<\/tbody>\n<\/table>\n<!-- #tablepress-41 from cache -->\n\n\n<div style=\"height:40px\" aria-hidden=\"true\" class=\"wp-block-spacer\"><\/div>\n\n\n\n<h5 class=\"wp-block-heading\">Vaihtuvat vastaavat<\/h5>\n\n\n\n<table id=\"tablepress-42\" class=\"tablepress tablepress-id-42\">\n<thead>\n<tr class=\"row-1 odd\">\n\t<th class=\"column-1\">1000 \u20ac<\/th><th class=\"column-2\">2022<\/th><th class=\"column-3\">2021<\/th>\n<\/tr>\n<\/thead>\n<tbody class=\"row-hover\">\n<tr class=\"row-2 even\">\n\t<td class=\"column-1\">Vaihto-omaisuus<\/td><td class=\"column-2\"><\/td><td class=\"column-3\"><\/td>\n<\/tr>\n<tr class=\"row-3 odd\">\n\t<td class=\"column-1\">Aineet ja tarvikkeet<\/td><td class=\"column-2\">10 197<\/td><td class=\"column-3\">5 468<\/td>\n<\/tr>\n<tr class=\"row-4 even\">\n\t<td class=\"column-1\">Valmiit tuotteet<\/td><td class=\"column-2\">3 149<\/td><td class=\"column-3\">2 445<\/td>\n<\/tr>\n<tr class=\"row-5 odd\">\n\t<td class=\"column-1\">Muu vaihto-omaisuus<\/td><td class=\"column-2\">4 005<\/td><td class=\"column-3\">2 662<\/td>\n<\/tr>\n<tr class=\"row-6 even\">\n\t<td class=\"column-1\">Ennakkomaksut<\/td><td class=\"column-2\">171<\/td><td class=\"column-3\">1 179<\/td>\n<\/tr>\n<tr class=\"row-7 odd\">\n\t<td class=\"column-1\">Vaihto-omaisuus yhteens\u00e4<\/td><td class=\"column-2\">17 523<\/td><td class=\"column-3\">11 753<\/td>\n<\/tr>\n<tr class=\"row-8 even\">\n\t<td class=\"column-1\">Saamiset<\/td><td class=\"column-2\"><\/td><td class=\"column-3\"><\/td>\n<\/tr>\n<tr class=\"row-9 odd\">\n\t<td class=\"column-1\">Myyntisaamiset<\/td><td class=\"column-2\">16 595<\/td><td class=\"column-3\">8 857<\/td>\n<\/tr>\n<tr class=\"row-10 even\">\n\t<td class=\"column-1\">Saamiset saman konsernin yrityksilt\u00e4<\/td><td class=\"column-2\">14 980<\/td><td class=\"column-3\">12 308<\/td>\n<\/tr>\n<tr class=\"row-11 odd\">\n\t<td class=\"column-1\">Lainasaamiset<\/td><td class=\"column-2\">50<\/td><td class=\"column-3\">33<\/td>\n<\/tr>\n<tr class=\"row-12 even\">\n\t<td class=\"column-1\">Muut saamiset<\/td><td class=\"column-2\">105<\/td><td class=\"column-3\">28<\/td>\n<\/tr>\n<tr class=\"row-13 odd\">\n\t<td class=\"column-1\">Siirtosaamiset<\/td><td class=\"column-2\">88<\/td><td class=\"column-3\">283<\/td>\n<\/tr>\n<tr class=\"row-14 even\">\n\t<td class=\"column-1\">Saamiset yhteens\u00e4<\/td><td class=\"column-2\">31 819<\/td><td class=\"column-3\">21 509<\/td>\n<\/tr>\n<tr class=\"row-15 odd\">\n\t<td class=\"column-1\">Rahoitusarvopaperit<\/td><td class=\"column-2\"><\/td><td class=\"column-3\"><\/td>\n<\/tr>\n<tr class=\"row-16 even\">\n\t<td class=\"column-1\">Rahat ja pankkisaamiset<\/td><td class=\"column-2\">4 584<\/td><td class=\"column-3\">5 500<\/td>\n<\/tr>\n<tr class=\"row-17 odd\">\n\t<td class=\"column-1\">VAIHTUVAT VASTAAVAT YHTEENS\u00c4<\/td><td class=\"column-2\">53 925<\/td><td class=\"column-3\">38 762<\/td>\n<\/tr>\n<tr class=\"row-18 even\">\n\t<td class=\"column-1\">VASTAAVAA YHTEENS\u00c4<\/td><td class=\"column-2\">110 864<\/td><td class=\"column-3\">92 950<\/td>\n<\/tr>\n<\/tbody>\n<\/table>\n<!-- #tablepress-42 from cache -->\n\n\n<div style=\"height:40px\" aria-hidden=\"true\" class=\"wp-block-spacer\"><\/div>\n\n\n\n<h4 class=\"wp-block-heading\">Vastattavaa<\/h4>\n\n\n\n<h5 class=\"wp-block-heading\">Oma p\u00e4\u00e4oma<\/h5>\n\n\n\n<table id=\"tablepress-38\" class=\"tablepress tablepress-id-38\">\n<thead>\n<tr class=\"row-1 odd\">\n\t<th class=\"column-1\">1000\u20ac<\/th><th class=\"column-2\">2022<\/th><th class=\"column-3\">2021<\/th>\n<\/tr>\n<\/thead>\n<tbody class=\"row-hover\">\n<tr class=\"row-2 even\">\n\t<td class=\"column-1\">Osakep\u00e4\u00e4oma<\/td><td class=\"column-2\">3 149<\/td><td class=\"column-3\">3 149<\/td>\n<\/tr>\n<tr class=\"row-3 odd\">\n\t<td class=\"column-1\">Osakeanti<\/td><td class=\"column-2\">0<\/td><td class=\"column-3\">176<\/td>\n<\/tr>\n<tr class=\"row-4 even\">\n\t<td class=\"column-1\">Sijoitetun vapaan\u00a0oman p\u00e4\u00e4oman rahasto<\/td><td class=\"column-2\">1 501<\/td><td class=\"column-3\">1 324<\/td>\n<\/tr>\n<tr class=\"row-5 odd\">\n\t<td class=\"column-1\">K\u00e4ytt\u00f6rahasto<\/td><td class=\"column-2\">28 576<\/td><td class=\"column-3\">24 510<\/td>\n<\/tr>\n<tr class=\"row-6 even\">\n\t<td class=\"column-1\">Tilikauden tulos<\/td><td class=\"column-2\">14 046<\/td><td class=\"column-3\">7 489<\/td>\n<\/tr>\n<tr class=\"row-7 odd\">\n\t<td class=\"column-1\">OMA P\u00c4\u00c4OMA YHTEENS\u00c4<\/td><td class=\"column-2\">47 271<\/td><td class=\"column-3\">36 649<\/td>\n<\/tr>\n<tr class=\"row-8 even\">\n\t<td class=\"column-1\">POISTOERO<\/td><td class=\"column-2\">8 349<\/td><td class=\"column-3\">8 041<\/td>\n<\/tr>\n<\/tbody>\n<\/table>\n<!-- #tablepress-38 from cache -->\n\n\n<div style=\"height:40px\" aria-hidden=\"true\" class=\"wp-block-spacer\"><\/div>\n\n\n\n<h5 class=\"wp-block-heading\">Vieras p\u00e4\u00e4oma<\/h5>\n\n\n\n<table id=\"tablepress-39\" class=\"tablepress tablepress-id-39\">\n<thead>\n<tr class=\"row-1 odd\">\n\t<th class=\"column-1\">1000 \u20ac<\/th><th class=\"column-2\">2022<\/th><th class=\"column-3\">2021<\/th>\n<\/tr>\n<\/thead>\n<tbody class=\"row-hover\">\n<tr class=\"row-2 even\">\n\t<td class=\"column-1\">Pitk\u00e4aikainen<\/td><td class=\"column-2\"><\/td><td class=\"column-3\"><\/td>\n<\/tr>\n<tr class=\"row-3 odd\">\n\t<td class=\"column-1\">Lainat rahoituslaitoksilta<\/td><td class=\"column-2\">16 426<\/td><td class=\"column-3\">17 723<\/td>\n<\/tr>\n<tr class=\"row-4 even\">\n\t<td class=\"column-1\">Muut pitk\u00e4aikaiset velat<\/td><td class=\"column-2\">2 050<\/td><td class=\"column-3\">2 133<\/td>\n<\/tr>\n<tr class=\"row-5 odd\">\n\t<td class=\"column-1\">Pitk\u00e4aikainen vieras p\u00e4\u00e4oma yhteens\u00e4<\/td><td class=\"column-2\">18 476<\/td><td class=\"column-3\">19 856<\/td>\n<\/tr>\n<tr class=\"row-6 even\">\n\t<td class=\"column-1\">Lyhytaikainen<\/td><td class=\"column-2\"><\/td><td class=\"column-3\"><\/td>\n<\/tr>\n<tr class=\"row-7 odd\">\n\t<td class=\"column-1\">Lainat rahoituslaitoksilta<\/td><td class=\"column-2\">5 067<\/td><td class=\"column-3\">4 763<\/td>\n<\/tr>\n<tr class=\"row-8 even\">\n\t<td class=\"column-1\">Saadut ennakot<\/td><td class=\"column-2\">1 133<\/td><td class=\"column-3\">4 619<\/td>\n<\/tr>\n<tr class=\"row-9 odd\">\n\t<td class=\"column-1\">Ostovelat<\/td><td class=\"column-2\">10 281<\/td><td class=\"column-3\">8 741<\/td>\n<\/tr>\n<tr class=\"row-10 even\">\n\t<td class=\"column-1\">Velat konserniyhti\u00f6ille<\/td><td class=\"column-2\">12 363<\/td><td class=\"column-3\">4 666<\/td>\n<\/tr>\n<tr class=\"row-11 odd\">\n\t<td class=\"column-1\">Muut velat<\/td><td class=\"column-2\">1 916<\/td><td class=\"column-3\">1 970<\/td>\n<\/tr>\n<tr class=\"row-12 even\">\n\t<td class=\"column-1\">Siirtovelat<\/td><td class=\"column-2\">6 008<\/td><td class=\"column-3\">3 646<\/td>\n<\/tr>\n<tr class=\"row-13 odd\">\n\t<td class=\"column-1\">Lyhytaikainen vieras p\u00e4\u00e4oma yhteens\u00e4<\/td><td class=\"column-2\">36 767<\/td><td class=\"column-3\">28 405<\/td>\n<\/tr>\n<tr class=\"row-14 even\">\n\t<td class=\"column-1\">VIERAS P\u00c4\u00c4OMA YHTEENS\u00c4<\/td><td class=\"column-2\">55 244<\/td><td class=\"column-3\">48 261<\/td>\n<\/tr>\n<tr class=\"row-15 odd\">\n\t<td class=\"column-1\">VASTATTAVAA YHTEENS\u00c4<\/td><td class=\"column-2\">110 864<\/td><td class=\"column-3\">92 950<\/td>\n<\/tr>\n<\/tbody>\n<\/table>\n<!-- #tablepress-39 from cache -->","protected":false},"excerpt":{"rendered":"<p>Vastaavaa Pysyv\u00e4t vastaavat Vaihtuvat vastaavat Vastattavaa Oma p\u00e4\u00e4oma Vieras p\u00e4\u00e4oma [&#8230;]<\/p>\n<p><a class=\"btn btn-secondary understrap-read-more-link\" href=\"https:\/\/annualreport.forcitgroup.com\/2022\/fi\/tilinpaatos\/emoyhtion-tilinpaatos\/emoyhtion-tase\/\">Read More&#8230;<span class=\"screen-reader-text\"> from Emoyhti\u00f6n tase<\/span><\/a><\/p>\n","protected":false},"author":1,"featured_media":0,"parent":558,"menu_order":0,"comment_status":"closed","ping_status":"closed","template":"page-template-numbers.php","meta":{"_acf_changed":false,"footnotes":""},"acf":[],"_links":{"self":[{"href":"https:\/\/annualreport.forcitgroup.com\/2022\/wp-json\/wp\/v2\/pages\/986"}],"collection":[{"href":"https:\/\/annualreport.forcitgroup.com\/2022\/wp-json\/wp\/v2\/pages"}],"about":[{"href":"https:\/\/annualreport.forcitgroup.com\/2022\/wp-json\/wp\/v2\/types\/page"}],"author":[{"embeddable":true,"href":"https:\/\/annualreport.forcitgroup.com\/2022\/wp-json\/wp\/v2\/users\/1"}],"replies":[{"embeddable":true,"href":"https:\/\/annualreport.forcitgroup.com\/2022\/wp-json\/wp\/v2\/comments?post=986"}],"version-history":[{"count":2,"href":"https:\/\/annualreport.forcitgroup.com\/2022\/wp-json\/wp\/v2\/pages\/986\/revisions"}],"predecessor-version":[{"id":996,"href":"https:\/\/annualreport.forcitgroup.com\/2022\/wp-json\/wp\/v2\/pages\/986\/revisions\/996"}],"up":[{"embeddable":true,"href":"https:\/\/annualreport.forcitgroup.com\/2022\/wp-json\/wp\/v2\/pages\/558"}],"wp:attachment":[{"href":"https:\/\/annualreport.forcitgroup.com\/2022\/wp-json\/wp\/v2\/media?parent=986"}],"curies":[{"name":"wp","href":"https:\/\/api.w.org\/{rel}","templated":true}]}}