{"id":988,"date":"2023-03-09T14:47:06","date_gmt":"2023-03-09T12:47:06","guid":{"rendered":"https:\/\/annualreport.forcitgroup.com\/?page_id=988"},"modified":"2023-03-09T14:47:07","modified_gmt":"2023-03-09T12:47:07","slug":"emoyhtion-rahoituslaskelma","status":"publish","type":"page","link":"https:\/\/annualreport.forcitgroup.com\/2022\/fi\/tilinpaatos\/emoyhtion-tilinpaatos\/emoyhtion-rahoituslaskelma\/","title":{"rendered":"Emoyhti\u00f6n rahoituslaskelma"},"content":{"rendered":"\n<div style=\"height:40px\" aria-hidden=\"true\" class=\"wp-block-spacer\"><\/div>\n\n\n\n<table id=\"tablepress-40\" class=\"tablepress tablepress-id-40\">\n<thead>\n<tr class=\"row-1 odd\">\n\t<th class=\"column-1\">1000 \u20ac<\/th><th class=\"column-2\">2022<\/th><th class=\"column-3\">2021<\/th>\n<\/tr>\n<\/thead>\n<tbody class=\"row-hover\">\n<tr class=\"row-2 even\">\n\t<td class=\"column-1\">Liiketoiminnan rahavirta<\/td><td class=\"column-2\"><\/td><td class=\"column-3\"><\/td>\n<\/tr>\n<tr class=\"row-3 odd\">\n\t<td class=\"column-1\">Liikevoitto<\/td><td class=\"column-2\">13 586<\/td><td class=\"column-3\">3 336<\/td>\n<\/tr>\n<tr class=\"row-4 even\">\n\t<td class=\"column-1\">Oikaisut liikevoittoon<\/td><td class=\"column-2\">3 226<\/td><td class=\"column-3\">2 824<\/td>\n<\/tr>\n<tr class=\"row-5 odd\">\n\t<td class=\"column-1\">K\u00e4ytt\u00f6p\u00e4\u00e4oman muutos*<\/td><td class=\"column-2\">-14 828<\/td><td class=\"column-3\">-726<\/td>\n<\/tr>\n<tr class=\"row-6 even\">\n\t<td class=\"column-1\">Maksetut korot<\/td><td class=\"column-2\">-674<\/td><td class=\"column-3\">-461<\/td>\n<\/tr>\n<tr class=\"row-7 odd\">\n\t<td class=\"column-1\">Saadut korot<\/td><td class=\"column-2\">88<\/td><td class=\"column-3\">73<\/td>\n<\/tr>\n<tr class=\"row-8 even\">\n\t<td class=\"column-1\">Saadut osingot<\/td><td class=\"column-2\">4<\/td><td class=\"column-3\">4<\/td>\n<\/tr>\n<tr class=\"row-9 odd\">\n\t<td class=\"column-1\">Muut rahoituser\u00e4t<\/td><td class=\"column-2\">0<\/td><td class=\"column-3\">-5<\/td>\n<\/tr>\n<tr class=\"row-10 even\">\n\t<td class=\"column-1\">Maksetut verot<\/td><td class=\"column-2\">-1 088<\/td><td class=\"column-3\">-847<\/td>\n<\/tr>\n<tr class=\"row-11 odd\">\n\t<td class=\"column-1\">Liiketoiminnan rahavirta<\/td><td class=\"column-2\">315<\/td><td class=\"column-3\">4 198<\/td>\n<\/tr>\n<tr class=\"row-12 even\">\n\t<td class=\"column-1\">Investointien rahavirta<\/td><td class=\"column-2\"><\/td><td class=\"column-3\"><\/td>\n<\/tr>\n<tr class=\"row-13 odd\">\n\t<td class=\"column-1\">Investoinnit aineellisiin ja aineettomiin hy\u00f6dykkeisiin<\/td><td class=\"column-2\">-5 781<\/td><td class=\"column-3\">-3 776<\/td>\n<\/tr>\n<tr class=\"row-14 even\">\n\t<td class=\"column-1\">Tyt\u00e4ryhti\u00f6iden lainasaamisten takaisinmaksut<\/td><td class=\"column-2\">4 685<\/td><td class=\"column-3\">-1 910<\/td>\n<\/tr>\n<tr class=\"row-15 odd\">\n\t<td class=\"column-1\">Saatu korko<\/td><td class=\"column-2\">0<\/td><td class=\"column-3\">0<\/td>\n<\/tr>\n<tr class=\"row-16 even\">\n\t<td class=\"column-1\">Investoinnit tyt\u00e4ryhti\u00f6ihin<\/td><td class=\"column-2\">-271<\/td><td class=\"column-3\">-3 045<\/td>\n<\/tr>\n<tr class=\"row-17 odd\">\n\t<td class=\"column-1\">Lainasaamisten takaisinmaksu<\/td><td class=\"column-2\">-18<\/td><td class=\"column-3\">115<\/td>\n<\/tr>\n<tr class=\"row-18 even\">\n\t<td class=\"column-1\">Investointien rahavirta<\/td><td class=\"column-2\">-1 386<\/td><td class=\"column-3\">-8 615<\/td>\n<\/tr>\n<tr class=\"row-19 odd\">\n\t<td class=\"column-1\">Rahoituksen rahavirta<\/td><td class=\"column-2\"><\/td><td class=\"column-3\"><\/td>\n<\/tr>\n<tr class=\"row-20 even\">\n\t<td class=\"column-1\">Lyhytaikaisten lainojen nostot<\/td><td class=\"column-2\">304<\/td><td class=\"column-3\">39<\/td>\n<\/tr>\n<tr class=\"row-21 odd\">\n\t<td class=\"column-1\">Lyhytaikaisten lainojen takaisinmaksut<\/td><td class=\"column-2\">0<\/td><td class=\"column-3\">-46<\/td>\n<\/tr>\n<tr class=\"row-22 even\">\n\t<td class=\"column-1\">Pitk\u00e4aikaisten lainojen nostot<\/td><td class=\"column-2\">2 000<\/td><td class=\"column-3\">196<\/td>\n<\/tr>\n<tr class=\"row-23 odd\">\n\t<td class=\"column-1\">Pitk\u00e4aikaisten lainojen takaisinmaksut<\/td><td class=\"column-2\">-3 379<\/td><td class=\"column-3\">-2 403<\/td>\n<\/tr>\n<tr class=\"row-24 even\">\n\t<td class=\"column-1\">Maksetut osingot<\/td><td class=\"column-2\">-3 423<\/td><td class=\"column-3\">-3 219<\/td>\n<\/tr>\n<tr class=\"row-25 odd\">\n\t<td class=\"column-1\">Osakeanti<\/td><td class=\"column-2\">0<\/td><td class=\"column-3\">176<\/td>\n<\/tr>\n<tr class=\"row-26 even\">\n\t<td class=\"column-1\">Oman p\u00e4\u00e4oman maksullinen lis\u00e4ys<\/td><td class=\"column-2\">0<\/td><td class=\"column-3\">-98<\/td>\n<\/tr>\n<tr class=\"row-27 odd\">\n\t<td class=\"column-1\">Osingot tyt\u00e4ryhti\u00f6ilt\u00e4<\/td><td class=\"column-2\">2 908<\/td><td class=\"column-3\">3 812<\/td>\n<\/tr>\n<tr class=\"row-28 even\">\n\t<td class=\"column-1\">Saatu konserniavustus, joka on maksettu<\/td><td class=\"column-2\">1 745<\/td><td class=\"column-3\">1 785<\/td>\n<\/tr>\n<tr class=\"row-29 odd\">\n\t<td class=\"column-1\">Rahoituksen rahavirta<\/td><td class=\"column-2\">154<\/td><td class=\"column-3\">242<\/td>\n<\/tr>\n<tr class=\"row-30 even\">\n\t<td class=\"column-1\">RAHAVAROJEN MUUTOS<\/td><td class=\"column-2\">-916<\/td><td class=\"column-3\">-4,175<\/td>\n<\/tr>\n<tr class=\"row-31 odd\">\n\t<td class=\"column-1\">Rahavarat tilikauden alussa<\/td><td class=\"column-2\">5 500<\/td><td class=\"column-3\">9 675<\/td>\n<\/tr>\n<tr class=\"row-32 even\">\n\t<td class=\"column-1\">Muutoksia tilikauden aikana<\/td><td class=\"column-2\">-916<\/td><td class=\"column-3\">-4,175<\/td>\n<\/tr>\n<tr class=\"row-33 odd\">\n\t<td class=\"column-1\">Rahavarat tilikauden lopussa<\/td><td class=\"column-2\">4 584<\/td><td class=\"column-3\">5 500<\/td>\n<\/tr>\n<tr class=\"row-34 even\">\n\t<td class=\"column-1\">*Josta muutos konsernitilill\u00e4 muodostaa<\/td><td class=\"column-2\">7 021<\/td><td class=\"column-3\">-4 047<\/td>\n<\/tr>\n<\/tbody>\n<\/table>\n","protected":false},"excerpt":{"rendered":"<p> [&#8230;]<\/p>\n<p><a class=\"btn btn-secondary understrap-read-more-link\" href=\"https:\/\/annualreport.forcitgroup.com\/2022\/fi\/tilinpaatos\/emoyhtion-tilinpaatos\/emoyhtion-rahoituslaskelma\/\">Read More&#8230;<span class=\"screen-reader-text\"> from Emoyhti\u00f6n rahoituslaskelma<\/span><\/a><\/p>\n","protected":false},"author":1,"featured_media":0,"parent":558,"menu_order":0,"comment_status":"closed","ping_status":"closed","template":"page-template-numbers.php","meta":{"_acf_changed":false,"footnotes":""},"acf":[],"_links":{"self":[{"href":"https:\/\/annualreport.forcitgroup.com\/2022\/wp-json\/wp\/v2\/pages\/988"}],"collection":[{"href":"https:\/\/annualreport.forcitgroup.com\/2022\/wp-json\/wp\/v2\/pages"}],"about":[{"href":"https:\/\/annualreport.forcitgroup.com\/2022\/wp-json\/wp\/v2\/types\/page"}],"author":[{"embeddable":true,"href":"https:\/\/annualreport.forcitgroup.com\/2022\/wp-json\/wp\/v2\/users\/1"}],"replies":[{"embeddable":true,"href":"https:\/\/annualreport.forcitgroup.com\/2022\/wp-json\/wp\/v2\/comments?post=988"}],"version-history":[{"count":1,"href":"https:\/\/annualreport.forcitgroup.com\/2022\/wp-json\/wp\/v2\/pages\/988\/revisions"}],"predecessor-version":[{"id":989,"href":"https:\/\/annualreport.forcitgroup.com\/2022\/wp-json\/wp\/v2\/pages\/988\/revisions\/989"}],"up":[{"embeddable":true,"href":"https:\/\/annualreport.forcitgroup.com\/2022\/wp-json\/wp\/v2\/pages\/558"}],"wp:attachment":[{"href":"https:\/\/annualreport.forcitgroup.com\/2022\/wp-json\/wp\/v2\/media?parent=988"}],"curies":[{"name":"wp","href":"https:\/\/api.w.org\/{rel}","templated":true}]}}