{"id":990,"date":"2023-03-09T14:48:10","date_gmt":"2023-03-09T12:48:10","guid":{"rendered":"https:\/\/annualreport.forcitgroup.com\/?page_id=990"},"modified":"2023-03-09T14:58:09","modified_gmt":"2023-03-09T12:58:09","slug":"moderbolagets-resultatrakning","status":"publish","type":"page","link":"https:\/\/annualreport.forcitgroup.com\/2022\/sv\/bokslut\/moderbolagets-bokslut\/moderbolagets-resultatrakning\/","title":{"rendered":"Moderbolagets resultatr\u00e4kning"},"content":{"rendered":"\n<div style=\"height:40px\" aria-hidden=\"true\" class=\"wp-block-spacer\"><\/div>\n\n\n\n<table id=\"tablepress-52\" class=\"tablepress tablepress-id-52\">\n<thead>\n<tr class=\"row-1 odd\">\n\t<th class=\"column-1\">1000 \u20ac<\/th><th class=\"column-2\">2022<\/th><th class=\"column-3\">2021<\/th>\n<\/tr>\n<\/thead>\n<tbody class=\"row-hover\">\n<tr class=\"row-2 even\">\n\t<td class=\"column-1\">OMS\u00c4TTNING<\/td><td class=\"column-2\">112 676<\/td><td class=\"column-3\">71 999<\/td>\n<\/tr>\n<tr class=\"row-3 odd\">\n\t<td class=\"column-1\">F\u00f6r\u00e4ndring i produktlager<\/td><td class=\"column-2\">704<\/td><td class=\"column-3\">182<\/td>\n<\/tr>\n<tr class=\"row-4 even\">\n\t<td class=\"column-1\">Tillverkning f\u00f6r eget bruk<\/td><td class=\"column-2\">19<\/td><td class=\"column-3\">39<\/td>\n<\/tr>\n<tr class=\"row-5 odd\">\n\t<td class=\"column-1\">\u00d6vriga r\u00f6relseint\u00e4kter<\/td><td class=\"column-2\">3 223<\/td><td class=\"column-3\">2 085<\/td>\n<\/tr>\n<tr class=\"row-6 even\">\n\t<td class=\"column-1\">Material och tj\u00e4nster<\/td><td class=\"column-2\"><\/td><td class=\"column-3\"><\/td>\n<\/tr>\n<tr class=\"row-7 odd\">\n\t<td class=\"column-1\">Material, f\u00f6rn\u00f6denheter och varor<\/td><td class=\"column-2\"><\/td><td class=\"column-3\"><\/td>\n<\/tr>\n<tr class=\"row-8 even\">\n\t<td class=\"column-1\">Ink\u00f6p under r\u00e4kenskapsperioden<\/td><td class=\"column-2\">-64 776<\/td><td class=\"column-3\">-35 251<\/td>\n<\/tr>\n<tr class=\"row-9 odd\">\n\t<td class=\"column-1\">F\u00f6r\u00e4ndring av lager<\/td><td class=\"column-2\">6 074<\/td><td class=\"column-3\">1 399<\/td>\n<\/tr>\n<tr class=\"row-10 even\">\n\t<td class=\"column-1\">Material och tj\u00e4nster totalt<\/td><td class=\"column-2\">-58 701<\/td><td class=\"column-3\">-33 852<\/td>\n<\/tr>\n<tr class=\"row-11 odd\">\n\t<td class=\"column-1\">Personalkostnader<\/td><td class=\"column-2\"><\/td><td class=\"column-3\"><\/td>\n<\/tr>\n<tr class=\"row-12 even\">\n\t<td class=\"column-1\">L\u00f6ner och arvoden<\/td><td class=\"column-2\">-16 423<\/td><td class=\"column-3\">-15 260<\/td>\n<\/tr>\n<tr class=\"row-13 odd\">\n\t<td class=\"column-1\">L\u00f6nebikostnader<\/td><td class=\"column-2\"><\/td><td class=\"column-3\"><\/td>\n<\/tr>\n<tr class=\"row-14 even\">\n\t<td class=\"column-1\">Pensionskostnader<\/td><td class=\"column-2\">-3 302<\/td><td class=\"column-3\">-2 741<\/td>\n<\/tr>\n<tr class=\"row-15 odd\">\n\t<td class=\"column-1\">\u00d6vriga l\u00f6nebikostnader<\/td><td class=\"column-2\">-741<\/td><td class=\"column-3\">-566<\/td>\n<\/tr>\n<tr class=\"row-16 even\">\n\t<td class=\"column-1\">Personalkostnader totalt<\/td><td class=\"column-2\">-20 466<\/td><td class=\"column-3\">-18 567<\/td>\n<\/tr>\n<tr class=\"row-17 odd\">\n\t<td class=\"column-1\">Avskrivningar och nedskrivningar<\/td><td class=\"column-2\"><\/td><td class=\"column-3\"><\/td>\n<\/tr>\n<tr class=\"row-18 even\">\n\t<td class=\"column-1\">Avskrivning enligt plan<\/td><td class=\"column-2\">-3 344<\/td><td class=\"column-3\">-3 148<\/td>\n<\/tr>\n<tr class=\"row-19 odd\">\n\t<td class=\"column-1\">\u00d6vriga r\u00f6relsekostnader<\/td><td class=\"column-2\">-20 524<\/td><td class=\"column-3\">-15 402<\/td>\n<\/tr>\n<tr class=\"row-20 even\">\n\t<td class=\"column-1\">R\u00d6RELSEVINST<\/td><td class=\"column-2\">13 586<\/td><td class=\"column-3\">3 336<\/td>\n<\/tr>\n<tr class=\"row-21 odd\">\n\t<td class=\"column-1\">Finansiella int\u00e4kter och kostnader<\/td><td class=\"column-2\"><\/td><td class=\"column-3\"><\/td>\n<\/tr>\n<tr class=\"row-22 even\">\n\t<td class=\"column-1\">\u00d6vriga r\u00e4nte- och finansiella int\u00e4kter<\/td><td class=\"column-2\"><\/td><td class=\"column-3\"><\/td>\n<\/tr>\n<tr class=\"row-23 odd\">\n\t<td class=\"column-1\">Koncernbolag<\/td><td class=\"column-2\">2 979<\/td><td class=\"column-3\">3 880<\/td>\n<\/tr>\n<tr class=\"row-24 even\">\n\t<td class=\"column-1\">\u00d6vriga<\/td><td class=\"column-2\">21<\/td><td class=\"column-3\">132<\/td>\n<\/tr>\n<tr class=\"row-25 odd\">\n\t<td class=\"column-1\">Finansiella int\u00e4kter totalt<\/td><td class=\"column-2\">3 000<\/td><td class=\"column-3\">4 012<\/td>\n<\/tr>\n<tr class=\"row-26 even\">\n\t<td class=\"column-1\">\u00d6vriga r\u00e4nte- och finansiella kostnader<\/td><td class=\"column-2\"><\/td><td class=\"column-3\"><\/td>\n<\/tr>\n<tr class=\"row-27 odd\">\n\t<td class=\"column-1\">Koncerbolag<\/td><td class=\"column-2\">-27<\/td><td class=\"column-3\">0<\/td>\n<\/tr>\n<tr class=\"row-28 even\">\n\t<td class=\"column-1\">\u00d6vriga<\/td><td class=\"column-2\">-765<\/td><td class=\"column-3\">-794<\/td>\n<\/tr>\n<tr class=\"row-29 odd\">\n\t<td class=\"column-1\">Finansiella kostnader totalt<\/td><td class=\"column-2\">-792<\/td><td class=\"column-3\">-794<\/td>\n<\/tr>\n<tr class=\"row-30 even\">\n\t<td class=\"column-1\">VINST F\u00d6RE BOKSLUTSDISPOSITIONER OCH SKATTER<\/td><td class=\"column-2\">15 794<\/td><td class=\"column-3\">6 553<\/td>\n<\/tr>\n<tr class=\"row-31 odd\">\n\t<td class=\"column-1\">Bokslutsdispositioner<\/td><td class=\"column-2\"><\/td><td class=\"column-3\"><\/td>\n<\/tr>\n<tr class=\"row-32 even\">\n\t<td class=\"column-1\">F\u00f6r\u00e4ndring av avskrivningsdifferens<\/td><td class=\"column-2\">-308<\/td><td class=\"column-3\">135<\/td>\n<\/tr>\n<tr class=\"row-33 odd\">\n\t<td class=\"column-1\">Erh\u00e5llna koncernbidrag<\/td><td class=\"column-2\">1 394<\/td><td class=\"column-3\">1 745<\/td>\n<\/tr>\n<tr class=\"row-34 even\">\n\t<td class=\"column-1\">Bokslutsdispositioner totalt<\/td><td class=\"column-2\">1 086<\/td><td class=\"column-3\">1 880<\/td>\n<\/tr>\n<tr class=\"row-35 odd\">\n\t<td class=\"column-1\">Inkomstskatter<\/td><td class=\"column-2\">-2 834<\/td><td class=\"column-3\">-945<\/td>\n<\/tr>\n<tr class=\"row-36 even\">\n\t<td class=\"column-1\">R\u00c4KENSKAPSPERIODENS VINST<\/td><td class=\"column-2\">14 046<\/td><td class=\"column-3\">7 489<\/td>\n<\/tr>\n<\/tbody>\n<\/table>\n","protected":false},"excerpt":{"rendered":"<p> [&#8230;]<\/p>\n<p><a class=\"btn btn-secondary understrap-read-more-link\" href=\"https:\/\/annualreport.forcitgroup.com\/2022\/sv\/bokslut\/moderbolagets-bokslut\/moderbolagets-resultatrakning\/\">Read More&#8230;<span class=\"screen-reader-text\"> from Moderbolagets resultatr\u00e4kning<\/span><\/a><\/p>\n","protected":false},"author":1,"featured_media":0,"parent":560,"menu_order":0,"comment_status":"closed","ping_status":"closed","template":"page-template-numbers.php","meta":{"footnotes":""},"acf":[],"_links":{"self":[{"href":"https:\/\/annualreport.forcitgroup.com\/2022\/wp-json\/wp\/v2\/pages\/990"}],"collection":[{"href":"https:\/\/annualreport.forcitgroup.com\/2022\/wp-json\/wp\/v2\/pages"}],"about":[{"href":"https:\/\/annualreport.forcitgroup.com\/2022\/wp-json\/wp\/v2\/types\/page"}],"author":[{"embeddable":true,"href":"https:\/\/annualreport.forcitgroup.com\/2022\/wp-json\/wp\/v2\/users\/1"}],"replies":[{"embeddable":true,"href":"https:\/\/annualreport.forcitgroup.com\/2022\/wp-json\/wp\/v2\/comments?post=990"}],"version-history":[{"count":1,"href":"https:\/\/annualreport.forcitgroup.com\/2022\/wp-json\/wp\/v2\/pages\/990\/revisions"}],"predecessor-version":[{"id":991,"href":"https:\/\/annualreport.forcitgroup.com\/2022\/wp-json\/wp\/v2\/pages\/990\/revisions\/991"}],"up":[{"embeddable":true,"href":"https:\/\/annualreport.forcitgroup.com\/2022\/wp-json\/wp\/v2\/pages\/560"}],"wp:attachment":[{"href":"https:\/\/annualreport.forcitgroup.com\/2022\/wp-json\/wp\/v2\/media?parent=990"}],"curies":[{"name":"wp","href":"https:\/\/api.w.org\/{rel}","templated":true}]}}