{"id":429,"date":"2023-03-01T12:43:25","date_gmt":"2023-03-01T10:43:25","guid":{"rendered":"https:\/\/annualreport.forcitgroup.com\/?page_id=429"},"modified":"2024-03-21T08:16:21","modified_gmt":"2024-03-21T08:16:21","slug":"konsernin-talous-ja-toiminta","status":"publish","type":"page","link":"https:\/\/annualreport.forcitgroup.com\/2023\/fi\/toimintakertomus\/konsernin-talous-ja-toiminta\/","title":{"rendered":"Konsernin talous ja toiminta"},"content":{"rendered":"\n<h2 class=\"wp-block-heading\">Yleist\u00e4<\/h2>\n\n\n\n<p>FORCIT Groupilla on toimintaa kolmella liiketoiminta-alueella: FORCIT Explosives toimii siviilir\u00e4j\u00e4hdetoimialalla sek\u00e4 poraamiseen ja r\u00e4j\u00e4ytyksiin liittyvien ohjelmistojen alalla; FORCIT Defencen liiketoiminta on suuntautunut puolustusvoimille ja puolustustarvikkeiden valmistajille; ja FORCIT Consulting tarjoaa mittaus-, valvonta-, konsultointi- ja koulutuspalveluita. FORCITin tavoitteena on parantaa asemaansa Pohjoismaiden markkinajohtajana ja ensisijaisena r\u00e4j\u00e4hteisiin, panostamiseen ja ymp\u00e4rist\u00f6vaikutusten arviointiin liittyvien palveluiden, tuotteiden ja osaamisen toimittajana. <\/p>\n\n\n\n<p>Defence-liiketoiminta-alueella yhti\u00f6n p\u00e4\u00e4m\u00e4\u00e4r\u00e4n\u00e4 on olla ensisijainen teknologiakumppani ja johtava j\u00e4rjestelm\u00e4toimittaja ep\u00e4herkkien r\u00e4j\u00e4hteiden maailmanmarkkinoilla.<\/p>\n\n\n\n<p>FORCITin laatuj\u00e4rjestelm\u00e4 on sertifioitu ISO 9001 -standardin mukaisesti ja ymp\u00e4rist\u00f6j\u00e4rjestelm\u00e4 ISO 14001 -standardin mukaisesti. Defence-liiketoiminta-alue on sertifioitu Naton AQAP 2110 -laatustandardin mukaisesti. ISO- ja AQAP-standardien lis\u00e4ksi Defence-liiketoiminta on akkreditoitu Suomen kansallisen turvallisuusauditoinnin (KATAKRI) kriteerien mukaisesti.<\/p>\n\n\n\n<h2 class=\"wp-block-heading\">Talouskatsaus<\/h2>\n\n\n\n<p>Yhti\u00f6n talous kehittyi vuonna 2023 pitk\u00e4lti edellisvuoden tavoin. Liiketoimintaymp\u00e4rist\u00f6 oli vaativa koko Euroopan talouskehityksen ja t\u00e4rkeimpien maantieteellisten toiminta-alueidemme haastavien rakennusmarkkinoiden seurauksena.<\/p>\n\n\n\n<p>Keskeisten raaka-aineiden hintojen osittainen normalisoituminen vuoden 2022 huipun j\u00e4lkeen yhdistettyn\u00e4 Ruotsin ja Norjan valuuttojen arvon laskuun suhteessa euroon merkitsi yrityksen raportoidun liikevaihdon laskua. <\/p>\n\n\n\n<p>Alla esitetyt tunnusluvut kuvaavat yhti\u00f6n kehityst\u00e4 viimeisimpien tilikausien aikana. Konsernin liiketulos oli vakaa vuonna 2023 verrattuna vuoteen 2022.<\/p>\n\n\n\n<div style=\"height:40px\" aria-hidden=\"true\" class=\"wp-block-spacer\"><\/div>\n\n\n\n<table id=\"tablepress-18\" class=\"tablepress tablepress-id-18\">\n<thead>\n<tr class=\"row-1 odd\">\n\t<th class=\"column-1\">Konserni<\/th><th class=\"column-2\">2023<br \/>\n<\/th><th class=\"column-3\">2022<\/th><th class=\"column-4\">2021<\/th>\n<\/tr>\n<\/thead>\n<tbody class=\"row-hover\">\n<tr class=\"row-2 even\">\n\t<td class=\"column-1\">Liikevaihto, milj. euroa<\/td><td class=\"column-2\">214,3<\/td><td class=\"column-3\">228,3<\/td><td class=\"column-4\">150,5<\/td>\n<\/tr>\n<tr class=\"row-3 odd\">\n\t<td class=\"column-1\">Liiketulos, milj. euroa<\/td><td class=\"column-2\">26,6<\/td><td class=\"column-3\">26,9<\/td><td class=\"column-4\">8,6<\/td>\n<\/tr>\n<tr class=\"row-4 even\">\n\t<td class=\"column-1\">Liiketulos % liikevaihdosta<\/td><td class=\"column-2\">12,4<\/td><td class=\"column-3\">11,8<\/td><td class=\"column-4\">5,7<\/td>\n<\/tr>\n<tr class=\"row-5 odd\">\n\t<td class=\"column-1\">Oman p\u00e4\u00e4oman tuotto (%)\u202f<\/td><td class=\"column-2\">30,5<\/td><td class=\"column-3\">41,3<\/td><td class=\"column-4\">14,2<\/td>\n<\/tr>\n<tr class=\"row-6 even\">\n\t<td class=\"column-1\">Vakavaraisuus-%<\/td><td class=\"column-2\">55,1<\/td><td class=\"column-3\">48,0<\/td><td class=\"column-4\">44,1<\/td>\n<\/tr>\n<tr class=\"row-7 odd\">\n\t<td class=\"column-1\">Henkil\u00f6st\u00f6m\u00e4\u00e4r\u00e4n keskiarvo<\/td><td class=\"column-2\">553<\/td><td class=\"column-3\">533<\/td><td class=\"column-4\">499<\/td>\n<\/tr>\n<tr class=\"row-8 even\">\n\t<td class=\"column-1\">Palkat ja palkkiot, milj. euroa<\/td><td class=\"column-2\">34,2<\/td><td class=\"column-3\">32,5<\/td><td class=\"column-4\">29,1<\/td>\n<\/tr>\n<\/tbody>\n<\/table>\n\n\n\n<div style=\"height:40px\" aria-hidden=\"true\" class=\"wp-block-spacer\"><\/div>\n\n\n\n<table id=\"tablepress-19\" class=\"tablepress tablepress-id-19\">\n<thead>\n<tr class=\"row-1 odd\">\n\t<th class=\"column-1\">Emoyhti\u00f6<\/th><th class=\"column-2\">2023<\/th><th class=\"column-3\">2022<\/th><th class=\"column-4\">2021<\/th>\n<\/tr>\n<\/thead>\n<tbody class=\"row-hover\">\n<tr class=\"row-2 even\">\n\t<td class=\"column-1\">Liikevaihto, milj. euroa<\/td><td class=\"column-2\">109,8<\/td><td class=\"column-3\">112,7<\/td><td class=\"column-4\">72,0<\/td>\n<\/tr>\n<tr class=\"row-3 odd\">\n\t<td class=\"column-1\">Liiketulos, milj. euroa<\/td><td class=\"column-2\">13,6<\/td><td class=\"column-3\">13,6<\/td><td class=\"column-4\">3,3<\/td>\n<\/tr>\n<tr class=\"row-4 even\">\n\t<td class=\"column-1\">Liiketulos % liikevaihdosta<\/td><td class=\"column-2\">12,3<\/td><td class=\"column-3\">12,1<\/td><td class=\"column-4\">4,6<\/td>\n<\/tr>\n<tr class=\"row-5 odd\">\n\t<td class=\"column-1\">Oman p\u00e4\u00e4oman tuotto (%)<\/td><td class=\"column-2\">25,5<\/td><td class=\"column-3\">26,7<\/td><td class=\"column-4\">14,9<\/td>\n<\/tr>\n<tr class=\"row-6 even\">\n\t<td class=\"column-1\">Vakavaraisuus-%\u202f<\/td><td class=\"column-2\">49,3<\/td><td class=\"column-3\">49,2<\/td><td class=\"column-4\">48,8<\/td>\n<\/tr>\n<tr class=\"row-7 odd\">\n\t<td class=\"column-1\">Henkil\u00f6st\u00f6m\u00e4\u00e4r\u00e4n keskiarvo<\/td><td class=\"column-2\">288<\/td><td class=\"column-3\">265<\/td><td class=\"column-4\">250<\/td>\n<\/tr>\n<tr class=\"row-8 even\">\n\t<td class=\"column-1\">Palkat ja palkkiot, milj. euroa<\/td><td class=\"column-2\">18,6<\/td><td class=\"column-3\">16,4<\/td><td class=\"column-4\">15,3<\/td>\n<\/tr>\n<\/tbody>\n<\/table>\n\n\n\n<h2 class=\"wp-block-heading\">Vastuullisuus ja kest\u00e4v\u00e4 kehitys<\/h2>\n\n\n\n<h3 class=\"wp-block-heading\">Ymp\u00e4rist\u00f6<\/h3>\n\n\n\n<p>Vuonna 2023 yhti\u00f6 edistyi suunnitelmassaan saavuttaa hiilineutraalius toiminnassaan vuoteen 2035 menness\u00e4 ja teki t\u00e4m\u00e4n tavoitteen mukaisesti useita investointeja ja parannuksia. Lis\u00e4ksi yhti\u00f6 otti k\u00e4ytt\u00f6\u00f6n uuden ohjelmiston erityisesti ymp\u00e4rist\u00f6- ja vastuullisuustietojen ker\u00e4\u00e4miseen, analysointiin ja raportointiin. Vastuullisuuteen liittyv\u00e4 tutkimus- ja kehitysty\u00f6 keskittyi emulsiokomponenttien kierr\u00e4tykseen, vihre\u00e4mpien raaka-aineiden arviointiin ja typett\u00f6m\u00e4n tuotevalikoiman kehitt\u00e4miseen, jossa keskityttiin erityisesti uuden r\u00e4j\u00e4hdetuotteen ty\u00f6turvallisuuteen.<\/p>\n\n\n\n<h3 class=\"wp-block-heading\">Turvallisuus<\/h3>\n\n\n\n<p>Turvallisuus on aina FORCITin ykk\u00f6sprioriteetti. Vuonna 2023 yhti\u00f6 jatkoi turvallisuuskulttuurinsa vahvistamista, ja tapaturmataajuus (LTIF) laski 5 % edellisvuodesta. Vuonna 2023 LTIF oli 3,1. Lis\u00e4ksi yhti\u00f6 jatkoi turvallisuuspolitiikkojensa ja -k\u00e4yt\u00e4nt\u00f6jens\u00e4 kehitt\u00e4mist\u00e4 sek\u00e4 kyberturvallisuuden ett\u00e4 fyysisen turvallisuuden osalta.<\/p>\n\n\n\n<h2 class=\"wp-block-heading\">Henkil\u00f6st\u00f6<\/h2>\n\n\n\n<p>FORCIT Groupin henkil\u00f6st\u00f6m\u00e4\u00e4r\u00e4 jatkoi kasvuaan toiminnan kasvun my\u00f6t\u00e4. Vuoden 2023 lopussa FORCITilla oli 590 ty\u00f6ntekij\u00e4\u00e4. Sairauspoissaolot pysyiv\u00e4t alhaisella tasolla ja olivat 3,2 % vuonna 2023.<\/p>\n\n\n\n<p>Vuoden aikana toteutettiin koko konsernin kattava henkil\u00f6st\u00f6kysely henkil\u00f6st\u00f6n sitoutumisen ja tyytyv\u00e4isyyden mittaamiseksi. Tulokset pysyiv\u00e4t korkealla tasolla ja osoittivat, ett\u00e4 henkil\u00f6st\u00f6n sitoutuminen on edelleen eritt\u00e4in hyv\u00e4ll\u00e4 tasolla (eNPS-indeksi 40).<\/p>\n\n\n\n<h2 class=\"wp-block-heading\">Hallinto<\/h2>\n\n\n\n<p>Oy Forcit Ab:n varsinainen yhti\u00f6kokous valitsi 4.4.2023 hallitukseen Edoardo Santamarian uutena j\u00e4senen\u00e4 ja aiemmista j\u00e4senist\u00e4 jatkamaan Hans Karlanderin, Jarmo Lindbergin, Lauri Stadighin, Alexander Tallbergin ja Pasi Tolppasen. Jarmo Lindberg erosi hallituksen j\u00e4senyydest\u00e4\u00e4n 6.4.2023. Lauri Stadigh on jatkanut hallituksen puheenjohtajana ja Joakim Westerlund FORCIT Groupin toimitusjohtajana. Yrityksen tilintarkastajina on toiminut KPMG Oy Ab, jonka p\u00e4\u00e4vastuullinen tilintarkastaja on Christian H\u00e4llstr\u00f6m, KHT.&nbsp;<\/p>\n\n\n\n<h2 class=\"wp-block-heading\">Hallituksen voitonjakoehdotus<\/h2>\n\n\n\n<p>Mik\u00e4li tilinp\u00e4\u00e4t\u00f6s vahvistetaan, Oy Forcit Ab:n yhti\u00f6kokouksen jaettavana on<\/p>\n\n\n\n<table id=\"tablepress-20\" class=\"tablepress tablepress-id-20\">\n<tbody class=\"row-hover\">\n<tr class=\"row-1 odd\">\n\t<td class=\"column-1\">K\u00e4ytt\u00f6rahasto<\/td><td class=\"column-2\">37 587 879,15 euroa<\/td>\n<\/tr>\n<tr class=\"row-2 even\">\n\t<td class=\"column-1\">Sijoitetun vapaan oman p\u00e4\u00e4oman rahasto<\/td><td class=\"column-2\">1 500 630,00 euroa<\/td>\n<\/tr>\n<tr class=\"row-3 odd\">\n\t<td class=\"column-1\">Tilikauden ylij\u00e4\u00e4m\u00e4<\/td><td class=\"column-2\">23 069 267,47 euroa<\/td>\n<\/tr>\n<tr class=\"row-4 even\">\n\t<td class=\"column-1\">Yhteens\u00e4<\/td><td class=\"column-2\">62 157 776,62 euroa<\/td>\n<\/tr>\n<\/tbody>\n<\/table>\n\n\n\n<p>Hallitus ehdottaa, ett\u00e4 varat jaetaan seuraavasti:<\/p>\n\n\n\n<table id=\"tablepress-21\" class=\"tablepress tablepress-id-21\">\n<thead>\n<tr class=\"row-1 odd\">\n\t<th class=\"column-1\">Osakkeenomistajille maksetaan osinkona:<\/th><th class=\"column-2\"><\/th>\n<\/tr>\n<\/thead>\n<tbody class=\"row-hover\">\n<tr class=\"row-2 even\">\n\t<td class=\"column-1\">35 euroa\/osake<\/td><td class=\"column-2\">7 047 600,00 euroa<\/td>\n<\/tr>\n<tr class=\"row-3 odd\">\n\t<td class=\"column-1\">K\u00e4ytt\u00f6rahasto<\/td><td class=\"column-2\">53 609 546,62 euroa<\/td>\n<\/tr>\n<tr class=\"row-4 even\">\n\t<td class=\"column-1\">Sijoitetun vapaan oman p\u00e4\u00e4oman rahasto<\/td><td class=\"column-2\">1 500 630,00 euroa<\/td>\n<\/tr>\n<tr class=\"row-5 odd\">\n\t<td class=\"column-1\">Yhteens\u00e4<\/td><td class=\"column-2\">62 157 776,62 euroa<\/td>\n<\/tr>\n<\/tbody>\n<\/table>\n\n\n\n<p>Yhti\u00f6n taloustilanteessa ei ole tapahtunut oleellisia muutoksia tilikauden p\u00e4\u00e4ttymisen j\u00e4lkeen. Yhti\u00f6n likviditeetti on hyv\u00e4, eik\u00e4 ehdotettu voitonjako vaaranna yhti\u00f6n maksukyky\u00e4.<\/p>\n\n\n\n<h2 class=\"wp-block-heading\">Yhti\u00f6n osakkeet<\/h2>\n\n\n\n<p>Yhti\u00f6ll\u00e4 on vain yksi osakesarja. Jokainen osake tuottaa yhden \u00e4\u00e4nen ja yht\u00e4l\u00e4isen oikeuden yhti\u00f6n osinkoon.<\/p>\n\n\n\n<table id=\"tablepress-22\" class=\"tablepress tablepress-id-22\">\n<thead>\n<tr class=\"row-1 odd\">\n\t<th class=\"column-1\">Osakkeiden m\u00e4\u00e4r\u00e4<\/th><th class=\"column-2\">2023<\/th><th class=\"column-3\">2022<\/th>\n<\/tr>\n<\/thead>\n<tbody class=\"row-hover\">\n<tr class=\"row-2 even\">\n\t<td class=\"column-1\"><\/td><td class=\"column-2\">201 360<\/td><td class=\"column-3\">201 360<\/td>\n<\/tr>\n<\/tbody>\n<\/table>\n\n\n\n<p>Yhti\u00f6ll\u00e4 on edelleen voimassa oleva valtuutus laskea liikkeeseen uusia osakkeita.<\/p>\n\n\n\n<h2 class=\"wp-block-heading\">L\u00e4hipiirilainat<\/h2>\n\n\n\n<p>Yhti\u00f6 on my\u00f6nt\u00e4nyt lainoja konserniin kuuluville yhti\u00f6ille. Lainojen kokonaism\u00e4\u00e4r\u00e4 on 318 039,60 euroa ja laina-aika enint\u00e4\u00e4n 5 vuotta. Lainat maksetaan takaisin tasaerin\u00e4 ja korko maksetaan lainaer\u00e4n yhteydess\u00e4. Lainojen korko on sidottu p\u00e4\u00e4asiassa kiinte\u00e4\u00e4n korkoon tai laskennalliseen korkoon. Lainoilla ei ole vakuuksia.<\/p>\n","protected":false},"excerpt":{"rendered":"<p>Yleist\u00e4 FORCIT Groupilla on toimintaa kolmella liiketoiminta-alueella: FORCIT Explosives toimii siviilir\u00e4j\u00e4hdetoimialalla sek\u00e4 poraamiseen ja r\u00e4j\u00e4ytyksiin liittyvien ohjelmistojen alalla; FORCIT Defencen liiketoiminta on suuntautunut puolustusvoimille ja puolustustarvikkeiden valmistajille; ja FORCIT Consulting tarjoaa mittaus-, valvonta-, konsultointi- ja koulutuspalveluita. FORCITin tavoitteena on parantaa asemaansa Pohjoismaiden markkinajohtajana ja ensisijaisena r\u00e4j\u00e4hteisiin, panostamiseen ja ymp\u00e4rist\u00f6vaikutusten arviointiin liittyvien palveluiden, tuotteiden ja osaamisen [&#8230;]<\/p>\n<p><a class=\"btn btn-secondary understrap-read-more-link\" href=\"https:\/\/annualreport.forcitgroup.com\/2023\/fi\/toimintakertomus\/konsernin-talous-ja-toiminta\/\">Read More&#8230;<span class=\"screen-reader-text\"> from Konsernin talous ja toiminta<\/span><\/a><\/p>\n","protected":false},"author":1,"featured_media":1363,"parent":412,"menu_order":0,"comment_status":"closed","ping_status":"closed","template":"","meta":{"_acf_changed":false,"footnotes":""},"acf":[],"_links":{"self":[{"href":"https:\/\/annualreport.forcitgroup.com\/2023\/wp-json\/wp\/v2\/pages\/429"}],"collection":[{"href":"https:\/\/annualreport.forcitgroup.com\/2023\/wp-json\/wp\/v2\/pages"}],"about":[{"href":"https:\/\/annualreport.forcitgroup.com\/2023\/wp-json\/wp\/v2\/types\/page"}],"author":[{"embeddable":true,"href":"https:\/\/annualreport.forcitgroup.com\/2023\/wp-json\/wp\/v2\/users\/1"}],"replies":[{"embeddable":true,"href":"https:\/\/annualreport.forcitgroup.com\/2023\/wp-json\/wp\/v2\/comments?post=429"}],"version-history":[{"count":2,"href":"https:\/\/annualreport.forcitgroup.com\/2023\/wp-json\/wp\/v2\/pages\/429\/revisions"}],"predecessor-version":[{"id":1279,"href":"https:\/\/annualreport.forcitgroup.com\/2023\/wp-json\/wp\/v2\/pages\/429\/revisions\/1279"}],"up":[{"embeddable":true,"href":"https:\/\/annualreport.forcitgroup.com\/2023\/wp-json\/wp\/v2\/pages\/412"}],"wp:featuredmedia":[{"embeddable":true,"href":"https:\/\/annualreport.forcitgroup.com\/2023\/wp-json\/wp\/v2\/media\/1363"}],"wp:attachment":[{"href":"https:\/\/annualreport.forcitgroup.com\/2023\/wp-json\/wp\/v2\/media?parent=429"}],"curies":[{"name":"wp","href":"https:\/\/api.w.org\/{rel}","templated":true}]}}