{"id":432,"date":"2023-03-01T12:44:22","date_gmt":"2023-03-01T10:44:22","guid":{"rendered":"https:\/\/annualreport.forcitgroup.com\/?page_id=432"},"modified":"2024-03-21T08:14:44","modified_gmt":"2024-03-21T08:14:44","slug":"liiketoiminta-alueiden-kehitys","status":"publish","type":"page","link":"https:\/\/annualreport.forcitgroup.com\/2023\/fi\/toimintakertomus\/liiketoiminta-alueiden-kehitys\/","title":{"rendered":"Liiketoiminta-alueiden kehitys"},"content":{"rendered":"\n<div style=\"height:75px\" aria-hidden=\"true\" class=\"wp-block-spacer\"><\/div>\n\n\n\n<figure class=\"wp-block-image size-full\"><img loading=\"lazy\" decoding=\"async\" width=\"640\" height=\"360\" src=\"https:\/\/annualreport.forcitgroup.com\/2022\/2023\/wp-content\/uploads\/sites\/2\/2024\/03\/Forcit-Explosives-Swift-in-action-00448.jpg\" alt=\"\" class=\"wp-image-1144\" srcset=\"https:\/\/annualreport.forcitgroup.com\/2023\/wp-content\/uploads\/sites\/2\/2024\/03\/Forcit-Explosives-Swift-in-action-00448.jpg 640w, https:\/\/annualreport.forcitgroup.com\/2023\/wp-content\/uploads\/sites\/2\/2024\/03\/Forcit-Explosives-Swift-in-action-00448-300x169.jpg 300w\" sizes=\"(max-width: 640px) 100vw, 640px\" \/><\/figure>\n\n\n\n<h2 class=\"wp-block-heading\">Explosives<\/h2>\n\n\n\n<p>FORCIT Explosivesin liikevaihto laski vuonna 2023 p\u00e4\u00e4osin raaka-ainehintojen osittaisen normalisoitumisen vuoksi vuoden 2022 huipun j\u00e4lkeen. Loppuasiakashintoja korjattiin alasp\u00e4in raaka-ainekustannusten laskun my\u00f6t\u00e4. Liikevaihto euroissa laski my\u00f6s johtuen Norjan ja Ruotsin valuuttojen merkitt\u00e4v\u00e4st\u00e4 arvonlaskusta euroon verrattuna.<\/p>\n\n\n\n<p>Haastavasta yleisest\u00e4 taloudellisesta ymp\u00e4rist\u00f6st\u00e4 huolimatta tuotantom\u00e4\u00e4r\u00e4t pysyiv\u00e4t edellisvuosien tasolla, ja vuoden aikana avattiin muutama uusi toimipiste palvelemaan asiakkaita Ruotsissa ja Norjassa. Yhti\u00f6 jatkoi investointeja tulevan kasvun tukemiseksi ja s\u00e4ilytt\u00e4\u00e4kseen liikkuvan panostuskalustonsa ja muiden teknologioiden korkean teknisen tason.&nbsp;<\/p>\n\n\n\n<div style=\"height:50px\" aria-hidden=\"true\" class=\"wp-block-spacer\"><\/div>\n\n\n\n<figure class=\"wp-block-image size-full\"><img loading=\"lazy\" decoding=\"async\" width=\"640\" height=\"360\" src=\"https:\/\/annualreport.forcitgroup.com\/2022\/2023\/wp-content\/uploads\/sites\/2\/2024\/03\/Defence-00203_2.jpg\" alt=\"\" class=\"wp-image-1152\" srcset=\"https:\/\/annualreport.forcitgroup.com\/2023\/wp-content\/uploads\/sites\/2\/2024\/03\/Defence-00203_2.jpg 640w, https:\/\/annualreport.forcitgroup.com\/2023\/wp-content\/uploads\/sites\/2\/2024\/03\/Defence-00203_2-300x169.jpg 300w\" sizes=\"(max-width: 640px) 100vw, 640px\" \/><\/figure>\n\n\n\n<h2 class=\"wp-block-heading\">Defence<\/h2>\n\n\n\n<p>FORCIT Defencen liikevaihto ja tilauskanta jatkoivat voimakasta kasvuaan edellisvuoteen verrattuna. Vuoden 2023 aikana painopistealueita olivat tuotantokapasiteetin lis\u00e4\u00e4minen ja t\u00e4rkeimpien raaka-aineiden saatavuuden varmistaminen.<\/p>\n\n\n\n<div style=\"height:50px\" aria-hidden=\"true\" class=\"wp-block-spacer\"><\/div>\n\n\n\n<figure class=\"wp-block-image size-full\"><img loading=\"lazy\" decoding=\"async\" width=\"640\" height=\"360\" src=\"https:\/\/annualreport.forcitgroup.com\/2022\/2023\/wp-content\/uploads\/sites\/2\/2024\/03\/Forcit-Consulting-Tapiola_Lansituulentie-10-2.jpg\" alt=\"\" class=\"wp-image-1146\" srcset=\"https:\/\/annualreport.forcitgroup.com\/2023\/wp-content\/uploads\/sites\/2\/2024\/03\/Forcit-Consulting-Tapiola_Lansituulentie-10-2.jpg 640w, https:\/\/annualreport.forcitgroup.com\/2023\/wp-content\/uploads\/sites\/2\/2024\/03\/Forcit-Consulting-Tapiola_Lansituulentie-10-2-300x169.jpg 300w\" sizes=\"(max-width: 640px) 100vw, 640px\" \/><\/figure>\n\n\n\n<h2 class=\"wp-block-heading\">Consulting<\/h2>\n\n\n\n<p>FORCIT Consultingin liikevaihto laski vuonna 2023 heikentyneiden markkinaolosuhteiden vuoksi. Kannattavuus kuitenkin parani kohdennetun operatiivisen osaamisen ohjelman ansiosta. Consulting-liiketoiminta-alue perusti uudet toimistot Lappeenrantaan ja Norjan Molde-Trondheimiin. Akustiikan mallinnusliiketoiminta jatkoi kasvuaan markkinoiden yleisest\u00e4 heikkenemisest\u00e4 huolimatta.<\/p>\n\n\n\n<h2 class=\"wp-block-heading\">Tutkimus ja kehitys<\/h2>\n\n\n\n<p>FORCIT Explosives -liiketoiminta-alue jatkoi typett\u00f6mien r\u00e4j\u00e4hdetuotteiden ja uuden vihre\u00e4n tuotesarjan kehityst\u00e4. Lis\u00e4ksi uuden langattoman sytytysj\u00e4rjestelm\u00e4n ja O-Pitblast-alustan kehitys jatkui.<\/p>\n\n\n\n<p>FORCIT Defencen tutkimus- ja kehitysty\u00f6ss\u00e4 keskityttiin vedenalaisten j\u00e4rjestelmien ja FORCIT Sentry Area Denial System -j\u00e4rjestelm\u00e4n jatkokehitt\u00e4miseen. Sentry-j\u00e4rjestelm\u00e4n ensimm\u00e4iset sarjatoimitukset tapahtuivat vuonna 2023.<\/p>\n\n\n\n<p>Mittausdatan k\u00e4sittely-, hallinta- ja k\u00e4ytt\u00f6alustan kehitysty\u00f6 jatkui FORCITin Consulting-liiketoiminta-alueella.<\/p>\n\n\n\n<h2 class=\"wp-block-heading\">Investoinnit<\/h2>\n\n\n\n<p>Konsernin kokonaisinvestoinnit olivat tilikauden aikana yritysj\u00e4rjestelyt mukaan luettuina 28,1 miljoonaa euroa (11,6 miljoonaa euroa) ja leasingrahoitus mukaan lukien 29,0 miljoonaa euroa (12,3 miljoonaa euroa). Emoyhti\u00f6n investoinnit omaan toimintaansa olivat 19,3 miljoonaa euroa (5,9 miljoonaa euroa). Konsernin kokonaisinvestoinnit leasingrahoitus mukaan lukien olivat 13,5 % vuoden liikevaihdosta.<\/p>\n\n\n\n<p>T\u00e4rkeimm\u00e4t investoinnit koskivat Defence-liiketoiminnan kapasiteetin kasvattamista ja FORCIT Explosives -liiketoiminta-alueen palveluverkon laajentamista. My\u00f6s huomattavien investointien tekemist\u00e4 panostus- ja toimitusprosessien digitalisointiin jatkettiin. FORCIT Consulting investoi p\u00e4\u00e4asiassa t\u00e4rin\u00e4- ja melumittauslaitteisiin ja -ohjelmistoihin.<\/p>\n","protected":false},"excerpt":{"rendered":"<p>Explosives FORCIT Explosivesin liikevaihto laski vuonna 2023 p\u00e4\u00e4osin raaka-ainehintojen osittaisen normalisoitumisen vuoksi vuoden 2022 huipun j\u00e4lkeen. Loppuasiakashintoja korjattiin alasp\u00e4in raaka-ainekustannusten laskun my\u00f6t\u00e4. Liikevaihto euroissa laski my\u00f6s johtuen Norjan ja Ruotsin valuuttojen merkitt\u00e4v\u00e4st\u00e4 arvonlaskusta euroon verrattuna. Haastavasta yleisest\u00e4 taloudellisesta ymp\u00e4rist\u00f6st\u00e4 huolimatta tuotantom\u00e4\u00e4r\u00e4t pysyiv\u00e4t edellisvuosien tasolla, ja vuoden aikana avattiin muutama uusi toimipiste palvelemaan asiakkaita Ruotsissa ja [&#8230;]<\/p>\n<p><a class=\"btn btn-secondary understrap-read-more-link\" href=\"https:\/\/annualreport.forcitgroup.com\/2023\/fi\/toimintakertomus\/liiketoiminta-alueiden-kehitys\/\">Read More&#8230;<span class=\"screen-reader-text\"> from Liiketoiminta-alueiden kehitys<\/span><\/a><\/p>\n","protected":false},"author":1,"featured_media":1361,"parent":412,"menu_order":0,"comment_status":"closed","ping_status":"closed","template":"","meta":{"_acf_changed":false,"footnotes":""},"acf":[],"_links":{"self":[{"href":"https:\/\/annualreport.forcitgroup.com\/2023\/wp-json\/wp\/v2\/pages\/432"}],"collection":[{"href":"https:\/\/annualreport.forcitgroup.com\/2023\/wp-json\/wp\/v2\/pages"}],"about":[{"href":"https:\/\/annualreport.forcitgroup.com\/2023\/wp-json\/wp\/v2\/types\/page"}],"author":[{"embeddable":true,"href":"https:\/\/annualreport.forcitgroup.com\/2023\/wp-json\/wp\/v2\/users\/1"}],"replies":[{"embeddable":true,"href":"https:\/\/annualreport.forcitgroup.com\/2023\/wp-json\/wp\/v2\/comments?post=432"}],"version-history":[{"count":3,"href":"https:\/\/annualreport.forcitgroup.com\/2023\/wp-json\/wp\/v2\/pages\/432\/revisions"}],"predecessor-version":[{"id":1280,"href":"https:\/\/annualreport.forcitgroup.com\/2023\/wp-json\/wp\/v2\/pages\/432\/revisions\/1280"}],"up":[{"embeddable":true,"href":"https:\/\/annualreport.forcitgroup.com\/2023\/wp-json\/wp\/v2\/pages\/412"}],"wp:featuredmedia":[{"embeddable":true,"href":"https:\/\/annualreport.forcitgroup.com\/2023\/wp-json\/wp\/v2\/media\/1361"}],"wp:attachment":[{"href":"https:\/\/annualreport.forcitgroup.com\/2023\/wp-json\/wp\/v2\/media?parent=432"}],"curies":[{"name":"wp","href":"https:\/\/api.w.org\/{rel}","templated":true}]}}