{"id":436,"date":"2023-03-01T12:48:57","date_gmt":"2023-03-01T10:48:57","guid":{"rendered":"https:\/\/annualreport.forcitgroup.com\/?page_id=436"},"modified":"2024-03-21T08:24:19","modified_gmt":"2024-03-21T08:24:19","slug":"ennusteet","status":"publish","type":"page","link":"https:\/\/annualreport.forcitgroup.com\/2023\/fi\/toimintakertomus\/ennusteet\/","title":{"rendered":"Ennusteet"},"content":{"rendered":"\n<h2 class=\"wp-block-heading\">Riskit ja ep\u00e4varmuustekij\u00e4t<\/h2>\n\n\n\n<p>Globaalien ja eurooppalaisten heikkojen talousn\u00e4kymien odotetaan vaikuttavan jatkossakin erityisesti Explosives-liiketoimintamme urakoitsijasegmenttiin ja Consulting-liiketoimintaamme. Ennusteet rakennusmarkkinoiden aktiivisuudesta vuonna 2024 ovat muuttuneet negatiivisemmiksi viime vuoden aikana kaikissa Pohjoismaissa.<\/p>\n\n\n\n<p>Koska yhti\u00f6n toiminnoista merkitt\u00e4v\u00e4 osa on Ruotsissa ja Norjassa, Ruotsin kruunun ja euron sek\u00e4 Norjan kruunun ja euron v\u00e4liset kurssimuutokset muodostavat valuuttariskin. Yhti\u00f6 on edelleen pyrkinyt suojautumaan valuuttariskej\u00e4 vastaan erilaisten sopimusten avulla.<\/p>\n\n\n\n<p>Ukrainan sota ja siihen liittyv\u00e4t geopoliittiset j\u00e4nnitteet ovat lis\u00e4nneet IT- ja hybridiuhkiin liittyvi\u00e4 riskej\u00e4. Yhti\u00f6 on sen vuoksi jatkanut merkitt\u00e4vi\u00e4 investointeja ja keskittynyt entist\u00e4 enemm\u00e4n tietoturvaan ja fyysiseen turvallisuuteen.<\/p>\n\n\n\n<h2 class=\"wp-block-heading\">Vuoden 2024 n\u00e4kym\u00e4t<\/h2>\n\n\n\n<p>Infrarakentamisen n\u00e4kym\u00e4t ovat edelleen varovaiset yleisten talousn\u00e4kymien vuoksi. Kaivossegmenttiin kohdistuu vuoden 2023 tulokseen verrattuna neutraaleja odotuksia. Vuoden 2024 suurimmat huolenaiheet liittyv\u00e4t Euroopan ja Pohjoismaiden talousn\u00e4kymiin. Kilpailu siviilir\u00e4j\u00e4hdemarkkinoilla on edelleen kovaa. Yhti\u00f6 uskoo kuitenkin FORCIT Explosivesin pystyv\u00e4n harjoittamaan edelleen kannattavaa liiketoimintaa p\u00e4\u00e4markkinoillaan pit\u00e4m\u00e4ll\u00e4 yll\u00e4 hyv\u00e4\u00e4 kilpailukyky\u00e4\u00e4n ja keskittym\u00e4ll\u00e4 edelleen toimintansa kehitt\u00e4miseen ja tehokkuuteen.<\/p>\n\n\n\n<p>FORCIT Defence -liiketoiminta-alueen tilauskanta jatkoi kasvuaan vuonna 2023, ja tuotantokapasiteetin lis\u00e4\u00e4miseen tehtyjen investointien my\u00f6t\u00e4 yritys luottaa kykyyns\u00e4 jatkaa Defence-liiketoiminnan kasvua vuonna 2024.<\/p>\n\n\n\n<p>FORCIT Consultingilla on vahva markkina-asema ja hyv\u00e4t kasvumahdollisuudet maantieteellisen laajentumisen ja palvelutarjontansa kehitt\u00e4misen kautta markkinoiden heikoista n\u00e4kymist\u00e4 huolimatta.<\/p>\n\n\n\n<p>Tiivist\u00e4en voidaan todeta, ett\u00e4 yhti\u00f6 odottaa vuonna 2024 myynnin kasvavan vuoteen 2023 verrattuna puolustustuotteiden kysynn\u00e4n kasvun vuoksi. Yritys odottaa kasvun olevan kannattavaa.<\/p>\n","protected":false},"excerpt":{"rendered":"<p>Riskit ja ep\u00e4varmuustekij\u00e4t Globaalien ja eurooppalaisten heikkojen talousn\u00e4kymien odotetaan vaikuttavan jatkossakin erityisesti Explosives-liiketoimintamme urakoitsijasegmenttiin ja Consulting-liiketoimintaamme. Ennusteet rakennusmarkkinoiden aktiivisuudesta vuonna 2024 ovat muuttuneet negatiivisemmiksi viime vuoden aikana kaikissa Pohjoismaissa. Koska yhti\u00f6n toiminnoista merkitt\u00e4v\u00e4 osa on Ruotsissa ja Norjassa, Ruotsin kruunun ja euron sek\u00e4 Norjan kruunun ja euron v\u00e4liset kurssimuutokset muodostavat valuuttariskin. Yhti\u00f6 on edelleen pyrkinyt [&#8230;]<\/p>\n<p><a class=\"btn btn-secondary understrap-read-more-link\" href=\"https:\/\/annualreport.forcitgroup.com\/2023\/fi\/toimintakertomus\/ennusteet\/\">Read More&#8230;<span class=\"screen-reader-text\"> from Ennusteet<\/span><\/a><\/p>\n","protected":false},"author":1,"featured_media":1355,"parent":412,"menu_order":0,"comment_status":"closed","ping_status":"closed","template":"","meta":{"_acf_changed":false,"footnotes":""},"acf":[],"_links":{"self":[{"href":"https:\/\/annualreport.forcitgroup.com\/2023\/wp-json\/wp\/v2\/pages\/436"}],"collection":[{"href":"https:\/\/annualreport.forcitgroup.com\/2023\/wp-json\/wp\/v2\/pages"}],"about":[{"href":"https:\/\/annualreport.forcitgroup.com\/2023\/wp-json\/wp\/v2\/types\/page"}],"author":[{"embeddable":true,"href":"https:\/\/annualreport.forcitgroup.com\/2023\/wp-json\/wp\/v2\/users\/1"}],"replies":[{"embeddable":true,"href":"https:\/\/annualreport.forcitgroup.com\/2023\/wp-json\/wp\/v2\/comments?post=436"}],"version-history":[{"count":3,"href":"https:\/\/annualreport.forcitgroup.com\/2023\/wp-json\/wp\/v2\/pages\/436\/revisions"}],"predecessor-version":[{"id":1369,"href":"https:\/\/annualreport.forcitgroup.com\/2023\/wp-json\/wp\/v2\/pages\/436\/revisions\/1369"}],"up":[{"embeddable":true,"href":"https:\/\/annualreport.forcitgroup.com\/2023\/wp-json\/wp\/v2\/pages\/412"}],"wp:featuredmedia":[{"embeddable":true,"href":"https:\/\/annualreport.forcitgroup.com\/2023\/wp-json\/wp\/v2\/media\/1355"}],"wp:attachment":[{"href":"https:\/\/annualreport.forcitgroup.com\/2023\/wp-json\/wp\/v2\/media?parent=436"}],"curies":[{"name":"wp","href":"https:\/\/api.w.org\/{rel}","templated":true}]}}