{"id":457,"date":"2023-03-01T13:06:26","date_gmt":"2023-03-01T11:06:26","guid":{"rendered":"https:\/\/annualreport.forcitgroup.com\/?page_id=457"},"modified":"2024-03-21T08:29:41","modified_gmt":"2024-03-21T08:29:41","slug":"vd-ord","status":"publish","type":"page","link":"https:\/\/annualreport.forcitgroup.com\/2023\/sv\/verksamhetsberattelse\/vd-ord\/","title":{"rendered":"VD-Ord"},"content":{"rendered":"\n<div style=\"height:75px\" aria-hidden=\"true\" class=\"wp-block-spacer\"><\/div>\n\n\n\n<figure class=\"wp-block-image size-full\"><img loading=\"lazy\" decoding=\"async\" width=\"800\" height=\"576\" src=\"https:\/\/annualreport.forcitgroup.com\/2022\/2023\/wp-content\/uploads\/sites\/2\/2024\/03\/Joakim-Westerlund-2024-2.jpg\" alt=\"\" class=\"wp-image-1356\" srcset=\"https:\/\/annualreport.forcitgroup.com\/2023\/wp-content\/uploads\/sites\/2\/2024\/03\/Joakim-Westerlund-2024-2.jpg 800w, https:\/\/annualreport.forcitgroup.com\/2023\/wp-content\/uploads\/sites\/2\/2024\/03\/Joakim-Westerlund-2024-2-300x216.jpg 300w, https:\/\/annualreport.forcitgroup.com\/2023\/wp-content\/uploads\/sites\/2\/2024\/03\/Joakim-Westerlund-2024-2-768x553.jpg 768w\" sizes=\"(max-width: 800px) 100vw, 800px\" \/><figcaption class=\"wp-element-caption\">Joakim Westerlund,<br>Verkst\u00e4llande direkt\u00f6r,<br>FORCIT Group<\/figcaption><\/figure>\n\n\n\n<h2 class=\"wp-block-heading\">VD-ORD<\/h2>\n\n\n\n<p class=\"lead\">I milj\u00f6n d\u00e4r vi lever och verkar har vi nu en f\u00f6r\u00e4ndring utan motstycke.<\/p>\n\n\n\n<p>Klimatf\u00f6r\u00e4ndringarna har beskrivits som ett existentiellt hot. Inte bara av klimatforskare, utan \u00e4ven av v\u00e4rldens m\u00e4ktigaste ledare. Man kan prata om ett bokstavligt hot mot hela m\u00e4nsklighetens existens, men ocks\u00e5 en fara att den okontrollerade klimatf\u00f6r\u00e4ndringen kan \u00e4ndra hela v\u00e5rt s\u00e4tt att leva och finnas.<\/p>\n\n\n\n<p>Det f\u00f6r\u00e4ndrade geopolitiska landskapet har skapat nya globala sp\u00e4nningar som tagit fart med Rysslands aggressionskrig, konflikten i Gaza och de \u00f6kande sp\u00e4nningarna i \u00d6st- och Sydostasien.&nbsp;<\/p>\n\n\n\n<p>P\u00e5 FORCIT ser vi sj\u00e4lvklart att megatrenderna p\u00e5verkar oss ocks\u00e5. Men vi tror att vi har en avg\u00f6rande roll i att motverka de negativa effekterna.<\/p>\n\n\n\n<p>I mars 2023 f\u00f6reslog EU-kommissionen en rad \u00e5tg\u00e4rder i form av en europeisk <strong>lag om kritiska r\u00e5varor (Critical Raw Materials Act, CRMA) f\u00f6r att s\u00e4kerst\u00e4lla EU:s tillg\u00e5ng till en s\u00e4ker, diversifierad, prisv\u00e4rd och h\u00e5llbar f\u00f6rs\u00f6rjning av kritiska r\u00e5varor.<\/strong> Listan \u00f6ver 34 kritiska r\u00e5varor, varav 17 \u00e4r strategiska, har avg\u00f6rande betydelse f\u00f6r hela samh\u00e4llet och den gr\u00f6na omst\u00e4llningen f\u00f6r att stoppa klimatf\u00f6r\u00e4ndringarna. P\u00e5 listan finns bland annat mineraler och metaller f\u00f6r tillverkning av batterier till elfordon, vindkraftverk, solpaneler och digital teknik. De kritiska r\u00e5varorna \u00e4r inte bara n\u00f6dv\u00e4ndiga f\u00f6r att samh\u00e4llet ska kunna fungera och f\u00f6r den gr\u00f6na omst\u00e4llningen, utan efterfr\u00e5gan p\u00e5 dem f\u00f6rv\u00e4ntas \u00f6ka exponentiellt under de kommande \u00e5ren. M\u00e5nga av r\u00e5varorna, och merparten av volymen, utvinns och f\u00f6r\u00e4dlas utanf\u00f6r EU. Det inneb\u00e4r stora risker f\u00f6r leveransst\u00f6rningar och g\u00f6r EU s\u00e5rbart f\u00f6r b\u00e5de politisk och ekonomisk utpressning. CRMA har som m\u00e5l att \u00f6ka och diversifiera EU:s tillg\u00e5ng till kritiska r\u00e5varor, st\u00e4rka \u00e5tervinningen och st\u00f6dja forskning och innovationer kring resurseffektivitet och utveckling av ers\u00e4ttningsprodukter. Ett av de kvantitativa m\u00e5len \u00e4r att minst 10 procent av EU:s \u00e5rsf\u00f6rbrukning ska komma fr\u00e5n utvinning inom EU \u00e5r 2030, j\u00e4mf\u00f6rt med den nuvarande niv\u00e5n p\u00e5 under 3. M\u00e5let s\u00e4tter stort tryck p\u00e5 gruvindustrin och p\u00e5 lagstiftarna som ska m\u00f6jligg\u00f6ra den f\u00f6r\u00e4ndring vi beh\u00f6ver f\u00f6r att n\u00e5 v\u00e5ra ambiti\u00f6sa, viktiga m\u00e5l.<\/p>\n\n\n\n<p>De nordiska l\u00e4nderna \u00e4r gruvl\u00e4nder och pionj\u00e4rer inom h\u00e5llbarhet. Den nordiska gruvindustrin och det bredare gruvklustret \u00e4r nog de mest h\u00e5llbara i v\u00e4rlden, med effektiva och innovativa produktionsmetoder, l\u00e4gre utsl\u00e4pp \u00e4n branschen i genomsnitt och en bra arbetsmilj\u00f6. P\u00e5 FORCIT \u00e4r vi stolta att vara ett viktigt kugghjul i en bransch med absolut en nyckelposition f\u00f6r ett motst\u00e5ndskraftigt, rent och gr\u00f6nt Europa.<\/p>\n\n\n\n<p>Efter den sorgliga tv\u00e5\u00e5rsdagen sedan Ryssland inledde fullskalig invasion av Ukraina st\u00e5r den europeiska f\u00f6rsvarsindustrin under press att bygga upp ett trov\u00e4rdigt europeiskt f\u00f6rsvar och avskr\u00e4ckande \u00e5tg\u00e4rder. Med \u00e5rtionden av underinvesteringar, fragmentering, bristande tillg\u00e5ng till kritiska r\u00e5varor och brist p\u00e5 tillverkningskapacitet \u00e4r det ett enormt \u00e5tagande. I en milj\u00f6 med allt mer geopolitik och direkta milit\u00e4ra hot mot Europa har vi p\u00e5 FORCIT tagit v\u00e5r roll p\u00e5 allvar och t\u00e4nker hj\u00e4lpa till att bygga upp det nya f\u00f6rsvaret av Europa. Vi tror p\u00e5 de v\u00e4rden som det medf\u00f6r.&nbsp;<\/p>\n\n\n\n<p>2023 var \u00e5ret d\u00e5 FORCIT firade 130 \u00e5r. Det var ocks\u00e5 \u00e5ret d\u00e5 v\u00e5r roll i samh\u00e4llet framstod allt tydligare. V\u00e5r roll som \u00e4r mer relevant \u00e4n n\u00e5gonsin tidigare.<\/p>\n\n\n\n<div style=\"height:50px\" aria-hidden=\"true\" class=\"wp-block-spacer\"><\/div>\n","protected":false},"excerpt":{"rendered":"<p>VD-ORD I milj\u00f6n d\u00e4r vi lever och verkar har vi nu en f\u00f6r\u00e4ndring utan motstycke. Klimatf\u00f6r\u00e4ndringarna har beskrivits som ett existentiellt hot. Inte bara av klimatforskare, utan \u00e4ven av v\u00e4rldens m\u00e4ktigaste ledare. Man kan prata om ett bokstavligt hot mot hela m\u00e4nsklighetens existens, men ocks\u00e5 en fara att den okontrollerade klimatf\u00f6r\u00e4ndringen kan \u00e4ndra hela v\u00e5rt [&#8230;]<\/p>\n<p><a class=\"btn btn-secondary understrap-read-more-link\" href=\"https:\/\/annualreport.forcitgroup.com\/2023\/sv\/verksamhetsberattelse\/vd-ord\/\">Read More&#8230;<span class=\"screen-reader-text\"> from VD-Ord<\/span><\/a><\/p>\n","protected":false},"author":1,"featured_media":833,"parent":455,"menu_order":0,"comment_status":"closed","ping_status":"closed","template":"","meta":{"_acf_changed":false,"footnotes":""},"acf":[],"_links":{"self":[{"href":"https:\/\/annualreport.forcitgroup.com\/2023\/wp-json\/wp\/v2\/pages\/457"}],"collection":[{"href":"https:\/\/annualreport.forcitgroup.com\/2023\/wp-json\/wp\/v2\/pages"}],"about":[{"href":"https:\/\/annualreport.forcitgroup.com\/2023\/wp-json\/wp\/v2\/types\/page"}],"author":[{"embeddable":true,"href":"https:\/\/annualreport.forcitgroup.com\/2023\/wp-json\/wp\/v2\/users\/1"}],"replies":[{"embeddable":true,"href":"https:\/\/annualreport.forcitgroup.com\/2023\/wp-json\/wp\/v2\/comments?post=457"}],"version-history":[{"count":3,"href":"https:\/\/annualreport.forcitgroup.com\/2023\/wp-json\/wp\/v2\/pages\/457\/revisions"}],"predecessor-version":[{"id":1371,"href":"https:\/\/annualreport.forcitgroup.com\/2023\/wp-json\/wp\/v2\/pages\/457\/revisions\/1371"}],"up":[{"embeddable":true,"href":"https:\/\/annualreport.forcitgroup.com\/2023\/wp-json\/wp\/v2\/pages\/455"}],"wp:featuredmedia":[{"embeddable":true,"href":"https:\/\/annualreport.forcitgroup.com\/2023\/wp-json\/wp\/v2\/media\/833"}],"wp:attachment":[{"href":"https:\/\/annualreport.forcitgroup.com\/2023\/wp-json\/wp\/v2\/media?parent=457"}],"curies":[{"name":"wp","href":"https:\/\/api.w.org\/{rel}","templated":true}]}}