{"id":466,"date":"2023-03-01T13:14:51","date_gmt":"2023-03-01T11:14:51","guid":{"rendered":"https:\/\/annualreport.forcitgroup.com\/?page_id=466"},"modified":"2024-03-21T08:28:39","modified_gmt":"2024-03-21T08:28:39","slug":"affarsenhetsutveckling","status":"publish","type":"page","link":"https:\/\/annualreport.forcitgroup.com\/2023\/sv\/verksamhetsberattelse\/affarsenhetsutveckling\/","title":{"rendered":"Aff\u00e4rsenhetsutveckling"},"content":{"rendered":"\n<div style=\"height:75px\" aria-hidden=\"true\" class=\"wp-block-spacer\"><\/div>\n\n\n\n<figure class=\"wp-block-image size-full\"><img loading=\"lazy\" decoding=\"async\" width=\"640\" height=\"360\" src=\"https:\/\/annualreport.forcitgroup.com\/2022\/2023\/wp-content\/uploads\/sites\/2\/2024\/03\/Forcit-Explosives-Swift-in-action-00448.jpg\" alt=\"\" class=\"wp-image-1144\" srcset=\"https:\/\/annualreport.forcitgroup.com\/2023\/wp-content\/uploads\/sites\/2\/2024\/03\/Forcit-Explosives-Swift-in-action-00448.jpg 640w, https:\/\/annualreport.forcitgroup.com\/2023\/wp-content\/uploads\/sites\/2\/2024\/03\/Forcit-Explosives-Swift-in-action-00448-300x169.jpg 300w\" sizes=\"(max-width: 640px) 100vw, 640px\" \/><\/figure>\n\n\n\n<h2 class=\"wp-block-heading\">Explosives<\/h2>\n\n\n\n<p>FORCIT Explosives int\u00e4kter minskade under 2023 till stor del p\u00e5 grund av den delvisa normaliseringen av r\u00e5varupriserna efter pristoppen 2022. Slutkundspriserna justerades ned\u00e5t med minskade r\u00e5varukostnader. Int\u00e4kterna i euro minskade \u00e4ven p\u00e5 grund av den of\u00f6rdelaktiga kursutvecklingen av de norska och svenska valutorna mot euron.<\/p>\n\n\n\n<p>Trots den \u00f6vergripande utmanande ekonomiska milj\u00f6n l\u00e5g produktionsvolymerna kvar p\u00e5 f\u00f6reg\u00e5ende \u00e5rsniv\u00e5 och n\u00e5gra nya anl\u00e4ggningar f\u00f6r att betj\u00e4na kunder i Sverige och Norge \u00f6ppnades under \u00e5ret. F\u00f6retaget fortsatte att investera i h\u00f6gt tempo f\u00f6r att st\u00f6da framtida tillv\u00e4xt och f\u00f6r att uppr\u00e4tth\u00e5lla den h\u00f6ga tekniska standarden f\u00f6r sin bulkfordonspark och annan teknik.&nbsp;<\/p>\n\n\n\n<div style=\"height:50px\" aria-hidden=\"true\" class=\"wp-block-spacer\"><\/div>\n\n\n\n<figure class=\"wp-block-image size-full\"><img loading=\"lazy\" decoding=\"async\" width=\"640\" height=\"360\" src=\"https:\/\/annualreport.forcitgroup.com\/2022\/2023\/wp-content\/uploads\/sites\/2\/2024\/03\/Defence-00203_2.jpg\" alt=\"\" class=\"wp-image-1152\" srcset=\"https:\/\/annualreport.forcitgroup.com\/2023\/wp-content\/uploads\/sites\/2\/2024\/03\/Defence-00203_2.jpg 640w, https:\/\/annualreport.forcitgroup.com\/2023\/wp-content\/uploads\/sites\/2\/2024\/03\/Defence-00203_2-300x169.jpg 300w\" sizes=\"(max-width: 640px) 100vw, 640px\" \/><\/figure>\n\n\n\n<h2 class=\"wp-block-heading\">Defence<\/h2>\n\n\n\n<p>Int\u00e4kterna och best\u00e4llningarna inom FORCIT Defence fortsatte att \u00f6ka kraftigt j\u00e4mf\u00f6rt med f\u00f6reg\u00e5ende \u00e5r. Under 2023 var fokusen p\u00e5 att \u00f6ka produktionskapaciteten och att s\u00e4kerst\u00e4lla tillg\u00e5ngen p\u00e5 viktiga r\u00e5varor.<\/p>\n\n\n\n<div style=\"height:50px\" aria-hidden=\"true\" class=\"wp-block-spacer\"><\/div>\n\n\n\n<figure class=\"wp-block-image size-full\"><img loading=\"lazy\" decoding=\"async\" width=\"640\" height=\"360\" src=\"https:\/\/annualreport.forcitgroup.com\/2022\/2023\/wp-content\/uploads\/sites\/2\/2024\/03\/Forcit-Consulting-Tapiola_Lansituulentie-10-2.jpg\" alt=\"\" class=\"wp-image-1146\" srcset=\"https:\/\/annualreport.forcitgroup.com\/2023\/wp-content\/uploads\/sites\/2\/2024\/03\/Forcit-Consulting-Tapiola_Lansituulentie-10-2.jpg 640w, https:\/\/annualreport.forcitgroup.com\/2023\/wp-content\/uploads\/sites\/2\/2024\/03\/Forcit-Consulting-Tapiola_Lansituulentie-10-2-300x169.jpg 300w\" sizes=\"(max-width: 640px) 100vw, 640px\" \/><\/figure>\n\n\n\n<h2 class=\"wp-block-heading\">Consulting<\/h2>\n\n\n\n<p>FORCIT Consultings int\u00e4kter minskade under 2023 p\u00e5 grund av f\u00f6rs\u00e4mrade marknadsf\u00f6rh\u00e5llanden. L\u00f6nsamheten \u00f6kade dock tack vare ett m\u00e5linriktat program f\u00f6r verksamhetsoptimering. Aff\u00e4rsomr\u00e5det Consulting \u00f6ppnade nya kontor i Molde-Trondheim i Norge och i Villmanstrand i Finland. Verksamheten inom akustisk modellering fortsatte att v\u00e4xa trots de generellt f\u00f6rs\u00e4mrade marknadsf\u00f6rh\u00e5llandena.<\/p>\n\n\n\n<h2 class=\"wp-block-heading\">Forskning och utveckling&nbsp;&nbsp;&nbsp;<\/h2>\n\n\n\n<p>I aff\u00e4rsenheten FORCIT Explosives fortsatte utvecklingen av kv\u00e4vefria spr\u00e4ng\u00e4mnen samt en ny gr\u00f6n produktlinje. Utvecklingen av en ny tr\u00e5dl\u00f6s t\u00e4ndarteknologi fortsatte samt vidareutvecklingen av O-Pitblast platformen f\u00f6r planering och optimering av borr- och spr\u00e4ngarbeten.<\/p>\n\n\n\n<p>Inom FORCIT Defence har FoU-arbetet fokuserat p\u00e5 den fortsatta utvecklingen av undervattensystem och FORCIT Sentry Area Denial System. De f\u00f6rsta serieleveranserna av Sentry-systemet skedde under 2023.<\/p>\n\n\n\n<p>Inom Consulting har utvecklingsarbetet kring plattformen f\u00f6r hantering, \u00f6vervakning och anv\u00e4ndning av m\u00e4tdata fortsatt.<\/p>\n\n\n\n<h2 class=\"wp-block-heading\">Investeringar<\/h2>\n\n\n\n<p>Koncernens totala investeringar under r\u00e4kenskapsperioden, inklusive fusioner och f\u00f6rv\u00e4rv, uppgick till 28,1 miljoner euro (11,6 miljoner euro), och med leasingfinansieringen inkluderad uppgick de till 29,0 miljoner euro (12,3 miljoner euro). Moderbolagets investeringar i den egna verksamheten uppgick till 19,3 miljoner euro (5,9 miljoner euro). Koncernens totala investeringar inklusive leasingfinansiering uppgick till 13,5 % av \u00e5rsint\u00e4kterna.<\/p>\n\n\n\n<p>De viktigaste investeringarna var att ut\u00f6ka kapaciteten inom Defence-verksamheten samt att ut\u00f6ka servicen\u00e4tverket inom FORCIT Explosives. Betydande investeringar har \u00e4ven gjorts i digitaliseringen av laddnings- och leveransprocesserna. Inom FORCIT Consulting har investeringar gjorts i utrustning och programvara f\u00f6r vibrations- och bullerm\u00e4tningar.<\/p>\n","protected":false},"excerpt":{"rendered":"<p>Explosives FORCIT Explosives int\u00e4kter minskade under 2023 till stor del p\u00e5 grund av den delvisa normaliseringen av r\u00e5varupriserna efter pristoppen 2022. Slutkundspriserna justerades ned\u00e5t med minskade r\u00e5varukostnader. Int\u00e4kterna i euro minskade \u00e4ven p\u00e5 grund av den of\u00f6rdelaktiga kursutvecklingen av de norska och svenska valutorna mot euron. Trots den \u00f6vergripande utmanande ekonomiska milj\u00f6n l\u00e5g produktionsvolymerna kvar [&#8230;]<\/p>\n<p><a class=\"btn btn-secondary understrap-read-more-link\" href=\"https:\/\/annualreport.forcitgroup.com\/2023\/sv\/verksamhetsberattelse\/affarsenhetsutveckling\/\">Read More&#8230;<span class=\"screen-reader-text\"> from Aff\u00e4rsenhetsutveckling<\/span><\/a><\/p>\n","protected":false},"author":1,"featured_media":1361,"parent":455,"menu_order":0,"comment_status":"closed","ping_status":"closed","template":"","meta":{"_acf_changed":false,"footnotes":""},"acf":[],"_links":{"self":[{"href":"https:\/\/annualreport.forcitgroup.com\/2023\/wp-json\/wp\/v2\/pages\/466"}],"collection":[{"href":"https:\/\/annualreport.forcitgroup.com\/2023\/wp-json\/wp\/v2\/pages"}],"about":[{"href":"https:\/\/annualreport.forcitgroup.com\/2023\/wp-json\/wp\/v2\/types\/page"}],"author":[{"embeddable":true,"href":"https:\/\/annualreport.forcitgroup.com\/2023\/wp-json\/wp\/v2\/users\/1"}],"replies":[{"embeddable":true,"href":"https:\/\/annualreport.forcitgroup.com\/2023\/wp-json\/wp\/v2\/comments?post=466"}],"version-history":[{"count":5,"href":"https:\/\/annualreport.forcitgroup.com\/2023\/wp-json\/wp\/v2\/pages\/466\/revisions"}],"predecessor-version":[{"id":1229,"href":"https:\/\/annualreport.forcitgroup.com\/2023\/wp-json\/wp\/v2\/pages\/466\/revisions\/1229"}],"up":[{"embeddable":true,"href":"https:\/\/annualreport.forcitgroup.com\/2023\/wp-json\/wp\/v2\/pages\/455"}],"wp:featuredmedia":[{"embeddable":true,"href":"https:\/\/annualreport.forcitgroup.com\/2023\/wp-json\/wp\/v2\/media\/1361"}],"wp:attachment":[{"href":"https:\/\/annualreport.forcitgroup.com\/2023\/wp-json\/wp\/v2\/media?parent=466"}],"curies":[{"name":"wp","href":"https:\/\/api.w.org\/{rel}","templated":true}]}}