{"id":856,"date":"2023-03-07T15:18:00","date_gmt":"2023-03-07T13:18:00","guid":{"rendered":"https:\/\/annualreport.forcitgroup.com\/?page_id=856"},"modified":"2024-03-20T07:48:50","modified_gmt":"2024-03-20T07:48:50","slug":"allekirjoitukset","status":"publish","type":"page","link":"https:\/\/annualreport.forcitgroup.com\/2023\/fi\/tilinpaatos\/allekirjoitukset\/","title":{"rendered":"Allekirjoitukset"},"content":{"rendered":"\n<div style=\"height:100px\" aria-hidden=\"true\" class=\"wp-block-spacer\"><\/div>\n\n\n\n<p class=\"has-text-align-center\">Helsingiss\u00e4 13. maaliskuuta 2024<\/p>\n\n\n\n<div style=\"height:50px\" aria-hidden=\"true\" class=\"wp-block-spacer\"><\/div>\n\n\n\n<p class=\"has-text-align-center\"><strong>Lauri Stadigh<\/strong>,<br><strong>Hallituksen PJ<\/strong><\/p>\n\n\n\n<p class=\"has-text-align-center\"><strong>Joakim Westerlund,<br>TJ<\/strong><\/p>\n\n\n\n<p class=\"has-text-align-center\"><strong>Hans Karlander<\/strong><\/p>\n\n\n\n<p class=\"has-text-align-center\"><strong>Pasi Tolppanen<\/strong><\/p>\n\n\n\n<p class=\"has-text-align-center\"><strong>Alexander Tallberg<\/strong><\/p>\n\n\n\n<p class=\"has-text-align-center\"><strong>Edoardo Santamaria<\/strong><\/p>\n\n\n\n<div style=\"height:50px\" aria-hidden=\"true\" class=\"wp-block-spacer\"><\/div>\n\n\n\n<p class=\"has-text-align-center\">Suoritetusta tilintarkastuksesta on t\u00e4n\u00e4\u00e4n annettu tilintarkastuskertomus<\/p>\n\n\n\n<p class=\"has-text-align-center\">Helsingiss\u00e4 13. maaliskuuta 2024<\/p>\n\n\n\n<p class=\"has-text-align-center\"><strong>KPMG Oy Ab<\/strong><br><strong>Christian H\u00e4llstr\u00f6m, KHT<\/strong><\/p>\n","protected":false},"excerpt":{"rendered":"<p>Helsingiss\u00e4 13. maaliskuuta 2024 Lauri Stadigh,Hallituksen PJ Joakim Westerlund,TJ Hans Karlander Pasi Tolppanen Alexander Tallberg Edoardo Santamaria Suoritetusta tilintarkastuksesta on t\u00e4n\u00e4\u00e4n annettu tilintarkastuskertomus Helsingiss\u00e4 13. maaliskuuta 2024 KPMG Oy AbChristian H\u00e4llstr\u00f6m, KHT [&#8230;]<\/p>\n<p><a class=\"btn btn-secondary understrap-read-more-link\" href=\"https:\/\/annualreport.forcitgroup.com\/2023\/fi\/tilinpaatos\/allekirjoitukset\/\">Read More&#8230;<span class=\"screen-reader-text\"> from Allekirjoitukset<\/span><\/a><\/p>\n","protected":false},"author":1,"featured_media":0,"parent":542,"menu_order":0,"comment_status":"closed","ping_status":"closed","template":"page-template-numbers.php","meta":{"footnotes":""},"acf":[],"_links":{"self":[{"href":"https:\/\/annualreport.forcitgroup.com\/2023\/wp-json\/wp\/v2\/pages\/856"}],"collection":[{"href":"https:\/\/annualreport.forcitgroup.com\/2023\/wp-json\/wp\/v2\/pages"}],"about":[{"href":"https:\/\/annualreport.forcitgroup.com\/2023\/wp-json\/wp\/v2\/types\/page"}],"author":[{"embeddable":true,"href":"https:\/\/annualreport.forcitgroup.com\/2023\/wp-json\/wp\/v2\/users\/1"}],"replies":[{"embeddable":true,"href":"https:\/\/annualreport.forcitgroup.com\/2023\/wp-json\/wp\/v2\/comments?post=856"}],"version-history":[{"count":3,"href":"https:\/\/annualreport.forcitgroup.com\/2023\/wp-json\/wp\/v2\/pages\/856\/revisions"}],"predecessor-version":[{"id":1342,"href":"https:\/\/annualreport.forcitgroup.com\/2023\/wp-json\/wp\/v2\/pages\/856\/revisions\/1342"}],"up":[{"embeddable":true,"href":"https:\/\/annualreport.forcitgroup.com\/2023\/wp-json\/wp\/v2\/pages\/542"}],"wp:attachment":[{"href":"https:\/\/annualreport.forcitgroup.com\/2023\/wp-json\/wp\/v2\/media?parent=856"}],"curies":[{"name":"wp","href":"https:\/\/api.w.org\/{rel}","templated":true}]}}