{"id":994,"date":"2023-03-09T14:49:11","date_gmt":"2023-03-09T12:49:11","guid":{"rendered":"https:\/\/annualreport.forcitgroup.com\/?page_id=994"},"modified":"2023-03-09T14:49:11","modified_gmt":"2023-03-09T12:49:11","slug":"moderbolagets-finansieringsanalys","status":"publish","type":"page","link":"https:\/\/annualreport.forcitgroup.com\/2023\/sv\/bokslut\/moderbolagets-bokslut\/moderbolagets-finansieringsanalys\/","title":{"rendered":"Moderbolagets finansieringsanalys"},"content":{"rendered":"\n<div style=\"height:40px\" aria-hidden=\"true\" class=\"wp-block-spacer\"><\/div>\n\n\n\n<table id=\"tablepress-55\" class=\"tablepress tablepress-id-55\">\n<thead>\n<tr class=\"row-1 odd\">\n\t<th class=\"column-1\">1000 \u20ac<\/th><th class=\"column-2\">2023<\/th><th class=\"column-3\">2022<\/th>\n<\/tr>\n<\/thead>\n<tbody class=\"row-hover\">\n<tr class=\"row-2 even\">\n\t<td class=\"column-1\">R\u00f6relsens kassafl\u00f6de<\/td><td class=\"column-2\"><\/td><td class=\"column-3\"><\/td>\n<\/tr>\n<tr class=\"row-3 odd\">\n\t<td class=\"column-1\">R\u00f6relsevinst<\/td><td class=\"column-2\">13 551<\/td><td class=\"column-3\">13 586<\/td>\n<\/tr>\n<tr class=\"row-4 even\">\n\t<td class=\"column-1\">Korrigeringar till r\u00f6relsevinsten<\/td><td class=\"column-2\">2 787<\/td><td class=\"column-3\">3 226<\/td>\n<\/tr>\n<tr class=\"row-5 odd\">\n\t<td class=\"column-1\">F\u00f6r\u00e4ndring i r\u00f6relsekapitalet<\/td><td class=\"column-2\">10 597<\/td><td class=\"column-3\">-14 828<\/td>\n<\/tr>\n<tr class=\"row-6 even\">\n\t<td class=\"column-1\">Betalda r\u00e4ntor<\/td><td class=\"column-2\">-961<\/td><td class=\"column-3\">-674<\/td>\n<\/tr>\n<tr class=\"row-7 odd\">\n\t<td class=\"column-1\">Erh\u00e5llna r\u00e4ntor<\/td><td class=\"column-2\">576<\/td><td class=\"column-3\">88<\/td>\n<\/tr>\n<tr class=\"row-8 even\">\n\t<td class=\"column-1\">Erh\u00e5llna dividender<\/td><td class=\"column-2\">24<\/td><td class=\"column-3\">4<\/td>\n<\/tr>\n<tr class=\"row-9 odd\">\n\t<td class=\"column-1\">\u00d6vriga finansiella poster<\/td><td class=\"column-2\">-3<\/td><td class=\"column-3\">0<\/td>\n<\/tr>\n<tr class=\"row-10 even\">\n\t<td class=\"column-1\">Betalda skatter<\/td><td class=\"column-2\">-4 558<\/td><td class=\"column-3\">-1 088<\/td>\n<\/tr>\n<tr class=\"row-11 odd\">\n\t<td class=\"column-1\">R\u00f6relsens kassafl\u00f6de<\/td><td class=\"column-2\">22 013<\/td><td class=\"column-3\">315<\/td>\n<\/tr>\n<tr class=\"row-12 even\">\n\t<td class=\"column-1\">Investeringarnas kassafl\u00f6de<\/td><td class=\"column-2\"><\/td><td class=\"column-3\"><\/td>\n<\/tr>\n<tr class=\"row-13 odd\">\n\t<td class=\"column-1\">Investeringar i materiella och immateriella nyttigheter<\/td><td class=\"column-2\">-17 458<\/td><td class=\"column-3\">-5 781<\/td>\n<\/tr>\n<tr class=\"row-14 even\">\n\t<td class=\"column-1\">F\u00f6rs\u00e4ljning av aktier i dotterbolag<\/td><td class=\"column-2\">2 961<\/td><td class=\"column-3\">0<\/td>\n<\/tr>\n<tr class=\"row-15 odd\">\n\t<td class=\"column-1\">Investeringar i dotterbolag<\/td><td class=\"column-2\">0<\/td><td class=\"column-3\">-271<\/td>\n<\/tr>\n<tr class=\"row-16 even\">\n\t<td class=\"column-1\">F\u00f6r\u00e4ndring i l\u00e5nefordringar<\/td><td class=\"column-2\">5<\/td><td class=\"column-3\">-18<\/td>\n<\/tr>\n<tr class=\"row-17 odd\">\n\t<td class=\"column-1\">Investeringarnas kassafl\u00f6de<\/td><td class=\"column-2\">-14 492<\/td><td class=\"column-3\">-6,070<\/td>\n<\/tr>\n<tr class=\"row-18 even\">\n\t<td class=\"column-1\">Finansieringens kassafl\u00f6de<\/td><td class=\"column-2\"><\/td><td class=\"column-3\"><\/td>\n<\/tr>\n<tr class=\"row-19 odd\">\n\t<td class=\"column-1\">Upptagning av kortfristiga l\u00e5n<\/td><td class=\"column-2\">0<\/td><td class=\"column-3\">304<\/td>\n<\/tr>\n<tr class=\"row-20 even\">\n\t<td class=\"column-1\">\u00c5terbetalning av kortfristiga l\u00e5n<\/td><td class=\"column-2\">-819<\/td><td class=\"column-3\">0<\/td>\n<\/tr>\n<tr class=\"row-21 odd\">\n\t<td class=\"column-1\">Upptagning av l\u00e5ngfristiga l\u00e5n<\/td><td class=\"column-2\">1 044<\/td><td class=\"column-3\">2 000<\/td>\n<\/tr>\n<tr class=\"row-22 even\">\n\t<td class=\"column-1\">\u00c5terbetalning av l\u00e5ngfristiga l\u00e5n<\/td><td class=\"column-2\">-2 270<\/td><td class=\"column-3\">-3 379<\/td>\n<\/tr>\n<tr class=\"row-23 odd\">\n\t<td class=\"column-1\">Utbetalda dividender<\/td><td class=\"column-2\">-5 034<\/td><td class=\"column-3\">-3 423<\/td>\n<\/tr>\n<tr class=\"row-24 even\">\n\t<td class=\"column-1\">Dotterbolags koncernkonto*)<\/td><td class=\"column-2\">17 435<\/td><td class=\"column-3\">4 685<\/td>\n<\/tr>\n<tr class=\"row-25 odd\">\n\t<td class=\"column-1\">Dividend fr\u00e5n dotterbolag<\/td><td class=\"column-2\">6 895<\/td><td class=\"column-3\">2 908<\/td>\n<\/tr>\n<tr class=\"row-26 even\">\n\t<td class=\"column-1\">Erh\u00e5llet koncernbidrag, som betalts<\/td><td class=\"column-2\">1 394<\/td><td class=\"column-3\">1 745<\/td>\n<\/tr>\n<tr class=\"row-27 odd\">\n\t<td class=\"column-1\">Finansieringens kassafl\u00f6de<\/td><td class=\"column-2\">18 645<\/td><td class=\"column-3\">4 839<\/td>\n<\/tr>\n<tr class=\"row-28 even\">\n\t<td class=\"column-1\">F\u00d6R\u00c4NDRING I LIKVIDA MEDEL<\/td><td class=\"column-2\">26 167<\/td><td class=\"column-3\">-916<\/td>\n<\/tr>\n<tr class=\"row-29 odd\">\n\t<td class=\"column-1\">Likvida medel vid periodens b\u00f6rjan<\/td><td class=\"column-2\">4 584<\/td><td class=\"column-3\">5 500<\/td>\n<\/tr>\n<tr class=\"row-30 even\">\n\t<td class=\"column-1\">F\u00f6r\u00e4ndringar under r\u00e4kenskapsperioden<\/td><td class=\"column-2\">26 167<\/td><td class=\"column-3\">-916<\/td>\n<\/tr>\n<tr class=\"row-31 odd\">\n\t<td class=\"column-1\">Likvida medel vid periodens slut<\/td><td class=\"column-2\">30 751<\/td><td class=\"column-3\">4 584<\/td>\n<\/tr>\n<tr class=\"row-32 even\">\n\t<td colspan=\"3\" class=\"column-1\">*) Dotterbolags koncernkonto flyttad till finansieringens kassafl\u00f6de, \u00e4ven \u00e5r 2022 justerad.<\/td>\n<\/tr>\n<\/tbody>\n<\/table>\n","protected":false},"excerpt":{"rendered":"<p> [&#8230;]<\/p>\n<p><a class=\"btn btn-secondary understrap-read-more-link\" href=\"https:\/\/annualreport.forcitgroup.com\/2023\/sv\/bokslut\/moderbolagets-bokslut\/moderbolagets-finansieringsanalys\/\">Read More&#8230;<span class=\"screen-reader-text\"> from Moderbolagets finansieringsanalys<\/span><\/a><\/p>\n","protected":false},"author":1,"featured_media":0,"parent":560,"menu_order":0,"comment_status":"closed","ping_status":"closed","template":"page-template-numbers.php","meta":{"_acf_changed":false,"footnotes":""},"acf":[],"_links":{"self":[{"href":"https:\/\/annualreport.forcitgroup.com\/2023\/wp-json\/wp\/v2\/pages\/994"}],"collection":[{"href":"https:\/\/annualreport.forcitgroup.com\/2023\/wp-json\/wp\/v2\/pages"}],"about":[{"href":"https:\/\/annualreport.forcitgroup.com\/2023\/wp-json\/wp\/v2\/types\/page"}],"author":[{"embeddable":true,"href":"https:\/\/annualreport.forcitgroup.com\/2023\/wp-json\/wp\/v2\/users\/1"}],"replies":[{"embeddable":true,"href":"https:\/\/annualreport.forcitgroup.com\/2023\/wp-json\/wp\/v2\/comments?post=994"}],"version-history":[{"count":0,"href":"https:\/\/annualreport.forcitgroup.com\/2023\/wp-json\/wp\/v2\/pages\/994\/revisions"}],"up":[{"embeddable":true,"href":"https:\/\/annualreport.forcitgroup.com\/2023\/wp-json\/wp\/v2\/pages\/560"}],"wp:attachment":[{"href":"https:\/\/annualreport.forcitgroup.com\/2023\/wp-json\/wp\/v2\/media?parent=994"}],"curies":[{"name":"wp","href":"https:\/\/api.w.org\/{rel}","templated":true}]}}