{"id":414,"date":"2023-03-01T12:27:47","date_gmt":"2023-03-01T10:27:47","guid":{"rendered":"https:\/\/annualreport.forcitgroup.com\/?page_id=414"},"modified":"2025-03-17T13:09:34","modified_gmt":"2025-03-17T13:09:34","slug":"toimitusjohtajan-tervehdys","status":"publish","type":"page","link":"https:\/\/annualreport.forcitgroup.com\/2024\/fi\/toimintakertomus\/toimitusjohtajan-tervehdys\/","title":{"rendered":"Toimitusjohtajan tervehdys"},"content":{"rendered":"\n<div style=\"height:75px\" aria-hidden=\"true\" class=\"wp-block-spacer\"><\/div>\n\n\n\n<figure class=\"wp-block-image size-full is-resized\"><img loading=\"lazy\" decoding=\"async\" width=\"1200\" height=\"706\" src=\"https:\/\/annualreport.forcitgroup.com\/2024\/wp-content\/uploads\/sites\/3\/2025\/03\/FORCIT-Group-CEO-Joakim-Westerlund-a-year-end-review-web.jpg\" alt=\"\" class=\"wp-image-1805\" style=\"width:1000px\" srcset=\"https:\/\/annualreport.forcitgroup.com\/2024\/wp-content\/uploads\/sites\/3\/2025\/03\/FORCIT-Group-CEO-Joakim-Westerlund-a-year-end-review-web.jpg 1200w, https:\/\/annualreport.forcitgroup.com\/2024\/wp-content\/uploads\/sites\/3\/2025\/03\/FORCIT-Group-CEO-Joakim-Westerlund-a-year-end-review-web-300x177.jpg 300w, https:\/\/annualreport.forcitgroup.com\/2024\/wp-content\/uploads\/sites\/3\/2025\/03\/FORCIT-Group-CEO-Joakim-Westerlund-a-year-end-review-web-1024x602.jpg 1024w, https:\/\/annualreport.forcitgroup.com\/2024\/wp-content\/uploads\/sites\/3\/2025\/03\/FORCIT-Group-CEO-Joakim-Westerlund-a-year-end-review-web-768x452.jpg 768w\" sizes=\"(max-width: 1200px) 100vw, 1200px\" \/><figcaption class=\"wp-element-caption\">Joakim Westerlund,<br>Toimitusjohtaja,<br>FORCIT Group<\/figcaption><\/figure>\n\n\n\n<h1 class=\"wp-block-heading\"><strong>Vahvaa kasvua haastavina aikoina<\/strong><\/h1>\n\n\n\n<p class=\"lead has-medium-font-size\"><strong>FORCIT Groupin toimitusjohtaja Joakim Westerlundin vuoden loppukatsaus<\/strong><\/p>\n\n\n\n<p class=\"has-medium-font-size\">Kulunut vuosi on osoittanut meille, ett\u00e4 turvallisuus ja vakaus eiv\u00e4t suinkaan tarkoita paikallaan junnaamista. Vaikka ep\u00e4varmuudesta on tullut uusi normaali ja maailmantalous ei ole viel\u00e4 noussut takaisin jaloilleen, FORCIT Group on pystynyt jatkamaan vakaan kasvun ja kannattavuuden polulla. Olemme my\u00f6s tehneet investointeja varmistaaksemme, ett\u00e4 olemme nykyisille asiakkaillemme edelleen ensisijainen kumppani ja ett\u00e4 voimme vastata uusiin mahdollisuuksiin kasvavalla tuote- ja palveluvalikoimalla ja kapasiteetilla.<\/p>\n\n\n\n<h2 class=\"wp-block-heading\"><strong>Euroopan strategisen autonomian tukeminen<\/strong><\/h2>\n\n\n\n<p>Ymp\u00e4r\u00f6iv\u00e4n maailman ep\u00e4varmuus on kirkastanut rooliamme ja teht\u00e4v\u00e4\u00e4mme entisest\u00e4\u00e4n. Euroopassa ja erityisesti Pohjoismaissa meill\u00e4 on rooli Euroopan strategisen autonomian turvaamisessa. Operatiivista toimintaa tarvitaan l\u00e4helle, jotta riippuvuutemme EU:n ulkopuolelta hankituista kriittisist\u00e4 raaka-aineista v\u00e4henisi. My\u00f6s puolustuskykymme turvaaminen on yh\u00e4 enemm\u00e4n omissa k\u00e4siss\u00e4mme.<\/p>\n\n\n\n<p>Ilmastonmuutos on edelleen yksi kriittisist\u00e4 globaaleista uhkista, joten vihre\u00e4n siirtym\u00e4n on pysytt\u00e4v\u00e4 yritysten ja hallitusten agendalla kaikkialla maailmassa. &nbsp;N\u00e4m\u00e4 megatrendit ovat jatkossakin t\u00e4rke\u00e4ss\u00e4 roolissa tulevaisuuden strategisen etumme kannalta.<\/p>\n\n\n\n<h2 class=\"wp-block-heading\"><strong>Investoinnit Defence-liiketoimintaan ja teknologisiin innovaatioihin<\/strong><\/h2>\n\n\n\n<p>Kuluneena vuonna julkistettuja merkitt\u00e4vi\u00e4 investointip\u00e4\u00e4t\u00f6ksi\u00e4 ovat olleet muun muassa DA-Groupin vedenalaisen teknologialiiketoiminnan hankinta sek\u00e4 lis\u00e4investoinnit Defence-liiketoiminta-alueen j\u00e4rjestelmien tuotantokapasiteettiimme. Lis\u00e4ksi konserni teki kattavaa analyysi- ja esisuunnitteluty\u00f6t\u00e4 valmistellakseen vuonna 2025 teht\u00e4vi\u00e4 p\u00e4\u00e4t\u00f6ksi\u00e4, jotka koskevat uutta TNT-laitosta, jonka on tarkoitus aloittaa toimintansa vuonna 2028. N\u00e4m\u00e4 investoinnit osoittavat puolustusalan kasvavan merkityksen paitsi kotimaassa my\u00f6s laajemmin Euroopassa.&nbsp;<\/p>\n\n\n\n<p>Lis\u00e4ksi olemme jatkaneet strategiamme mukaisella teknologisen kehityksen ja digitalisaation polulla. Siviilir\u00e4j\u00e4hdeliiketoiminnan uuteen tarjontaan liittyv\u00e4 kehitysty\u00f6 eteni vastuullisuus vahvasti keski\u00f6ss\u00e4. Palvelutarjontamme vahvistui my\u00f6s erityisesti langattomien sytytysj\u00e4rjestelmien osalta, kun yrityskaupan my\u00f6t\u00e4 osa Orican liiketoiminnasta siirtyi omistukseemme Suomessa ja Ruotsissa. Yrityskauppa vahvisti yhteisty\u00f6t\u00e4 my\u00f6s Orican teknologiatarjonnan saralla. Viimeisen\u00e4 mutta ei v\u00e4h\u00e4isimp\u00e4n\u00e4 me is\u00e4nn\u00f6imme World Blasting Innovators \u2011tapahtumaa Portossa Portugalissa tulevaisuuden innovoinnin edist\u00e4miseksi. Tapahtuman j\u00e4rjestiv\u00e4t kollegamme O-Pitblastilta, joka on FORCITin ja Enaexin omistama yhteisyritys.<\/p>\n\n\n\n<h2 class=\"wp-block-heading\"><strong>Ydintarjonnan ja -toiminnan vahvistaminen<\/strong><\/h2>\n\n\n\n<p>Kun katsomme tulevaisuuteen, emme etsi vain uusia liiketoimintamahdollisuuksia. Menestyksemme jatkumisen kannalta on ratkaisevan t\u00e4rke\u00e4\u00e4, ett\u00e4 investoimme my\u00f6s nykyisille asiakkaillemme ja asiakassegmenteillemme suunnatun tarjontamme ja palveluidemme yll\u00e4pit\u00e4miseen ja parantamiseen. <a>Olemmekin tehneet enn\u00e4tysm\u00e4isi\u00e4, toimintaamme ja kapasiteettiamme p\u00e4ivitt\u00e4vi\u00e4 investointeja, jotka palvelevat siviilir\u00e4j\u00e4hdeliiketoimintamme ydinasiakkaita. Osana t\u00e4t\u00e4 prosessia vuonna 2024 valmistui Vihtavuoren tilojen uudistamisen ensimm\u00e4inen vaihe.<\/a><\/p>\n\n\n\n<p>Tuotannon ja kapasiteetin tehostamisen lis\u00e4ksi pyrimme jatkuvasti kehitt\u00e4m\u00e4\u00e4n palveluvalikoimaamme ja tuomaan tarjolle uusia innovaatioita. Niin t\u00e4rkeit\u00e4 kuin itse tuotteetkin ovat, todellinen arvomme syntyy asiakaskokemuksesta, jonka osaavat asiantuntijamme asiakkaillemme tarjoavat. FORCITin yli 670 omistautunutta ammattilaista ovat avainasemassa tukemassa asiakkaitamme, kun jatkamme yhdess\u00e4 turvallisen ja kest\u00e4v\u00e4n tulevaisuuden rakentamista. Haluan henkil\u00f6kohtaisesti kiitt\u00e4\u00e4 jokaista henkil\u00f6st\u00f6mme j\u00e4sent\u00e4 kuluneen vuoden aikana tehdyst\u00e4 ty\u00f6st\u00e4.<\/p>\n\n\n\n<h2 class=\"wp-block-heading\"><strong>Turvallisuus ja kest\u00e4vyys pysyv\u00e4t keski\u00f6ss\u00e4<\/strong><\/h2>\n\n\n\n<p>Yrityksen kasvaessa on kuitenkin t\u00e4rke\u00e4\u00e4, ett\u00e4 turvallisuus ja ty\u00f6n laatu pysyv\u00e4t etusijalla. Kun joukkoomme liittyy uusia kollegoita rekrytointien ja yritysostojen kautta, meid\u00e4n on pidett\u00e4v\u00e4 kiinni tinkim\u00e4tt\u00f6mist\u00e4 turvallisuusperiaatteistamme. T\u00e4m\u00e4 tarkoittaa, ett\u00e4 keskitymme jatkossakin tarjoamaan erinomaista perehdytyst\u00e4 ja koulutusta sek\u00e4 uudelle ett\u00e4 vanhalle henkil\u00f6st\u00f6llemme. Voimme olla eritt\u00e4in ylpeit\u00e4 siit\u00e4, ett\u00e4 koko tilikauden aikana meill\u00e4 ei raportoitu yht\u00e4k\u00e4\u00e4n poissaoloon johtanutta tapaturmaa. Jokainen p\u00e4iv\u00e4 ilman turvallisuuspoikkeamia t\u00e4ytyy ansaita kurinalaisella ja omistautuneella ty\u00f6ll\u00e4. Jatkamme sitoutunutta ty\u00f6t\u00e4mme varmistaaksemme, ett\u00e4 jokainen ty\u00f6ntekij\u00e4mme ja sidosryhm\u00e4mme j\u00e4sen palaa joka p\u00e4iv\u00e4 t\u00f6ist\u00e4 terveen\u00e4 kotiin.&nbsp;<\/p>\n\n\n\n<p>FORCIT on ottanut my\u00f6s isoja askelia erityisesti yritysvastuun ja vastuullisuuden saralla. Sen lis\u00e4ksi, ett\u00e4 olemme jatkaneet oman toimintamme ymp\u00e4rist\u00f6toimien parantamista kohentamalla energiatehokkuutta, v\u00e4hent\u00e4m\u00e4ll\u00e4 prosessij\u00e4tett\u00e4 ja lis\u00e4\u00e4m\u00e4ll\u00e4 hiilineutraalin energian osuutta tuotannossa, olemme my\u00f6s p\u00e4\u00e4tt\u00e4v\u00e4isesti edist\u00e4neet CSRD-yhteensopivaa raportointia etuajassa vaaditusta aikataulusta. Uskomme, ett\u00e4 ennakoiva ja l\u00e4pin\u00e4kyv\u00e4 toiminta vie meid\u00e4t pitk\u00e4lle kest\u00e4v\u00e4n kasvun edist\u00e4misess\u00e4.<\/p>\n\n\n\n<h2 class=\"wp-block-heading\"><strong>Rakennamme valoisampaa tulevaisuutta yhteisvoimin<\/strong><\/h2>\n\n\n\n<p>Tilikauden p\u00e4\u00e4ttyess\u00e4 on usein tapana katsoa taaksep\u00e4in ja pohtia t\u00e4h\u00e4nastista toimintaa, mutta uuden vuoden alkaessa on my\u00f6s syyt\u00e4 suunnata katseet vahvasti tulevaisuuteen. Vaikka ep\u00e4varmuuden, ep\u00e4vakauden ja taloudellisten haasteiden vallitessa noin 30 prosentin kasvulukujen saavuttamista voidaan kutsua menestystarinaksi, vuonna 2024 tekemiemme valintojen todellinen onnistuminen ja vaikutus n\u00e4hd\u00e4\u00e4n vasta tulevina vuosina.<\/p>\n\n\n\n<p>Vuonna 2025 jatkamme kest\u00e4v\u00e4\u00e4 kasvua rakentamalla ydinliiketoimintaamme ja tarttumalla vahvasti uusiin mahdollisuuksiin. Turvallisuus ja kest\u00e4v\u00e4 kehitys pysyv\u00e4t strategiamme ja p\u00e4ivitt\u00e4isen toimintamme ytimess\u00e4, kun jatkamme liiketoimintamme kasvattamista ja laajentamista. Olemme kiitollisia asiakkaidemme, kumppaneidemme, omistajiemme ja muiden sidosryhmiemme luottamuksesta. Missiomme on \u2013 ja tulee olemaan \u2013 turvallisten ja kest\u00e4v\u00e4lle pohjalle rakentuvien yhteiskuntien mahdollistaminen olemalla asiakkaidemme ensisijainen kumppani vaativissa kohteissa.<\/p>\n\n\n\n<div style=\"height:50px\" aria-hidden=\"true\" class=\"wp-block-spacer\"><\/div>\n","protected":false},"excerpt":{"rendered":"<p>Vahvaa kasvua haastavina aikoina FORCIT Groupin toimitusjohtaja Joakim Westerlundin vuoden loppukatsaus Kulunut vuosi on osoittanut meille, ett\u00e4 turvallisuus ja vakaus eiv\u00e4t suinkaan tarkoita paikallaan junnaamista. Vaikka ep\u00e4varmuudesta on tullut uusi normaali ja maailmantalous ei ole viel\u00e4 noussut takaisin jaloilleen, FORCIT Group on pystynyt jatkamaan vakaan kasvun ja kannattavuuden polulla. Olemme my\u00f6s tehneet investointeja varmistaaksemme, ett\u00e4 [&#8230;]<\/p>\n<p><a class=\"btn btn-secondary understrap-read-more-link\" href=\"https:\/\/annualreport.forcitgroup.com\/2024\/fi\/toimintakertomus\/toimitusjohtajan-tervehdys\/\">Read More&#8230;<span class=\"screen-reader-text\"> from Toimitusjohtajan tervehdys<\/span><\/a><\/p>\n","protected":false},"author":1,"featured_media":1773,"parent":412,"menu_order":0,"comment_status":"closed","ping_status":"closed","template":"","meta":{"footnotes":""},"acf":[],"_links":{"self":[{"href":"https:\/\/annualreport.forcitgroup.com\/2024\/wp-json\/wp\/v2\/pages\/414"}],"collection":[{"href":"https:\/\/annualreport.forcitgroup.com\/2024\/wp-json\/wp\/v2\/pages"}],"about":[{"href":"https:\/\/annualreport.forcitgroup.com\/2024\/wp-json\/wp\/v2\/types\/page"}],"author":[{"embeddable":true,"href":"https:\/\/annualreport.forcitgroup.com\/2024\/wp-json\/wp\/v2\/users\/1"}],"replies":[{"embeddable":true,"href":"https:\/\/annualreport.forcitgroup.com\/2024\/wp-json\/wp\/v2\/comments?post=414"}],"version-history":[{"count":5,"href":"https:\/\/annualreport.forcitgroup.com\/2024\/wp-json\/wp\/v2\/pages\/414\/revisions"}],"predecessor-version":[{"id":1900,"href":"https:\/\/annualreport.forcitgroup.com\/2024\/wp-json\/wp\/v2\/pages\/414\/revisions\/1900"}],"up":[{"embeddable":true,"href":"https:\/\/annualreport.forcitgroup.com\/2024\/wp-json\/wp\/v2\/pages\/412"}],"wp:featuredmedia":[{"embeddable":true,"href":"https:\/\/annualreport.forcitgroup.com\/2024\/wp-json\/wp\/v2\/media\/1773"}],"wp:attachment":[{"href":"https:\/\/annualreport.forcitgroup.com\/2024\/wp-json\/wp\/v2\/media?parent=414"}],"curies":[{"name":"wp","href":"https:\/\/api.w.org\/{rel}","templated":true}]}}