{"id":432,"date":"2023-03-01T12:44:22","date_gmt":"2023-03-01T10:44:22","guid":{"rendered":"https:\/\/annualreport.forcitgroup.com\/?page_id=432"},"modified":"2025-03-17T13:20:44","modified_gmt":"2025-03-17T13:20:44","slug":"liiketoiminta-alueiden-kehitys","status":"publish","type":"page","link":"https:\/\/annualreport.forcitgroup.com\/2024\/fi\/toimintakertomus\/liiketoiminta-alueiden-kehitys\/","title":{"rendered":"Liiketoiminta-alueiden kehitys"},"content":{"rendered":"\n<div style=\"height:75px\" aria-hidden=\"true\" class=\"wp-block-spacer\"><\/div>\n\n\n\n<h2 class=\"wp-block-heading\">Explosives<\/h2>\n\n\n\n<figure class=\"wp-block-image size-full is-resized\"><img loading=\"lazy\" decoding=\"async\" width=\"800\" height=\"533\" src=\"https:\/\/annualreport.forcitgroup.com\/2024\/wp-content\/uploads\/sites\/3\/2025\/03\/FORCIT-Explosives-Business-unit-development-2024-2.jpg\" alt=\"FORCIT-Explosives-Business-unit-development-20024\" class=\"wp-image-1856\" style=\"aspect-ratio:16\/9;object-fit:cover;width:800px\" srcset=\"https:\/\/annualreport.forcitgroup.com\/2024\/wp-content\/uploads\/sites\/3\/2025\/03\/FORCIT-Explosives-Business-unit-development-2024-2.jpg 800w, https:\/\/annualreport.forcitgroup.com\/2024\/wp-content\/uploads\/sites\/3\/2025\/03\/FORCIT-Explosives-Business-unit-development-2024-2-300x200.jpg 300w, https:\/\/annualreport.forcitgroup.com\/2024\/wp-content\/uploads\/sites\/3\/2025\/03\/FORCIT-Explosives-Business-unit-development-2024-2-768x512.jpg 768w\" sizes=\"(max-width: 800px) 100vw, 800px\" \/><\/figure>\n\n\n\n<p>FORCIT Explosivesin liikevaihto laski hieman vuonna 2024 kaivossegmentin volyymien laskiessa. Yhti\u00f6 jatkoi nopeatempoisia investointejaan tuotantolaitosten modernisointiin tukeakseen kest\u00e4v\u00e4\u00e4 kasvua ja yll\u00e4pit\u00e4\u00e4kseen panostusajoneuvokaluston ja muun teknologian korkeaa teknist\u00e4 tasoa.&nbsp;<\/p>\n\n\n\n<p>Vuoden aikana FORCIT ja Orica sopivat kaupasta, joka koskee osaa Orican toiminnasta Suomessa ja Ruotsissa. Sopimuksen my\u00f6t\u00e4 osa Orican toiminnasta Suomessa ja Ruotsissa siirtyi FORCITille. Sopimukseen sis\u00e4ltyiv\u00e4t henkil\u00f6st\u00f6, varastot ja muut palveluasemat sek\u00e4 palveluiden tuottamiseen tarvittavat laitteet. Sopimuksella laajennettiin my\u00f6s FORCITin nykyist\u00e4 tuotevalikoimaa Orican edistyneill\u00e4 teknologiatuotteilla, kuten langattomilla nalleilla (WebGen\u2122).<\/p>\n\n\n\n<div style=\"height:50px\" aria-hidden=\"true\" class=\"wp-block-spacer\"><\/div>\n\n\n\n<h2 class=\"wp-block-heading\">Defence<\/h2>\n\n\n\n<figure class=\"wp-block-image size-full is-resized\"><img loading=\"lazy\" decoding=\"async\" width=\"640\" height=\"427\" src=\"https:\/\/annualreport.forcitgroup.com\/2024\/wp-content\/uploads\/sites\/3\/2025\/03\/FORCIT-Defence-Business-unit-development-2024.jpg\" alt=\"FORCIT Defence Business unit development 2024\" class=\"wp-image-1852\" style=\"aspect-ratio:16\/9;object-fit:cover;width:800px\" srcset=\"https:\/\/annualreport.forcitgroup.com\/2024\/wp-content\/uploads\/sites\/3\/2025\/03\/FORCIT-Defence-Business-unit-development-2024.jpg 640w, https:\/\/annualreport.forcitgroup.com\/2024\/wp-content\/uploads\/sites\/3\/2025\/03\/FORCIT-Defence-Business-unit-development-2024-300x200.jpg 300w\" sizes=\"(max-width: 640px) 100vw, 640px\" \/><\/figure>\n\n\n\n<p>FORCIT Defencen liikevaihto jatkoi kasvuaan ja tilauskanta oli edelleen suuri. Vuoden 2024 painopistealueita olivat muun muassa tuotantokapasiteetin lis\u00e4\u00e4minen ja t\u00e4rkeiden raaka-aineiden saatavuuden varmistaminen sek\u00e4 uuden toimintamallin uudelleenj\u00e4rjestely ja lanseeraus kest\u00e4v\u00e4n kasvun mahdollistamiseksi. Alex Lagerstedt aloitti Defence-liiketoiminta-alueen johdossa vuonna 2024.<\/p>\n\n\n\n<p>Vuoden 2024 aikana FORCIT osti DA-Groupin vedenalaisen teknologian liiketoiminnan. Yritysosto vahvistaa FORCIT Defencen asemaa kokonaisvaltaisten maa- ja merialueiden puolustusj\u00e4rjestelmien p\u00e4\u00e4toimittajana. Yritysoston my\u00f6t\u00e4 FORCIT Defence vahvisti asemaansa kattamaan kehittynytt\u00e4 osaamista ja teknologiaa, joka liittyy ep\u00e4herkkiin r\u00e4j\u00e4hteisiin, mekaniikkaan, elektroniikkaan ja ohjelmistoihin FORCITin olennaisissa puolustussovelluksissa.<\/p>\n\n\n\n<div style=\"height:0px\" aria-hidden=\"true\" class=\"wp-block-spacer\"><\/div>\n\n\n\n<h2 class=\"wp-block-heading\">Consulting<\/h2>\n\n\n\n<figure class=\"wp-block-image size-full is-resized\"><img loading=\"lazy\" decoding=\"async\" width=\"2048\" height=\"1366\" src=\"https:\/\/annualreport.forcitgroup.com\/2024\/wp-content\/uploads\/sites\/3\/2025\/03\/IMG8469-72.jpg\" alt=\"Forcit Consulting Business Development 2024\" class=\"wp-image-1857\" style=\"aspect-ratio:16\/9;object-fit:cover;width:800px\" srcset=\"https:\/\/annualreport.forcitgroup.com\/2024\/wp-content\/uploads\/sites\/3\/2025\/03\/IMG8469-72.jpg 2048w, https:\/\/annualreport.forcitgroup.com\/2024\/wp-content\/uploads\/sites\/3\/2025\/03\/IMG8469-72-300x200.jpg 300w, https:\/\/annualreport.forcitgroup.com\/2024\/wp-content\/uploads\/sites\/3\/2025\/03\/IMG8469-72-1024x683.jpg 1024w, https:\/\/annualreport.forcitgroup.com\/2024\/wp-content\/uploads\/sites\/3\/2025\/03\/IMG8469-72-768x512.jpg 768w, https:\/\/annualreport.forcitgroup.com\/2024\/wp-content\/uploads\/sites\/3\/2025\/03\/IMG8469-72-1536x1025.jpg 1536w\" sizes=\"(max-width: 2048px) 100vw, 2048px\" \/><\/figure>\n\n\n\n<p>FORCIT Consultingin liikevaihto kasvoi vuonna 2024 haastavista markkinaolosuhteista huolimatta. Kannattavuus jatkoi kasvuaan ajurinaan vuonna 2022 lanseerattu ohjelma, jonka avulla toimintaa on optimoitu tavoitteellisesti.<\/p>\n\n\n\n<p>Bergwerk Oy:n fuusio ja integrointi Consulting-liiketoimintaan saatiin p\u00e4\u00e4t\u00f6kseen vuonna 2024.<\/p>\n\n\n\n<div style=\"height:50px\" aria-hidden=\"true\" class=\"wp-block-spacer\"><\/div>\n\n\n\n<h2 class=\"wp-block-heading\">Tutkimus ja kehitys<\/h2>\n\n\n\n<p>FORCIT Explosives \u2011liiketoimintayksik\u00f6ss\u00e4 jatkettiin typett\u00f6mien r\u00e4j\u00e4hteiden ja uuden vihre\u00e4n tuotelinjan kehitt\u00e4mist\u00e4. Lis\u00e4ksi jatkettiin uuden langattoman sytytysj\u00e4rjestelm\u00e4n ja O-Pitblast-alustan kehitt\u00e4mist\u00e4. <em><\/em><\/p>\n\n\n\n<p>FORCIT Defencen tutkimus- ja kehitysty\u00f6ss\u00e4 keskityttiin vedenalaisten j\u00e4rjestelmien ja FORCIT Sentry Area Denial System \u2011j\u00e4rjestelm\u00e4n jatkokehitt\u00e4miseen.<\/p>\n\n\n\n<p>Mittausdatan k\u00e4sittely-, hallinta- ja k\u00e4ytt\u00f6alustan kehitysty\u00f6 on jatkunut Consulting-liiketoiminta-alueella.<\/p>\n\n\n\n<div style=\"height:50px\" aria-hidden=\"true\" class=\"wp-block-spacer\"><\/div>\n\n\n\n<h2 class=\"wp-block-heading\">Investoinnit<\/h2>\n\n\n\n<p>Konsernin kokonaisinvestoinnit fuusiot ja yritysostot mukaan lukien olivat tilikauden aikana 148,3 miljoonaa euroa (28,1 miljoonaa euroa) ja leasingrahoitus mukaan lukien 149,5 miljoonaa euroa (29,0 miljoonaa euroa). Emoyhti\u00f6n investoinnit omaan toimintaansa olivat 140,0 miljoonaa euroa (19,3 miljoonaa euroa). Konsernin kokonaisinvestoinnit leasingrahoitteiset investoinnit mukaan lukien olivat 54,3&nbsp;% vuosituotoista.<\/p>\n\n\n\n<p>Keskeisimm\u00e4t investoinnit fuusioita ja yritysostoja lukuun ottamatta olivat Defence-liiketoiminta-alueen kapasiteetin laajentaminen sek\u00e4 Vihtavuoren tuotantolaitoksen modernisointi. Merkitt\u00e4vi\u00e4 investointeja on tehty my\u00f6s panostus- ja toimitusprosessien digitalisointiin. FORCIT Consulting on investoinut t\u00e4rin\u00e4- ja melumittauslaitteisiin ja -ohjelmistoihin.<\/p>\n","protected":false},"excerpt":{"rendered":"<p>Explosives FORCIT Explosivesin liikevaihto laski hieman vuonna 2024 kaivossegmentin volyymien laskiessa. Yhti\u00f6 jatkoi nopeatempoisia investointejaan tuotantolaitosten modernisointiin tukeakseen kest\u00e4v\u00e4\u00e4 kasvua ja yll\u00e4pit\u00e4\u00e4kseen panostusajoneuvokaluston ja muun teknologian korkeaa teknist\u00e4 tasoa.&nbsp; Vuoden aikana FORCIT ja Orica sopivat kaupasta, joka koskee osaa Orican toiminnasta Suomessa ja Ruotsissa. Sopimuksen my\u00f6t\u00e4 osa Orican toiminnasta Suomessa ja Ruotsissa siirtyi FORCITille. Sopimukseen [&#8230;]<\/p>\n<p><a class=\"btn btn-secondary understrap-read-more-link\" href=\"https:\/\/annualreport.forcitgroup.com\/2024\/fi\/toimintakertomus\/liiketoiminta-alueiden-kehitys\/\">Read More&#8230;<span class=\"screen-reader-text\"> from Liiketoiminta-alueiden kehitys<\/span><\/a><\/p>\n","protected":false},"author":1,"featured_media":1868,"parent":412,"menu_order":0,"comment_status":"closed","ping_status":"closed","template":"","meta":{"footnotes":""},"acf":[],"_links":{"self":[{"href":"https:\/\/annualreport.forcitgroup.com\/2024\/wp-json\/wp\/v2\/pages\/432"}],"collection":[{"href":"https:\/\/annualreport.forcitgroup.com\/2024\/wp-json\/wp\/v2\/pages"}],"about":[{"href":"https:\/\/annualreport.forcitgroup.com\/2024\/wp-json\/wp\/v2\/types\/page"}],"author":[{"embeddable":true,"href":"https:\/\/annualreport.forcitgroup.com\/2024\/wp-json\/wp\/v2\/users\/1"}],"replies":[{"embeddable":true,"href":"https:\/\/annualreport.forcitgroup.com\/2024\/wp-json\/wp\/v2\/comments?post=432"}],"version-history":[{"count":2,"href":"https:\/\/annualreport.forcitgroup.com\/2024\/wp-json\/wp\/v2\/pages\/432\/revisions"}],"predecessor-version":[{"id":1913,"href":"https:\/\/annualreport.forcitgroup.com\/2024\/wp-json\/wp\/v2\/pages\/432\/revisions\/1913"}],"up":[{"embeddable":true,"href":"https:\/\/annualreport.forcitgroup.com\/2024\/wp-json\/wp\/v2\/pages\/412"}],"wp:featuredmedia":[{"embeddable":true,"href":"https:\/\/annualreport.forcitgroup.com\/2024\/wp-json\/wp\/v2\/media\/1868"}],"wp:attachment":[{"href":"https:\/\/annualreport.forcitgroup.com\/2024\/wp-json\/wp\/v2\/media?parent=432"}],"curies":[{"name":"wp","href":"https:\/\/api.w.org\/{rel}","templated":true}]}}