{"id":436,"date":"2023-03-01T12:48:57","date_gmt":"2023-03-01T10:48:57","guid":{"rendered":"https:\/\/annualreport.forcitgroup.com\/?page_id=436"},"modified":"2025-03-23T19:45:27","modified_gmt":"2025-03-23T19:45:27","slug":"ennusteet","status":"publish","type":"page","link":"https:\/\/annualreport.forcitgroup.com\/2024\/fi\/toimintakertomus\/ennusteet\/","title":{"rendered":"Ennusteet"},"content":{"rendered":"\n<h2 class=\"wp-block-heading\">Riskit ja ep\u00e4varmuustekij\u00e4t<\/h2>\n\n\n\n<p>Euroopan talousn\u00e4kymien odotetaan paranevan hitaasti vuosia kest\u00e4neen heikon talouskasvun j\u00e4lkeen. Ennusteet rakennusmarkkinoiden aktiivisuudesta vuonna 2025 ovat varovasti muuttuneet vuoden takaisia n\u00e4kymi\u00e4 my\u00f6nteisemmiksi kaikissa Pohjoismaissa.<\/p>\n\n\n\n<p>Koska yhti\u00f6n toiminnoista merkitt\u00e4v\u00e4 osa on Ruotsissa ja Norjassa, Ruotsin kruunun ja euron sek\u00e4 Norjan kruunun ja euron v\u00e4liset kurssimuutokset muodostavat valuuttariskin. Yritys on edelleen pyrkinyt suojautumaan valuuttariskej\u00e4 vastaan erilaisten sopimusten avulla.<\/p>\n\n\n\n<p>Ukrainan sota ja siihen liittyv\u00e4t geopoliittiset j\u00e4nnitteet lis\u00e4\u00e4v\u00e4t jatkossakin IT- ja hybridiuhkiin liittyvi\u00e4 riskej\u00e4. Yritys on sen vuoksi keskittynyt entist\u00e4 enemm\u00e4n tietoturvaan ja fyysiseen turvallisuuteen sek\u00e4 tehnyt niihin merkitt\u00e4vi\u00e4 investointeja.<\/p>\n\n\n\n<p>Defence-liiketoiminta-alueen t\u00e4rkeiden raaka-aineiden ja komponenttien saatavuus on heikentynyt puolustustuotteiden kasvaneen kysynn\u00e4n seurauksena. N\u00e4iden hankinta s\u00e4ilyy edelleen painopistealueena.<\/p>\n\n\n\n<h2 class=\"wp-block-heading\">Vuoden 2025 n\u00e4kym\u00e4t<\/h2>\n\n\n\n<p>Infrarakentamisen n\u00e4kym\u00e4t ovat varovaisen positiivisia viime vuosiin verrattuna. Kaivossegmenttiin kohdistuu vuoteen 2024 verrattuna neutraaleja odotuksia. Suurin huolenaihe vuodelle 2025 liittyy Euroopan ja Pohjoismaiden yleisten talousn\u00e4kymien odotettuun elpymiseen. Kilpailu siviilir\u00e4j\u00e4hdemarkkinoilla on edelleen kovaa. Yritys n\u00e4kee kuitenkin, ett\u00e4 FORCIT Explosives pystyy jatkosakin harjoittamaan kannattavaa liiketoimintaa p\u00e4\u00e4markkinoillaan pit\u00e4m\u00e4ll\u00e4 yll\u00e4 hyv\u00e4\u00e4 kilpailukyky\u00e4\u00e4n ja keskittym\u00e4ll\u00e4 edelleen toimintansa kehitt\u00e4miseen ja tehokkuuteen.<\/p>\n\n\n\n<p>FORCIT Defencen tilauskanta pysyi vuonna 2024 korkeana, ja vahvistettuaan asemaansa tuotantokapasiteetin lis\u00e4\u00e4miseen ja yritysostoihin tehdyill\u00e4 investoinneilla yhti\u00f6 on vakuuttunut kyvyst\u00e4\u00e4n jatkaa Defence-liiketoiminnan kasvattamista vuonna 2025.<\/p>\n\n\n\n<p>FORCIT Consultingilla on vahva markkina-asema, ja sill\u00e4 on hyv\u00e4t kasvumahdollisuudet toiminnan maantieteellisen laajentamisen ja palvelutarjontansa kehitt\u00e4misen avulla. Odotuksena on my\u00f6s, ett\u00e4 vuonna 2025 rakennustoiminta alkaa kehitty\u00e4 Pohjoismaissa my\u00f6nteisemmin useiden haastavien vuosien j\u00e4lkeen.<\/p>\n\n\n\n<p>Yhteenvetona voidaan todeta, ett\u00e4 yhti\u00f6 odottaa myynnin kasvavan vuonna 2025 vuoteen 2024 verrattuna p\u00e4\u00e4asiassa puolustustuotteiden kysynn\u00e4n kasvun vuoksi. Yhti\u00f6 odottaa kannattavaa kasvua.<\/p>\n","protected":false},"excerpt":{"rendered":"<p>Riskit ja ep\u00e4varmuustekij\u00e4t Euroopan talousn\u00e4kymien odotetaan paranevan hitaasti vuosia kest\u00e4neen heikon talouskasvun j\u00e4lkeen. Ennusteet rakennusmarkkinoiden aktiivisuudesta vuonna 2025 ovat varovasti muuttuneet vuoden takaisia n\u00e4kymi\u00e4 my\u00f6nteisemmiksi kaikissa Pohjoismaissa. Koska yhti\u00f6n toiminnoista merkitt\u00e4v\u00e4 osa on Ruotsissa ja Norjassa, Ruotsin kruunun ja euron sek\u00e4 Norjan kruunun ja euron v\u00e4liset kurssimuutokset muodostavat valuuttariskin. Yritys on edelleen pyrkinyt suojautumaan valuuttariskej\u00e4 [&#8230;]<\/p>\n<p><a class=\"btn btn-secondary understrap-read-more-link\" href=\"https:\/\/annualreport.forcitgroup.com\/2024\/fi\/toimintakertomus\/ennusteet\/\">Read More&#8230;<span class=\"screen-reader-text\"> from Ennusteet<\/span><\/a><\/p>\n","protected":false},"author":1,"featured_media":1879,"parent":412,"menu_order":0,"comment_status":"closed","ping_status":"closed","template":"","meta":{"footnotes":""},"acf":[],"_links":{"self":[{"href":"https:\/\/annualreport.forcitgroup.com\/2024\/wp-json\/wp\/v2\/pages\/436"}],"collection":[{"href":"https:\/\/annualreport.forcitgroup.com\/2024\/wp-json\/wp\/v2\/pages"}],"about":[{"href":"https:\/\/annualreport.forcitgroup.com\/2024\/wp-json\/wp\/v2\/types\/page"}],"author":[{"embeddable":true,"href":"https:\/\/annualreport.forcitgroup.com\/2024\/wp-json\/wp\/v2\/users\/1"}],"replies":[{"embeddable":true,"href":"https:\/\/annualreport.forcitgroup.com\/2024\/wp-json\/wp\/v2\/comments?post=436"}],"version-history":[{"count":3,"href":"https:\/\/annualreport.forcitgroup.com\/2024\/wp-json\/wp\/v2\/pages\/436\/revisions"}],"predecessor-version":[{"id":1981,"href":"https:\/\/annualreport.forcitgroup.com\/2024\/wp-json\/wp\/v2\/pages\/436\/revisions\/1981"}],"up":[{"embeddable":true,"href":"https:\/\/annualreport.forcitgroup.com\/2024\/wp-json\/wp\/v2\/pages\/412"}],"wp:featuredmedia":[{"embeddable":true,"href":"https:\/\/annualreport.forcitgroup.com\/2024\/wp-json\/wp\/v2\/media\/1879"}],"wp:attachment":[{"href":"https:\/\/annualreport.forcitgroup.com\/2024\/wp-json\/wp\/v2\/media?parent=436"}],"curies":[{"name":"wp","href":"https:\/\/api.w.org\/{rel}","templated":true}]}}