{"id":457,"date":"2023-03-01T13:06:26","date_gmt":"2023-03-01T11:06:26","guid":{"rendered":"https:\/\/annualreport.forcitgroup.com\/?page_id=457"},"modified":"2025-03-17T13:09:04","modified_gmt":"2025-03-17T13:09:04","slug":"vd-ord","status":"publish","type":"page","link":"https:\/\/annualreport.forcitgroup.com\/2024\/sv\/verksamhetsberattelse\/vd-ord\/","title":{"rendered":"VD-Ord"},"content":{"rendered":"\n<div style=\"height:75px\" aria-hidden=\"true\" class=\"wp-block-spacer\"><\/div>\n\n\n\n<figure class=\"wp-block-image size-full is-resized\"><img loading=\"lazy\" decoding=\"async\" width=\"1200\" height=\"706\" src=\"https:\/\/annualreport.forcitgroup.com\/2024\/wp-content\/uploads\/sites\/3\/2025\/03\/FORCIT-Group-CEO-Joakim-Westerlund-a-year-end-review-web.jpg\" alt=\"FORCIT Group CEO Joakim Westerlund a year-end review web\" class=\"wp-image-1805\" style=\"width:1000px\" srcset=\"https:\/\/annualreport.forcitgroup.com\/2024\/wp-content\/uploads\/sites\/3\/2025\/03\/FORCIT-Group-CEO-Joakim-Westerlund-a-year-end-review-web.jpg 1200w, https:\/\/annualreport.forcitgroup.com\/2024\/wp-content\/uploads\/sites\/3\/2025\/03\/FORCIT-Group-CEO-Joakim-Westerlund-a-year-end-review-web-300x177.jpg 300w, https:\/\/annualreport.forcitgroup.com\/2024\/wp-content\/uploads\/sites\/3\/2025\/03\/FORCIT-Group-CEO-Joakim-Westerlund-a-year-end-review-web-1024x602.jpg 1024w, https:\/\/annualreport.forcitgroup.com\/2024\/wp-content\/uploads\/sites\/3\/2025\/03\/FORCIT-Group-CEO-Joakim-Westerlund-a-year-end-review-web-768x452.jpg 768w\" sizes=\"(max-width: 1200px) 100vw, 1200px\" \/><figcaption class=\"wp-element-caption\">Joakim Westerlund,<br>Verkst\u00e4llande direkt\u00f6r,<br>FORCIT Group<\/figcaption><\/figure>\n\n\n\n<h1 class=\"wp-block-heading\"><strong>Resolut tillv\u00e4xt i utmanande tider<\/strong><\/h1>\n\n\n\n<p class=\"lead has-medium-font-size\"><strong>En \u00e5rsavst\u00e4mning med Joakim Westerlund, vd, FORCIT Group<\/strong><\/p>\n\n\n\n<p class=\"has-medium-font-size\">Det senaste \u00e5ret har visat oss att trygghet, s\u00e4kerhet och stabilitet inte \u00e4r samma sak som att stagnera. I en tid n\u00e4r os\u00e4kerhet har blivit det nya normala och den globala ekonomin \u00e4nnu inte har kommit p\u00e5 f\u00f6tter har FORCIT Group kunnat forts\u00e4tta p\u00e5 en v\u00e4g med stabil tillv\u00e4xt och l\u00f6nsamhet. Dessutom har vi gjort investeringar f\u00f6r att s\u00e4kerst\u00e4lla att v\u00e5ra nuvarande kunder forts\u00e4tter att se oss som sin f\u00f6redragna partner, samt f\u00f6r att vi ska kunna tillgodose nya m\u00f6jligheter med en v\u00e4xande portf\u00f6lj och kapacitet.<\/p>\n\n\n\n<h2 class=\"wp-block-heading\">St\u00f6dja den europeiska strategiska sj\u00e4lvst\u00e4ndigheten<\/h2>\n\n\n\n<p>Om n\u00e5got har det os\u00e4kra v\u00e4rldsl\u00e4get gjort v\u00e5r roll och v\u00e5rt syfte tydligare \u00e4n n\u00e5gonsin tidigare. \u00d6ver hela Europa, och i synnerhet i Norden, inser vi v\u00e5r roll i att bidra till att s\u00e4kra Europas strategiska sj\u00e4lvst\u00e4ndighet. Det kr\u00e4vs verksamhet i v\u00e5r n\u00e4rhet f\u00f6r att minska v\u00e5rt beroende av kritiska r\u00e5varor som k\u00f6ps in fr\u00e5n l\u00e4nder utanf\u00f6r EU. Dessutom ligger det alltmer i v\u00e5ra egna h\u00e4nder att s\u00e4kra v\u00e5r f\u00f6rsvarskapacitet.<\/p>\n\n\n\n<p>Klimatf\u00f6r\u00e4ndringarna \u00e4r fortsatt ett av de viktigaste globala hoten och den gr\u00f6na omst\u00e4llningen m\u00e5ste f\u00f6rbli h\u00f6gst upp p\u00e5 dagordningen f\u00f6r f\u00f6retag och regeringar \u00f6ver hela v\u00e4rlden. Dessa megatrender kommer att forts\u00e4tta utg\u00f6ra en viktig roll f\u00f6r v\u00e5r framtida strategiska f\u00f6rdel.<\/p>\n\n\n\n<h2 class=\"wp-block-heading\">Investeringar i f\u00f6rsvar och teknisk innovation<\/h2>\n\n\n\n<p>Bland de stora investeringsbeslut som tillk\u00e4nnagavs under det g\u00e5ngna \u00e5ret finns f\u00f6rv\u00e4rvet av DA-Groups verksamhet inom undervattensteknik och ytterligare investeringar i v\u00e5r produktionskapacitet f\u00f6r f\u00f6rsvarssystem. Koncernen genomf\u00f6rde dessutom omfattande analys- och f\u00f6rplaneringsarbete f\u00f6r att f\u00f6rbereda beslutsfattandet 2025 r\u00f6rande en ny TNT-anl\u00e4ggning med planerad start under 2028. Dessa investeringar visar f\u00f6rsvarssektorns v\u00e4xande betydelse, inte bara nationellt i Finland utan \u00e4ven p\u00e5 en st\u00f6rre europeisk skala.&nbsp;<\/p>\n\n\n\n<p>Vi har ocks\u00e5 fortsatt p\u00e5 v\u00e4gen mot tekniska framsteg och digitalisering, enligt v\u00e5r strategi. Utvecklingsarbetet kring nya erbjudanden inom civil spr\u00e4ng\u00e4mnesverksamhet har g\u00e5tt fram\u00e5t med ett starkt h\u00e5llbarhetsperspektiv. V\u00e5r portf\u00f6lj har ocks\u00e5 st\u00e4rkts, s\u00e4rskilt inom omr\u00e5det tr\u00e5dl\u00f6s spr\u00e4ngning, genom delf\u00f6rv\u00e4rvet av Oricas verksamhet i Finland och Sverige. F\u00f6rv\u00e4rvet st\u00e4rkte \u00e4ven samarbetet kring Oricas teknikerbjudande. Sist men inte minst stod vi som v\u00e4rd f\u00f6r evenemanget World Blasting Innovators i Porto, Portugal, f\u00f6r att fr\u00e4mja framtida innovation. Evenemanget arrangerades av v\u00e5ra kollegor p\u00e5 O-Pitblast, ett joint venture-f\u00f6retag som \u00e4gs av oss och Enaex.<\/p>\n\n\n\n<h2 class=\"wp-block-heading\">St\u00e4rka k\u00e4rnerbjudandet och verksamheten<\/h2>\n\n\n\n<p>N\u00e4r vi nu blickar fram\u00e5t s\u00f6ker vi inte bara efter nya aff\u00e4rsm\u00f6jligheter. Det \u00e4r avg\u00f6rande f\u00f6r v\u00e5ra fortsatta framg\u00e5ngar att vi investerar lika mycket i att uppr\u00e4tth\u00e5lla och f\u00f6rb\u00e4ttra v\u00e5rt erbjudande och v\u00e5ra tj\u00e4nster gentemot befintliga kunder och kundsegment. <a>Detta har inneburit rekordstora investeringar i att uppgradera v\u00e5r verksamhet och kapacitet f\u00f6r att kunna betj\u00e4na v\u00e5ra k\u00e4rnkunder inom den civila spr\u00e4ng\u00e4mnesverksamheten. Som en del av denna process slutf\u00f6rdes 2024 den f\u00f6rsta etappen av v\u00e5ra uppgraderingar av anl\u00e4ggningarna i Vihtavuori.<\/a><\/p>\n\n\n\n<p>F\u00f6rutom att \u00f6ka v\u00e5r produktion och kapacitet arbetar vi kontinuerligt med att utveckla och inf\u00f6ra nya innovationer i v\u00e5r tj\u00e4nsteportf\u00f6lj. Lika viktigt som sj\u00e4lva produkterna \u00e4r att det verkliga merv\u00e4rde vi skapar kommer fr\u00e5n den kundupplevelse vi erbjuder genom v\u00e5ra duktiga experter. Det \u00e4r de \u00f6ver 670 engagerade medarbetarna som g\u00f6r det m\u00f6jligt f\u00f6r FORCIT att st\u00f6dja v\u00e5ra kunder n\u00e4r vi tillsammans forts\u00e4tter att bygga en s\u00e4ker och h\u00e5llbar framtid. Jag vill personligen tacka var och en av v\u00e5ra medarbetare f\u00f6r deras arbete under det g\u00e5ngna \u00e5ret.<\/p>\n\n\n\n<h2 class=\"wp-block-heading\">S\u00e4kerhet och h\u00e5llbarhet f\u00f6rblir i fokus<\/h2>\n\n\n\n<p>I takt med att f\u00f6retaget forts\u00e4tter att v\u00e4xa \u00e4r det viktigt att s\u00e4kerhet och kvalitet i v\u00e5rt arbete f\u00f6rblir v\u00e5rt fokus. N\u00e4r vi rekryterar nya kollegor och genomf\u00f6r f\u00f6rv\u00e4rv m\u00e5ste vi h\u00e5lla fast vid v\u00e5ra principer om kompromissl\u00f6s s\u00e4kerhet. Det inneb\u00e4r att vi forts\u00e4tter att fokusera p\u00e5 att erbjuda utm\u00e4rkt introduktion och utbildning f\u00f6r alla medarbetare \u2013 nya som gamla. Vi ska vara mycket stolta \u00f6ver att vi avslutade ett helt r\u00e4kenskaps\u00e5r med noll rapporterade olyckor som ledde till fr\u00e5nvaro (LTIF). Varje dag utan s\u00e4kerhetsincidenter m\u00e5ste f\u00f6rtj\u00e4nas genom disciplinerat och engagerat arbete och vi kommer att forts\u00e4tta v\u00e5rt engagerade arbete f\u00f6r att s\u00e4kerst\u00e4lla att alla medarbetare och intressenter kan \u00e5terv\u00e4nda hem fr\u00e5n arbetet i god h\u00e4lsa \u2013 varje dag.&nbsp;<\/p>\n\n\n\n<p>FORCIT har \u00e4ven tagit stora steg n\u00e4r det g\u00e4ller f\u00f6retagsansvar och i synnerhet h\u00e5llbarhet. Vi har inte bara fortsatt att f\u00f6rb\u00e4ttra den egna verksamhetens milj\u00f6prestanda genom att f\u00f6rb\u00e4ttra energieffektiviteten, minska processavfallet och \u00f6ka andelen koldioxidneutral energi i produktionen. Vi har \u00e4ven beslutat att rapportera i enlighet med CSRD tidigare \u00e4n vad som kr\u00e4vs. Vi anser att vi kommer l\u00e5ngt p\u00e5 att vara proaktiva och transparenta n\u00e4r det g\u00e4ller att arbeta mot en h\u00e5llbar tillv\u00e4xt.<\/p>\n\n\n\n<h2 class=\"wp-block-heading\">Bygga en ljusare framtid tillsammans<\/h2>\n\n\n\n<p>Slutet av ett r\u00e4kenskaps\u00e5r \u00e4r ofta en tid f\u00f6r att se tillbaka och reflektera \u00f6ver tidigare resultat, men eftersom det \u00e4r b\u00f6rjan p\u00e5 ett nytt \u00e5r m\u00e5ste det ocks\u00e5 vara en tid f\u00f6r att fokusera ordentligt p\u00e5 framtiden. \u00c4ven om det i tider av os\u00e4kerhet, instabilitet och ekonomiska utmaningar kan betraktas som en rej\u00e4l framg\u00e5ng att n\u00e5 tillv\u00e4xtsiffror p\u00e5 cirka 30&nbsp;%, s\u00e5 \u00e5terst\u00e5r det att se den verkliga framg\u00e5ngen och effekten av v\u00e5ra val under 2024 under de kommande \u00e5ren.<\/p>\n\n\n\n<p>Under 2025 kommer vi att forts\u00e4tta driva p\u00e5 en h\u00e5llbar tillv\u00e4xt genom att bygga vidare p\u00e5 v\u00e5r k\u00e4rnverksamhet och ta till oss nya m\u00f6jligheter. S\u00e4kerhet, trygghet och h\u00e5llbarhet kommer att f\u00f6rbli k\u00e4rnan i v\u00e5r strategi och v\u00e5r dagliga verksamhet n\u00e4r vi forts\u00e4tter att ut\u00f6ka verksamheten och f\u00e5 den att v\u00e4xa. Vi \u00e4r tacksamma f\u00f6r det f\u00f6rtroende som v\u00e5ra kunder, partners, \u00e4gare och andra intressenter har f\u00f6r oss. V\u00e5rt uppdrag \u00e4r \u2013 och kommer att forts\u00e4tta vara \u2013 att m\u00f6jligg\u00f6ra s\u00e4kra och h\u00e5llbara samh\u00e4llen genom att vara v\u00e5ra kunders f\u00f6redragna partner f\u00f6r kr\u00e4vande verksamheter.<\/p>\n\n\n\n<div style=\"height:50px\" aria-hidden=\"true\" class=\"wp-block-spacer\"><\/div>\n","protected":false},"excerpt":{"rendered":"<p>Resolut tillv\u00e4xt i utmanande tider En \u00e5rsavst\u00e4mning med Joakim Westerlund, vd, FORCIT Group Det senaste \u00e5ret har visat oss att trygghet, s\u00e4kerhet och stabilitet inte \u00e4r samma sak som att stagnera. I en tid n\u00e4r os\u00e4kerhet har blivit det nya normala och den globala ekonomin \u00e4nnu inte har kommit p\u00e5 f\u00f6tter har FORCIT Group kunnat [&#8230;]<\/p>\n<p><a class=\"btn btn-secondary understrap-read-more-link\" href=\"https:\/\/annualreport.forcitgroup.com\/2024\/sv\/verksamhetsberattelse\/vd-ord\/\">Read More&#8230;<span class=\"screen-reader-text\"> from VD-Ord<\/span><\/a><\/p>\n","protected":false},"author":1,"featured_media":1773,"parent":455,"menu_order":0,"comment_status":"closed","ping_status":"closed","template":"","meta":{"footnotes":""},"acf":[],"_links":{"self":[{"href":"https:\/\/annualreport.forcitgroup.com\/2024\/wp-json\/wp\/v2\/pages\/457"}],"collection":[{"href":"https:\/\/annualreport.forcitgroup.com\/2024\/wp-json\/wp\/v2\/pages"}],"about":[{"href":"https:\/\/annualreport.forcitgroup.com\/2024\/wp-json\/wp\/v2\/types\/page"}],"author":[{"embeddable":true,"href":"https:\/\/annualreport.forcitgroup.com\/2024\/wp-json\/wp\/v2\/users\/1"}],"replies":[{"embeddable":true,"href":"https:\/\/annualreport.forcitgroup.com\/2024\/wp-json\/wp\/v2\/comments?post=457"}],"version-history":[{"count":3,"href":"https:\/\/annualreport.forcitgroup.com\/2024\/wp-json\/wp\/v2\/pages\/457\/revisions"}],"predecessor-version":[{"id":1899,"href":"https:\/\/annualreport.forcitgroup.com\/2024\/wp-json\/wp\/v2\/pages\/457\/revisions\/1899"}],"up":[{"embeddable":true,"href":"https:\/\/annualreport.forcitgroup.com\/2024\/wp-json\/wp\/v2\/pages\/455"}],"wp:featuredmedia":[{"embeddable":true,"href":"https:\/\/annualreport.forcitgroup.com\/2024\/wp-json\/wp\/v2\/media\/1773"}],"wp:attachment":[{"href":"https:\/\/annualreport.forcitgroup.com\/2024\/wp-json\/wp\/v2\/media?parent=457"}],"curies":[{"name":"wp","href":"https:\/\/api.w.org\/{rel}","templated":true}]}}