{"id":466,"date":"2023-03-01T13:14:51","date_gmt":"2023-03-01T11:14:51","guid":{"rendered":"https:\/\/annualreport.forcitgroup.com\/?page_id=466"},"modified":"2025-03-17T13:43:03","modified_gmt":"2025-03-17T13:43:03","slug":"affarsenhetsutveckling","status":"publish","type":"page","link":"https:\/\/annualreport.forcitgroup.com\/2024\/sv\/verksamhetsberattelse\/affarsenhetsutveckling\/","title":{"rendered":"Aff\u00e4rsenhetsutveckling"},"content":{"rendered":"\n<div style=\"height:75px\" aria-hidden=\"true\" class=\"wp-block-spacer\"><\/div>\n\n\n\n<h2 class=\"wp-block-heading\">Explosives<\/h2>\n\n\n\n<figure class=\"wp-block-image size-full is-resized\"><img loading=\"lazy\" decoding=\"async\" width=\"800\" height=\"533\" src=\"https:\/\/annualreport.forcitgroup.com\/2024\/wp-content\/uploads\/sites\/3\/2025\/03\/FORCIT-Explosives-Business-unit-development-2024-2.jpg\" alt=\"FORCIT-Explosives-Business-unit-development-20024\" class=\"wp-image-1856\" style=\"aspect-ratio:16\/9;object-fit:cover;width:800px\" srcset=\"https:\/\/annualreport.forcitgroup.com\/2024\/wp-content\/uploads\/sites\/3\/2025\/03\/FORCIT-Explosives-Business-unit-development-2024-2.jpg 800w, https:\/\/annualreport.forcitgroup.com\/2024\/wp-content\/uploads\/sites\/3\/2025\/03\/FORCIT-Explosives-Business-unit-development-2024-2-300x200.jpg 300w, https:\/\/annualreport.forcitgroup.com\/2024\/wp-content\/uploads\/sites\/3\/2025\/03\/FORCIT-Explosives-Business-unit-development-2024-2-768x512.jpg 768w\" sizes=\"(max-width: 800px) 100vw, 800px\" \/><\/figure>\n\n\n\n<p>FORCIT Explosives int\u00e4kter minskade n\u00e5got under 2024 med l\u00e4gre volymer till gruvsegmentet. Bolaget fortsatte att investera i h\u00f6gt tempo f\u00f6r att modernisera produktionsanl\u00e4ggningar f\u00f6r att st\u00f6dja en framtida h\u00e5llbar tillv\u00e4xt och f\u00f6r att uppr\u00e4tth\u00e5lla den h\u00f6ga tekniska standarden f\u00f6r sin bulkfordonspark och annan teknik.<\/p>\n\n\n\n<p>Under \u00e5ret n\u00e5dde FORCIT och Orica en \u00f6verenskommelse om en transaktion som ber\u00f6r en del av Oricas verksamhet i Finland och Sverige. Med avtalet \u00f6vergick en del av Oricas verksamhet i Finland och Sverige till FORCIT. Avtalet omfattade personal, lager och andra servicestationer samt den utrustning som beh\u00f6vs f\u00f6r att producera tj\u00e4nsterna. Genom avtalet ut\u00f6kades dessutom FORCITs befintliga produktsortiment med Oricas avancerade teknikprodukter, bland annat tr\u00e5dl\u00f6sa spr\u00e4ngkapslar (WebGen\u2122).<\/p>\n\n\n\n<div style=\"height:50px\" aria-hidden=\"true\" class=\"wp-block-spacer\"><\/div>\n\n\n\n<h2 class=\"wp-block-heading\">Defence<\/h2>\n\n\n\n<figure class=\"wp-block-image size-full is-resized\"><img loading=\"lazy\" decoding=\"async\" width=\"640\" height=\"427\" src=\"https:\/\/annualreport.forcitgroup.com\/2024\/wp-content\/uploads\/sites\/3\/2025\/03\/FORCIT-Defence-Business-unit-development-2024.jpg\" alt=\"FORCIT Defence Business unit development 2024\" class=\"wp-image-1852\" style=\"aspect-ratio:16\/9;object-fit:cover;width:800px\" srcset=\"https:\/\/annualreport.forcitgroup.com\/2024\/wp-content\/uploads\/sites\/3\/2025\/03\/FORCIT-Defence-Business-unit-development-2024.jpg 640w, https:\/\/annualreport.forcitgroup.com\/2024\/wp-content\/uploads\/sites\/3\/2025\/03\/FORCIT-Defence-Business-unit-development-2024-300x200.jpg 300w\" sizes=\"(max-width: 640px) 100vw, 640px\" \/><\/figure>\n\n\n\n<p>Int\u00e4kterna inom FORCIT Defence fortsatte att v\u00e4xa och orderstocken var fortsatt h\u00f6g. Fokusomr\u00e5den under 2024 var bland annat att \u00f6ka produktionskapaciteten och s\u00e4kerst\u00e4lla tillg\u00e5ngen p\u00e5 viktiga r\u00e5varor, samt att omorganisera och lansera en ny verksamhetsmodell f\u00f6r att m\u00f6jligg\u00f6ra ytterligare h\u00e5llbar tillv\u00e4xt. Alex Lagerstedt tog \u00f6ver ledarskapet f\u00f6r Defence aff\u00e4rsomr\u00e5det under 2024.<\/p>\n\n\n\n<p>Under 2024 f\u00f6rv\u00e4rvade FORCIT DA-Groups undervattensteknikverksamhet. F\u00f6rv\u00e4rvet f\u00f6rst\u00e4rker FORCIT Defence position som huvudleverant\u00f6r av helt\u00e4ckande f\u00f6rsvarssystem f\u00f6r omr\u00e5desavsp\u00e4rrning p\u00e5 land och till sj\u00f6ss. Genom f\u00f6rv\u00e4rvet st\u00e4rkte FORCIT Defence sin position till att omfatta avancerad kunskap och teknikrelaterad till ok\u00e4nslig ammunition, mekanik, elektronik och programvara f\u00f6r FORCITs relevanta f\u00f6rsvarstill\u00e4mpningar.<\/p>\n\n\n\n<div style=\"height:50px\" aria-hidden=\"true\" class=\"wp-block-spacer\"><\/div>\n\n\n\n<h2 class=\"wp-block-heading\">Consulting<\/h2>\n\n\n\n<figure class=\"wp-block-image size-full is-resized\"><img loading=\"lazy\" decoding=\"async\" width=\"2048\" height=\"1366\" src=\"https:\/\/annualreport.forcitgroup.com\/2024\/wp-content\/uploads\/sites\/3\/2025\/03\/IMG8469-72.jpg\" alt=\"Forcit Consulting Business Development 2024\" class=\"wp-image-1857\" style=\"aspect-ratio:16\/9;object-fit:cover;width:800px\" srcset=\"https:\/\/annualreport.forcitgroup.com\/2024\/wp-content\/uploads\/sites\/3\/2025\/03\/IMG8469-72.jpg 2048w, https:\/\/annualreport.forcitgroup.com\/2024\/wp-content\/uploads\/sites\/3\/2025\/03\/IMG8469-72-300x200.jpg 300w, https:\/\/annualreport.forcitgroup.com\/2024\/wp-content\/uploads\/sites\/3\/2025\/03\/IMG8469-72-1024x683.jpg 1024w, https:\/\/annualreport.forcitgroup.com\/2024\/wp-content\/uploads\/sites\/3\/2025\/03\/IMG8469-72-768x512.jpg 768w, https:\/\/annualreport.forcitgroup.com\/2024\/wp-content\/uploads\/sites\/3\/2025\/03\/IMG8469-72-1536x1025.jpg 1536w\" sizes=\"(max-width: 2048px) 100vw, 2048px\" \/><\/figure>\n\n\n\n<p>FORCIT Consultings int\u00e4kter \u00f6kade under 2024, trots utmanande marknadsf\u00f6rh\u00e5llanden. L\u00f6nsamheten fortsatte att \u00f6ka som ett resultat av ett m\u00e5linriktat program f\u00f6r verksamhetsoptimering som lanserades 2022.<br><br>Fusionen och integreringen av Bergwerk Oy i Consulting-verksamheten slutf\u00f6rdes 2024.<\/p>\n\n\n\n<div style=\"height:50px\" aria-hidden=\"true\" class=\"wp-block-spacer\"><\/div>\n\n\n\n<h2 class=\"wp-block-heading\">Forskning och utveckling&nbsp;&nbsp;&nbsp;<\/h2>\n\n\n\n<p>I aff\u00e4rsenheten FORCIT Explosives fortsatte utvecklingen av kv\u00e4vefria spr\u00e4ng\u00e4mnen och en ny gr\u00f6n produktlinje. Dessutom fortsatte utvecklingen av ett nytt tr\u00e5dl\u00f6st t\u00e4ndsystem och utvecklingen av plattformen O-Pitblast.<\/p>\n\n\n\n<p>Inom FORCIT Defence har FoU-arbetet fokuserat p\u00e5 den fortsatta utvecklingen av undervattensystem och FORCIT Sentry Area Denial System.<\/p>\n\n\n\n<p>Inom Consulting har utvecklingsarbetet kring plattformen f\u00f6r hantering, \u00f6vervakning och anv\u00e4ndning av m\u00e4tdata fortsatt.<\/p>\n\n\n\n<div style=\"height:50px\" aria-hidden=\"true\" class=\"wp-block-spacer\"><\/div>\n\n\n\n<h2 class=\"wp-block-heading\">Investeringar<\/h2>\n\n\n\n<p>Koncernens totala investeringar under r\u00e4kenskapsperioden, inklusive fusioner och f\u00f6rv\u00e4rv, uppgick till 148,3 miljoner euro (28,1 miljoner euro) och med leasingfinansieringen inkluderad uppgick de till 149,5 miljoner euro (29,0 miljoner euro). Moderbolagets investeringar i den egna verksamheten uppgick till 140,0 miljoner euro (19,3 miljoner euro). Koncernens totala investeringar inklusive leasingfinansierade investeringar uppgick till 54,3% av \u00e5rsint\u00e4kterna.<\/p>\n\n\n\n<p>De viktigaste investeringarna, exklusive fusioner och f\u00f6rv\u00e4rv, var kapacitetsutbyggnad inom aff\u00e4rsomr\u00e5det Defence, samt modernisering av produktionsanl\u00e4ggningen i Vihtavuori. Betydande investeringar har \u00e4ven gjorts i digitaliseringen av laddnings- och leveransprocesserna. Inom FORCIT Consulting har investeringar gjorts i utrustning och programvara f\u00f6r vibrations- och bullerm\u00e4tningar.<\/p>\n","protected":false},"excerpt":{"rendered":"<p>Explosives FORCIT Explosives int\u00e4kter minskade n\u00e5got under 2024 med l\u00e4gre volymer till gruvsegmentet. Bolaget fortsatte att investera i h\u00f6gt tempo f\u00f6r att modernisera produktionsanl\u00e4ggningar f\u00f6r att st\u00f6dja en framtida h\u00e5llbar tillv\u00e4xt och f\u00f6r att uppr\u00e4tth\u00e5lla den h\u00f6ga tekniska standarden f\u00f6r sin bulkfordonspark och annan teknik. Under \u00e5ret n\u00e5dde FORCIT och Orica en \u00f6verenskommelse om en [&#8230;]<\/p>\n<p><a class=\"btn btn-secondary understrap-read-more-link\" href=\"https:\/\/annualreport.forcitgroup.com\/2024\/sv\/verksamhetsberattelse\/affarsenhetsutveckling\/\">Read More&#8230;<span class=\"screen-reader-text\"> from Aff\u00e4rsenhetsutveckling<\/span><\/a><\/p>\n","protected":false},"author":1,"featured_media":1868,"parent":455,"menu_order":0,"comment_status":"closed","ping_status":"closed","template":"","meta":{"footnotes":""},"acf":[],"_links":{"self":[{"href":"https:\/\/annualreport.forcitgroup.com\/2024\/wp-json\/wp\/v2\/pages\/466"}],"collection":[{"href":"https:\/\/annualreport.forcitgroup.com\/2024\/wp-json\/wp\/v2\/pages"}],"about":[{"href":"https:\/\/annualreport.forcitgroup.com\/2024\/wp-json\/wp\/v2\/types\/page"}],"author":[{"embeddable":true,"href":"https:\/\/annualreport.forcitgroup.com\/2024\/wp-json\/wp\/v2\/users\/1"}],"replies":[{"embeddable":true,"href":"https:\/\/annualreport.forcitgroup.com\/2024\/wp-json\/wp\/v2\/comments?post=466"}],"version-history":[{"count":4,"href":"https:\/\/annualreport.forcitgroup.com\/2024\/wp-json\/wp\/v2\/pages\/466\/revisions"}],"predecessor-version":[{"id":1932,"href":"https:\/\/annualreport.forcitgroup.com\/2024\/wp-json\/wp\/v2\/pages\/466\/revisions\/1932"}],"up":[{"embeddable":true,"href":"https:\/\/annualreport.forcitgroup.com\/2024\/wp-json\/wp\/v2\/pages\/455"}],"wp:featuredmedia":[{"embeddable":true,"href":"https:\/\/annualreport.forcitgroup.com\/2024\/wp-json\/wp\/v2\/media\/1868"}],"wp:attachment":[{"href":"https:\/\/annualreport.forcitgroup.com\/2024\/wp-json\/wp\/v2\/media?parent=466"}],"curies":[{"name":"wp","href":"https:\/\/api.w.org\/{rel}","templated":true}]}}