{"id":470,"date":"2023-03-01T13:18:08","date_gmt":"2023-03-01T11:18:08","guid":{"rendered":"https:\/\/annualreport.forcitgroup.com\/?page_id=470"},"modified":"2025-03-17T13:12:10","modified_gmt":"2025-03-17T13:12:10","slug":"prognoser-och-forutsagelser","status":"publish","type":"page","link":"https:\/\/annualreport.forcitgroup.com\/2024\/sv\/verksamhetsberattelse\/prognoser-och-forutsagelser\/","title":{"rendered":"Prognoser och f\u00f6ruts\u00e4gelser"},"content":{"rendered":"\n<h2 class=\"wp-block-heading\">Risker och os\u00e4kerhetsfaktorer&nbsp;<\/h2>\n\n\n\n<p>De europeiska ekonomiska utsikterna f\u00f6rv\u00e4ntas f\u00f6rb\u00e4ttras l\u00e5ngsamt efter flera \u00e5r med l\u00e5g ekonomisk tillv\u00e4xt. Prognoserna f\u00f6r 2025 relaterade till aktiviteten p\u00e5 byggmarknaden har i alla nordiska l\u00e4nder blivit f\u00f6rsiktigt positivare j\u00e4mf\u00f6rt med f\u00f6r ett \u00e5r sedan.<\/p>\n\n\n\n<p>Med en avsev\u00e4rd andel av v\u00e5r verksamhet i Sverige och Norge finns det en valutarisk p\u00e5 grund av fluktuationerna i v\u00e4xelkursen mellan SEK och EUR samt mellan NOK och EUR. F\u00f6retaget har fortsatt arbetet att skydda sig mot valutarisker i de avtal och \u00f6verenskommelser som ing\u00e5tts.<\/p>\n\n\n\n<p>Kriget i Ukraina och relaterade geopolitiska sp\u00e4nningar forts\u00e4tter att utg\u00f6ra risker relaterade till IT- och hybridhot. F\u00f6ljaktligen har f\u00f6retaget gjort betydande investeringar och \u00f6kat sitt fokus p\u00e5 IT-s\u00e4kerhet och fysisk s\u00e4kerhet.<\/p>\n\n\n\n<p>Tillg\u00e5ngen p\u00e5 viktiga r\u00e5varor och komponenter inom aff\u00e4rsomr\u00e5det Defence har minskat till f\u00f6ljd av den \u00f6kande efterfr\u00e5gan p\u00e5 f\u00f6rsvarsprodukter. Anskaffning av dessa \u00e4r fortfarande ett fokusomr\u00e5de.<\/p>\n\n\n\n<h2 class=\"wp-block-heading\">Utsikter f\u00f6r 2025\u00a0<\/h2>\n\n\n\n<p>Utsikterna f\u00f6r infrastrukturbyggandet \u00e4r f\u00f6rsiktigt positiva j\u00e4mf\u00f6rt med de senaste \u00e5ren. F\u00f6rv\u00e4ntningarna inom gruvdriftsegmentet \u00e4r neutrala j\u00e4mf\u00f6rt med \u00e5r 2024. Den st\u00f6rsta oron f\u00f6r 2025 \u00e4r relaterad till den f\u00f6rv\u00e4ntade \u00e5terh\u00e4mtningen f\u00f6r de allm\u00e4nna ekonomiska utsikterna i Europa och Norden. Konkurrensen p\u00e5 marknaden f\u00f6r civila spr\u00e4ng\u00e4mnen \u00e4r fortsatt h\u00e5rd. Genom att uppr\u00e4tth\u00e5lla sin goda konkurrenskraft och med fortsatt fokus p\u00e5 utveckling och effektivitet r\u00e4knar dock f\u00f6retaget med att FORCIT Explosives ska kunna ha en forts\u00e4tt l\u00f6nsam verksamhet p\u00e5 sina huvudmarknader.<\/p>\n\n\n\n<p>FORCIT Defences orderbok f\u00f6rblev h\u00f6g under 2024 och med de investeringar som gjorts i \u00f6kad produktionskapacitet och f\u00f6rv\u00e4rv f\u00f6r att st\u00e4rka sin position \u00e4r bolaget f\u00f6rvissat om sin f\u00f6rm\u00e5ga att forts\u00e4tta v\u00e4xa sin f\u00f6rsvarsverksamhet under 2025.<\/p>\n\n\n\n<p>FORCIT Consulting har en stark marknadsst\u00e4llning och \u00e4r v\u00e4l positionerat f\u00f6r vidare tillv\u00e4xt genom geografisk expansion och utveckling av sitt tj\u00e4nsteerbjudande. F\u00f6rv\u00e4ntningarna \u00e4r ocks\u00e5 att den nordiska byggaktiviteten kommer att b\u00f6rja utvecklas mer positivt 2025 efter flera utmanande \u00e5r.<\/p>\n\n\n\n<p>Sammanfattningsvis f\u00f6rv\u00e4ntar sig bolaget en f\u00f6rs\u00e4ljnings\u00f6kning under 2025 j\u00e4mf\u00f6rt med 2024, huvudsakligen p\u00e5drivet av en \u00f6kad efterfr\u00e5gan p\u00e5 f\u00f6rsvarsprodukter. Bolaget r\u00e4knar med l\u00f6nsam tillv\u00e4xt.<\/p>\n","protected":false},"excerpt":{"rendered":"<p>Risker och os\u00e4kerhetsfaktorer&nbsp; De europeiska ekonomiska utsikterna f\u00f6rv\u00e4ntas f\u00f6rb\u00e4ttras l\u00e5ngsamt efter flera \u00e5r med l\u00e5g ekonomisk tillv\u00e4xt. Prognoserna f\u00f6r 2025 relaterade till aktiviteten p\u00e5 byggmarknaden har i alla nordiska l\u00e4nder blivit f\u00f6rsiktigt positivare j\u00e4mf\u00f6rt med f\u00f6r ett \u00e5r sedan. Med en avsev\u00e4rd andel av v\u00e5r verksamhet i Sverige och Norge finns det en valutarisk p\u00e5 [&#8230;]<\/p>\n<p><a class=\"btn btn-secondary understrap-read-more-link\" href=\"https:\/\/annualreport.forcitgroup.com\/2024\/sv\/verksamhetsberattelse\/prognoser-och-forutsagelser\/\">Read More&#8230;<span class=\"screen-reader-text\"> from Prognoser och f\u00f6ruts\u00e4gelser<\/span><\/a><\/p>\n","protected":false},"author":1,"featured_media":1879,"parent":455,"menu_order":0,"comment_status":"closed","ping_status":"closed","template":"","meta":{"footnotes":""},"acf":[],"_links":{"self":[{"href":"https:\/\/annualreport.forcitgroup.com\/2024\/wp-json\/wp\/v2\/pages\/470"}],"collection":[{"href":"https:\/\/annualreport.forcitgroup.com\/2024\/wp-json\/wp\/v2\/pages"}],"about":[{"href":"https:\/\/annualreport.forcitgroup.com\/2024\/wp-json\/wp\/v2\/types\/page"}],"author":[{"embeddable":true,"href":"https:\/\/annualreport.forcitgroup.com\/2024\/wp-json\/wp\/v2\/users\/1"}],"replies":[{"embeddable":true,"href":"https:\/\/annualreport.forcitgroup.com\/2024\/wp-json\/wp\/v2\/comments?post=470"}],"version-history":[{"count":1,"href":"https:\/\/annualreport.forcitgroup.com\/2024\/wp-json\/wp\/v2\/pages\/470\/revisions"}],"predecessor-version":[{"id":1795,"href":"https:\/\/annualreport.forcitgroup.com\/2024\/wp-json\/wp\/v2\/pages\/470\/revisions\/1795"}],"up":[{"embeddable":true,"href":"https:\/\/annualreport.forcitgroup.com\/2024\/wp-json\/wp\/v2\/pages\/455"}],"wp:featuredmedia":[{"embeddable":true,"href":"https:\/\/annualreport.forcitgroup.com\/2024\/wp-json\/wp\/v2\/media\/1879"}],"wp:attachment":[{"href":"https:\/\/annualreport.forcitgroup.com\/2024\/wp-json\/wp\/v2\/media?parent=470"}],"curies":[{"name":"wp","href":"https:\/\/api.w.org\/{rel}","templated":true}]}}