{"id":546,"date":"2023-03-03T10:19:40","date_gmt":"2023-03-03T08:19:40","guid":{"rendered":"https:\/\/annualreport.forcitgroup.com\/?page_id=546"},"modified":"2025-03-17T08:20:16","modified_gmt":"2025-03-17T08:20:16","slug":"tilintarkastuskertomus-2023","status":"publish","type":"page","link":"https:\/\/annualreport.forcitgroup.com\/2024\/fi\/tilinpaatos\/tilintarkastuskertomus-2023\/","title":{"rendered":"Tilintarkastuskertomus"},"content":{"rendered":"\n<div style=\"height:40px\" aria-hidden=\"true\" class=\"wp-block-spacer\"><\/div>\n\n\n\n<h3 class=\"wp-block-heading\">Tilinp\u00e4\u00e4t\u00f6ksen tilintarkastus<\/h3>\n\n\n\n<h4 class=\"wp-block-heading\">Lausunto<\/h4>\n\n\n\n<p>Olemme tilintarkastaneet Oy Forcit Ab:n (y-tunnus 0103189-6) tilinp\u00e4\u00e4t\u00f6ksen tilikaudelta 1.1.\u201331.12.2024. Tilinp\u00e4\u00e4t\u00f6s sis\u00e4lt\u00e4\u00e4 sek\u00e4 konsernin ett\u00e4 emoyhti\u00f6n taseen, tuloslaskelman, rahoituslaskelman ja liitetiedot.<\/p>\n\n\n\n<p>Lausuntonamme esit\u00e4mme, ett\u00e4 tilinp\u00e4\u00e4t\u00f6s antaa oikean ja riitt\u00e4v\u00e4n kuvan konsernin sek\u00e4 emoyhti\u00f6n toiminnan tuloksesta ja taloudellisesta asemasta Suomessa voimassa olevien tilinp\u00e4\u00e4t\u00f6ksen laatimista koskevien s\u00e4\u00e4nn\u00f6sten mukaisesti ja t\u00e4ytt\u00e4\u00e4 lakis\u00e4\u00e4teiset vaatimukset.<\/p>\n\n\n\n<h4 class=\"wp-block-heading\">Lausunnon perustelut<\/h4>\n\n\n\n<p>Olemme suorittaneet tilintarkastuksen Suomessa noudatettavan hyv\u00e4n tilintarkastustavan mukaisesti. Hyv\u00e4n tilintarkastustavan mukaisia velvollisuuksiamme kuvataan tarkemmin kohdassa <em>Tilintarkastajan velvollisuudet tilinp\u00e4\u00e4t\u00f6ksen tilintarkastuksessa<\/em>. Olemme riippumattomia emoyhti\u00f6st\u00e4 ja konserniyrityksist\u00e4 niiden Suomessa noudatettavien eettisten vaatimusten mukaisesti, jotka koskevat suorittamaamme tilintarkastusta ja olemme t\u00e4ytt\u00e4neet muut n\u00e4iden vaatimusten mukaiset eettiset velvollisuutemme. K\u00e4sityksemme mukaan olemme hankkineet lausuntomme perustaksi tarpeellisen m\u00e4\u00e4r\u00e4n tarkoitukseen soveltuvaa tilintarkastusevidenssi\u00e4.<\/p>\n\n\n\n<h4 class=\"wp-block-heading\">Tilinp\u00e4\u00e4t\u00f6st\u00e4 koskevat hallituksen ja toimitusjohtajan velvollisuudet<\/h4>\n\n\n\n<p>Hallitus ja toimitusjohtaja vastaavat tilinp\u00e4\u00e4t\u00f6ksen laatimisesta siten, ett\u00e4 se antaa oikean ja riitt\u00e4v\u00e4n kuvan Suomessa voimassa olevien tilinp\u00e4\u00e4t\u00f6ksen laatimista koskevien s\u00e4\u00e4nn\u00f6sten mukaisesti ja t\u00e4ytt\u00e4\u00e4 lakis\u00e4\u00e4teiset vaatimukset. Hallitus ja toimitusjohtaja vastaavat my\u00f6s sellaisesta sis\u00e4isest\u00e4 valvonnasta, jonka ne katsovat tarpeelliseksi voidakseen laatia tilinp\u00e4\u00e4t\u00f6ksen, jossa ei ole v\u00e4\u00e4rink\u00e4yt\u00f6ksest\u00e4 tai virheest\u00e4 johtuvaa olennaista virheellisyytt\u00e4.<\/p>\n\n\n\n<p>Hallitus ja toimitusjohtaja ovat tilinp\u00e4\u00e4t\u00f6st\u00e4 laatiessaan velvollisia arvioimaan emoyhti\u00f6n ja konsernin kyky\u00e4 jatkaa toimintaansa ja soveltuvissa tapauksissa esitt\u00e4m\u00e4\u00e4n seikat, jotka liittyv\u00e4t toiminnan jatkuvuuteen ja siihen, ett\u00e4 tilinp\u00e4\u00e4t\u00f6s on laadittu toiminnan jatkuvuuteen perustuen. Tilinp\u00e4\u00e4t\u00f6s laaditaan toiminnan jatkuvuuteen perustuen, paitsi josemoyhti\u00f6 tai konserni aiotaan purkaa tai toiminta lakkauttaa tai ei ole muuta realistista vaihtoehtoa kuin tehd\u00e4 niin.<\/p>\n\n\n\n<h4 class=\"wp-block-heading\">Tilintarkastajan velvollisuudet tilinp\u00e4\u00e4t\u00f6ksen tilintarkastuksessa<\/h4>\n\n\n\n<p>Tavoitteenamme on hankkia kohtuullinen varmuus siit\u00e4, onko tilinp\u00e4\u00e4t\u00f6ksess\u00e4 kokonaisuutena v\u00e4\u00e4rink\u00e4yt\u00f6ksest\u00e4 tai virheest\u00e4 johtuvaa olennaista virheellisyytt\u00e4, sek\u00e4 antaa tilintarkastuskertomus, joka sis\u00e4lt\u00e4\u00e4 lausuntomme. Kohtuullinen varmuus on korkea varmuustaso, mutta se ei ole tae siit\u00e4, ett\u00e4 olennainen virheellisyys aina havaitaan hyv\u00e4n tilintarkastustavan mukaisesti suoritettavassa tilintarkastuksessa. Virheellisyyksi\u00e4 voi aiheutua v\u00e4\u00e4rink\u00e4yt\u00f6ksest\u00e4 tai virheest\u00e4, ja niiden katsotaan olevan olennaisia, jos niiden yksin tai yhdess\u00e4 voisi kohtuudella odottaa vaikuttavan taloudellisiin p\u00e4\u00e4t\u00f6ksiin, joita k\u00e4ytt\u00e4j\u00e4t tekev\u00e4t tilinp\u00e4\u00e4t\u00f6ksen perusteella.<\/p>\n\n\n\n<p>Hyv\u00e4n tilintarkastustavan mukaiseen tilintarkastukseen kuuluu, ett\u00e4 k\u00e4yt\u00e4mme ammatillista harkintaa ja s\u00e4ilyt\u00e4mme ammatillisen skeptisyyden koko tilintarkastuksen ajan. Lis\u00e4ksi:<\/p>\n\n\n\n<p>\u00bb Tunnistamme ja arvioimme v\u00e4\u00e4rink\u00e4yt\u00f6ksest\u00e4 tai virheest\u00e4 johtuvat tilinp\u00e4\u00e4t\u00f6ksen olennaisen virheellisyyden riskit, suunnittelemme ja suoritamme n\u00e4ihin riskeihin vastaavia tilintarkastustoimenpiteit\u00e4 ja hankimme lausuntomme perustaksi tarpeellisen m\u00e4\u00e4r\u00e4n tarkoitukseen soveltuvaa tilintarkastusevidenssi\u00e4. Riski siit\u00e4, ett\u00e4 v\u00e4\u00e4rink\u00e4yt\u00f6ksest\u00e4 johtuva olennainen virheellisyys j\u00e4\u00e4 havaitsematta, on suurempi kuin riski siit\u00e4, ett\u00e4 virheest\u00e4 johtuva olennainen virheellisyys j\u00e4\u00e4 havaitsematta, sill\u00e4 v\u00e4\u00e4rink\u00e4yt\u00f6kseen voi liitty\u00e4 yhteistoimintaa, v\u00e4\u00e4rent\u00e4mist\u00e4, tietojen tahallista esitt\u00e4m\u00e4tt\u00e4 j\u00e4tt\u00e4mist\u00e4 tai virheellisten tietojen esitt\u00e4mist\u00e4 taikka sis\u00e4isen valvonnan sivuuttamista.<\/p>\n\n\n\n<p>\u00bb Muodostamme k\u00e4sityksen tilintarkastuksen kannalta relevantista sis\u00e4isest\u00e4 valvonnasta pysty\u00e4ksemme suunnittelemaan olosuhteisiin n\u00e4hden asianmukaiset tilintarkastustoimenpiteet mutta emme siin\u00e4 tarkoituksessa, ett\u00e4 pystyisimme antamaan lausunnon emoyhti\u00f6n tai konsernin sis\u00e4isen valvonnan tehokkuudesta.<\/p>\n\n\n\n<p>\u00bb Arvioimme sovellettujen tilinp\u00e4\u00e4t\u00f6ksen laatimisperiaatteiden asianmukaisuutta sek\u00e4 johdon tekemien kirjanpidollisten arvioiden ja niist\u00e4 esitett\u00e4vien tietojen kohtuullisuutta.<\/p>\n\n\n\n<p>\u00bb Teemme johtop\u00e4\u00e4t\u00f6ksen siit\u00e4, onko hallituksen ja toimitusjohtajan ollut asianmukaista laatia tilinp\u00e4\u00e4t\u00f6s perustuen oletukseen toiminnan jatkuvuudesta, ja teemme hankkimamme tilintarkastusevidenssin perusteella johtop\u00e4\u00e4t\u00f6ksen siit\u00e4, esiintyyk\u00f6 sellaista tapahtumiin tai olosuhteisiin liittyv\u00e4\u00e4 olennaista ep\u00e4varmuutta, joka voi antaa merkitt\u00e4v\u00e4\u00e4 aihetta ep\u00e4ill\u00e4 emoyhti\u00f6n tai konsernin kyky\u00e4 jatkaa toimintaansa. Jos johtop\u00e4\u00e4t\u00f6ksemme on, ett\u00e4 olennaista ep\u00e4varmuutta esiintyy, meid\u00e4n t\u00e4ytyy kiinnitt\u00e4\u00e4 tilintarkastuskertomuksessamme lukijan huomiota ep\u00e4varmuutta koskeviin tilinp\u00e4\u00e4t\u00f6ksess\u00e4 esitett\u00e4viin tietoihin tai, jos ep\u00e4varmuutta koskevat tiedot eiv\u00e4t ole riitt\u00e4vi\u00e4, mukauttaa lausuntomme. Johtop\u00e4\u00e4t\u00f6ksemme perustuvat tilintarkastuskertomuksen antamisp\u00e4iv\u00e4\u00e4n menness\u00e4 hankittuun tilintarkastusevidenssiin. Vastaiset tapahtumat tai olosuhteet voivat kuitenkin johtaa siihen, ettei emoyhti\u00f6 tai konserni pysty jatkamaan toimintaansa.<\/p>\n\n\n\n<p>\u00bb Arvioimme tilinp\u00e4\u00e4t\u00f6ksen, kaikki tilinp\u00e4\u00e4t\u00f6ksess\u00e4 esitett\u00e4v\u00e4t tiedot mukaan lukien, yleist\u00e4 esitt\u00e4mistapaa, rakennetta ja sis\u00e4lt\u00f6\u00e4 ja sit\u00e4, kuvastaako tilinp\u00e4\u00e4t\u00f6s sen perustana olevia liiketoimia ja tapahtumia siten, ett\u00e4 se antaa oikean ja riitt\u00e4v\u00e4n kuvan.<\/p>\n\n\n\n<p>\u00bb Suunnittelemme ja suoritamme konsernin tilintarkastuksen hankkiaksemme konsernitilinp\u00e4\u00e4t\u00f6st\u00e4 koskevan <br>tilintarkastuslausunnon laatimisen perustaksi tarpeellisen m\u00e4\u00e4r\u00e4n tarkoitukseen soveltuvaa tilintarkastusevidenssi\u00e4 konserniin kuuluvia yhteis\u00f6j\u00e4 tai liiketoimintayksikk\u00f6j\u00e4 koskevasta taloudellisesta informaatiosta. Vastaamme <br>konsernin tilintarkastusta varten suoritettavan tilintarkastusty\u00f6n ohjauksesta, valvonnasta ja l\u00e4pik\u00e4ynnist\u00e4. Vastaamme tilintarkastuslausunnosta yksin.<\/p>\n\n\n\n<p>Kommunikoimme hallintoelinten kanssa muun muassa tilintarkastuksen suunnitellusta laajuudesta ja ajoituksesta sek\u00e4 merkitt\u00e4vist\u00e4 tilintarkastushavainnoista, mukaan lukien mahdolliset sis\u00e4isen valvonnan merkitt\u00e4v\u00e4t puutteellisuudet, jotka tunnistamme tilintarkastuksen aikana.<\/p>\n\n\n\n<h3 class=\"wp-block-heading\">Muut raportointivelvoitteet<\/h3>\n\n\n\n<h4 class=\"wp-block-heading\">Muu informaatio<\/h4>\n\n\n\n<p>Hallitus ja toimitusjohtaja vastaavat muusta informaatiosta. Muu informaatio k\u00e4sitt\u00e4\u00e4 toimintakertomuksen. Tilinp\u00e4\u00e4t\u00f6st\u00e4 koskeva lausuntomme ei kata muuta informaatiota.<\/p>\n\n\n\n<p>Velvollisuutenamme on lukea muu informaatio tilinp\u00e4\u00e4t\u00f6ksen tilintarkastuksen yhteydess\u00e4 ja t\u00e4t\u00e4 tehdess\u00e4mme arvioida, onko muu informaatio olennaisesti ristiriidassa tilinp\u00e4\u00e4t\u00f6ksen tai tilintarkastusta suoritettaessa hankkimamme tiet\u00e4myksen kanssa tai vaikuttaako se muutoin olevan olennaisesti virheellist\u00e4. Velvollisuutenamme on lis\u00e4ksi arvioida, onko toimintakertomus laadittu sen laatimiseen sovellettavien s\u00e4\u00e4nn\u00f6sten mukaisesti.<\/p>\n\n\n\n<p>Lausuntonamme esit\u00e4mme, ett\u00e4 toimintakertomuksen ja tilinp\u00e4\u00e4t\u00f6ksen tiedot ovat yhdenmukaisia ja ett\u00e4 toimintakertomus on laadittu toimintakertomuksen laatimiseen sovellettavien s\u00e4\u00e4nn\u00f6sten mukaisesti.<\/p>\n\n\n\n<p>Jos teemme suorittamamme ty\u00f6n perusteella johtop\u00e4\u00e4t\u00f6ksen, ett\u00e4 toimintakertomuksessa on olennainen virheellisyys, meid\u00e4n on raportoitava t\u00e4st\u00e4 seikasta. Meill\u00e4 ei ole t\u00e4m\u00e4n asian suhteen raportoitavaa.<\/p>\n\n\n\n<h4 class=\"wp-block-heading\">Huomautus<\/h4>\n\n\n\n<p>Huomautuksena esit\u00e4mme, ett\u00e4 yhti\u00f6 on tilikauden aikana ilman lain vaatimaa yhti\u00f6kokouksen p\u00e4\u00e4t\u00f6st\u00e4 lunastanut omia osakkeitaan 1.973.493\u20ac:n arvosta. Yhti\u00f6 ei siten ole noudattanut osakeyhti\u00f6lain 15 luvun m\u00e4\u00e4r\u00e4yksi\u00e4.<\/p>\n\n\n\n<p>Helsingiss\u00e4 11. maaliskuuta 2025<\/p>\n\n\n\n<p><strong>KPMG OY AB<br>CHRISTIAN H\u00c4LLSTR\u00d6M<br>KHT<\/strong><\/p>\n","protected":false},"excerpt":{"rendered":"<p>Tilinp\u00e4\u00e4t\u00f6ksen tilintarkastus Lausunto Olemme tilintarkastaneet Oy Forcit Ab:n (y-tunnus 0103189-6) tilinp\u00e4\u00e4t\u00f6ksen tilikaudelta 1.1.\u201331.12.2024. Tilinp\u00e4\u00e4t\u00f6s sis\u00e4lt\u00e4\u00e4 sek\u00e4 konsernin ett\u00e4 emoyhti\u00f6n taseen, tuloslaskelman, rahoituslaskelman ja liitetiedot. Lausuntonamme esit\u00e4mme, ett\u00e4 tilinp\u00e4\u00e4t\u00f6s antaa oikean ja riitt\u00e4v\u00e4n kuvan konsernin sek\u00e4 emoyhti\u00f6n toiminnan tuloksesta ja taloudellisesta asemasta Suomessa voimassa olevien tilinp\u00e4\u00e4t\u00f6ksen laatimista koskevien s\u00e4\u00e4nn\u00f6sten mukaisesti ja t\u00e4ytt\u00e4\u00e4 lakis\u00e4\u00e4teiset vaatimukset. Lausunnon perustelut [&#8230;]<\/p>\n<p><a class=\"btn btn-secondary understrap-read-more-link\" href=\"https:\/\/annualreport.forcitgroup.com\/2024\/fi\/tilinpaatos\/tilintarkastuskertomus-2023\/\">Read More&#8230;<span class=\"screen-reader-text\"> from Tilintarkastuskertomus<\/span><\/a><\/p>\n","protected":false},"author":1,"featured_media":0,"parent":542,"menu_order":0,"comment_status":"closed","ping_status":"closed","template":"page-template-numbers.php","meta":{"footnotes":""},"acf":[],"_links":{"self":[{"href":"https:\/\/annualreport.forcitgroup.com\/2024\/wp-json\/wp\/v2\/pages\/546"}],"collection":[{"href":"https:\/\/annualreport.forcitgroup.com\/2024\/wp-json\/wp\/v2\/pages"}],"about":[{"href":"https:\/\/annualreport.forcitgroup.com\/2024\/wp-json\/wp\/v2\/types\/page"}],"author":[{"embeddable":true,"href":"https:\/\/annualreport.forcitgroup.com\/2024\/wp-json\/wp\/v2\/users\/1"}],"replies":[{"embeddable":true,"href":"https:\/\/annualreport.forcitgroup.com\/2024\/wp-json\/wp\/v2\/comments?post=546"}],"version-history":[{"count":1,"href":"https:\/\/annualreport.forcitgroup.com\/2024\/wp-json\/wp\/v2\/pages\/546\/revisions"}],"predecessor-version":[{"id":1843,"href":"https:\/\/annualreport.forcitgroup.com\/2024\/wp-json\/wp\/v2\/pages\/546\/revisions\/1843"}],"up":[{"embeddable":true,"href":"https:\/\/annualreport.forcitgroup.com\/2024\/wp-json\/wp\/v2\/pages\/542"}],"wp:attachment":[{"href":"https:\/\/annualreport.forcitgroup.com\/2024\/wp-json\/wp\/v2\/media?parent=546"}],"curies":[{"name":"wp","href":"https:\/\/api.w.org\/{rel}","templated":true}]}}