{"id":968,"date":"2023-03-09T14:29:06","date_gmt":"2023-03-09T12:29:06","guid":{"rendered":"https:\/\/annualreport.forcitgroup.com\/?page_id=968"},"modified":"2023-03-09T14:29:06","modified_gmt":"2023-03-09T12:29:06","slug":"konsernin-tase","status":"publish","type":"page","link":"https:\/\/annualreport.forcitgroup.com\/2024\/fi\/tilinpaatos\/konsernin-tilinpaatos\/konsernin-tase\/","title":{"rendered":"Konsernin tase"},"content":{"rendered":"\n<div style=\"height:40px\" aria-hidden=\"true\" class=\"wp-block-spacer\"><\/div>\n\n\n\n<h4 class=\"wp-block-heading\">Pysyv\u00e4t vastaavat<\/h4>\n\n\n\n<table id=\"tablepress-31\" class=\"tablepress tablepress-id-31\">\n<thead>\n<tr class=\"row-1 odd\">\n\t<th class=\"column-1\">1000 \u20ac<\/th><th class=\"column-2\">2024<\/th><th class=\"column-3\">2023<\/th>\n<\/tr>\n<\/thead>\n<tbody class=\"row-hover\">\n<tr class=\"row-2 even\">\n\t<td class=\"column-1\">Aineettomat hy\u00f6dykkeet<\/td><td class=\"column-2\"><\/td><td class=\"column-3\"><\/td>\n<\/tr>\n<tr class=\"row-3 odd\">\n\t<td class=\"column-1\">Aineettomat oikeudet<\/td><td class=\"column-2\">4 090<\/td><td class=\"column-3\">3 347<\/td>\n<\/tr>\n<tr class=\"row-4 even\">\n\t<td class=\"column-1\">Konserniliikearvo<\/td><td class=\"column-2\">2 548<\/td><td class=\"column-3\">3 392<\/td>\n<\/tr>\n<tr class=\"row-5 odd\">\n\t<td class=\"column-1\">Liikearvo<\/td><td class=\"column-2\">89 227<\/td><td class=\"column-3\">0<\/td>\n<\/tr>\n<tr class=\"row-6 even\">\n\t<td class=\"column-1\">Aineettomat hy\u00f6dykkeet yhteens\u00e4<\/td><td class=\"column-2\">95 865<\/td><td class=\"column-3\">6 738<\/td>\n<\/tr>\n<tr class=\"row-7 odd\">\n\t<td class=\"column-1\">Aineelliset hy\u00f6dykkeet<\/td><td class=\"column-2\"><\/td><td class=\"column-3\"><\/td>\n<\/tr>\n<tr class=\"row-8 even\">\n\t<td class=\"column-1\">Maa- ja vesialueet<\/td><td class=\"column-2\">2 202<\/td><td class=\"column-3\">1 770<\/td>\n<\/tr>\n<tr class=\"row-9 odd\">\n\t<td class=\"column-1\">Rakennukset ja rakennelmat<\/td><td class=\"column-2\">35 808<\/td><td class=\"column-3\">23 243<\/td>\n<\/tr>\n<tr class=\"row-10 even\">\n\t<td class=\"column-1\">Koneet ja kalusto<\/td><td class=\"column-2\">37 440<\/td><td class=\"column-3\">18 240<\/td>\n<\/tr>\n<tr class=\"row-11 odd\">\n\t<td class=\"column-1\">Muut aineelliset hy\u00f6dykkeet<\/td><td class=\"column-2\">2 273<\/td><td class=\"column-3\">270<\/td>\n<\/tr>\n<tr class=\"row-12 even\">\n\t<td class=\"column-1\">Ennakkomaksut ja keskener\u00e4iset hankinnat<\/td><td class=\"column-2\">19 202<\/td><td class=\"column-3\">25 668<\/td>\n<\/tr>\n<tr class=\"row-13 odd\">\n\t<td class=\"column-1\">Aineelliset hy\u00f6dykkeet yhteens\u00e4<\/td><td class=\"column-2\">96 925<\/td><td class=\"column-3\">69 190<\/td>\n<\/tr>\n<tr class=\"row-14 even\">\n\t<td class=\"column-1\">Sijoitukset<\/td><td class=\"column-2\"><\/td><td class=\"column-3\"><\/td>\n<\/tr>\n<tr class=\"row-15 odd\">\n\t<td class=\"column-1\">Osakkeet ja osuudet<\/td><td class=\"column-2\">290<\/td><td class=\"column-3\">290<\/td>\n<\/tr>\n<tr class=\"row-16 even\">\n\t<td class=\"column-1\">Osakkuusyritykset<\/td><td class=\"column-2\">63<\/td><td class=\"column-3\">35<\/td>\n<\/tr>\n<tr class=\"row-17 odd\">\n\t<td class=\"column-1\">Muut sijoitukset<\/td><td class=\"column-2\">202<\/td><td class=\"column-3\">276<\/td>\n<\/tr>\n<tr class=\"row-18 even\">\n\t<td class=\"column-1\">Sijoitukset yhteens\u00e4<\/td><td class=\"column-2\">555<\/td><td class=\"column-3\">602<\/td>\n<\/tr>\n<tr class=\"row-19 odd\">\n\t<td class=\"column-1\">PYSYV\u00c4T VASTAAVAT YHTEENS\u00c4<\/td><td class=\"column-2\">193 345<\/td><td class=\"column-3\">76 530<\/td>\n<\/tr>\n<\/tbody>\n<\/table>\n\n\n\n<div style=\"height:40px\" aria-hidden=\"true\" class=\"wp-block-spacer\"><\/div>\n\n\n\n<h4 class=\"wp-block-heading\">Vaihtuvat vastaavat<\/h4>\n\n\n\n<table id=\"tablepress-32\" class=\"tablepress tablepress-id-32\">\n<thead>\n<tr class=\"row-1 odd\">\n\t<th class=\"column-1\">1000 \u20ac<\/th><th class=\"column-2\">2024<\/th><th class=\"column-3\">2023<\/th>\n<\/tr>\n<\/thead>\n<tbody class=\"row-hover\">\n<tr class=\"row-2 even\">\n\t<td class=\"column-1\">Vaihto-omaisuus<\/td><td class=\"column-2\"><\/td><td class=\"column-3\"><\/td>\n<\/tr>\n<tr class=\"row-3 odd\">\n\t<td class=\"column-1\">Aineet ja tarvikkeet<\/td><td class=\"column-2\">23 738<\/td><td class=\"column-3\">18 278<\/td>\n<\/tr>\n<tr class=\"row-4 even\">\n\t<td class=\"column-1\">Valmiit tuotteet<\/td><td class=\"column-2\">4 481<\/td><td class=\"column-3\">2 054<\/td>\n<\/tr>\n<tr class=\"row-5 odd\">\n\t<td class=\"column-1\">Muu vaihto-omaisuus<\/td><td class=\"column-2\">13 435<\/td><td class=\"column-3\">9 957<\/td>\n<\/tr>\n<tr class=\"row-6 even\">\n\t<td class=\"column-1\">Ennakkomaksut<\/td><td class=\"column-2\">12 559<\/td><td class=\"column-3\">12 542<\/td>\n<\/tr>\n<tr class=\"row-7 odd\">\n\t<td class=\"column-1\">Vaihto-omaisuus yhteens\u00e4<\/td><td class=\"column-2\">54 213<\/td><td class=\"column-3\">42 831<\/td>\n<\/tr>\n<tr class=\"row-8 even\">\n\t<td class=\"column-1\">Saamiset<\/td><td class=\"column-2\"><\/td><td class=\"column-3\"><\/td>\n<\/tr>\n<tr class=\"row-9 odd\">\n\t<td class=\"column-1\">Myyntisaamiset<\/td><td class=\"column-2\">30 652<\/td><td class=\"column-3\">35 568<\/td>\n<\/tr>\n<tr class=\"row-10 even\">\n\t<td class=\"column-1\">Lainasaamiset<\/td><td class=\"column-2\">58<\/td><td class=\"column-3\">43<\/td>\n<\/tr>\n<tr class=\"row-11 odd\">\n\t<td class=\"column-1\">Muut saamiset<\/td><td class=\"column-2\">1 638<\/td><td class=\"column-3\">4 340<\/td>\n<\/tr>\n<tr class=\"row-12 even\">\n\t<td class=\"column-1\">Siirtosaamiset<\/td><td class=\"column-2\">19 273<\/td><td class=\"column-3\">6 009<\/td>\n<\/tr>\n<tr class=\"row-13 odd\">\n\t<td class=\"column-1\">Saamiset yhteens\u00e4<\/td><td class=\"column-2\">51 621<\/td><td class=\"column-3\">45 960<\/td>\n<\/tr>\n<tr class=\"row-14 even\">\n\t<td class=\"column-1\">Rahoitusarvopaperit<\/td><td class=\"column-2\"><\/td><td class=\"column-3\"><\/td>\n<\/tr>\n<tr class=\"row-15 odd\">\n\t<td class=\"column-1\">Muut arvopaperit<\/td><td class=\"column-2\">0<\/td><td class=\"column-3\">0<\/td>\n<\/tr>\n<tr class=\"row-16 even\">\n\t<td class=\"column-1\">Rahat ja pankkisaamiset<\/td><td class=\"column-2\">17 455<\/td><td class=\"column-3\">31 792<\/td>\n<\/tr>\n<tr class=\"row-17 odd\">\n\t<td class=\"column-1\">VAIHTUVAT VASTAAVAT YHT.<\/td><td class=\"column-2\">123 289<\/td><td class=\"column-3\">120 584<\/td>\n<\/tr>\n<tr class=\"row-18 even\">\n\t<td class=\"column-1\">VASTATTAVAA YHTEENS\u00c4<\/td><td class=\"column-2\">316 634<\/td><td class=\"column-3\">197 114<\/td>\n<\/tr>\n<\/tbody>\n<\/table>\n\n\n\n<div style=\"height:40px\" aria-hidden=\"true\" class=\"wp-block-spacer\"><\/div>\n\n\n\n<h4 class=\"wp-block-heading\">Vastattavaa<\/h4>\n\n\n\n<h5 class=\"wp-block-heading\">Oma p\u00e4\u00e4oma<\/h5>\n\n\n\n<table id=\"tablepress-48\" class=\"tablepress tablepress-id-48\">\n<thead>\n<tr class=\"row-1 odd\">\n\t<th class=\"column-1\">1000 \u20ac<\/th><th class=\"column-2\">2024<\/th><th class=\"column-3\">2023<\/th>\n<\/tr>\n<\/thead>\n<tbody class=\"row-hover\">\n<tr class=\"row-2 even\">\n\t<td class=\"column-1\">Osakep\u00e4\u00e4oma<\/td><td class=\"column-2\">3 149<\/td><td class=\"column-3\">3 149<\/td>\n<\/tr>\n<tr class=\"row-3 odd\">\n\t<td class=\"column-1\">Sijoitetun vapaan\u00a0oman p\u00e4\u00e4oman rahasto<\/td><td class=\"column-2\">1 050<\/td><td class=\"column-3\">1 501<\/td>\n<\/tr>\n<tr class=\"row-4 even\">\n\t<td class=\"column-1\">K\u00e4ytt\u00f6rahasto<\/td><td class=\"column-2\">61 923<\/td><td class=\"column-3\">50 236<\/td>\n<\/tr>\n<tr class=\"row-5 odd\">\n\t<td class=\"column-1\">Tilikauden tulos<\/td><td class=\"column-2\">35 619<\/td><td class=\"column-3\">20 534<\/td>\n<\/tr>\n<tr class=\"row-6 even\">\n\t<td class=\"column-1\">OMA P\u00c4\u00c4OMA YHTEENS\u00c4<\/td><td class=\"column-2\">101 742<\/td><td class=\"column-3\">75 419<\/td>\n<\/tr>\n<tr class=\"row-7 odd\">\n\t<td class=\"column-1\">V\u00c4HEMMIST\u00d6OSUUS<\/td><td class=\"column-2\">1 354<\/td><td class=\"column-3\">1 254<\/td>\n<\/tr>\n<\/tbody>\n<\/table>\n\n\n\n<div style=\"height:40px\" aria-hidden=\"true\" class=\"wp-block-spacer\"><\/div>\n\n\n\n<h5 class=\"wp-block-heading\">Vieras p\u00e4\u00e4oma<\/h5>\n\n\n\n<table id=\"tablepress-49\" class=\"tablepress tablepress-id-49\">\n<thead>\n<tr class=\"row-1 odd\">\n\t<th class=\"column-1\">1000 \u20ac<\/th><th class=\"column-2\">2024<\/th><th class=\"column-3\">2023<\/th>\n<\/tr>\n<\/thead>\n<tbody class=\"row-hover\">\n<tr class=\"row-2 even\">\n\t<td class=\"column-1\">Pitk\u00e4aikainen<\/td><td class=\"column-2\"><\/td><td class=\"column-3\"><\/td>\n<\/tr>\n<tr class=\"row-3 odd\">\n\t<td class=\"column-1\">Laskennallinen verovelka<\/td><td class=\"column-2\">5 221<\/td><td class=\"column-3\">3 338<\/td>\n<\/tr>\n<tr class=\"row-4 even\">\n\t<td class=\"column-1\">Lainat rahoituslaitoksilta<\/td><td class=\"column-2\">12 568<\/td><td class=\"column-3\">14 917<\/td>\n<\/tr>\n<tr class=\"row-5 odd\">\n\t<td class=\"column-1\">Muut pitk\u00e4aikaiset velat<\/td><td class=\"column-2\">63 376<\/td><td class=\"column-3\">2 242<\/td>\n<\/tr>\n<tr class=\"row-6 even\">\n\t<td class=\"column-1\">Pitk\u00e4aikainen vieras p\u00e4\u00e4oma yhteens\u00e4<\/td><td class=\"column-2\">75 944<\/td><td class=\"column-3\">17 159<\/td>\n<\/tr>\n<tr class=\"row-7 odd\">\n\t<td class=\"column-1\">Lyhytaikainen<\/td><td class=\"column-2\"><\/td><td class=\"column-3\"><\/td>\n<\/tr>\n<tr class=\"row-8 even\">\n\t<td class=\"column-1\">Lainat rahoituslaitoksilta<\/td><td class=\"column-2\">22 365<\/td><td class=\"column-3\">4 611<\/td>\n<\/tr>\n<tr class=\"row-9 odd\">\n\t<td class=\"column-1\">Saadut ennakot<\/td><td class=\"column-2\">52 869<\/td><td class=\"column-3\">57 839<\/td>\n<\/tr>\n<tr class=\"row-10 even\">\n\t<td class=\"column-1\">Ostovelat<\/td><td class=\"column-2\">22 005<\/td><td class=\"column-3\">21 300<\/td>\n<\/tr>\n<tr class=\"row-11 odd\">\n\t<td class=\"column-1\">Muut velat<\/td><td class=\"column-2\">14 239<\/td><td class=\"column-3\">3 479<\/td>\n<\/tr>\n<tr class=\"row-12 even\">\n\t<td class=\"column-1\">Siirtovelat<\/td><td class=\"column-2\">20 896<\/td><td class=\"column-3\">12 716<\/td>\n<\/tr>\n<tr class=\"row-13 odd\">\n\t<td class=\"column-1\">Lyhytaikainen vieras p\u00e4\u00e4oma yhteens\u00e4<\/td><td class=\"column-2\">132 374<\/td><td class=\"column-3\">99 945<\/td>\n<\/tr>\n<tr class=\"row-14 even\">\n\t<td class=\"column-1\">VIERAS P\u00c4\u00c4OMA YHTEENS\u00c4<\/td><td class=\"column-2\">213 538<\/td><td class=\"column-3\">120 441<\/td>\n<\/tr>\n<tr class=\"row-15 odd\">\n\t<td class=\"column-1\">VASTATTAVAT YHTEENS\u00c4<\/td><td class=\"column-2\">316 634<\/td><td class=\"column-3\">197 114<\/td>\n<\/tr>\n<\/tbody>\n<\/table>\n","protected":false},"excerpt":{"rendered":"<p>Pysyv\u00e4t vastaavat Vaihtuvat vastaavat Vastattavaa Oma p\u00e4\u00e4oma Vieras p\u00e4\u00e4oma [&#8230;]<\/p>\n<p><a class=\"btn btn-secondary understrap-read-more-link\" href=\"https:\/\/annualreport.forcitgroup.com\/2024\/fi\/tilinpaatos\/konsernin-tilinpaatos\/konsernin-tase\/\">Read More&#8230;<span class=\"screen-reader-text\"> from Konsernin tase<\/span><\/a><\/p>\n","protected":false},"author":1,"featured_media":0,"parent":550,"menu_order":0,"comment_status":"closed","ping_status":"closed","template":"page-template-numbers.php","meta":{"footnotes":""},"acf":[],"_links":{"self":[{"href":"https:\/\/annualreport.forcitgroup.com\/2024\/wp-json\/wp\/v2\/pages\/968"}],"collection":[{"href":"https:\/\/annualreport.forcitgroup.com\/2024\/wp-json\/wp\/v2\/pages"}],"about":[{"href":"https:\/\/annualreport.forcitgroup.com\/2024\/wp-json\/wp\/v2\/types\/page"}],"author":[{"embeddable":true,"href":"https:\/\/annualreport.forcitgroup.com\/2024\/wp-json\/wp\/v2\/users\/1"}],"replies":[{"embeddable":true,"href":"https:\/\/annualreport.forcitgroup.com\/2024\/wp-json\/wp\/v2\/comments?post=968"}],"version-history":[{"count":0,"href":"https:\/\/annualreport.forcitgroup.com\/2024\/wp-json\/wp\/v2\/pages\/968\/revisions"}],"up":[{"embeddable":true,"href":"https:\/\/annualreport.forcitgroup.com\/2024\/wp-json\/wp\/v2\/pages\/550"}],"wp:attachment":[{"href":"https:\/\/annualreport.forcitgroup.com\/2024\/wp-json\/wp\/v2\/media?parent=968"}],"curies":[{"name":"wp","href":"https:\/\/api.w.org\/{rel}","templated":true}]}}