{"id":976,"date":"2023-03-09T14:32:31","date_gmt":"2023-03-09T12:32:31","guid":{"rendered":"https:\/\/annualreport.forcitgroup.com\/?page_id=976"},"modified":"2023-03-09T14:32:31","modified_gmt":"2023-03-09T12:32:31","slug":"koncernens-finansieringsanalys","status":"publish","type":"page","link":"https:\/\/annualreport.forcitgroup.com\/2024\/sv\/bokslut\/koncernens-bokslut\/koncernens-finansieringsanalys\/","title":{"rendered":"Koncernens finansieringsanalys"},"content":{"rendered":"\n<div style=\"height:52px\" aria-hidden=\"true\" class=\"wp-block-spacer\"><\/div>\n\n\n\n<table id=\"tablepress-36\" class=\"tablepress tablepress-id-36\">\n<thead>\n<tr class=\"row-1 odd\">\n\t<th class=\"column-1\">1000 \u20ac<\/th><th class=\"column-2\">2024<\/th><th class=\"column-3\">2023<\/th>\n<\/tr>\n<\/thead>\n<tbody class=\"row-hover\">\n<tr class=\"row-2 even\">\n\t<td class=\"column-1\">R\u00f6relsens kassafl\u00f6de<\/td><td class=\"column-2\"><\/td><td class=\"column-3\"><\/td>\n<\/tr>\n<tr class=\"row-3 odd\">\n\t<td class=\"column-1\">R\u00f6relsevinst<\/td><td class=\"column-2\">47 009<\/td><td class=\"column-3\">26 617<\/td>\n<\/tr>\n<tr class=\"row-4 even\">\n\t<td class=\"column-1\">Korrigeringar till r\u00f6relsevinsten<\/td><td class=\"column-2\">32 658<\/td><td class=\"column-3\">7 742<\/td>\n<\/tr>\n<tr class=\"row-5 odd\">\n\t<td class=\"column-1\">F\u00f6r\u00e4ndring i r\u00f6relsekapitalet<\/td><td class=\"column-2\">-5 645<\/td><td class=\"column-3\">27 147<\/td>\n<\/tr>\n<tr class=\"row-6 even\">\n\t<td class=\"column-1\">Betalda r\u00e4ntor<\/td><td class=\"column-2\">-2 003<\/td><td class=\"column-3\">-980<\/td>\n<\/tr>\n<tr class=\"row-7 odd\">\n\t<td class=\"column-1\">Erh\u00e5llna r\u00e4ntor<\/td><td class=\"column-2\">273<\/td><td class=\"column-3\">681<\/td>\n<\/tr>\n<tr class=\"row-8 even\">\n\t<td class=\"column-1\">Betalda skatter<\/td><td class=\"column-2\">-5 342<\/td><td class=\"column-3\">-5 515<\/td>\n<\/tr>\n<tr class=\"row-9 odd\">\n\t<td class=\"column-1\">R\u00f6relsens kassafl\u00f6de<\/td><td class=\"column-2\">66 950<\/td><td class=\"column-3\">55 692<\/td>\n<\/tr>\n<tr class=\"row-10 even\">\n\t<td class=\"column-1\">Investeringarnas kassafl\u00f6de<\/td><td class=\"column-2\"><\/td><td class=\"column-3\"><\/td>\n<\/tr>\n<tr class=\"row-11 odd\">\n\t<td class=\"column-1\">Investeringar i materiella och immateriella tillg\u00e5ngar<\/td><td class=\"column-2\">-87 409<\/td><td class=\"column-3\">-25 068<\/td>\n<\/tr>\n<tr class=\"row-12 even\">\n\t<td class=\"column-1\">\u00d6verl\u00e5telseint\u00e4kter fr\u00e5n materiella och immateriella tillg\u00e5ngar<\/td><td class=\"column-2\">105<\/td><td class=\"column-3\">272<\/td>\n<\/tr>\n<tr class=\"row-13 odd\">\n\t<td class=\"column-1\">\u00d6verl\u00e5telseint\u00e4kter fr\u00e5n f\u00f6rs\u00e4ljning av dotterbolagsaktier<\/td><td class=\"column-2\">0<\/td><td class=\"column-3\">2 897<\/td>\n<\/tr>\n<tr class=\"row-14 even\">\n\t<td class=\"column-1\">F\u00f6rv\u00e4rv av dotterbolag minus bolagets kassa vid f\u00f6rv\u00e4rvstidpunkten<\/td><td class=\"column-2\">-45<\/td><td class=\"column-3\">0<\/td>\n<\/tr>\n<tr class=\"row-15 odd\">\n\t<td class=\"column-1\">Investeringar i \u00f6vriga placeringar<\/td><td class=\"column-2\">73<\/td><td class=\"column-3\">0<\/td>\n<\/tr>\n<tr class=\"row-16 even\">\n\t<td class=\"column-1\">Investeringarnas kassafl\u00f6de<\/td><td class=\"column-2\">-87 275<\/td><td class=\"column-3\">-21 899<\/td>\n<\/tr>\n<tr class=\"row-17 odd\">\n\t<td class=\"column-1\">Finansieringens kassafl\u00f6de<\/td><td class=\"column-2\"><\/td><td class=\"column-3\"><\/td>\n<\/tr>\n<tr class=\"row-18 even\">\n\t<td class=\"column-1\">F\u00f6r\u00e4ndring i kortfristiga l\u00e5n<\/td><td class=\"column-2\">17 754<\/td><td class=\"column-3\">-800<\/td>\n<\/tr>\n<tr class=\"row-19 odd\">\n\t<td class=\"column-1\">Upptagning av l\u00e5ngfristiga l\u00e5n<\/td><td class=\"column-2\">0<\/td><td class=\"column-3\">1 044<\/td>\n<\/tr>\n<tr class=\"row-20 even\">\n\t<td class=\"column-1\">\u00c5terbetalning av l\u00e5ngfristiga l\u00e5n<\/td><td class=\"column-2\">-2 843<\/td><td class=\"column-3\">-2 270<\/td>\n<\/tr>\n<tr class=\"row-21 odd\">\n\t<td class=\"column-1\">Utbetalda dividender och f\u00f6r\u00e4ndring i eget kapital<\/td><td class=\"column-2\">-8 924<\/td><td class=\"column-3\">-5 034<\/td>\n<\/tr>\n<tr class=\"row-22 even\">\n\t<td class=\"column-1\">Finansieringens kassafl\u00f6de<\/td><td class=\"column-2\">5 988<\/td><td class=\"column-3\">-7 059<\/td>\n<\/tr>\n<tr class=\"row-23 odd\">\n\t<td class=\"column-1\">F\u00d6R\u00c4NDRING I LIKVIDA MEDEL<\/td><td class=\"column-2\">-14 337<\/td><td class=\"column-3\">26 733<\/td>\n<\/tr>\n<tr class=\"row-24 even\">\n\t<td class=\"column-1\">Likvida medel vid periodens b\u00f6rjan<\/td><td class=\"column-2\">31 792<\/td><td class=\"column-3\">5 059<\/td>\n<\/tr>\n<tr class=\"row-25 odd\">\n\t<td class=\"column-1\">F\u00f6r\u00e4ndringar under r\u00e4kenskapsperioden<\/td><td class=\"column-2\">-14 337<\/td><td class=\"column-3\">26 733<\/td>\n<\/tr>\n<tr class=\"row-26 even\">\n\t<td class=\"column-1\">Likvida medel vid periodens slut<\/td><td class=\"column-2\">17 455<\/td><td class=\"column-3\">31 792<\/td>\n<\/tr>\n<\/tbody>\n<\/table>\n","protected":false},"excerpt":{"rendered":"<p> [&#8230;]<\/p>\n<p><a class=\"btn btn-secondary understrap-read-more-link\" href=\"https:\/\/annualreport.forcitgroup.com\/2024\/sv\/bokslut\/koncernens-bokslut\/koncernens-finansieringsanalys\/\">Read More&#8230;<span class=\"screen-reader-text\"> from Koncernens finansieringsanalys<\/span><\/a><\/p>\n","protected":false},"author":1,"featured_media":0,"parent":552,"menu_order":0,"comment_status":"closed","ping_status":"closed","template":"page-template-numbers.php","meta":{"_acf_changed":false,"footnotes":""},"acf":[],"_links":{"self":[{"href":"https:\/\/annualreport.forcitgroup.com\/2024\/wp-json\/wp\/v2\/pages\/976"}],"collection":[{"href":"https:\/\/annualreport.forcitgroup.com\/2024\/wp-json\/wp\/v2\/pages"}],"about":[{"href":"https:\/\/annualreport.forcitgroup.com\/2024\/wp-json\/wp\/v2\/types\/page"}],"author":[{"embeddable":true,"href":"https:\/\/annualreport.forcitgroup.com\/2024\/wp-json\/wp\/v2\/users\/1"}],"replies":[{"embeddable":true,"href":"https:\/\/annualreport.forcitgroup.com\/2024\/wp-json\/wp\/v2\/comments?post=976"}],"version-history":[{"count":0,"href":"https:\/\/annualreport.forcitgroup.com\/2024\/wp-json\/wp\/v2\/pages\/976\/revisions"}],"up":[{"embeddable":true,"href":"https:\/\/annualreport.forcitgroup.com\/2024\/wp-json\/wp\/v2\/pages\/552"}],"wp:attachment":[{"href":"https:\/\/annualreport.forcitgroup.com\/2024\/wp-json\/wp\/v2\/media?parent=976"}],"curies":[{"name":"wp","href":"https:\/\/api.w.org\/{rel}","templated":true}]}}