{"id":988,"date":"2023-03-09T14:47:06","date_gmt":"2023-03-09T12:47:06","guid":{"rendered":"https:\/\/annualreport.forcitgroup.com\/?page_id=988"},"modified":"2023-03-09T14:47:06","modified_gmt":"2023-03-09T12:47:06","slug":"emoyhtion-rahoituslaskelma","status":"publish","type":"page","link":"https:\/\/annualreport.forcitgroup.com\/2024\/fi\/tilinpaatos\/emoyhtion-tilinpaatos\/emoyhtion-rahoituslaskelma\/","title":{"rendered":"Emoyhti\u00f6n rahoituslaskelma"},"content":{"rendered":"\n<div style=\"height:40px\" aria-hidden=\"true\" class=\"wp-block-spacer\"><\/div>\n\n\n\n<table id=\"tablepress-40\" class=\"tablepress tablepress-id-40\">\n<thead>\n<tr class=\"row-1 odd\">\n\t<th class=\"column-1\">1000 \u20ac<\/th><th class=\"column-2\">2024<\/th><th class=\"column-3\">2023<\/th>\n<\/tr>\n<\/thead>\n<tbody class=\"row-hover\">\n<tr class=\"row-2 even\">\n\t<td class=\"column-1\">Liiketoiminnan rahavirta<\/td><td class=\"column-2\"><\/td><td class=\"column-3\"><\/td>\n<\/tr>\n<tr class=\"row-3 odd\">\n\t<td class=\"column-1\">Liikevoitto<\/td><td class=\"column-2\">16 899<\/td><td class=\"column-3\">13 551<\/td>\n<\/tr>\n<tr class=\"row-4 even\">\n\t<td class=\"column-1\">Oikaisut liikevoittoon<\/td><td class=\"column-2\">25 788<\/td><td class=\"column-3\">2 787<\/td>\n<\/tr>\n<tr class=\"row-5 odd\">\n\t<td class=\"column-1\">K\u00e4ytt\u00f6p\u00e4\u00e4oman muutos<\/td><td class=\"column-2\">-9 532<\/td><td class=\"column-3\">10 597<\/td>\n<\/tr>\n<tr class=\"row-6 even\">\n\t<td class=\"column-1\">Maksetut korot<\/td><td class=\"column-2\">-2 082<\/td><td class=\"column-3\">-961<\/td>\n<\/tr>\n<tr class=\"row-7 odd\">\n\t<td class=\"column-1\">Saadut korot<\/td><td class=\"column-2\">341<\/td><td class=\"column-3\">576<\/td>\n<\/tr>\n<tr class=\"row-8 even\">\n\t<td class=\"column-1\">Saadut osingot<\/td><td class=\"column-2\">2<\/td><td class=\"column-3\">24<\/td>\n<\/tr>\n<tr class=\"row-9 odd\">\n\t<td class=\"column-1\">Muut rahoituser\u00e4t<\/td><td class=\"column-2\">0<\/td><td class=\"column-3\">-3<\/td>\n<\/tr>\n<tr class=\"row-10 even\">\n\t<td class=\"column-1\">Maksetut verot<\/td><td class=\"column-2\">-3 591<\/td><td class=\"column-3\">-4 558<\/td>\n<\/tr>\n<tr class=\"row-11 odd\">\n\t<td class=\"column-1\">Liiketoiminnan rahavirta<\/td><td class=\"column-2\">27 824<\/td><td class=\"column-3\">22 013<\/td>\n<\/tr>\n<tr class=\"row-12 even\">\n\t<td class=\"column-1\">Investointien rahavirta<\/td><td class=\"column-2\"><\/td><td class=\"column-3\"><\/td>\n<\/tr>\n<tr class=\"row-13 odd\">\n\t<td class=\"column-1\">Investoinnit aineellisiin ja aineettomiin hy\u00f6dykkeisiin<\/td><td class=\"column-2\">-75 602<\/td><td class=\"column-3\">-17 458<\/td>\n<\/tr>\n<tr class=\"row-14 even\">\n\t<td class=\"column-1\">Tyt\u00e4ryhti\u00f6iden osakkeiden myynti<\/td><td class=\"column-2\">105<\/td><td class=\"column-3\">0<\/td>\n<\/tr>\n<tr class=\"row-15 odd\">\n\t<td class=\"column-1\">Investoinnit tyt\u00e4ryhti\u00f6ihin<\/td><td class=\"column-2\">0<\/td><td class=\"column-3\">2 961<\/td>\n<\/tr>\n<tr class=\"row-16 even\">\n\t<td class=\"column-1\">Lainasaamisten muutos<\/td><td class=\"column-2\">-12<\/td><td class=\"column-3\">5<\/td>\n<\/tr>\n<tr class=\"row-17 odd\">\n\t<td class=\"column-1\">Investointien rahavirta<\/td><td class=\"column-2\">-75 510<\/td><td class=\"column-3\">-14 492<\/td>\n<\/tr>\n<tr class=\"row-18 even\">\n\t<td class=\"column-1\">Rahoituksen rahavirta<\/td><td class=\"column-2\"><\/td><td class=\"column-3\"><\/td>\n<\/tr>\n<tr class=\"row-19 odd\">\n\t<td class=\"column-1\">Lyhytaikaisten lainojen nostot<\/td><td class=\"column-2\"><\/td><td class=\"column-3\">0<\/td>\n<\/tr>\n<tr class=\"row-20 even\">\n\t<td class=\"column-1\">Muutos lyhytaikaisissa lainoissa<\/td><td class=\"column-2\">17 762<\/td><td class=\"column-3\">-819<\/td>\n<\/tr>\n<tr class=\"row-21 odd\">\n\t<td class=\"column-1\">Pitk\u00e4aikaisten lainojen nostot<\/td><td class=\"column-2\">0<\/td><td class=\"column-3\">1 044<\/td>\n<\/tr>\n<tr class=\"row-22 even\">\n\t<td class=\"column-1\">Pitk\u00e4aikaisten lainojen takaisinmaksut<\/td><td class=\"column-2\">-2 830<\/td><td class=\"column-3\">-2 270<\/td>\n<\/tr>\n<tr class=\"row-23 odd\">\n\t<td class=\"column-1\">Maksetut osingot<\/td><td class=\"column-2\">-7 041<\/td><td class=\"column-3\">-5 034<\/td>\n<\/tr>\n<tr class=\"row-24 even\">\n\t<td class=\"column-1\">Oman p\u00e4\u00e4oman muutos<\/td><td class=\"column-2\">-1 883<\/td><td class=\"column-3\">0<\/td>\n<\/tr>\n<tr class=\"row-25 odd\">\n\t<td class=\"column-1\">Tyt\u00e4ryhti\u00f6iden konsernitili<\/td><td class=\"column-2\">18 539<\/td><td class=\"column-3\">17 435<\/td>\n<\/tr>\n<tr class=\"row-26 even\">\n\t<td class=\"column-1\">Osingot tyt\u00e4ryhti\u00f6ilt\u00e4<\/td><td class=\"column-2\">1 358<\/td><td class=\"column-3\">6 895<\/td>\n<\/tr>\n<tr class=\"row-27 odd\">\n\t<td class=\"column-1\">Saatu konserniavustus, joka on maksettu<\/td><td class=\"column-2\">7 110<\/td><td class=\"column-3\">1 394<\/td>\n<\/tr>\n<tr class=\"row-28 even\">\n\t<td class=\"column-1\">Rahoituksen rahavirta<\/td><td class=\"column-2\">33 014<\/td><td class=\"column-3\">18 645<\/td>\n<\/tr>\n<tr class=\"row-29 odd\">\n\t<td class=\"column-1\">RAHAVAROJEN MUUTOS<\/td><td class=\"column-2\">-14 671<\/td><td class=\"column-3\">26 167<\/td>\n<\/tr>\n<tr class=\"row-30 even\">\n\t<td class=\"column-1\">Rahavarat tilikauden alussa<\/td><td class=\"column-2\">30 751<\/td><td class=\"column-3\">4 584<\/td>\n<\/tr>\n<tr class=\"row-31 odd\">\n\t<td class=\"column-1\">Muutos tilikauden aikana<\/td><td class=\"column-2\">-14 671<\/td><td class=\"column-3\">26 167<\/td>\n<\/tr>\n<tr class=\"row-32 even\">\n\t<td class=\"column-1\">Rahavarat tilikauden lopussa<\/td><td class=\"column-2\">16 080<\/td><td class=\"column-3\">30 751<\/td>\n<\/tr>\n<tr class=\"row-33 odd\">\n\t<td class=\"column-1\"><\/td><td colspan=\"2\" class=\"column-2\"><\/td>\n<\/tr>\n<\/tbody>\n<\/table>\n","protected":false},"excerpt":{"rendered":"<p> [&#8230;]<\/p>\n<p><a class=\"btn btn-secondary understrap-read-more-link\" href=\"https:\/\/annualreport.forcitgroup.com\/2024\/fi\/tilinpaatos\/emoyhtion-tilinpaatos\/emoyhtion-rahoituslaskelma\/\">Read More&#8230;<span class=\"screen-reader-text\"> from Emoyhti\u00f6n rahoituslaskelma<\/span><\/a><\/p>\n","protected":false},"author":1,"featured_media":0,"parent":558,"menu_order":0,"comment_status":"closed","ping_status":"closed","template":"page-template-numbers.php","meta":{"footnotes":""},"acf":[],"_links":{"self":[{"href":"https:\/\/annualreport.forcitgroup.com\/2024\/wp-json\/wp\/v2\/pages\/988"}],"collection":[{"href":"https:\/\/annualreport.forcitgroup.com\/2024\/wp-json\/wp\/v2\/pages"}],"about":[{"href":"https:\/\/annualreport.forcitgroup.com\/2024\/wp-json\/wp\/v2\/types\/page"}],"author":[{"embeddable":true,"href":"https:\/\/annualreport.forcitgroup.com\/2024\/wp-json\/wp\/v2\/users\/1"}],"replies":[{"embeddable":true,"href":"https:\/\/annualreport.forcitgroup.com\/2024\/wp-json\/wp\/v2\/comments?post=988"}],"version-history":[{"count":0,"href":"https:\/\/annualreport.forcitgroup.com\/2024\/wp-json\/wp\/v2\/pages\/988\/revisions"}],"up":[{"embeddable":true,"href":"https:\/\/annualreport.forcitgroup.com\/2024\/wp-json\/wp\/v2\/pages\/558"}],"wp:attachment":[{"href":"https:\/\/annualreport.forcitgroup.com\/2024\/wp-json\/wp\/v2\/media?parent=988"}],"curies":[{"name":"wp","href":"https:\/\/api.w.org\/{rel}","templated":true}]}}