{"id":992,"date":"2023-03-09T14:48:45","date_gmt":"2023-03-09T12:48:45","guid":{"rendered":"https:\/\/annualreport.forcitgroup.com\/?page_id=992"},"modified":"2023-03-09T14:48:45","modified_gmt":"2023-03-09T12:48:45","slug":"moderbolagets-balansrakning","status":"publish","type":"page","link":"https:\/\/annualreport.forcitgroup.com\/2024\/sv\/bokslut\/moderbolagets-bokslut\/moderbolagets-balansrakning\/","title":{"rendered":"Moderbolagets balansr\u00e4kning"},"content":{"rendered":"\n<div style=\"height:40px\" aria-hidden=\"true\" class=\"wp-block-spacer\"><\/div>\n\n\n\n<h4 class=\"wp-block-heading\">Aktiva<\/h4>\n\n\n\n<h5 class=\"wp-block-heading\">Best\u00e5ende aktiva<\/h5>\n\n\n\n<table id=\"tablepress-56\" class=\"tablepress tablepress-id-56\">\n<thead>\n<tr class=\"row-1 odd\">\n\t<th class=\"column-1\">1000 \u20ac<\/th><th class=\"column-2\">2024<\/th><th class=\"column-3\">2023<\/th>\n<\/tr>\n<\/thead>\n<tbody class=\"row-hover\">\n<tr class=\"row-2 even\">\n\t<td class=\"column-1\">Immateriella tillg\u00e5ngar<\/td><td class=\"column-2\"><\/td><td class=\"column-3\"><\/td>\n<\/tr>\n<tr class=\"row-3 odd\">\n\t<td class=\"column-1\">Immateriella r\u00e4ttigheter<\/td><td class=\"column-2\">93 219<\/td><td class=\"column-3\">3 217<\/td>\n<\/tr>\n<tr class=\"row-4 even\">\n\t<td class=\"column-1\">Immateriella tillg\u00e5ngar totalt<\/td><td class=\"column-2\">93 219<\/td><td class=\"column-3\">3 217<\/td>\n<\/tr>\n<tr class=\"row-5 odd\">\n\t<td class=\"column-1\">Materiella tillg\u00e5ngar<\/td><td class=\"column-2\"><\/td><td class=\"column-3\"><\/td>\n<\/tr>\n<tr class=\"row-6 even\">\n\t<td class=\"column-1\">Mark- och vattenomr\u00e5den<\/td><td class=\"column-2\">1 706<\/td><td class=\"column-3\">1 393<\/td>\n<\/tr>\n<tr class=\"row-7 odd\">\n\t<td class=\"column-1\">Byggnader och konstruktioner<\/td><td class=\"column-2\">27 552<\/td><td class=\"column-3\">15 145<\/td>\n<\/tr>\n<tr class=\"row-8 even\">\n\t<td class=\"column-1\">Maskiner och inventarier<\/td><td class=\"column-2\">21 070<\/td><td class=\"column-3\">6 391<\/td>\n<\/tr>\n<tr class=\"row-9 odd\">\n\t<td class=\"column-1\">\u00d6vriga materiella tillg\u00e5ngar<\/td><td class=\"column-2\">2 166<\/td><td class=\"column-3\">151<\/td>\n<\/tr>\n<tr class=\"row-10 even\">\n\t<td class=\"column-1\">F\u00f6rskottsbetalningar och p\u00e5g\u00e5ende nyanl\u00e4ggningar<\/td><td class=\"column-2\">15 775<\/td><td class=\"column-3\">20 966<\/td>\n<\/tr>\n<tr class=\"row-11 odd\">\n\t<td class=\"column-1\">Materiella tillg\u00e5ngar totalt<\/td><td class=\"column-2\">68 269<\/td><td class=\"column-3\">44 046<\/td>\n<\/tr>\n<tr class=\"row-12 even\">\n\t<td class=\"column-1\">Placeringar<\/td><td class=\"column-2\"><\/td><td class=\"column-3\"><\/td>\n<\/tr>\n<tr class=\"row-13 odd\">\n\t<td class=\"column-1\">Andelar i f\u00f6retag inom samma koncern<\/td><td class=\"column-2\">28 993<\/td><td class=\"column-3\">24 780<\/td>\n<\/tr>\n<tr class=\"row-14 even\">\n\t<td class=\"column-1\">L\u00e5nefordringar hos f\u00f6retag i samma koncern<\/td><td class=\"column-2\">243<\/td><td class=\"column-3\">243<\/td>\n<\/tr>\n<tr class=\"row-15 odd\">\n\t<td class=\"column-1\">\u00d6vriga l\u00e5nefordringar<\/td><td class=\"column-2\">69<\/td><td class=\"column-3\">72<\/td>\n<\/tr>\n<tr class=\"row-16 even\">\n\t<td class=\"column-1\">\u00d6vriga aktier och andelar<\/td><td class=\"column-2\">287<\/td><td class=\"column-3\">287<\/td>\n<\/tr>\n<tr class=\"row-17 odd\">\n\t<td class=\"column-1\">Placeringar totalt<\/td><td class=\"column-2\">29 591<\/td><td class=\"column-3\">25 381<\/td>\n<\/tr>\n<tr class=\"row-18 even\">\n\t<td class=\"column-1\">BEST\u00c5ENDE AKTIVA TOTALT<\/td><td class=\"column-2\">191 079<\/td><td class=\"column-3\">72 644<\/td>\n<\/tr>\n<\/tbody>\n<\/table>\n\n\n\n<div style=\"height:40px\" aria-hidden=\"true\" class=\"wp-block-spacer\"><\/div>\n\n\n\n<h5 class=\"wp-block-heading\">R\u00f6rliga aktiva<\/h5>\n\n\n\n<table id=\"tablepress-57\" class=\"tablepress tablepress-id-57\">\n<thead>\n<tr class=\"row-1 odd\">\n\t<th class=\"column-1\">1000 \u20ac<\/th><th class=\"column-2\">2024<\/th><th class=\"column-3\">2023<\/th>\n<\/tr>\n<\/thead>\n<tbody class=\"row-hover\">\n<tr class=\"row-2 even\">\n\t<td class=\"column-1\">Oms\u00e4ttningstillg\u00e5ngar<\/td><td class=\"column-2\"><\/td><td class=\"column-3\"><\/td>\n<\/tr>\n<tr class=\"row-3 odd\">\n\t<td class=\"column-1\">Material och f\u00f6rn\u00f6denheter<\/td><td class=\"column-2\">22 433<\/td><td class=\"column-3\">16 973<\/td>\n<\/tr>\n<tr class=\"row-4 even\">\n\t<td class=\"column-1\">F\u00e4rdiga produkter<\/td><td class=\"column-2\">2 860<\/td><td class=\"column-3\">421<\/td>\n<\/tr>\n<tr class=\"row-5 odd\">\n\t<td class=\"column-1\">\u00d6vriga oms\u00e4ttningstillg\u00e5ngar<\/td><td class=\"column-2\">6 596<\/td><td class=\"column-3\">3 795<\/td>\n<\/tr>\n<tr class=\"row-6 even\">\n\t<td class=\"column-1\">F\u00f6rskottsbetalningar<\/td><td class=\"column-2\">12 558<\/td><td class=\"column-3\">12 541<\/td>\n<\/tr>\n<tr class=\"row-7 odd\">\n\t<td class=\"column-1\">Oms\u00e4ttningstillg\u00e5ngar totalt<\/td><td class=\"column-2\">44 446<\/td><td class=\"column-3\">33 731<\/td>\n<\/tr>\n<tr class=\"row-8 even\">\n\t<td class=\"column-1\">Fordringar<\/td><td class=\"column-2\"><\/td><td class=\"column-3\"><\/td>\n<\/tr>\n<tr class=\"row-9 odd\">\n\t<td class=\"column-1\">F\u00f6rs\u00e4ljningsfordringar<\/td><td class=\"column-2\">10 543<\/td><td class=\"column-3\">10 150<\/td>\n<\/tr>\n<tr class=\"row-10 even\">\n\t<td class=\"column-1\">Fordringar hos f\u00f6retag inom samma koncern<\/td><td class=\"column-2\">45 556<\/td><td class=\"column-3\">22 456<\/td>\n<\/tr>\n<tr class=\"row-11 odd\">\n\t<td class=\"column-1\">L\u00e5nefordringar<\/td><td class=\"column-2\">59<\/td><td class=\"column-3\">44<\/td>\n<\/tr>\n<tr class=\"row-12 even\">\n\t<td class=\"column-1\">\u00d6vriga fordringar<\/td><td class=\"column-2\">12 067<\/td><td class=\"column-3\">4 436<\/td>\n<\/tr>\n<tr class=\"row-13 odd\">\n\t<td class=\"column-1\">Resultatregleringar<\/td><td class=\"column-2\">586<\/td><td class=\"column-3\">285<\/td>\n<\/tr>\n<tr class=\"row-14 even\">\n\t<td class=\"column-1\">Fordringar totalt<\/td><td class=\"column-2\">68 811<\/td><td class=\"column-3\">37 370<\/td>\n<\/tr>\n<tr class=\"row-15 odd\">\n\t<td class=\"column-1\">Finansiella v\u00e4rdepapper<\/td><td class=\"column-2\"><\/td><td class=\"column-3\"><\/td>\n<\/tr>\n<tr class=\"row-16 even\">\n\t<td class=\"column-1\">Kassa och bank tillgodohavanden<\/td><td class=\"column-2\">16 080<\/td><td class=\"column-3\">30 751<\/td>\n<\/tr>\n<tr class=\"row-17 odd\">\n\t<td class=\"column-1\">R\u00d6RLIGA AKTIVA TOTALT<\/td><td class=\"column-2\">129 337<\/td><td class=\"column-3\">101 852<\/td>\n<\/tr>\n<tr class=\"row-18 even\">\n\t<td class=\"column-1\">AKTIVA TOTALT<\/td><td class=\"column-2\">320 416<\/td><td class=\"column-3\">174 496<\/td>\n<\/tr>\n<\/tbody>\n<\/table>\n\n\n\n<div style=\"height:40px\" aria-hidden=\"true\" class=\"wp-block-spacer\"><\/div>\n\n\n\n<h4 class=\"wp-block-heading\">Passiva<\/h4>\n\n\n\n<h5 class=\"wp-block-heading\">Eget kapital<\/h5>\n\n\n\n<table id=\"tablepress-53\" class=\"tablepress tablepress-id-53\">\n<thead>\n<tr class=\"row-1 odd\">\n\t<th class=\"column-1\">1000\u20ac<\/th><th class=\"column-2\">2024<\/th><th class=\"column-3\">2023<\/th>\n<\/tr>\n<\/thead>\n<tbody class=\"row-hover\">\n<tr class=\"row-2 even\">\n\t<td class=\"column-1\">Aktiekapital<\/td><td class=\"column-2\">3 149<\/td><td class=\"column-3\">3 149<\/td>\n<\/tr>\n<tr class=\"row-3 odd\">\n\t<td class=\"column-1\">Fonden f\u00f6r fritt inbetalt kapital<\/td><td class=\"column-2\">1 050<\/td><td class=\"column-3\">1 501<\/td>\n<\/tr>\n<tr class=\"row-4 even\">\n\t<td class=\"column-1\">Dispositionsfond<\/td><td class=\"column-2\">52 184<\/td><td class=\"column-3\">37 588<\/td>\n<\/tr>\n<tr class=\"row-5 odd\">\n\t<td class=\"column-1\">R\u00e4kenskapsperiodens resultat<\/td><td class=\"column-2\">32 207<\/td><td class=\"column-3\">23 069<\/td>\n<\/tr>\n<tr class=\"row-6 even\">\n\t<td class=\"column-1\">EGET KAPITAL TOTALT<\/td><td class=\"column-2\">88 590<\/td><td class=\"column-3\">65 307<\/td>\n<\/tr>\n<tr class=\"row-7 odd\">\n\t<td class=\"column-1\">AVSKRIVNINGSDIFFERENS<\/td><td class=\"column-2\">16 922<\/td><td class=\"column-3\">8 432<\/td>\n<\/tr>\n<\/tbody>\n<\/table>\n\n\n\n<div style=\"height:40px\" aria-hidden=\"true\" class=\"wp-block-spacer\"><\/div>\n\n\n\n<h5 class=\"wp-block-heading\">Fr\u00e4mmande kapital<\/h5>\n\n\n\n<table id=\"tablepress-54\" class=\"tablepress tablepress-id-54\">\n<thead>\n<tr class=\"row-1 odd\">\n\t<th class=\"column-1\">1000 \u20ac<\/th><th class=\"column-2\">2024<\/th><th class=\"column-3\">2023<\/th>\n<\/tr>\n<\/thead>\n<tbody class=\"row-hover\">\n<tr class=\"row-2 even\">\n\t<td class=\"column-1\">L\u00e5ngfristigt<\/td><td class=\"column-2\"><\/td><td class=\"column-3\"><\/td>\n<\/tr>\n<tr class=\"row-3 odd\">\n\t<td class=\"column-1\">Skulder till kreditinstitut<\/td><td class=\"column-2\">12 314<\/td><td class=\"column-3\">14 650<\/td>\n<\/tr>\n<tr class=\"row-4 even\">\n\t<td class=\"column-1\">\u00d6vriga l\u00e5ngfristiga skulder<\/td><td class=\"column-2\">63 236<\/td><td class=\"column-3\">2 242<\/td>\n<\/tr>\n<tr class=\"row-5 odd\">\n\t<td class=\"column-1\">L\u00e5ngfristigt fr\u00e4mmande kapital totalt<\/td><td class=\"column-2\">75 550<\/td><td class=\"column-3\">16 892<\/td>\n<\/tr>\n<tr class=\"row-6 even\">\n\t<td class=\"column-1\">Kortfristigt<\/td><td class=\"column-2\"><\/td><td class=\"column-3\"><\/td>\n<\/tr>\n<tr class=\"row-7 odd\">\n\t<td class=\"column-1\">Skulder till kreditinstitut<\/td><td class=\"column-2\">22 369<\/td><td class=\"column-3\">4 607<\/td>\n<\/tr>\n<tr class=\"row-8 even\">\n\t<td class=\"column-1\">Erh\u00e5llna f\u00f6rskott<\/td><td class=\"column-2\">28 667<\/td><td class=\"column-3\">28 348<\/td>\n<\/tr>\n<tr class=\"row-9 odd\">\n\t<td class=\"column-1\">Leverant\u00f6rsskulder<\/td><td class=\"column-2\">12 754<\/td><td class=\"column-3\">11 501<\/td>\n<\/tr>\n<tr class=\"row-10 even\">\n\t<td class=\"column-1\">Skulder till f\u00f6retag inom samma koncern<\/td><td class=\"column-2\">49 484<\/td><td class=\"column-3\">31 947<\/td>\n<\/tr>\n<tr class=\"row-11 odd\">\n\t<td class=\"column-1\">\u00d6vriga skulder<\/td><td class=\"column-2\">11 616<\/td><td class=\"column-3\">1 124<\/td>\n<\/tr>\n<tr class=\"row-12 even\">\n\t<td class=\"column-1\">Resultatregleringar<\/td><td class=\"column-2\">14 463<\/td><td class=\"column-3\">6 339<\/td>\n<\/tr>\n<tr class=\"row-13 odd\">\n\t<td class=\"column-1\">Kortfristigt fr\u00e4mmande kapital totalt<\/td><td class=\"column-2\">139 354<\/td><td class=\"column-3\">83 866<\/td>\n<\/tr>\n<tr class=\"row-14 even\">\n\t<td class=\"column-1\">FR\u00c4MMANDE KAPITAL TOTALT<\/td><td class=\"column-2\">214 904<\/td><td class=\"column-3\">100 758<\/td>\n<\/tr>\n<tr class=\"row-15 odd\">\n\t<td class=\"column-1\">PASSIVA TOTALT<\/td><td class=\"column-2\">320 416<\/td><td class=\"column-3\">174 496<\/td>\n<\/tr>\n<\/tbody>\n<\/table>\n","protected":false},"excerpt":{"rendered":"<p>Aktiva Best\u00e5ende aktiva R\u00f6rliga aktiva Passiva Eget kapital Fr\u00e4mmande kapital [&#8230;]<\/p>\n<p><a class=\"btn btn-secondary understrap-read-more-link\" href=\"https:\/\/annualreport.forcitgroup.com\/2024\/sv\/bokslut\/moderbolagets-bokslut\/moderbolagets-balansrakning\/\">Read More&#8230;<span class=\"screen-reader-text\"> from Moderbolagets balansr\u00e4kning<\/span><\/a><\/p>\n","protected":false},"author":1,"featured_media":0,"parent":560,"menu_order":0,"comment_status":"closed","ping_status":"closed","template":"page-template-numbers.php","meta":{"footnotes":""},"acf":[],"_links":{"self":[{"href":"https:\/\/annualreport.forcitgroup.com\/2024\/wp-json\/wp\/v2\/pages\/992"}],"collection":[{"href":"https:\/\/annualreport.forcitgroup.com\/2024\/wp-json\/wp\/v2\/pages"}],"about":[{"href":"https:\/\/annualreport.forcitgroup.com\/2024\/wp-json\/wp\/v2\/types\/page"}],"author":[{"embeddable":true,"href":"https:\/\/annualreport.forcitgroup.com\/2024\/wp-json\/wp\/v2\/users\/1"}],"replies":[{"embeddable":true,"href":"https:\/\/annualreport.forcitgroup.com\/2024\/wp-json\/wp\/v2\/comments?post=992"}],"version-history":[{"count":0,"href":"https:\/\/annualreport.forcitgroup.com\/2024\/wp-json\/wp\/v2\/pages\/992\/revisions"}],"up":[{"embeddable":true,"href":"https:\/\/annualreport.forcitgroup.com\/2024\/wp-json\/wp\/v2\/pages\/560"}],"wp:attachment":[{"href":"https:\/\/annualreport.forcitgroup.com\/2024\/wp-json\/wp\/v2\/media?parent=992"}],"curies":[{"name":"wp","href":"https:\/\/api.w.org\/{rel}","templated":true}]}}