{"id":994,"date":"2023-03-09T14:49:11","date_gmt":"2023-03-09T12:49:11","guid":{"rendered":"https:\/\/annualreport.forcitgroup.com\/?page_id=994"},"modified":"2023-03-09T14:49:11","modified_gmt":"2023-03-09T12:49:11","slug":"moderbolagets-finansieringsanalys","status":"publish","type":"page","link":"https:\/\/annualreport.forcitgroup.com\/2024\/sv\/bokslut\/moderbolagets-bokslut\/moderbolagets-finansieringsanalys\/","title":{"rendered":"Moderbolagets finansieringsanalys"},"content":{"rendered":"\n<div style=\"height:40px\" aria-hidden=\"true\" class=\"wp-block-spacer\"><\/div>\n\n\n\n<table id=\"tablepress-55\" class=\"tablepress tablepress-id-55\">\n<thead>\n<tr class=\"row-1 odd\">\n\t<th class=\"column-1\">1000 \u20ac<\/th><th class=\"column-2\">2024<\/th><th class=\"column-3\">2023<\/th>\n<\/tr>\n<\/thead>\n<tbody class=\"row-hover\">\n<tr class=\"row-2 even\">\n\t<td class=\"column-1\">R\u00f6relsens kassafl\u00f6de<\/td><td class=\"column-2\"><\/td><td class=\"column-3\"><\/td>\n<\/tr>\n<tr class=\"row-3 odd\">\n\t<td class=\"column-1\">R\u00f6relsevinst<\/td><td class=\"column-2\">16 899<\/td><td class=\"column-3\">13 551<\/td>\n<\/tr>\n<tr class=\"row-4 even\">\n\t<td class=\"column-1\">Korrigeringar till r\u00f6relsevinsten<\/td><td class=\"column-2\">25 788<\/td><td class=\"column-3\">2 787<\/td>\n<\/tr>\n<tr class=\"row-5 odd\">\n\t<td class=\"column-1\">F\u00f6r\u00e4ndring i r\u00f6relsekapitalet<\/td><td class=\"column-2\">-9 532<\/td><td class=\"column-3\">10 597<\/td>\n<\/tr>\n<tr class=\"row-6 even\">\n\t<td class=\"column-1\">Betalda r\u00e4ntor<\/td><td class=\"column-2\">-2 082<\/td><td class=\"column-3\">-961<\/td>\n<\/tr>\n<tr class=\"row-7 odd\">\n\t<td class=\"column-1\">Erh\u00e5llna r\u00e4ntor<\/td><td class=\"column-2\">341<\/td><td class=\"column-3\">576<\/td>\n<\/tr>\n<tr class=\"row-8 even\">\n\t<td class=\"column-1\">Erh\u00e5llna dividender<\/td><td class=\"column-2\">2<\/td><td class=\"column-3\">24<\/td>\n<\/tr>\n<tr class=\"row-9 odd\">\n\t<td class=\"column-1\">\u00d6vriga finansiella poster<\/td><td class=\"column-2\">0<\/td><td class=\"column-3\">-3<\/td>\n<\/tr>\n<tr class=\"row-10 even\">\n\t<td class=\"column-1\">Betalda skatter<\/td><td class=\"column-2\">-3 591<\/td><td class=\"column-3\">-4 558<\/td>\n<\/tr>\n<tr class=\"row-11 odd\">\n\t<td class=\"column-1\">R\u00f6relsens kassafl\u00f6de<\/td><td class=\"column-2\">27 824<\/td><td class=\"column-3\">22 013<\/td>\n<\/tr>\n<tr class=\"row-12 even\">\n\t<td class=\"column-1\">Investeringarnas kassafl\u00f6de<\/td><td class=\"column-2\"><\/td><td class=\"column-3\"><\/td>\n<\/tr>\n<tr class=\"row-13 odd\">\n\t<td class=\"column-1\">Investeringar i materiella och immateriella nyttigheter<\/td><td class=\"column-2\">-75 602<\/td><td class=\"column-3\">-17 458<\/td>\n<\/tr>\n<tr class=\"row-14 even\">\n\t<td class=\"column-1\">\u00d6verl\u00e5telseint\u00e4kter fr\u00e5n materiella och immateriella nyttigheter<\/td><td class=\"column-2\">105<\/td><td class=\"column-3\">0<\/td>\n<\/tr>\n<tr class=\"row-15 odd\">\n\t<td class=\"column-1\">F\u00f6rs\u00e4ljning av aktier i dotterbolag<\/td><td class=\"column-2\">0<\/td><td class=\"column-3\">2 961<\/td>\n<\/tr>\n<tr class=\"row-16 even\">\n\t<td class=\"column-1\">F\u00f6r\u00e4ndring i l\u00e5nefordringar<\/td><td class=\"column-2\">-12<\/td><td class=\"column-3\">5<\/td>\n<\/tr>\n<tr class=\"row-17 odd\">\n\t<td class=\"column-1\">Investeringarnas kassafl\u00f6de<\/td><td class=\"column-2\">-75 510<\/td><td class=\"column-3\">-14 492<\/td>\n<\/tr>\n<tr class=\"row-18 even\">\n\t<td class=\"column-1\">Finansieringens kassafl\u00f6de<\/td><td class=\"column-2\"><\/td><td class=\"column-3\"><\/td>\n<\/tr>\n<tr class=\"row-19 odd\">\n\t<td class=\"column-1\"><\/td><td class=\"column-2\"><\/td><td class=\"column-3\"><\/td>\n<\/tr>\n<tr class=\"row-20 even\">\n\t<td class=\"column-1\">F\u00f6r\u00e4ndring i kortfristiga l\u00e5n<\/td><td class=\"column-2\">17 762<\/td><td class=\"column-3\">-819<\/td>\n<\/tr>\n<tr class=\"row-21 odd\">\n\t<td class=\"column-1\">Upptagning av l\u00e5ngfristiga l\u00e5n<\/td><td class=\"column-2\">0<\/td><td class=\"column-3\">1 044<\/td>\n<\/tr>\n<tr class=\"row-22 even\">\n\t<td class=\"column-1\">\u00c5terbetalning av l\u00e5ngfristiga l\u00e5n<\/td><td class=\"column-2\">-2 830<\/td><td class=\"column-3\">-2 270<\/td>\n<\/tr>\n<tr class=\"row-23 odd\">\n\t<td class=\"column-1\">Utbetalda dividender<\/td><td class=\"column-2\">-7 041<\/td><td class=\"column-3\">-5 034<\/td>\n<\/tr>\n<tr class=\"row-24 even\">\n\t<td class=\"column-1\">F\u00f6r\u00e4ndring i eget kapital<\/td><td class=\"column-2\">-1 883<\/td><td class=\"column-3\">0<\/td>\n<\/tr>\n<tr class=\"row-25 odd\">\n\t<td class=\"column-1\">Dotterbolags koncernkonto<\/td><td class=\"column-2\">18 539<\/td><td class=\"column-3\">17 435<\/td>\n<\/tr>\n<tr class=\"row-26 even\">\n\t<td class=\"column-1\">Dividend fr\u00e5n dotterbolag<\/td><td class=\"column-2\">1 358<\/td><td class=\"column-3\">6 895<\/td>\n<\/tr>\n<tr class=\"row-27 odd\">\n\t<td class=\"column-1\">Erh\u00e5llet koncernbidrag, som betalts<\/td><td class=\"column-2\">7 110<\/td><td class=\"column-3\">1 394<\/td>\n<\/tr>\n<tr class=\"row-28 even\">\n\t<td class=\"column-1\">Finansieringens kassafl\u00f6de<\/td><td class=\"column-2\">33 014<\/td><td class=\"column-3\">18 645<\/td>\n<\/tr>\n<tr class=\"row-29 odd\">\n\t<td class=\"column-1\">F\u00d6R\u00c4NDRING I LIKVIDA MEDEL<\/td><td class=\"column-2\">-14 671<\/td><td class=\"column-3\">26 167<\/td>\n<\/tr>\n<tr class=\"row-30 even\">\n\t<td class=\"column-1\">Likvida medel vid periodens b\u00f6rjan<\/td><td class=\"column-2\">30 751<\/td><td class=\"column-3\">4 584<\/td>\n<\/tr>\n<tr class=\"row-31 odd\">\n\t<td class=\"column-1\">F\u00f6r\u00e4ndringar under r\u00e4kenskapsperioden<\/td><td class=\"column-2\">-14 671<\/td><td class=\"column-3\">26 167<\/td>\n<\/tr>\n<tr class=\"row-32 even\">\n\t<td class=\"column-1\">Likvida medel vid periodens slut<\/td><td class=\"column-2\">16 080<\/td><td class=\"column-3\">30 751<\/td>\n<\/tr>\n<tr class=\"row-33 odd\">\n\t<td class=\"column-1\"><\/td><td colspan=\"2\" class=\"column-2\"><\/td>\n<\/tr>\n<\/tbody>\n<\/table>\n","protected":false},"excerpt":{"rendered":"<p> [&#8230;]<\/p>\n<p><a class=\"btn btn-secondary understrap-read-more-link\" href=\"https:\/\/annualreport.forcitgroup.com\/2024\/sv\/bokslut\/moderbolagets-bokslut\/moderbolagets-finansieringsanalys\/\">Read More&#8230;<span class=\"screen-reader-text\"> from Moderbolagets finansieringsanalys<\/span><\/a><\/p>\n","protected":false},"author":1,"featured_media":0,"parent":560,"menu_order":0,"comment_status":"closed","ping_status":"closed","template":"page-template-numbers.php","meta":{"footnotes":""},"acf":[],"_links":{"self":[{"href":"https:\/\/annualreport.forcitgroup.com\/2024\/wp-json\/wp\/v2\/pages\/994"}],"collection":[{"href":"https:\/\/annualreport.forcitgroup.com\/2024\/wp-json\/wp\/v2\/pages"}],"about":[{"href":"https:\/\/annualreport.forcitgroup.com\/2024\/wp-json\/wp\/v2\/types\/page"}],"author":[{"embeddable":true,"href":"https:\/\/annualreport.forcitgroup.com\/2024\/wp-json\/wp\/v2\/users\/1"}],"replies":[{"embeddable":true,"href":"https:\/\/annualreport.forcitgroup.com\/2024\/wp-json\/wp\/v2\/comments?post=994"}],"version-history":[{"count":0,"href":"https:\/\/annualreport.forcitgroup.com\/2024\/wp-json\/wp\/v2\/pages\/994\/revisions"}],"up":[{"embeddable":true,"href":"https:\/\/annualreport.forcitgroup.com\/2024\/wp-json\/wp\/v2\/pages\/560"}],"wp:attachment":[{"href":"https:\/\/annualreport.forcitgroup.com\/2024\/wp-json\/wp\/v2\/media?parent=994"}],"curies":[{"name":"wp","href":"https:\/\/api.w.org\/{rel}","templated":true}]}}