{"id":1381,"date":"2024-03-22T07:56:15","date_gmt":"2024-03-22T07:56:15","guid":{"rendered":"https:\/\/annualreport.forcitgroup.com\/2023\/?page_id=1381"},"modified":"2026-04-17T05:56:14","modified_gmt":"2026-04-17T05:56:14","slug":"arkiv-for-arsberattelse","status":"publish","type":"page","link":"https:\/\/annualreport.forcitgroup.com\/2025\/sv\/arkiv-for-arsberattelse\/","title":{"rendered":"ARKIV F\u00d6R \u00c5RSBER\u00c4TTELSE"},"content":{"rendered":"\n<div style=\"height:40px\" aria-hidden=\"true\" class=\"wp-block-spacer\"><\/div>\n\n\n\n<h4 class=\"wp-block-heading\"><a href=\"https:\/\/annualreport.forcitgroup.com\/2022\/sv\/\">FORCIT Group \u00c5rsber\u00e4ttelse 2022<\/a><\/h4>\n\n\n\n<div style=\"height:10px\" aria-hidden=\"true\" class=\"wp-block-spacer\"><\/div>\n\n\n\n<h4 class=\"wp-block-heading\"><a href=\"https:\/\/annualreport.forcitgroup.com\/2023\/sv\/\">FORCIT Group \u00c5rsber\u00e4ttelse 2023<\/a><\/h4>\n\n\n\n<div style=\"height:10px\" aria-hidden=\"true\" class=\"wp-block-spacer\"><\/div>\n\n\n\n<h4 class=\"wp-block-heading\"><a href=\"https:\/\/annualreport.forcitgroup.com\/2024\/sv\/\">FORCIT Group \u00c5rsber\u00e4ttelse 2024<\/a><\/h4>\n\n\n\n<div style=\"height:10px\" aria-hidden=\"true\" class=\"wp-block-spacer\"><\/div>\n\n\n\n<h4 class=\"wp-block-heading\"><a href=\"https:\/\/annualreport.forcitgroup.com\/2024\/sv\/\">FORCIT Group \u00c5rsber\u00e4ttelse 2025<\/a><\/h4>\n","protected":false},"excerpt":{"rendered":"<p>FORCIT Group \u00c5rsber\u00e4ttelse 2022 FORCIT Group \u00c5rsber\u00e4ttelse 2023 FORCIT Group \u00c5rsber\u00e4ttelse 2024 FORCIT Group \u00c5rsber\u00e4ttelse 2025 [&#8230;]<\/p>\n<p><a class=\"btn btn-secondary understrap-read-more-link\" href=\"https:\/\/annualreport.forcitgroup.com\/2025\/sv\/arkiv-for-arsberattelse\/\">Read More&#8230;<span class=\"screen-reader-text\"> from ARKIV F\u00d6R \u00c5RSBER\u00c4TTELSE<\/span><\/a><\/p>\n","protected":false},"author":1,"featured_media":826,"parent":0,"menu_order":0,"comment_status":"closed","ping_status":"closed","template":"","meta":{"_acf_changed":false,"footnotes":""},"acf":[],"_links":{"self":[{"href":"https:\/\/annualreport.forcitgroup.com\/2025\/wp-json\/wp\/v2\/pages\/1381"}],"collection":[{"href":"https:\/\/annualreport.forcitgroup.com\/2025\/wp-json\/wp\/v2\/pages"}],"about":[{"href":"https:\/\/annualreport.forcitgroup.com\/2025\/wp-json\/wp\/v2\/types\/page"}],"author":[{"embeddable":true,"href":"https:\/\/annualreport.forcitgroup.com\/2025\/wp-json\/wp\/v2\/users\/1"}],"replies":[{"embeddable":true,"href":"https:\/\/annualreport.forcitgroup.com\/2025\/wp-json\/wp\/v2\/comments?post=1381"}],"version-history":[{"count":2,"href":"https:\/\/annualreport.forcitgroup.com\/2025\/wp-json\/wp\/v2\/pages\/1381\/revisions"}],"predecessor-version":[{"id":2449,"href":"https:\/\/annualreport.forcitgroup.com\/2025\/wp-json\/wp\/v2\/pages\/1381\/revisions\/2449"}],"wp:featuredmedia":[{"embeddable":true,"href":"https:\/\/annualreport.forcitgroup.com\/2025\/wp-json\/wp\/v2\/media\/826"}],"wp:attachment":[{"href":"https:\/\/annualreport.forcitgroup.com\/2025\/wp-json\/wp\/v2\/media?parent=1381"}],"curies":[{"name":"wp","href":"https:\/\/api.w.org\/{rel}","templated":true}]}}