{"id":414,"date":"2023-03-01T12:27:47","date_gmt":"2023-03-01T10:27:47","guid":{"rendered":"https:\/\/annualreport.forcitgroup.com\/?page_id=414"},"modified":"2026-03-25T21:01:05","modified_gmt":"2026-03-25T21:01:05","slug":"toimitusjohtajan-tervehdys","status":"publish","type":"page","link":"https:\/\/annualreport.forcitgroup.com\/2025\/fi\/toimintakertomus\/toimitusjohtajan-tervehdys\/","title":{"rendered":"TOIMITUSJOHTAJAN TERVEHDYS"},"content":{"rendered":"\n<div style=\"height:75px\" aria-hidden=\"true\" class=\"wp-block-spacer\"><\/div>\n\n\n\n<figure class=\"wp-block-image size-full is-resized\"><img loading=\"lazy\" decoding=\"async\" width=\"2560\" height=\"1693\" src=\"https:\/\/annualreport.forcitgroup.com\/2025\/wp-content\/uploads\/sites\/4\/2026\/03\/Joakim-Westerlund-scaled-e1773928766278.jpg\" alt=\"\" class=\"wp-image-2277\" style=\"width:840px;height:auto\" srcset=\"https:\/\/annualreport.forcitgroup.com\/2025\/wp-content\/uploads\/sites\/4\/2026\/03\/Joakim-Westerlund-scaled-e1773928766278.jpg 2560w, https:\/\/annualreport.forcitgroup.com\/2025\/wp-content\/uploads\/sites\/4\/2026\/03\/Joakim-Westerlund-scaled-e1773928766278-300x198.jpg 300w, https:\/\/annualreport.forcitgroup.com\/2025\/wp-content\/uploads\/sites\/4\/2026\/03\/Joakim-Westerlund-scaled-e1773928766278-1024x677.jpg 1024w, https:\/\/annualreport.forcitgroup.com\/2025\/wp-content\/uploads\/sites\/4\/2026\/03\/Joakim-Westerlund-scaled-e1773928766278-768x508.jpg 768w, https:\/\/annualreport.forcitgroup.com\/2025\/wp-content\/uploads\/sites\/4\/2026\/03\/Joakim-Westerlund-scaled-e1773928766278-1536x1016.jpg 1536w, https:\/\/annualreport.forcitgroup.com\/2025\/wp-content\/uploads\/sites\/4\/2026\/03\/Joakim-Westerlund-scaled-e1773928766278-2048x1354.jpg 2048w\" sizes=\"(max-width: 2560px) 100vw, 2560px\" \/><figcaption class=\"wp-element-caption\">Joakim Westerlund,<br>Toimitusjohtaja,<br>FORCIT Group<\/figcaption><\/figure>\n\n\n\n<div style=\"height:58px\" aria-hidden=\"true\" class=\"wp-block-spacer\"><\/div>\n\n\n\n<h1 class=\"wp-block-heading\">JATKAMME VALITSEMALLAMME POLULLA <\/h1>\n\n\n\n<p class=\"lead has-medium-font-size\"><strong>FORCIT Groupin toimitusjohtaja Joakim Westerlundin vuoden loppukatsaus<\/strong><\/p>\n\n\n\n<div style=\"height:32px\" aria-hidden=\"true\" class=\"wp-block-spacer\"><\/div>\n\n\n\n<p class=\"has-medium-font-size\">Kuluneen vuoden aikana vakauden ja turvallisuuden merkitys jatkuvasti muuttuvassa maailmassa on j\u00e4lleen kerran korostunut. Vaikka maailmanlaajuinen ep\u00e4varmuus vaikuttaa edelleen taustalla, FORCIT Group on edennyt vakaasti kehitys- ja investointipolullaan, selke\u00e4n tarkoituksen ohjaamana. Emme kulje pelk\u00e4st\u00e4\u00e4n nykyhetkess\u00e4, vaan rakennamme aktiivisesti tulevaisuutta varten.&nbsp;<\/p>\n\n\n\n<div style=\"height:33px\" aria-hidden=\"true\" class=\"wp-block-spacer\"><\/div>\n\n\n\n<p>Strategiamme on osoittautunut kest\u00e4v\u00e4ksi ja ajankohtaiseksi. T\u00e4n\u00e4\u00e4n tekem\u00e4mme p\u00e4\u00e4t\u00f6kset ja investoinnit ovat osoituksia vankkumattomasta uskostamme missioomme ja ratkaisevaan rooliimme yhteiskunnassa. Etenemme luottavaisin mielin ja vahvistamme kyvykkyytt\u00e4mme vastata huomisen vaatimuksiin.&nbsp;<\/p>\n\n\n\n<h2 class=\"wp-block-heading\">TURVALLISUUDEN TUKEMINEN&nbsp;<\/h2>\n\n\n\n<p>Geopoliittinen tilanne on tehnyt tarkoituksestamme selke\u00e4mm\u00e4n kuin koskaan. Vahvempi ja itsen\u00e4isempi Eurooppa on ehdottoman t\u00e4rke\u00e4 tavoite, ja FORCIT on t\u00e4m\u00e4n strategisen autonomian rakentamisen ytimess\u00e4. Edist\u00e4mme puolustuskyky\u00e4 ja kehit\u00e4mme infrastruktuuria, ja elint\u00e4rke\u00e4 kumppanuutemme louhinta-alan kanssa vahvistaa kriittisten raaka-aineiden toimitusvarmuutta. Panoksemme on yksi Pohjoismaiden ja koko Euroopan turvallisuuden ja resilienssin peruskivi\u00e4.&nbsp;<\/p>\n\n\n\n<p>Suomesta on tullut turvallisuuden tuottaja Natossa, mink\u00e4 my\u00f6t\u00e4 roolimme kehittyneiden puolustusj\u00e4rjestelmien kehitt\u00e4j\u00e4n\u00e4 on korostunut entisest\u00e4\u00e4n. Otamme t\u00e4m\u00e4n vastuun vakavasti, ja jatkuvat investointimme ja rekrytointity\u00f6mme heijastavat suoraan sitoutumistamme t\u00e4h\u00e4n t\u00e4rke\u00e4\u00e4n rooliin.\u00a0<\/p>\n\n\n\n<h2 class=\"wp-block-heading\">INVESTOINTEJA KAPASITEETTIIN JA TULEVAISUUDEN KASVUUN&nbsp;<\/h2>\n\n\n\n<p>Sanoillakin on painoa, mutta teoilla on viel\u00e4 enemm\u00e4n merkityst\u00e4. Viimeisen kolmen vuoden aikana FORCIT on investoinut teknologiaan ja kapasiteetin kasvattamiseen noin 100 miljoonaa euroa. Olemme my\u00f6s ilmoittaneet yli 300 miljoonan euron lis\u00e4investointien suunnittelusta tulevien vuosien aikana.&nbsp;<\/p>\n\n\n\n<p>T\u00e4ll\u00e4 ennakoivalla l\u00e4hestymistavalla voimme varmistaa, ett\u00e4 pystymme vastaamaan kysynn\u00e4n kasvuun. Olemme siirtyneet m\u00e4\u00e4r\u00e4tietoisesti rakentamaan asiakkaidemme ja yhteiskunnan tarvitsemaa kapasiteettia. Vaikka viimeaikaiset investoinnit ovat johtuneet suurelta osin kapasiteetin tarpeesta, olemme my\u00f6s investoineet merkitt\u00e4v\u00e4sti vanhempien tuotantolinjojen p\u00e4ivitt\u00e4miseen, jotta voimme yll\u00e4pit\u00e4\u00e4 korkeaa tasoamme laadun, turvallisuuden ja toimitusvarmuuden osalta. N\u00e4m\u00e4 investoinnit, jotka keskittyv\u00e4t sek\u00e4 puolustus- ett\u00e4&nbsp;siviilir\u00e4j\u00e4hdysaineliiketoimintaamme, on tehty p\u00e4\u00e4asiallisesti Suomessa, mutta ne palvelevat globaalia asiakaskuntaamme, tuottavat merkitt\u00e4vi\u00e4 vientituloja ja edist\u00e4v\u00e4t kansallista vaurautta.&nbsp;<\/p>\n\n\n\n<h2 class=\"wp-block-heading\">VAHVISTAMME YDINT\u00c4MME IHMISTEN JA INNOVAATIOIDEN KAUTTA&nbsp;<\/h2>\n\n\n\n<p>Kasvussamme ei ole kyse vain numeroista, vaan ihmisist\u00e4. Olemme toivottaneet kuluneen vuoden aikana noin 100 uutta ty\u00f6ntekij\u00e4\u00e4 tervetulleeksi FORCIT-perheeseen. T\u00e4m\u00e4 nopea kasvu on edist\u00e4nyt kehityst\u00e4, luonut uusia mahdollisuuksia henkil\u00f6st\u00f6llemme ja tuonut uudenlaisia n\u00e4k\u00f6kulmia organisaatioomme. Olemme sitoutuneet tukemaan seuraavan sukupolven osaajia kattavalla sis\u00e4isell\u00e4 koulutuksella ja selkeill\u00e4 urapoluilla.&nbsp;<\/p>\n\n\n\n<p>Samalla jatkamme innovointia ja panostamme tuotekehitykseen. Investointimme tuotekehitykseen ovat kiihtyneet tasaisesti asettamiemme tavoitteiden mukaisesti, ja FORCITin asiakasl\u00e4ht\u00f6isess\u00e4 l\u00e4hestymistavassa korostuvat aina turvallisuus ja laatu.&nbsp;<\/p>\n\n\n\n<h2 class=\"wp-block-heading\">TURVALLISUUS JA VASTUULLISUUS KULMAKIVIN\u00c4<\/h2>\n\n\n\n<p>Kasvaessammekin perusperiaatteemme pysyv\u00e4t ennallaan. Turvallisuus on ja tulee aina olemaan ykk\u00f6sprioriteettimme. Se on kulttuurimme perusta, emmek\u00e4 tingi siit\u00e4 miss\u00e4\u00e4n, mit\u00e4 teemme.&nbsp;<\/p>\n\n\n\n<p>Sitoutumisemme vastuullisuuteen on edelleen vahvaa. Olemme ylpeit\u00e4 kattavasta vastuullisuusraportoinnistamme, jota olemme kehitt\u00e4neet ennakoivasti s\u00e4\u00e4ntelyvaatimusten edell\u00e4. Pyrimme jatkuvasti parantamaan toimintamme ymp\u00e4rist\u00f6tehokkuutta ja investoimme kest\u00e4v\u00e4mpien raaka-aineiden kehitykseen, mik\u00e4 on osoitus sitoutumisestamme vastuulliseen kasvuun.&nbsp;<\/p>\n\n\n\n<h2 class=\"wp-block-heading\">RAKENNAMME TULEVAISUUDEN MENESTYST\u00c4 YHTEISVOIMIN&nbsp;<\/h2>\n\n\n\n<p>Uskomme osaamisemme kysynn\u00e4n kasvavan edelleen tulevaisuudessa. Suuntamme on selv\u00e4, ja me jatkamme p\u00e4\u00e4tt\u00e4v\u00e4isesti vahvan perustamme rakentamista, kest\u00e4v\u00e4n kasvun tavoittelemista ja uusiin mahdollisuuksiin tarttumista.&nbsp;<\/p>\n\n\n\n<p>Haluan kiitt\u00e4\u00e4 suuresti omistautunutta henkil\u00f6st\u00f6\u00e4mme, jonka osaamiseen ja sitoutumiseen menestyksemme pohjautuu. Olen kiitollinen my\u00f6s asiakkaillemme, kumppaneillemme ja omistajillemme heid\u00e4n jatkuvasta luottamuksestaan ja yhteisty\u00f6st\u00e4\u00e4n. Yhdess\u00e4 emme rakenna pelk\u00e4st\u00e4\u00e4n vahvempaa yrityst\u00e4, vaan autamme rakentamaan kaikille turvallisempaa ja vauraampaa tulevaisuutta.&nbsp;<\/p>\n\n\n\n<div style=\"height:50px\" aria-hidden=\"true\" class=\"wp-block-spacer\"><\/div>\n","protected":false},"excerpt":{"rendered":"<p>JATKAMME VALITSEMALLAMME POLULLA FORCIT Groupin toimitusjohtaja Joakim Westerlundin vuoden loppukatsaus Kuluneen vuoden aikana vakauden ja turvallisuuden merkitys jatkuvasti muuttuvassa maailmassa on j\u00e4lleen kerran korostunut. Vaikka maailmanlaajuinen ep\u00e4varmuus vaikuttaa edelleen taustalla, FORCIT Group on edennyt vakaasti kehitys- ja investointipolullaan, selke\u00e4n tarkoituksen ohjaamana. Emme kulje pelk\u00e4st\u00e4\u00e4n nykyhetkess\u00e4, vaan rakennamme aktiivisesti tulevaisuutta varten.&nbsp; Strategiamme on osoittautunut kest\u00e4v\u00e4ksi ja [&#8230;]<\/p>\n<p><a class=\"btn btn-secondary understrap-read-more-link\" href=\"https:\/\/annualreport.forcitgroup.com\/2025\/fi\/toimintakertomus\/toimitusjohtajan-tervehdys\/\">Read More&#8230;<span class=\"screen-reader-text\"> from TOIMITUSJOHTAJAN TERVEHDYS<\/span><\/a><\/p>\n","protected":false},"author":1,"featured_media":1773,"parent":412,"menu_order":0,"comment_status":"closed","ping_status":"closed","template":"","meta":{"_acf_changed":false,"footnotes":""},"acf":[],"_links":{"self":[{"href":"https:\/\/annualreport.forcitgroup.com\/2025\/wp-json\/wp\/v2\/pages\/414"}],"collection":[{"href":"https:\/\/annualreport.forcitgroup.com\/2025\/wp-json\/wp\/v2\/pages"}],"about":[{"href":"https:\/\/annualreport.forcitgroup.com\/2025\/wp-json\/wp\/v2\/types\/page"}],"author":[{"embeddable":true,"href":"https:\/\/annualreport.forcitgroup.com\/2025\/wp-json\/wp\/v2\/users\/1"}],"replies":[{"embeddable":true,"href":"https:\/\/annualreport.forcitgroup.com\/2025\/wp-json\/wp\/v2\/comments?post=414"}],"version-history":[{"count":5,"href":"https:\/\/annualreport.forcitgroup.com\/2025\/wp-json\/wp\/v2\/pages\/414\/revisions"}],"predecessor-version":[{"id":2411,"href":"https:\/\/annualreport.forcitgroup.com\/2025\/wp-json\/wp\/v2\/pages\/414\/revisions\/2411"}],"up":[{"embeddable":true,"href":"https:\/\/annualreport.forcitgroup.com\/2025\/wp-json\/wp\/v2\/pages\/412"}],"wp:featuredmedia":[{"embeddable":true,"href":"https:\/\/annualreport.forcitgroup.com\/2025\/wp-json\/wp\/v2\/media\/1773"}],"wp:attachment":[{"href":"https:\/\/annualreport.forcitgroup.com\/2025\/wp-json\/wp\/v2\/media?parent=414"}],"curies":[{"name":"wp","href":"https:\/\/api.w.org\/{rel}","templated":true}]}}