{"id":429,"date":"2023-03-01T12:43:25","date_gmt":"2023-03-01T10:43:25","guid":{"rendered":"https:\/\/annualreport.forcitgroup.com\/?page_id=429"},"modified":"2026-03-25T21:24:20","modified_gmt":"2026-03-25T21:24:20","slug":"konsernin-talous-ja-toiminta","status":"publish","type":"page","link":"https:\/\/annualreport.forcitgroup.com\/2025\/fi\/toimintakertomus\/konsernin-talous-ja-toiminta\/","title":{"rendered":"KONSERNIN TALOUS JA TOIMINTA"},"content":{"rendered":"\n<h2 class=\"wp-block-heading\">Yleist\u00e4<\/h2>\n\n\n\n<p>FORCIT-konserni koostuu kolmesta eri liiketoiminta-alueesta: FORCIT Defencen liiketoiminta on suunnattu puolustusvoimille ja puolustusmateriaalien valmistajille, FORCIT Explosives toimii siviilir\u00e4j\u00e4hdetoimialalla sek\u00e4 poraamiseen ja r\u00e4j\u00e4ytyksiin liittyvien ohjelmistojen alalla, ja FORCIT Consulting tarjoaa rakentamisen ymp\u00e4rist\u00f6vaikutusten hallintaan liittyvi\u00e4 koulutuksia sek\u00e4 mittaus-, valvonta- ja konsultointipalveluita.<\/p>\n\n\n\n<p>FORCITin Defence-liiketoiminta-alueen tavoitteena on olla maailman johtava p\u00e4\u00e4syn ev\u00e4\u00e4miseen ja alueelliseen kielt\u00e4miseen (A2\/AD) liittyvien ratkaisujen toimittaja sek\u00e4 maalla ett\u00e4 merell\u00e4. FORCITin Explosives- ja Consulting \u2011liiketoiminta-alueiden tavoitteena on parantaa yhti\u00f6n asemaa Pohjoismaiden markkinajohtajana ja ensisijaisena r\u00e4j\u00e4hteisiin, panostamiseen ja ymp\u00e4rist\u00f6vaikutusten valvontaan liittyvien palveluiden, tuotteiden ja osaamisen toimittajana.<\/p>\n\n\n\n<p>Koko vuoden 2025 ajan FORCIT jatkoi voimakasta investoimista tuotantokapasiteettinsa laajentamiseen ja teknologiansa kehitt\u00e4miseen. Yhti\u00f6 ilmoitti aikovansa investoida yli 200 miljoonaa euroa uuteen TNT-tuotantolaitokseen Suomessa. Lis\u00e4ksi yhti\u00f6 teki vuoden aikana laajamittaista rekrytointity\u00f6t\u00e4 resurssiensa vahvistamiseksi.<\/p>\n\n\n\n<p>FORCITin laatuj\u00e4rjestelm\u00e4 on sertifioitu ISO 9001 \u2011standardin mukaisesti ja ymp\u00e4rist\u00f6j\u00e4rjestelm\u00e4 ISO 14001 \u2011standardin mukaisesti. Defence-liiketoiminta-alue on sertifioitu Naton AQAP 2110 \u2011laatustandardin mukaisesti. ISO- ja AQAP-standardien lis\u00e4ksi Defence-liiketoiminta on akkreditoitu Suomen kansallisen turvallisuusauditoinnin (KATAKRI) kriteerien mukaisesti.<\/p>\n\n\n\n<h2 class=\"wp-block-heading\">Talouskatsaus<\/h2>\n\n\n\n<p>Yhti\u00f6n taloudellinen kehitys vuonna 2025 oli positiivista p\u00e4\u00e4asiassa Defence-liiketoiminta-alueen voimakkaan kasvun ansiosta. Yhti\u00f6n puolustusratkaisujen kysynt\u00e4 on ollut vahvaa. Euroopan yleinen talouskehitys ja edelleen haasteelliset pohjoismaiset rakennusmarkkinat vaikuttivat Explosives- ja Consulting-liiketoiminta-alueiden toimintaymp\u00e4rist\u00f6\u00f6n, erityisesti j\u00e4lkimm\u00e4isen. Energian ja t\u00e4rkeiden raaka-aineiden hinta pysyi yleisesti ottaen vakaana.<\/p>\n\n\n\n<p>Alla esitetyt tunnusluvut kuvaavat yhti\u00f6n kehityst\u00e4 vuosina 2023\u20132025. Konsernin liiketulos parantui selv\u00e4sti vuonna 2025 vuoteen 2024 verrattuna.<\/p>\n\n\n\n<div style=\"height:40px\" aria-hidden=\"true\" class=\"wp-block-spacer\"><\/div>\n\n\n\n<table id=\"tablepress-18\" class=\"tablepress tablepress-id-18\">\n<thead>\n<tr class=\"row-1 odd\">\n\t<th class=\"column-1\">Konserni<\/th><th class=\"column-2\">2025<\/th><th class=\"column-3\">2024<\/th><th class=\"column-4\">2023<br \/>\n<\/th>\n<\/tr>\n<\/thead>\n<tbody class=\"row-hover\">\n<tr class=\"row-2 even\">\n\t<td class=\"column-1\">Liikevaihto, milj. euroa<\/td><td class=\"column-2\">497,6<\/td><td class=\"column-3\">275,6<\/td><td class=\"column-4\">214,3<\/td>\n<\/tr>\n<tr class=\"row-3 odd\">\n\t<td class=\"column-1\">Liiketulos, milj. euroa<\/td><td class=\"column-2\">159,8<\/td><td class=\"column-3\">47,0<\/td><td class=\"column-4\">26,6<\/td>\n<\/tr>\n<tr class=\"row-4 even\">\n\t<td class=\"column-1\">Liiketulos % liikevaihdosta<\/td><td class=\"column-2\">32,1<\/td><td class=\"column-3\">17,1<\/td><td class=\"column-4\">12,4<\/td>\n<\/tr>\n<tr class=\"row-5 odd\">\n\t<td class=\"column-1\">Oman p\u00e4\u00e4oman tuotto (%)\u202f<\/td><td class=\"column-2\">84,3<\/td><td class=\"column-3\">39,7<\/td><td class=\"column-4\">30,5<\/td>\n<\/tr>\n<tr class=\"row-6 even\">\n\t<td class=\"column-1\">Vakavaraisuus-%<\/td><td class=\"column-2\">44,0<\/td><td class=\"column-3\">39,1<\/td><td class=\"column-4\">55,1<\/td>\n<\/tr>\n<tr class=\"row-7 odd\">\n\t<td class=\"column-1\">Henkil\u00f6st\u00f6m\u00e4\u00e4r\u00e4n keskiarvo<\/td><td class=\"column-2\">718<\/td><td class=\"column-3\">620<\/td><td class=\"column-4\">553<\/td>\n<\/tr>\n<tr class=\"row-8 even\">\n\t<td class=\"column-1\">Palkat ja palkkiot, milj. euroa<\/td><td class=\"column-2\">48,5<\/td><td class=\"column-3\">39,8<\/td><td class=\"column-4\">34,2<\/td>\n<\/tr>\n<tr class=\"row-9 odd\">\n\t<td class=\"column-1\">Investoinnit, milj. euroa<\/td><td class=\"column-2\">66,5<\/td><td class=\"column-3\">148,3<\/td><td class=\"column-4\">28,1<\/td>\n<\/tr>\n<\/tbody>\n<\/table>\n<!-- #tablepress-18 from cache -->\n\n\n<div style=\"height:40px\" aria-hidden=\"true\" class=\"wp-block-spacer\"><\/div>\n\n\n\n<table id=\"tablepress-19\" class=\"tablepress tablepress-id-19\">\n<thead>\n<tr class=\"row-1 odd\">\n\t<th class=\"column-1\">Emoyhti\u00f6<\/th><th class=\"column-2\">2025<\/th><th class=\"column-3\">2024<\/th><th class=\"column-4\">2023<\/th>\n<\/tr>\n<\/thead>\n<tbody class=\"row-hover\">\n<tr class=\"row-2 even\">\n\t<td class=\"column-1\">Liikevaihto, milj. euroa<\/td><td class=\"column-2\">304,3<\/td><td class=\"column-3\">150,9<\/td><td class=\"column-4\">109,8<\/td>\n<\/tr>\n<tr class=\"row-3 odd\">\n\t<td class=\"column-1\">Liiketulos, milj. euroa<\/td><td class=\"column-2\">74,6<\/td><td class=\"column-3\">16,9<\/td><td class=\"column-4\">13,6<\/td>\n<\/tr>\n<tr class=\"row-4 even\">\n\t<td class=\"column-1\">Liiketulos % liikevaihdosta<\/td><td class=\"column-2\">24,5<\/td><td class=\"column-3\">11,2<\/td><td class=\"column-4\">12,3<\/td>\n<\/tr>\n<tr class=\"row-5 odd\">\n\t<td class=\"column-1\">Oman p\u00e4\u00e4oman tuotto (%)<\/td><td class=\"column-2\">31,5<\/td><td class=\"column-3\">16,9<\/td><td class=\"column-4\">25,5<\/td>\n<\/tr>\n<tr class=\"row-6 even\">\n\t<td class=\"column-1\">Vakavaraisuus-%\u202f<\/td><td class=\"column-2\">36,5<\/td><td class=\"column-3\">35,0<\/td><td class=\"column-4\">49,3<\/td>\n<\/tr>\n<tr class=\"row-7 odd\">\n\t<td class=\"column-1\">Henkil\u00f6st\u00f6m\u00e4\u00e4r\u00e4n keskiarvo<\/td><td class=\"column-2\">429<\/td><td class=\"column-3\">338<\/td><td class=\"column-4\">288<\/td>\n<\/tr>\n<tr class=\"row-8 even\">\n\t<td class=\"column-1\">Palkat ja palkkiot, milj. euroa<\/td><td class=\"column-2\">29,7<\/td><td class=\"column-3\">22,6<\/td><td class=\"column-4\">18,6<\/td>\n<\/tr>\n<tr class=\"row-9 odd\">\n\t<td class=\"column-1\">Investoinnit, milj. euroa<\/td><td class=\"column-2\">53,0<\/td><td class=\"column-3\">140,0<\/td><td class=\"column-4\">19,3<\/td>\n<\/tr>\n<\/tbody>\n<\/table>\n<!-- #tablepress-19 from cache -->\n\n\n<h2 class=\"wp-block-heading\">Vastuullisuus ja kest\u00e4v\u00e4 kehitys<\/h2>\n\n\n\n<p>Vuonna 2025 yhti\u00f6 on edennyt suunnitelmassaan saavuttaa toiminnassaan hiilineutraalius vuoteen 2035 menness\u00e4. Lis\u00e4ksi yhti\u00f6 ker\u00e4si ja analysoi ESG-dataa valmistellakseen tulevaa kest\u00e4vyysraportointia. Yhti\u00f6 ei viel\u00e4 kuulu yritysten kest\u00e4vyysraportointia koskevan EU-direktiivin (CSRD-direktiivin) piiriin muutettujen s\u00e4\u00e4nt\u00f6jen perusteella.<\/p>\n\n\n\n<p>Kest\u00e4v\u00e4\u00e4n kehitykseen liittyv\u00e4ss\u00e4 tutkimus- ja kehitysty\u00f6ss\u00e4 keskityttiin emulsiokomponenttien kierr\u00e4tykseen ja typett\u00f6m\u00e4n tuotevalikoiman jatkokehitykseen.<\/p>\n\n\n\n<h3 class=\"wp-block-heading\">Turvallisuus<\/h3>\n\n\n\n<p>Turvallisuus on aina FORCITin ykk\u00f6sprioriteetti. Vuonna 2025 yhti\u00f6 jatkoi turvallisuuteen investoimista ja turvallisuuskulttuurinsa vahvistamista. Ty\u00f6tapaturmista johtuvia poissaoloja mittaava LTIF-luku (Lost Time Injury Frequency) oli 2,5 (0 vuonna 2024). Yhti\u00f6 jatkoi turvallisuusohjeistustensa ja \u2011k\u00e4yt\u00e4nt\u00f6jens\u00e4 kehitt\u00e4mist\u00e4 sek\u00e4 kyberturvallisuuden ett\u00e4 fyysisen turvallisuuden osalta. Yhti\u00f6 asetti etusijalle uuden henkil\u00f6st\u00f6n perehdytt\u00e4misen, sill\u00e4 henkil\u00f6st\u00f6m\u00e4\u00e4r\u00e4 kasvoi merkitt\u00e4v\u00e4sti vuoden aikana.<\/p>\n\n\n\n<h2 class=\"wp-block-heading\">Henkil\u00f6st\u00f6<\/h2>\n\n\n\n<p>FORCIT-konsernin henkil\u00f6st\u00f6m\u00e4\u00e4r\u00e4 jatkoi kasvuaan toiminnan kasvun my\u00f6t\u00e4. Vuoden 2025 lopussa FORCIT ty\u00f6llisti 748 henkil\u00f6\u00e4, mik\u00e4 on 13&nbsp;% enemm\u00e4n kuin vuonna 2024. Sairauspoissaolot laskivat edelleen ja olivat 2,8&nbsp;% vuonna 2025 (3,1&nbsp;% vuonna 2024).<\/p>\n\n\n\n<p>Vuoden 2025 aikana toteutettiin koko konsernin kattava henkil\u00f6st\u00f6tutkimus henkil\u00f6st\u00f6n sitoutumisen ja tyytyv\u00e4isyyden selvitt\u00e4miseksi. Tulokset pysyiv\u00e4t vahvoina ja osoittivat, ett\u00e4 henkil\u00f6st\u00f6n sitoutuminen on edelleen hyv\u00e4ll\u00e4 tasolla eNPS-indeksin ollessa 43 (50 vuonna 2024).<\/p>\n\n\n\n<h2 class=\"wp-block-heading\">Hallinto<\/h2>\n\n\n\n<p>Oy Forcit Ab:n varsinaisessa yhti\u00f6kokouksessa 8.4.2025 valittiin uudelleen hallitus, johon kuuluvat Hans Karlander, Lauri Stadigh, Alexander Tallberg, Pasi Tolppanen, Jori Harju ja Edoardo Santamaria. Lauri Stadigh on toiminut hallituksen puheenjohtajana ja Joakim Westerlund FORCIT-konsernin toimitusjohtajana. Yhti\u00f6n tilintarkastajana on toiminut KPMG Oy Ab, jonka p\u00e4\u00e4vastuullinen tilintarkastaja on ollut Christian H\u00e4llstr\u00f6m, KHT.<\/p>\n\n\n\n<h2 class=\"wp-block-heading\">Hallituksen voitonjakoehdotus<\/h2>\n\n\n\n<p>Mik\u00e4li tilinp\u00e4\u00e4t\u00f6s vahvistetaan, OY FORCIT AB:n yhti\u00f6kokouksen jaettavana on:<\/p>\n\n\n\n<table id=\"tablepress-20\" class=\"tablepress tablepress-id-20\">\n<tbody class=\"row-hover\">\n<tr class=\"row-1 odd\">\n\t<td class=\"column-1\">K\u00e4ytt\u00f6rahasto<\/td><td class=\"column-2\">48 446 221,97 euroa<\/td>\n<\/tr>\n<tr class=\"row-2 even\">\n\t<td class=\"column-1\">Sijoitetun vapaan oman p\u00e4\u00e4oman rahasto<\/td><td class=\"column-2\">973 066,09 euroa<\/td>\n<\/tr>\n<tr class=\"row-3 odd\">\n\t<td class=\"column-1\">Tilikauden ylij\u00e4\u00e4m\u00e4<\/td><td class=\"column-2\">120 463 697,06 euroa<\/td>\n<\/tr>\n<tr class=\"row-4 even\">\n\t<td class=\"column-1\">Yhteens\u00e4<\/td><td class=\"column-2\">169 882 985,12 euroa<\/td>\n<\/tr>\n<\/tbody>\n<\/table>\n<!-- #tablepress-20 from cache -->\n\n\n<p>Hallitus ehdottaa, ett\u00e4 varat jaetaan seuraavasti:<\/p>\n\n\n\n<table id=\"tablepress-21\" class=\"tablepress tablepress-id-21\">\n<thead>\n<tr class=\"row-1 odd\">\n\t<th class=\"column-1\">Osakkeenomistajille maksetaan osinkona:<\/th><th class=\"column-2\"><\/th>\n<\/tr>\n<\/thead>\n<tbody class=\"row-hover\">\n<tr class=\"row-2 even\">\n\t<td class=\"column-1\">200 euroa\/osake<\/td><td class=\"column-2\">39 962 200,00 euroa<\/td>\n<\/tr>\n<tr class=\"row-3 odd\">\n\t<td class=\"column-1\">K\u00e4ytt\u00f6rahasto<\/td><td class=\"column-2\">128 947 719,03 euroa<\/td>\n<\/tr>\n<tr class=\"row-4 even\">\n\t<td class=\"column-1\">Sijoitetun vapaan oman p\u00e4\u00e4oman rahasto<\/td><td class=\"column-2\">973 066,09 euroa<\/td>\n<\/tr>\n<tr class=\"row-5 odd\">\n\t<td class=\"column-1\">Yhteens\u00e4<\/td><td class=\"column-2\">169 882 985,12 euroa<\/td>\n<\/tr>\n<\/tbody>\n<\/table>\n<!-- #tablepress-21 from cache -->\n\n\n<p>Yhti\u00f6n taloustilanteessa ei ole tapahtunut oleellisia muutoksia tilikauden p\u00e4\u00e4ttymisen j\u00e4lkeen. Yhti\u00f6n likviditeetti on hyv\u00e4, eik\u00e4 ehdotettu voitonjako vaaranna maksukyky\u00e4.<\/p>\n\n\n\n<h2 class=\"wp-block-heading\">Yhti\u00f6n osakkeet<\/h2>\n\n\n\n<p>Yhti\u00f6ll\u00e4 on vain yksi osakesarja. Jokainen osake tuottaa yhden \u00e4\u00e4nen ja yht\u00e4l\u00e4isen oikeuden yhti\u00f6n osinkoon.\u00a0<\/p>\n\n\n\n<table id=\"tablepress-22\" class=\"tablepress tablepress-id-22\">\n<thead>\n<tr class=\"row-1 odd\">\n\t<th class=\"column-1\">Osakkeiden m\u00e4\u00e4r\u00e4<\/th><th class=\"column-2\">2025<\/th><th class=\"column-3\">2024<\/th><th class=\"column-4\">2023<\/th>\n<\/tr>\n<\/thead>\n<tbody class=\"row-hover\">\n<tr class=\"row-2 even\">\n\t<td class=\"column-1\"><\/td><td class=\"column-2\">199 811<\/td><td class=\"column-3\">201 160<\/td><td class=\"column-4\">201 360<\/td>\n<\/tr>\n<\/tbody>\n<\/table>\n<!-- #tablepress-22 from cache -->\n\n\n<p>Yhti\u00f6ll\u00e4 on voimassa oleva valtuus laskea liikkeeseen uusia osakkeita ja ostaa osakkeita takaisin. Emoyhti\u00f6 on tilikauden aikana ostanut takaisin 1\u00a0655 omaa osakettaan yhteens\u00e4 502\u00a0091 eurolla, jotka on kirjattu sijoitetun vapaan oman p\u00e4\u00e4oman rahastosta. Yhti\u00f6 laski liikkeeseen 306 uutta osaketta yhteens\u00e4 424\u00a0694 eurolla, jotka kirjattiin sijoitetun vapaan oman p\u00e4\u00e4oman rahastosta.<\/p>\n\n\n\n<h2 class=\"wp-block-heading\">Lainat l\u00e4hipiirille<\/h2>\n\n\n\n<p>Yhti\u00f6 on my\u00f6nt\u00e4nyt lainoja konserniyrityksille. Lainojen kokonaism\u00e4\u00e4r\u00e4 on 192\u00a0883,15 euroa ja laina-aika enint\u00e4\u00e4n viisi vuotta. Laina lyhennet\u00e4\u00e4n tasaerin\u00e4, ja korko maksetaan lainanlyhennysten yhteydess\u00e4. Lainojen korko on vaihteleva. Lainoilla ei ole vakuuksia.<\/p>\n","protected":false},"excerpt":{"rendered":"<p>Yleist\u00e4 FORCIT-konserni koostuu kolmesta eri liiketoiminta-alueesta: FORCIT Defencen liiketoiminta on suunnattu puolustusvoimille ja puolustusmateriaalien valmistajille, FORCIT Explosives toimii siviilir\u00e4j\u00e4hdetoimialalla sek\u00e4 poraamiseen ja r\u00e4j\u00e4ytyksiin liittyvien ohjelmistojen alalla, ja FORCIT Consulting tarjoaa rakentamisen ymp\u00e4rist\u00f6vaikutusten hallintaan liittyvi\u00e4 koulutuksia sek\u00e4 mittaus-, valvonta- ja konsultointipalveluita. FORCITin Defence-liiketoiminta-alueen tavoitteena on olla maailman johtava p\u00e4\u00e4syn ev\u00e4\u00e4miseen ja alueelliseen kielt\u00e4miseen (A2\/AD) liittyvien ratkaisujen [&#8230;]<\/p>\n<p><a class=\"btn btn-secondary understrap-read-more-link\" href=\"https:\/\/annualreport.forcitgroup.com\/2025\/fi\/toimintakertomus\/konsernin-talous-ja-toiminta\/\">Read More&#8230;<span class=\"screen-reader-text\"> from KONSERNIN TALOUS JA TOIMINTA<\/span><\/a><\/p>\n","protected":false},"author":1,"featured_media":2417,"parent":412,"menu_order":0,"comment_status":"closed","ping_status":"closed","template":"","meta":{"_acf_changed":false,"footnotes":""},"acf":[],"_links":{"self":[{"href":"https:\/\/annualreport.forcitgroup.com\/2025\/wp-json\/wp\/v2\/pages\/429"}],"collection":[{"href":"https:\/\/annualreport.forcitgroup.com\/2025\/wp-json\/wp\/v2\/pages"}],"about":[{"href":"https:\/\/annualreport.forcitgroup.com\/2025\/wp-json\/wp\/v2\/types\/page"}],"author":[{"embeddable":true,"href":"https:\/\/annualreport.forcitgroup.com\/2025\/wp-json\/wp\/v2\/users\/1"}],"replies":[{"embeddable":true,"href":"https:\/\/annualreport.forcitgroup.com\/2025\/wp-json\/wp\/v2\/comments?post=429"}],"version-history":[{"count":2,"href":"https:\/\/annualreport.forcitgroup.com\/2025\/wp-json\/wp\/v2\/pages\/429\/revisions"}],"predecessor-version":[{"id":2418,"href":"https:\/\/annualreport.forcitgroup.com\/2025\/wp-json\/wp\/v2\/pages\/429\/revisions\/2418"}],"up":[{"embeddable":true,"href":"https:\/\/annualreport.forcitgroup.com\/2025\/wp-json\/wp\/v2\/pages\/412"}],"wp:featuredmedia":[{"embeddable":true,"href":"https:\/\/annualreport.forcitgroup.com\/2025\/wp-json\/wp\/v2\/media\/2417"}],"wp:attachment":[{"href":"https:\/\/annualreport.forcitgroup.com\/2025\/wp-json\/wp\/v2\/media?parent=429"}],"curies":[{"name":"wp","href":"https:\/\/api.w.org\/{rel}","templated":true}]}}