{"id":432,"date":"2023-03-01T12:44:22","date_gmt":"2023-03-01T10:44:22","guid":{"rendered":"https:\/\/annualreport.forcitgroup.com\/?page_id=432"},"modified":"2026-03-25T21:24:52","modified_gmt":"2026-03-25T21:24:52","slug":"liiketoiminta-alueiden-kehitys","status":"publish","type":"page","link":"https:\/\/annualreport.forcitgroup.com\/2025\/fi\/toimintakertomus\/liiketoiminta-alueiden-kehitys\/","title":{"rendered":"LIIKETOIMINTA-ALUEIDEN KEHITYS"},"content":{"rendered":"\n<div style=\"height:75px\" aria-hidden=\"true\" class=\"wp-block-spacer\"><\/div>\n\n\n\n<h2 class=\"wp-block-heading\">Explosives<\/h2>\n\n\n\n<figure class=\"wp-block-image size-full is-resized\"><img loading=\"lazy\" decoding=\"async\" width=\"2560\" height=\"1707\" src=\"https:\/\/annualreport.forcitgroup.com\/2025\/wp-content\/uploads\/sites\/4\/2026\/03\/EXPL-2025-scaled.jpg\" alt=\"\" class=\"wp-image-2284\" style=\"aspect-ratio:16\/9;object-fit:cover;width:800px\" srcset=\"https:\/\/annualreport.forcitgroup.com\/2025\/wp-content\/uploads\/sites\/4\/2026\/03\/EXPL-2025-scaled.jpg 2560w, https:\/\/annualreport.forcitgroup.com\/2025\/wp-content\/uploads\/sites\/4\/2026\/03\/EXPL-2025-300x200.jpg 300w, https:\/\/annualreport.forcitgroup.com\/2025\/wp-content\/uploads\/sites\/4\/2026\/03\/EXPL-2025-1024x683.jpg 1024w, https:\/\/annualreport.forcitgroup.com\/2025\/wp-content\/uploads\/sites\/4\/2026\/03\/EXPL-2025-768x512.jpg 768w, https:\/\/annualreport.forcitgroup.com\/2025\/wp-content\/uploads\/sites\/4\/2026\/03\/EXPL-2025-1536x1024.jpg 1536w, https:\/\/annualreport.forcitgroup.com\/2025\/wp-content\/uploads\/sites\/4\/2026\/03\/EXPL-2025-2048x1365.jpg 2048w\" sizes=\"(max-width: 2560px) 100vw, 2560px\" \/><\/figure>\n\n\n\n<p>FORCIT Explosivesin liikevaihto kasvoi vuonna 2025 kaivos- ja rakennussegmentin volyymien kasvun seurauksena. Liiketoiminta-alue jatkoi investointejaan tuotantolaitosten modernisointiin tukeakseen kest\u00e4v\u00e4\u00e4 kasvua ja yll\u00e4pit\u00e4\u00e4kseen laitostensa, panostusajoneuvokalustonsa&nbsp;ja muun teknologiansa korkeaa teknist\u00e4 tasoa.&nbsp;<\/p>\n\n\n\n<div style=\"height:50px\" aria-hidden=\"true\" class=\"wp-block-spacer\"><\/div>\n\n\n\n<h2 class=\"wp-block-heading\">Defence<\/h2>\n\n\n\n<figure class=\"wp-block-image size-full is-resized\"><img loading=\"lazy\" decoding=\"async\" width=\"2560\" height=\"1707\" src=\"https:\/\/annualreport.forcitgroup.com\/2025\/wp-content\/uploads\/sites\/4\/2026\/03\/Defence-2025-scaled.jpg\" alt=\"\" class=\"wp-image-2286\" style=\"aspect-ratio:16\/9;object-fit:cover;width:800px\" srcset=\"https:\/\/annualreport.forcitgroup.com\/2025\/wp-content\/uploads\/sites\/4\/2026\/03\/Defence-2025-scaled.jpg 2560w, https:\/\/annualreport.forcitgroup.com\/2025\/wp-content\/uploads\/sites\/4\/2026\/03\/Defence-2025-300x200.jpg 300w, https:\/\/annualreport.forcitgroup.com\/2025\/wp-content\/uploads\/sites\/4\/2026\/03\/Defence-2025-1024x683.jpg 1024w, https:\/\/annualreport.forcitgroup.com\/2025\/wp-content\/uploads\/sites\/4\/2026\/03\/Defence-2025-768x512.jpg 768w, https:\/\/annualreport.forcitgroup.com\/2025\/wp-content\/uploads\/sites\/4\/2026\/03\/Defence-2025-1536x1024.jpg 1536w, https:\/\/annualreport.forcitgroup.com\/2025\/wp-content\/uploads\/sites\/4\/2026\/03\/Defence-2025-2048x1365.jpg 2048w\" sizes=\"(max-width: 2560px) 100vw, 2560px\" \/><\/figure>\n\n\n\n<p>FORCIT Defencen vahva kasvu jatkui ja tilauskanta pysyi korkealla tasolla. Vuoden 2025 painopistealueita olivat nykyisten tuotteiden kehitt\u00e4minen, tuotantokapasiteetin lis\u00e4\u00e4minen, hankintaprosessien varmistaminen ja uuden toimintamallin integroiminen liiketoimintoihin kest\u00e4v\u00e4n kasvun mahdollistamiseksi.<\/p>\n\n\n\n<p>FORCIT Defence \u2011organisaatiota vahvistivat merkitt\u00e4v\u00e4sti uudet eri alojen asiantuntijat. Defence-liiketoiminnan investointitahti kiihtyi edelleen, ja vuoden aikana ilmoitettiin merkitt\u00e4vist\u00e4 uusista kapasiteetti- ja teknologiainvestoinneista.\u00a0<\/p>\n\n\n\n<div style=\"height:0px\" aria-hidden=\"true\" class=\"wp-block-spacer\"><\/div>\n\n\n\n<h2 class=\"wp-block-heading\">Consulting<\/h2>\n\n\n\n<figure class=\"wp-block-image size-full is-resized\"><img loading=\"lazy\" decoding=\"async\" width=\"2500\" height=\"1533\" src=\"https:\/\/annualreport.forcitgroup.com\/2025\/wp-content\/uploads\/sites\/4\/2026\/03\/CONS-2025.jpg\" alt=\"\" class=\"wp-image-2289\" style=\"aspect-ratio:16\/9;object-fit:cover;width:800px\" srcset=\"https:\/\/annualreport.forcitgroup.com\/2025\/wp-content\/uploads\/sites\/4\/2026\/03\/CONS-2025.jpg 2500w, https:\/\/annualreport.forcitgroup.com\/2025\/wp-content\/uploads\/sites\/4\/2026\/03\/CONS-2025-300x184.jpg 300w, https:\/\/annualreport.forcitgroup.com\/2025\/wp-content\/uploads\/sites\/4\/2026\/03\/CONS-2025-1024x628.jpg 1024w, https:\/\/annualreport.forcitgroup.com\/2025\/wp-content\/uploads\/sites\/4\/2026\/03\/CONS-2025-768x471.jpg 768w, https:\/\/annualreport.forcitgroup.com\/2025\/wp-content\/uploads\/sites\/4\/2026\/03\/CONS-2025-1536x942.jpg 1536w, https:\/\/annualreport.forcitgroup.com\/2025\/wp-content\/uploads\/sites\/4\/2026\/03\/CONS-2025-2048x1256.jpg 2048w\" sizes=\"(max-width: 2500px) 100vw, 2500px\" \/><\/figure>\n\n\n\n<p>FORCIT Consultingin liikevaihto laski Pohjoismaiden ja erityisesti Ruotsin rakennusmarkkinoiden kire\u00e4n tilanteen vuoksi. Suomessa toiminta pysyi edellisvuoden tasolla, ja Norjassa myynti jatkoi kasvuaan projektien m\u00e4\u00e4r\u00e4n kasvaessa. Asiakastyytyv\u00e4isyys pysyi hyv\u00e4ll\u00e4 tasolla.<\/p>\n\n\n\n<div style=\"height:50px\" aria-hidden=\"true\" class=\"wp-block-spacer\"><\/div>\n\n\n\n<h2 class=\"wp-block-heading\">Tutkimus ja kehitys<\/h2>\n\n\n\n<p>FORCIT Defencen tutkimus- ja kehitysty\u00f6ss\u00e4 keskityttiin uusien tuotteiden jatkokehitykseen ja nykyisten tuotteiden parantamiseen. Vuoden aikana lanseerattiin sek\u00e4 maa- ett\u00e4 meriyksik\u00f6ihin liittyvi\u00e4 uusia tuotteita. Tutkimus- ja kehityshenkil\u00f6st\u00f6\u00e4 on vahvistettu, ja yhteisty\u00f6hankkeita on aloitettu uusien ulkoisten kumppaneiden kanssa.<\/p>\n\n\n\n<p>FORCIT Explosivesin kehitysty\u00f6 jatkui useilla keskeisill\u00e4 projekteilla, jotka liittyiv\u00e4t esimerkiksi typett\u00f6miin r\u00e4j\u00e4hteisiin, uuteen ymp\u00e4rist\u00f6yst\u00e4v\u00e4llisemp\u00e4\u00e4n tuotelinjaan, uuteen langattomaan sytytysj\u00e4rjestelm\u00e4\u00e4n ja O-Pitblast-ohjelmistoalustan jatkokehitykseen.<\/p>\n\n\n\n<p>Mittausdatan k\u00e4sittely-, hallinta- ja k\u00e4ytt\u00f6alustan kehitysty\u00f6 on jatkunut FORCIT Consulting \u2011liiketoiminta-alueella.<\/p>\n\n\n\n<div style=\"height:50px\" aria-hidden=\"true\" class=\"wp-block-spacer\"><\/div>\n\n\n\n<h2 class=\"wp-block-heading\">Investoinnit<\/h2>\n\n\n\n<p>Konsernin kokonaisinvestoinnit yhdistymiset ja yritysostot mukaan lukien olivat tilikauden aikana 66,5 miljoonaa euroa (148,3 miljoonaa euroa) ja leasingrahoitus mukaan lukien 67,6 miljoonaa euroa (149,5 miljoonaa euroa).&nbsp; Emoyhti\u00f6n investoinnit omaan toimintaansa olivat 53,0 miljoonaa euroa (140,0 miljoonaa euroa). Konsernin kokonaisinvestoinnit leasingrahoitteiset investoinnit mukaan lukien olivat 13,6&nbsp;% vuosituotoista. Konsernin kokonaisinvestoinnit leasingrahoitteiset investoinnit mukaan lukien tilikausina 2024\u20132025 ovat olleet 217,1 miljoonaa euroa.<\/p>\n\n\n\n<p>Keskeisimm\u00e4t investoinnit yhdistymisi\u00e4 ja yritysostoja lukuun ottamatta olivat Defence-liiketoiminta-alueen kapasiteetin laajentaminen sek\u00e4 Vihtavuoren tuotantolaitoksen modernisointi. Investointeja tehtiin my\u00f6s panostus- ja toimitusprosessien modernisoimiseksi. FORCIT Consulting on investoinut p\u00e4\u00e4asiassa t\u00e4rin\u00e4- ja melumittauslaitteisiin ja -ohjelmistoihin.<\/p>\n\n\n\n<p>Vuoden aikana ilmoitettiin my\u00f6s merkitt\u00e4vist\u00e4 tulevista investoinneista Defence-liiketoimintaan, kuten suunnitelmista rakentaa uusi TNT-tuotantolaitos Suomeen ja laajentaa nykyisten tuotantolaitosten kapasiteettia entisest\u00e4\u00e4n.<\/p>\n","protected":false},"excerpt":{"rendered":"<p>Explosives FORCIT Explosivesin liikevaihto kasvoi vuonna 2025 kaivos- ja rakennussegmentin volyymien kasvun seurauksena. Liiketoiminta-alue jatkoi investointejaan tuotantolaitosten modernisointiin tukeakseen kest\u00e4v\u00e4\u00e4 kasvua ja yll\u00e4pit\u00e4\u00e4kseen laitostensa, panostusajoneuvokalustonsa&nbsp;ja muun teknologiansa korkeaa teknist\u00e4 tasoa.&nbsp; Defence FORCIT Defencen vahva kasvu jatkui ja tilauskanta pysyi korkealla tasolla. Vuoden 2025 painopistealueita olivat nykyisten tuotteiden kehitt\u00e4minen, tuotantokapasiteetin lis\u00e4\u00e4minen, hankintaprosessien varmistaminen ja uuden toimintamallin [&#8230;]<\/p>\n<p><a class=\"btn btn-secondary understrap-read-more-link\" href=\"https:\/\/annualreport.forcitgroup.com\/2025\/fi\/toimintakertomus\/liiketoiminta-alueiden-kehitys\/\">Read More&#8230;<span class=\"screen-reader-text\"> from LIIKETOIMINTA-ALUEIDEN KEHITYS<\/span><\/a><\/p>\n","protected":false},"author":1,"featured_media":1868,"parent":412,"menu_order":0,"comment_status":"closed","ping_status":"closed","template":"","meta":{"_acf_changed":false,"footnotes":""},"acf":[],"_links":{"self":[{"href":"https:\/\/annualreport.forcitgroup.com\/2025\/wp-json\/wp\/v2\/pages\/432"}],"collection":[{"href":"https:\/\/annualreport.forcitgroup.com\/2025\/wp-json\/wp\/v2\/pages"}],"about":[{"href":"https:\/\/annualreport.forcitgroup.com\/2025\/wp-json\/wp\/v2\/types\/page"}],"author":[{"embeddable":true,"href":"https:\/\/annualreport.forcitgroup.com\/2025\/wp-json\/wp\/v2\/users\/1"}],"replies":[{"embeddable":true,"href":"https:\/\/annualreport.forcitgroup.com\/2025\/wp-json\/wp\/v2\/comments?post=432"}],"version-history":[{"count":4,"href":"https:\/\/annualreport.forcitgroup.com\/2025\/wp-json\/wp\/v2\/pages\/432\/revisions"}],"predecessor-version":[{"id":2419,"href":"https:\/\/annualreport.forcitgroup.com\/2025\/wp-json\/wp\/v2\/pages\/432\/revisions\/2419"}],"up":[{"embeddable":true,"href":"https:\/\/annualreport.forcitgroup.com\/2025\/wp-json\/wp\/v2\/pages\/412"}],"wp:featuredmedia":[{"embeddable":true,"href":"https:\/\/annualreport.forcitgroup.com\/2025\/wp-json\/wp\/v2\/media\/1868"}],"wp:attachment":[{"href":"https:\/\/annualreport.forcitgroup.com\/2025\/wp-json\/wp\/v2\/media?parent=432"}],"curies":[{"name":"wp","href":"https:\/\/api.w.org\/{rel}","templated":true}]}}