{"id":436,"date":"2023-03-01T12:48:57","date_gmt":"2023-03-01T10:48:57","guid":{"rendered":"https:\/\/annualreport.forcitgroup.com\/?page_id=436"},"modified":"2026-03-25T21:25:09","modified_gmt":"2026-03-25T21:25:09","slug":"ennusteet","status":"publish","type":"page","link":"https:\/\/annualreport.forcitgroup.com\/2025\/fi\/toimintakertomus\/ennusteet\/","title":{"rendered":"ENNUSTEET"},"content":{"rendered":"\n<h2 class=\"wp-block-heading\">Riskit ja ep\u00e4varmuustekij\u00e4t<\/h2>\n\n\n\n<p>Euroopan talousn\u00e4kymien odotetaan paranevan hitaasti vuosia kest\u00e4neen heikon talouskasvun j\u00e4lkeen. Ennusteet rakennusmarkkinoiden aktiivisuudesta vuonna 2026 ovat muuttuneet hieman vuoden takaisia n\u00e4kymi\u00e4 my\u00f6nteisemmiksi kaikissa Pohjoismaissa.<\/p>\n\n\n\n<p>Koska merkitt\u00e4v\u00e4 osa toiminnoistamme on Ruotsissa ja Norjassa, Ruotsin kruunun ja euron sek\u00e4 Norjan kruunun ja euron v\u00e4liset kurssimuutokset muodostavat valuuttariskin. Yhti\u00f6 on edelleen pyrkinyt suojautumaan valuuttariskej\u00e4 vastaan erilaisten sopimusten avulla.<\/p>\n\n\n\n<p>Ukrainan sota ja siihen liittyv\u00e4t geopoliittiset j\u00e4nnitteet lis\u00e4\u00e4v\u00e4t jatkossakin IT- ja hybridiuhkiin liittyvi\u00e4 riskej\u00e4. Yhti\u00f6 on sen vuoksi keskittynyt entist\u00e4 enemm\u00e4n tietoturvaan ja fyysiseen turvallisuuteen sek\u00e4 tehnyt niihin merkitt\u00e4vi\u00e4 investointeja.<\/p>\n\n\n\n<p>Defence-liiketoiminta-alueen t\u00e4rkeiden raaka-aineiden ja komponenttien saatavuus on edelleen t\u00e4rke\u00e4 painopistealue.<\/p>\n\n\n\n<h2 class=\"wp-block-heading\">Vuoden 2026 n\u00e4kym\u00e4t<\/h2>\n\n\n\n<p>Infrarakentamisen n\u00e4kym\u00e4t ovat varovaisen positiiviset viime vuosiin verrattuna. Kaivossegmenttiin kohdistuu vuoteen 2025 verrattuna neutraaleja odotuksia. Suurimmat huolenaiheet vuodelle 2026 ovat Euroopan ja Pohjoismaiden yleisten talousn\u00e4kymien odotettu elpyminen sek\u00e4 yh\u00e4 ep\u00e4vakaammaksi muuttuvan geopoliittisen tilanteen aiheuttama ep\u00e4varmuus. Kilpailu siviilir\u00e4j\u00e4hdemarkkinoilla on edelleen kovaa. Yhti\u00f6 n\u00e4kee kuitenkin, ett\u00e4 FORCIT Explosives pystyy jatkossakin harjoittamaan kannattavaa liiketoimintaa p\u00e4\u00e4markkinoillaan pit\u00e4m\u00e4ll\u00e4 yll\u00e4 hyv\u00e4\u00e4 kilpailukyky\u00e4\u00e4n ja keskittym\u00e4ll\u00e4 edelleen toimintansa kehitt\u00e4miseen ja tehokkuuteen.<\/p>\n\n\n\n<p>FORCIT Defencen tilauskanta oli vuonna 2025 edelleen korkealla tasolla, ja tuotantokapasiteetin lis\u00e4\u00e4miseksi tehtyjen ja suunniteltujen investointien sek\u00e4 tuotekehityspanostusten my\u00f6t\u00e4 yhti\u00f6 on vakuuttunut kyvyst\u00e4\u00e4n kehitt\u00e4\u00e4 ja laajentaa Defence-liiketoimintaa pitk\u00e4ll\u00e4 aikav\u00e4lill\u00e4.<\/p>\n\n\n\n<p>FORCIT Consultingilla on vahva markkina-asema, ja sill\u00e4 on hyv\u00e4t kasvumahdollisuudet toiminnan maantieteellisen laajentamisen ja palvelutarjontansa kehitt\u00e4misen avulla. On my\u00f6s odotettavissa, ett\u00e4 vuonna 2026 rakennustoiminta alkaa kehitty\u00e4 Pohjoismaissa my\u00f6nteisemmin useiden haastavien vuosien j\u00e4lkeen.<\/p>\n\n\n\n<p>Yhteenvetona voidaan todeta, ett\u00e4 yhti\u00f6 odottaa&nbsp;liikevaihdon pysyv\u00e4n vuonna 2026 suhteellisen vakaana vuoteen 2025 verrattuna. Yhti\u00f6 odottaa hyv\u00e4n kannattavuuden jatkuvan vuonna 2026.<\/p>\n","protected":false},"excerpt":{"rendered":"<p>Riskit ja ep\u00e4varmuustekij\u00e4t Euroopan talousn\u00e4kymien odotetaan paranevan hitaasti vuosia kest\u00e4neen heikon talouskasvun j\u00e4lkeen. Ennusteet rakennusmarkkinoiden aktiivisuudesta vuonna 2026 ovat muuttuneet hieman vuoden takaisia n\u00e4kymi\u00e4 my\u00f6nteisemmiksi kaikissa Pohjoismaissa. Koska merkitt\u00e4v\u00e4 osa toiminnoistamme on Ruotsissa ja Norjassa, Ruotsin kruunun ja euron sek\u00e4 Norjan kruunun ja euron v\u00e4liset kurssimuutokset muodostavat valuuttariskin. Yhti\u00f6 on edelleen pyrkinyt suojautumaan valuuttariskej\u00e4 vastaan [&#8230;]<\/p>\n<p><a class=\"btn btn-secondary understrap-read-more-link\" href=\"https:\/\/annualreport.forcitgroup.com\/2025\/fi\/toimintakertomus\/ennusteet\/\">Read More&#8230;<span class=\"screen-reader-text\"> from ENNUSTEET<\/span><\/a><\/p>\n","protected":false},"author":1,"featured_media":1879,"parent":412,"menu_order":0,"comment_status":"closed","ping_status":"closed","template":"","meta":{"_acf_changed":false,"footnotes":""},"acf":[],"_links":{"self":[{"href":"https:\/\/annualreport.forcitgroup.com\/2025\/wp-json\/wp\/v2\/pages\/436"}],"collection":[{"href":"https:\/\/annualreport.forcitgroup.com\/2025\/wp-json\/wp\/v2\/pages"}],"about":[{"href":"https:\/\/annualreport.forcitgroup.com\/2025\/wp-json\/wp\/v2\/types\/page"}],"author":[{"embeddable":true,"href":"https:\/\/annualreport.forcitgroup.com\/2025\/wp-json\/wp\/v2\/users\/1"}],"replies":[{"embeddable":true,"href":"https:\/\/annualreport.forcitgroup.com\/2025\/wp-json\/wp\/v2\/comments?post=436"}],"version-history":[{"count":2,"href":"https:\/\/annualreport.forcitgroup.com\/2025\/wp-json\/wp\/v2\/pages\/436\/revisions"}],"predecessor-version":[{"id":2420,"href":"https:\/\/annualreport.forcitgroup.com\/2025\/wp-json\/wp\/v2\/pages\/436\/revisions\/2420"}],"up":[{"embeddable":true,"href":"https:\/\/annualreport.forcitgroup.com\/2025\/wp-json\/wp\/v2\/pages\/412"}],"wp:featuredmedia":[{"embeddable":true,"href":"https:\/\/annualreport.forcitgroup.com\/2025\/wp-json\/wp\/v2\/media\/1879"}],"wp:attachment":[{"href":"https:\/\/annualreport.forcitgroup.com\/2025\/wp-json\/wp\/v2\/media?parent=436"}],"curies":[{"name":"wp","href":"https:\/\/api.w.org\/{rel}","templated":true}]}}