{"id":461,"date":"2023-03-01T13:09:34","date_gmt":"2023-03-01T11:09:34","guid":{"rendered":"https:\/\/annualreport.forcitgroup.com\/?page_id=461"},"modified":"2026-03-25T21:26:40","modified_gmt":"2026-03-25T21:26:40","slug":"koncernens-ekonomi-och-aktiviteter","status":"publish","type":"page","link":"https:\/\/annualreport.forcitgroup.com\/2025\/sv\/verksamhetsberattelse\/koncernens-ekonomi-och-aktiviteter\/","title":{"rendered":"KONCERNENS EKONOMI OCH AKTIVITETER\u00a0"},"content":{"rendered":"\n<h2 class=\"wp-block-heading\">Allm\u00e4nt<\/h2>\n\n\n\n<p>FORCIT-koncernen best\u00e5r av tre olika aff\u00e4rsenheter: FORCIT Defence \u00e4r inriktat p\u00e5 f\u00f6rsvarsmakten och tillverkare av f\u00f6rsvarsmateriel. FORCIT Explosives \u00e4r verksamt inom omr\u00e5det civila spr\u00e4ng\u00e4mnen, bland annat programvara f\u00f6r borrning och spr\u00e4ngning, och FORCIT Consulting organiserar utbildningar och tillhandah\u00e5ller m\u00e4tnings-, \u00f6vervaknings- och konsulttj\u00e4nster f\u00f6r milj\u00f6konsekvenshantering av byggande.<\/p>\n\n\n\n<p>M\u00e5let f\u00f6r FORCIT:s aff\u00e4rsenhet Defence \u00e4r att vara v\u00e4rldens ledande leverant\u00f6r av l\u00f6sningar f\u00f6r tilltr\u00e4deskontroll och omr\u00e5desavsp\u00e4rrning b\u00e5de p\u00e5 land och till havs. FORCIT:s m\u00e5ls\u00e4ttning inom Explosives- och Consulting-verksamheterna \u00e4r att vidareutveckla st\u00e4llningen som nordisk marknadsledare och f\u00f6redragen leverant\u00f6r av tj\u00e4nster, produkter och kompetens g\u00e4llande spr\u00e4ng\u00e4mnen, laddning och \u00f6vervakning av milj\u00f6p\u00e5verkan.<\/p>\n\n\n\n<p>Under hela 2025 har FORCIT fortsatt att investera kraftigt i att ut\u00f6ka sin produktionskapacitet och vidareutveckla sin teknik. Bolaget tillk\u00e4nnagav sin avsikt att investera drygt 200 miljoner euro i en ny TNT-produktionsanl\u00e4ggning i Finland. Vidare har bolaget under \u00e5ret genomf\u00f6rt ett omfattande rekryteringsarbete i syfte att f\u00f6rst\u00e4rka resurserna. FORCIT:s kvalitetssystem \u00e4r certifierat enligt ISO 9001-standarden och dess milj\u00f6system enligt ISO 14001-standarden. Defence-verksamheten \u00e4r certifierad i enlighet med NATO:s AQAP 2110-kvalitetsnormer. F\u00f6rutom ISO- och AQAP-standarderna har f\u00f6rsvarsverksamheten ocks\u00e5 ackrediterats i \u00f6verensst\u00e4mmelse med kriterierna f\u00f6r den finska nationella s\u00e4kerhetsauditeringen (KATAKRI).<\/p>\n\n\n\n<h2 class=\"wp-block-heading\">Ekonomisk \u00f6versikt&nbsp;<\/h2>\n\n\n\n<p>Bolagets finansiella utveckling under 2025 var positiv, huvudsakligen p\u00e5 grund av en stark tillv\u00e4xt inom aff\u00e4rsenheten Defence. Efterfr\u00e5gan p\u00e5 bolagets f\u00f6rsvarserbjudande har varit stark. Den \u00f6vergripande europeiska ekonomiska utvecklingen och den fortsatt utmanande nordiska byggmarknaden resulterade i en kr\u00e4vande aff\u00e4rsmilj\u00f6 f\u00f6r aff\u00e4rsenheterna Explosives och i synnerhet Consulting. Priset p\u00e5 energi och viktiga r\u00e5varor f\u00f6rblev generellt sett stabilt.<\/p>\n\n\n\n<p>Nyckeltalen nedan beskriver utvecklingen under 2023\u20132025. Koncernens r\u00f6relseresultat f\u00f6rb\u00e4ttrades betydligt under 2025 j\u00e4mf\u00f6rt med 2024.<\/p>\n\n\n\n<p>\u202f&nbsp;<\/p>\n\n\n\n<div style=\"height:40px\" aria-hidden=\"true\" class=\"wp-block-spacer\"><\/div>\n\n\n\n<table id=\"tablepress-23\" class=\"tablepress tablepress-id-23\">\n<thead>\n<tr class=\"row-1 odd\">\n\t<th class=\"column-1\">Koncern<\/th><th class=\"column-2\">2025<\/th><th class=\"column-3\">2024<\/th><th class=\"column-4\">2023<\/th>\n<\/tr>\n<\/thead>\n<tbody class=\"row-hover\">\n<tr class=\"row-2 even\">\n\t<td class=\"column-1\">Oms\u00e4ttning, miljoner euro<\/td><td class=\"column-2\">497,6<\/td><td class=\"column-3\">275,6<\/td><td class=\"column-4\">214,3<\/td>\n<\/tr>\n<tr class=\"row-3 odd\">\n\t<td class=\"column-1\">R\u00f6relseresultat, miljoner euro<\/td><td class=\"column-2\">159,8<\/td><td class=\"column-3\">47,0<\/td><td class=\"column-4\">26,6<\/td>\n<\/tr>\n<tr class=\"row-4 even\">\n\t<td class=\"column-1\">R\u00f6relseresultat som % av nettooms\u00e4ttning<\/td><td class=\"column-2\">32,1<\/td><td class=\"column-3\">17,1<\/td><td class=\"column-4\">12,4<\/td>\n<\/tr>\n<tr class=\"row-5 odd\">\n\t<td class=\"column-1\">Avkastning p\u00e5 eget kapital (%)<\/td><td class=\"column-2\">84,3<\/td><td class=\"column-3\">39,7<\/td><td class=\"column-4\">30,5<\/td>\n<\/tr>\n<tr class=\"row-6 even\">\n\t<td class=\"column-1\">Soliditet %<\/td><td class=\"column-2\">44,0<\/td><td class=\"column-3\">39,1<\/td><td class=\"column-4\">55,1<\/td>\n<\/tr>\n<tr class=\"row-7 odd\">\n\t<td class=\"column-1\">Antal anst\u00e4llda i genomsnitt<\/td><td class=\"column-2\">718<\/td><td class=\"column-3\">620<\/td><td class=\"column-4\">553<\/td>\n<\/tr>\n<tr class=\"row-8 even\">\n\t<td class=\"column-1\">L\u00f6ner och arvoden, miljoner euro<\/td><td class=\"column-2\">48,5<\/td><td class=\"column-3\">39,8<\/td><td class=\"column-4\">34,2<\/td>\n<\/tr>\n<tr class=\"row-9 odd\">\n\t<td class=\"column-1\">Investeringar, miljoner euro<\/td><td class=\"column-2\">66,5<\/td><td class=\"column-3\">148,3<\/td><td class=\"column-4\">28,1<\/td>\n<\/tr>\n<\/tbody>\n<\/table>\n<!-- #tablepress-23 from cache -->\n\n\n<div style=\"height:40px\" aria-hidden=\"true\" class=\"wp-block-spacer\"><\/div>\n\n\n\n<table id=\"tablepress-24\" class=\"tablepress tablepress-id-24\">\n<thead>\n<tr class=\"row-1 odd\">\n\t<th class=\"column-1\">Moderbolag<\/th><th class=\"column-2\">2025<\/th><th class=\"column-3\">2024<\/th><th class=\"column-4\">2023<\/th>\n<\/tr>\n<\/thead>\n<tbody class=\"row-hover\">\n<tr class=\"row-2 even\">\n\t<td class=\"column-1\">Oms\u00e4ttning, miljoner euro<\/td><td class=\"column-2\">304,3<\/td><td class=\"column-3\">150,9<\/td><td class=\"column-4\">109,8<\/td>\n<\/tr>\n<tr class=\"row-3 odd\">\n\t<td class=\"column-1\">R\u00f6relseresultat, miljoner euro<\/td><td class=\"column-2\">74,6<\/td><td class=\"column-3\">16,9<\/td><td class=\"column-4\">13,6<\/td>\n<\/tr>\n<tr class=\"row-4 even\">\n\t<td class=\"column-1\">R\u00f6relseresultat som % av nettooms\u00e4ttning<\/td><td class=\"column-2\">24,5<\/td><td class=\"column-3\">11,2<\/td><td class=\"column-4\">12,3<\/td>\n<\/tr>\n<tr class=\"row-5 odd\">\n\t<td class=\"column-1\">Avkastning p\u00e5 eget kapital (%)\u202f<\/td><td class=\"column-2\">31,5<\/td><td class=\"column-3\">16,9<\/td><td class=\"column-4\">25,5<\/td>\n<\/tr>\n<tr class=\"row-6 even\">\n\t<td class=\"column-1\">Soliditet %<\/td><td class=\"column-2\">36,5<\/td><td class=\"column-3\">35,0<\/td><td class=\"column-4\">49,3<\/td>\n<\/tr>\n<tr class=\"row-7 odd\">\n\t<td class=\"column-1\">Antal anst\u00e4llda i genomsnitt<\/td><td class=\"column-2\">429<\/td><td class=\"column-3\">338<\/td><td class=\"column-4\">288<\/td>\n<\/tr>\n<tr class=\"row-8 even\">\n\t<td class=\"column-1\">L\u00f6ner och arvoden, miljoner euro<\/td><td class=\"column-2\">29,7<\/td><td class=\"column-3\">22,6<\/td><td class=\"column-4\">18,6<\/td>\n<\/tr>\n<tr class=\"row-9 odd\">\n\t<td class=\"column-1\">Investeringar, miljoner euro<\/td><td class=\"column-2\">53,0<\/td><td class=\"column-3\">140,0<\/td><td class=\"column-4\">19,3<\/td>\n<\/tr>\n<\/tbody>\n<\/table>\n<!-- #tablepress-24 from cache -->\n\n\n<h2 class=\"wp-block-heading\">H\u00e5llbarhet<\/h2>\n\n\n\n<p>Under 2025 har bolaget gjort framsteg i planen p\u00e5 att uppn\u00e5 koldioxidneutralitet f\u00f6r verksamheten fram till 2035.&nbsp; Dessutom samlade bolaget in och analyserade ESG-data som en f\u00f6rberedelse f\u00f6r framtida h\u00e5llbarhetsrapportering. Bolaget omfattas \u00e4nnu inte av EU-direktivet om f\u00f6retagens h\u00e5llbarhetsrapportering (CSRD-direktivet) baserat p\u00e5 de \u00e4ndrade reglerna.<\/p>\n\n\n\n<p>Forsknings- och utvecklingsarbetet i samband med h\u00e5llbarhet var inriktat p\u00e5 \u00e5tervinning av emulsionskomponenter och vidareutveckling av ett kv\u00e4vefritt produktsortiment.&nbsp;<\/p>\n\n\n\n<h3 class=\"wp-block-heading\">S\u00e4kerhet<\/h3>\n\n\n\n<p>S\u00e4kerheten har alltid h\u00f6gsta prioritet f\u00f6r FORCIT. Under 2025 fortsatte bolaget att investera i s\u00e4kerhet och att st\u00e4rka sin s\u00e4kerhetskultur. Sjukfr\u00e5nvaron p\u00e5 grund av arbetsskador (Lost Time Injury Frequency, LTIF) var 2,5 (noll f\u00f6r 2024). Bolaget fortsatte att utveckla sina s\u00e4kerhetspolicyer och -rutiner, b\u00e5de vad g\u00e4ller cybers\u00e4kerhet och fysisk s\u00e4kerhet. Bolaget prioriterade introduktionen av ny personal, eftersom antalet anst\u00e4llda \u00f6kade betydligt under \u00e5ret.<\/p>\n\n\n\n<h2 class=\"wp-block-heading\">Personal<\/h2>\n\n\n\n<p>FORCIT-koncernens personalstyrka fortsatte att \u00f6ka i takt med att verksamheten \u00f6kade. I slutet av 2025 hade FORCIT 748 anst\u00e4llda, vilket \u00e4r en \u00f6kning med 13&nbsp;% j\u00e4mf\u00f6rt med 2024. Sjukfr\u00e5nvaron minskade ytterligare till 2,8&nbsp;% 2025 (3,1&nbsp;% 2024).<\/p>\n\n\n\n<p>Under 2025 genomf\u00f6rdes en personalunders\u00f6kning i hela koncernen i syfte att m\u00e4ta personalens engagemang och tillfredsst\u00e4llelse. Resultaten f\u00f6rblev starka och visade att personalens engagemang forts\u00e4tter att ligga p\u00e5 en bra niv\u00e5 med ett eNPS-index p\u00e5 43 (50 f\u00f6r \u00e5r 2024).<\/p>\n\n\n\n<h2 class=\"wp-block-heading\">Administration<\/h2>\n\n\n\n<p>Vid Oy Forcit AB:s \u00e5rsst\u00e4mma den 8 april 2025 omvaldes styrelsen best\u00e5ende av Hans Karlander, Lauri Stadigh, Alexander Tallberg, Pasi Tolppanen, Jori Harju och Edoardo Santamaria. Lauri Stadigh har fortsatt som styrelsens ordf\u00f6rande och Joakim Westerlund har fortsatt som vd f\u00f6r FORCIT-koncernen. Bolagets revisorer har varit KPMG Oy Ab, med Christian H\u00e4llstr\u00f6m som huvudansvarig revisor, CGR.\u00a0<\/p>\n\n\n\n<h2 class=\"wp-block-heading\">Styrelsens f\u00f6rslag till vinstdisposition&nbsp;<\/h2>\n\n\n\n<p>Om bokslutet fastst\u00e4lls st\u00e5r till OY FORCIT AB:s bolagsst\u00e4mmas disposition<\/p>\n\n\n\n<table id=\"tablepress-25\" class=\"tablepress tablepress-id-25\">\n<tbody class=\"row-hover\">\n<tr class=\"row-1 odd\">\n\t<td class=\"column-1\">Dispositionsfond<\/td><td class=\"column-2\">48 446 221,97 euro<\/td>\n<\/tr>\n<tr class=\"row-2 even\">\n\t<td class=\"column-1\">Fond f\u00f6r inbetalt fritt eget kapital<\/td><td class=\"column-2\">973 066,09 euro<\/td>\n<\/tr>\n<tr class=\"row-3 odd\">\n\t<td class=\"column-1\">R\u00e4kenskapsperiodens vinst<\/td><td class=\"column-2\">120 463 697,06 euro<\/td>\n<\/tr>\n<tr class=\"row-4 even\">\n\t<td class=\"column-1\">Totalt<\/td><td class=\"column-2\">169 882 985,12 euro<\/td>\n<\/tr>\n<\/tbody>\n<\/table>\n<!-- #tablepress-25 from cache -->\n\n\n<p>Styrelsen f\u00f6resl\u00e5r att medlen disponeras p\u00e5 f\u00f6ljande s\u00e4tt:<\/p>\n\n\n\n<table id=\"tablepress-26\" class=\"tablepress tablepress-id-26\">\n<thead>\n<tr class=\"row-1 odd\">\n\t<th class=\"column-1\">Till aktie\u00e4garna utdelas i dividend:<\/th><th class=\"column-2\"><\/th>\n<\/tr>\n<\/thead>\n<tbody class=\"row-hover\">\n<tr class=\"row-2 even\">\n\t<td class=\"column-1\">200 euro\/aktie<\/td><td class=\"column-2\">39 962 200,00 euro<\/td>\n<\/tr>\n<tr class=\"row-3 odd\">\n\t<td class=\"column-1\">Dispositionsfond<\/td><td class=\"column-2\">128 947 719,03 euro<\/td>\n<\/tr>\n<tr class=\"row-4 even\">\n\t<td class=\"column-1\">Fond f\u00f6r inbetalt fritt eget kapital<\/td><td class=\"column-2\">973 066,09 euro<\/td>\n<\/tr>\n<tr class=\"row-5 odd\">\n\t<td class=\"column-1\">Totalt<\/td><td class=\"column-2\">169 882 985,12 euro<\/td>\n<\/tr>\n<\/tbody>\n<\/table>\n<!-- #tablepress-26 from cache -->\n\n\n<p>Inga v\u00e4sentliga f\u00f6r\u00e4ndringar efter r\u00e4kenskapsperiodens slut har skett i bolagets ekonomiska situation. Bolagets likviditet \u00e4r god och den f\u00f6reslagna vinstdispositionen \u00e4ventyrar inte betalningsf\u00f6rm\u00e5gan.<\/p>\n\n\n\n<h2 class=\"wp-block-heading\">Bolagets aktier<\/h2>\n\n\n\n<p>Bolaget har endast ett slag av aktier. Varje aktie ger en r\u00f6st vid bolagsst\u00e4mmor och samma r\u00e4tt till dividend.<\/p>\n\n\n\n<table id=\"tablepress-27\" class=\"tablepress tablepress-id-27\">\n<thead>\n<tr class=\"row-1 odd\">\n\t<th class=\"column-1\">Antalet aktier<\/th><th class=\"column-2\">2025<\/th><th class=\"column-3\">2024<\/th><th class=\"column-4\">2023<\/th>\n<\/tr>\n<\/thead>\n<tbody class=\"row-hover\">\n<tr class=\"row-2 even\">\n\t<td class=\"column-1\"><\/td><td class=\"column-2\">199 811<\/td><td class=\"column-3\">201 160<\/td><td class=\"column-4\">201 360<\/td>\n<\/tr>\n<\/tbody>\n<\/table>\n<!-- #tablepress-27 from cache -->\n\n\n<p>Bolaget har giltig fullmakt att emittera nya aktier och att \u00e5terk\u00f6pa aktier. Moderbolaget har under r\u00e4kenskaps\u00e5ret \u00e5terk\u00f6pt 1\u00a0655 egna aktier till ett v\u00e4rde av totalt 502\u00a0091 euro, vilka har bokf\u00f6rts mot fonden f\u00f6r fritt inbetalt eget kapital. Bolaget emitterade 306 nya aktier till ett v\u00e4rde av sammanlagt 424\u00a0694 euro, vilka bokf\u00f6rdes mot fonden f\u00f6r fritt inbetalt eget kapital.<\/p>\n\n\n\n<h2 class=\"wp-block-heading\">L\u00e5n till n\u00e4rst\u00e5ende<\/h2>\n\n\n\n<p>Bolaget har beviljat l\u00e5n till koncernf\u00f6retag. Det totala l\u00e5nebeloppet uppg\u00e5r till 192\u00a0883,15 euro och l\u00e5neperioden \u00e4r maximalt fem \u00e5r. L\u00e5nen \u00e5terbetalas i j\u00e4mna avbetalningar och r\u00e4ntan erl\u00e4ggs i samband med l\u00e5neavbetalningen. R\u00e4ntan p\u00e5 l\u00e5nen \u00e4r r\u00f6rlig. L\u00e5nen har ingen s\u00e4kerhet.<\/p>\n","protected":false},"excerpt":{"rendered":"<p>Allm\u00e4nt FORCIT-koncernen best\u00e5r av tre olika aff\u00e4rsenheter: FORCIT Defence \u00e4r inriktat p\u00e5 f\u00f6rsvarsmakten och tillverkare av f\u00f6rsvarsmateriel. FORCIT Explosives \u00e4r verksamt inom omr\u00e5det civila spr\u00e4ng\u00e4mnen, bland annat programvara f\u00f6r borrning och spr\u00e4ngning, och FORCIT Consulting organiserar utbildningar och tillhandah\u00e5ller m\u00e4tnings-, \u00f6vervaknings- och konsulttj\u00e4nster f\u00f6r milj\u00f6konsekvenshantering av byggande. M\u00e5let f\u00f6r FORCIT:s aff\u00e4rsenhet Defence \u00e4r att vara [&#8230;]<\/p>\n<p><a class=\"btn btn-secondary understrap-read-more-link\" href=\"https:\/\/annualreport.forcitgroup.com\/2025\/sv\/verksamhetsberattelse\/koncernens-ekonomi-och-aktiviteter\/\">Read More&#8230;<span class=\"screen-reader-text\"> from KONCERNENS EKONOMI OCH AKTIVITETER\u00a0<\/span><\/a><\/p>\n","protected":false},"author":1,"featured_media":2417,"parent":455,"menu_order":0,"comment_status":"closed","ping_status":"closed","template":"","meta":{"_acf_changed":false,"footnotes":""},"acf":[],"_links":{"self":[{"href":"https:\/\/annualreport.forcitgroup.com\/2025\/wp-json\/wp\/v2\/pages\/461"}],"collection":[{"href":"https:\/\/annualreport.forcitgroup.com\/2025\/wp-json\/wp\/v2\/pages"}],"about":[{"href":"https:\/\/annualreport.forcitgroup.com\/2025\/wp-json\/wp\/v2\/types\/page"}],"author":[{"embeddable":true,"href":"https:\/\/annualreport.forcitgroup.com\/2025\/wp-json\/wp\/v2\/users\/1"}],"replies":[{"embeddable":true,"href":"https:\/\/annualreport.forcitgroup.com\/2025\/wp-json\/wp\/v2\/comments?post=461"}],"version-history":[{"count":2,"href":"https:\/\/annualreport.forcitgroup.com\/2025\/wp-json\/wp\/v2\/pages\/461\/revisions"}],"predecessor-version":[{"id":2422,"href":"https:\/\/annualreport.forcitgroup.com\/2025\/wp-json\/wp\/v2\/pages\/461\/revisions\/2422"}],"up":[{"embeddable":true,"href":"https:\/\/annualreport.forcitgroup.com\/2025\/wp-json\/wp\/v2\/pages\/455"}],"wp:featuredmedia":[{"embeddable":true,"href":"https:\/\/annualreport.forcitgroup.com\/2025\/wp-json\/wp\/v2\/media\/2417"}],"wp:attachment":[{"href":"https:\/\/annualreport.forcitgroup.com\/2025\/wp-json\/wp\/v2\/media?parent=461"}],"curies":[{"name":"wp","href":"https:\/\/api.w.org\/{rel}","templated":true}]}}