{"id":466,"date":"2023-03-01T13:14:51","date_gmt":"2023-03-01T11:14:51","guid":{"rendered":"https:\/\/annualreport.forcitgroup.com\/?page_id=466"},"modified":"2026-03-25T21:27:30","modified_gmt":"2026-03-25T21:27:30","slug":"affarsenhetsutveckling","status":"publish","type":"page","link":"https:\/\/annualreport.forcitgroup.com\/2025\/sv\/verksamhetsberattelse\/affarsenhetsutveckling\/","title":{"rendered":"AFF\u00c4RSENHETSUTVECKLING"},"content":{"rendered":"\n<div style=\"height:75px\" aria-hidden=\"true\" class=\"wp-block-spacer\"><\/div>\n\n\n\n<h2 class=\"wp-block-heading\">Explosives<\/h2>\n\n\n\n<figure class=\"wp-block-image size-full is-resized\"><img loading=\"lazy\" decoding=\"async\" width=\"2560\" height=\"1707\" src=\"https:\/\/annualreport.forcitgroup.com\/2025\/wp-content\/uploads\/sites\/4\/2026\/03\/EXPL-2025-scaled.jpg\" alt=\"\" class=\"wp-image-2284\" style=\"aspect-ratio:16\/9;object-fit:cover;width:800px\" srcset=\"https:\/\/annualreport.forcitgroup.com\/2025\/wp-content\/uploads\/sites\/4\/2026\/03\/EXPL-2025-scaled.jpg 2560w, https:\/\/annualreport.forcitgroup.com\/2025\/wp-content\/uploads\/sites\/4\/2026\/03\/EXPL-2025-300x200.jpg 300w, https:\/\/annualreport.forcitgroup.com\/2025\/wp-content\/uploads\/sites\/4\/2026\/03\/EXPL-2025-1024x683.jpg 1024w, https:\/\/annualreport.forcitgroup.com\/2025\/wp-content\/uploads\/sites\/4\/2026\/03\/EXPL-2025-768x512.jpg 768w, https:\/\/annualreport.forcitgroup.com\/2025\/wp-content\/uploads\/sites\/4\/2026\/03\/EXPL-2025-1536x1024.jpg 1536w, https:\/\/annualreport.forcitgroup.com\/2025\/wp-content\/uploads\/sites\/4\/2026\/03\/EXPL-2025-2048x1365.jpg 2048w\" sizes=\"(max-width: 2560px) 100vw, 2560px\" \/><\/figure>\n\n\n\n<p>Int\u00e4kterna fr\u00e5n FORCIT Explosives \u00f6kade under 2025 till f\u00f6ljd av h\u00f6gre volymer inom gruv- och byggsegmentet. Aff\u00e4rsenheten fortsatte att investera i moderniseringen av produktionsanl\u00e4ggningar f\u00f6r att st\u00f6dja en framtida h\u00e5llbar tillv\u00e4xt och f\u00f6r att uppr\u00e4tth\u00e5lla den h\u00f6ga tekniska standarden f\u00f6r sina anl\u00e4ggningar, sin bulkfordonspark och annan teknik.<\/p>\n\n\n\n<div style=\"height:50px\" aria-hidden=\"true\" class=\"wp-block-spacer\"><\/div>\n\n\n\n<h2 class=\"wp-block-heading\">Defence<\/h2>\n\n\n\n<figure class=\"wp-block-image size-full is-resized\"><img loading=\"lazy\" decoding=\"async\" width=\"2560\" height=\"1707\" src=\"https:\/\/annualreport.forcitgroup.com\/2025\/wp-content\/uploads\/sites\/4\/2026\/03\/Defence-2025-scaled.jpg\" alt=\"\" class=\"wp-image-2286\" style=\"aspect-ratio:16\/9;object-fit:cover;width:800px\" srcset=\"https:\/\/annualreport.forcitgroup.com\/2025\/wp-content\/uploads\/sites\/4\/2026\/03\/Defence-2025-scaled.jpg 2560w, https:\/\/annualreport.forcitgroup.com\/2025\/wp-content\/uploads\/sites\/4\/2026\/03\/Defence-2025-300x200.jpg 300w, https:\/\/annualreport.forcitgroup.com\/2025\/wp-content\/uploads\/sites\/4\/2026\/03\/Defence-2025-1024x683.jpg 1024w, https:\/\/annualreport.forcitgroup.com\/2025\/wp-content\/uploads\/sites\/4\/2026\/03\/Defence-2025-768x512.jpg 768w, https:\/\/annualreport.forcitgroup.com\/2025\/wp-content\/uploads\/sites\/4\/2026\/03\/Defence-2025-1536x1024.jpg 1536w, https:\/\/annualreport.forcitgroup.com\/2025\/wp-content\/uploads\/sites\/4\/2026\/03\/Defence-2025-2048x1365.jpg 2048w\" sizes=\"(max-width: 2560px) 100vw, 2560px\" \/><\/figure>\n\n\n\n<p>F\u00f6r FORCIT Defence fortsatte den starka tillv\u00e4xten och orderstocken l\u00e5g kvar p\u00e5 en h\u00f6g niv\u00e5. Under 2025 har fokusomr\u00e5dena varit att vidareutveckla befintliga produkter, \u00f6ka produktionskapaciteten, s\u00e4kra upphandlingsprocesserna och integrera den nya verksamhetsmodellen i verksamheterna f\u00f6r att m\u00f6jligg\u00f6ra en h\u00e5llbar tillv\u00e4xt.<\/p>\n\n\n\n<p>FORCIT Defence-organisationen st\u00e4rktes avsev\u00e4rt av kunniga resurser fr\u00e5n olika branscher. Investeringstakten inom Defence-verksamheten \u00f6kade ytterligare och betydande nya investeringar i kapacitet och teknik tillk\u00e4nnagavs under \u00e5ret.&nbsp;<\/p>\n\n\n\n<div style=\"height:50px\" aria-hidden=\"true\" class=\"wp-block-spacer\"><\/div>\n\n\n\n<h2 class=\"wp-block-heading\">Consulting<\/h2>\n\n\n\n<figure class=\"wp-block-image size-full is-resized\"><img loading=\"lazy\" decoding=\"async\" width=\"2500\" height=\"1533\" src=\"https:\/\/annualreport.forcitgroup.com\/2025\/wp-content\/uploads\/sites\/4\/2026\/03\/CONS-2025.jpg\" alt=\"\" class=\"wp-image-2289\" style=\"aspect-ratio:16\/9;object-fit:cover;width:800px\" srcset=\"https:\/\/annualreport.forcitgroup.com\/2025\/wp-content\/uploads\/sites\/4\/2026\/03\/CONS-2025.jpg 2500w, https:\/\/annualreport.forcitgroup.com\/2025\/wp-content\/uploads\/sites\/4\/2026\/03\/CONS-2025-300x184.jpg 300w, https:\/\/annualreport.forcitgroup.com\/2025\/wp-content\/uploads\/sites\/4\/2026\/03\/CONS-2025-1024x628.jpg 1024w, https:\/\/annualreport.forcitgroup.com\/2025\/wp-content\/uploads\/sites\/4\/2026\/03\/CONS-2025-768x471.jpg 768w, https:\/\/annualreport.forcitgroup.com\/2025\/wp-content\/uploads\/sites\/4\/2026\/03\/CONS-2025-1536x942.jpg 1536w, https:\/\/annualreport.forcitgroup.com\/2025\/wp-content\/uploads\/sites\/4\/2026\/03\/CONS-2025-2048x1256.jpg 2048w\" sizes=\"(max-width: 2500px) 100vw, 2500px\" \/><\/figure>\n\n\n\n<p>Int\u00e4kterna fr\u00e5n FORCIT Consulting minskade p\u00e5 grund av det anstr\u00e4ngda l\u00e4get p\u00e5 byggmarknaden i Norden, i synnerhet i Sverige. Verksamheten i Finland l\u00e5g kvar p\u00e5 f\u00f6reg\u00e5ende \u00e5rsniv\u00e5 och i Norge fortsatte f\u00f6rs\u00e4ljningen att v\u00e4xa i takt med att antalet projekt \u00f6kade. Kundn\u00f6jdheten l\u00e5g kvar p\u00e5 en god niv\u00e5.<\/p>\n\n\n\n<div style=\"height:50px\" aria-hidden=\"true\" class=\"wp-block-spacer\"><\/div>\n\n\n\n<h2 class=\"wp-block-heading\">Forskning och utveckling&nbsp;&nbsp;&nbsp;<\/h2>\n\n\n\n<p>Forsknings- och utvecklingsarbetet inom FORCIT Defence var inriktat p\u00e5 fortsatt utveckling av nya produkter och f\u00f6rb\u00e4ttring av de befintliga. Nya produkter lanserades under \u00e5ret inom b\u00e5de land- och sj\u00f6enheten. Forsknings- och utvecklingspersonalen har f\u00f6rst\u00e4rkts och samarbetsinitiativ med nya externa partner har inletts.<\/p>\n\n\n\n<p>Utvecklingsarbetet inom FORCIT Explosives fortsatte med flera nyckelprojekt relaterade till exempelvis kv\u00e4vefria spr\u00e4ng\u00e4mnen, en ny produktlinje med l\u00e4gre milj\u00f6p\u00e5verkan, ett nytt tr\u00e5dl\u00f6st t\u00e4ndsystem och vidareutvecklingen av programvaruplattformen O-Pitblast.<\/p>\n\n\n\n<p>Inom FORCIT Consulting har utvecklingsarbetet kring plattformen f\u00f6r hantering, \u00f6vervakning och anv\u00e4ndning av m\u00e4tdata fortsatt.<\/p>\n\n\n\n<div style=\"height:50px\" aria-hidden=\"true\" class=\"wp-block-spacer\"><\/div>\n\n\n\n<h2 class=\"wp-block-heading\">Investeringar<\/h2>\n\n\n\n<p>Koncernens totala investeringar under r\u00e4kenskapsperioden, inklusive sammanslagningar och f\u00f6rv\u00e4rv, uppgick till 66,5 miljoner euro (148,3 miljoner euro), och med leasingfinansieringen inkluderad uppgick de till 67,6 miljoner euro (149,5 miljoner euro).&nbsp; Moderbolagets investeringar i den egna verksamheten uppgick till 53,0 miljoner euro (140,0 miljoner euro). Koncernens totala investeringar, inklusive leasingfinansierade investeringar, uppgick till 13,6&nbsp;% av \u00e5rsint\u00e4kterna. Koncernens totala investeringar, inklusive leasingfinansierade investeringar, under r\u00e4kenskapsperioderna 2024\u20132025 har uppg\u00e5tt till 217,1 miljoner euro.<\/p>\n\n\n\n<p>De viktigaste investeringarna, exklusive sammanslagningar och f\u00f6rv\u00e4rv, var kapacitetsutbyggnaden inom aff\u00e4rsomr\u00e5det Defence, samt moderniseringen av produktionsanl\u00e4ggningen i Vihtavuori. Investeringar gjordes \u00e4ven syfte att modernisera laddnings- och leveransprocesserna. Inom FORCIT Consulting har investeringar gjorts huvudsakligen i utrustning och programvara f\u00f6r vibrations- och bullerm\u00e4tningar.<\/p>\n\n\n\n<p>Under \u00e5ret tillk\u00e4nnagavs \u00e4ven betydande framtida investeringar i Defence-verksamheten, bland annat planer p\u00e5 att bygga en ny TNT-produktionsanl\u00e4ggning i Finland, samt att ut\u00f6ka kapaciteten vid befintliga produktionsanl\u00e4ggningar ytterligare.<\/p>\n","protected":false},"excerpt":{"rendered":"<p>Explosives Int\u00e4kterna fr\u00e5n FORCIT Explosives \u00f6kade under 2025 till f\u00f6ljd av h\u00f6gre volymer inom gruv- och byggsegmentet. Aff\u00e4rsenheten fortsatte att investera i moderniseringen av produktionsanl\u00e4ggningar f\u00f6r att st\u00f6dja en framtida h\u00e5llbar tillv\u00e4xt och f\u00f6r att uppr\u00e4tth\u00e5lla den h\u00f6ga tekniska standarden f\u00f6r sina anl\u00e4ggningar, sin bulkfordonspark och annan teknik. Defence F\u00f6r FORCIT Defence fortsatte den starka [&#8230;]<\/p>\n<p><a class=\"btn btn-secondary understrap-read-more-link\" href=\"https:\/\/annualreport.forcitgroup.com\/2025\/sv\/verksamhetsberattelse\/affarsenhetsutveckling\/\">Read More&#8230;<span class=\"screen-reader-text\"> from AFF\u00c4RSENHETSUTVECKLING<\/span><\/a><\/p>\n","protected":false},"author":1,"featured_media":1868,"parent":455,"menu_order":0,"comment_status":"closed","ping_status":"closed","template":"","meta":{"_acf_changed":false,"footnotes":""},"acf":[],"_links":{"self":[{"href":"https:\/\/annualreport.forcitgroup.com\/2025\/wp-json\/wp\/v2\/pages\/466"}],"collection":[{"href":"https:\/\/annualreport.forcitgroup.com\/2025\/wp-json\/wp\/v2\/pages"}],"about":[{"href":"https:\/\/annualreport.forcitgroup.com\/2025\/wp-json\/wp\/v2\/types\/page"}],"author":[{"embeddable":true,"href":"https:\/\/annualreport.forcitgroup.com\/2025\/wp-json\/wp\/v2\/users\/1"}],"replies":[{"embeddable":true,"href":"https:\/\/annualreport.forcitgroup.com\/2025\/wp-json\/wp\/v2\/comments?post=466"}],"version-history":[{"count":3,"href":"https:\/\/annualreport.forcitgroup.com\/2025\/wp-json\/wp\/v2\/pages\/466\/revisions"}],"predecessor-version":[{"id":2423,"href":"https:\/\/annualreport.forcitgroup.com\/2025\/wp-json\/wp\/v2\/pages\/466\/revisions\/2423"}],"up":[{"embeddable":true,"href":"https:\/\/annualreport.forcitgroup.com\/2025\/wp-json\/wp\/v2\/pages\/455"}],"wp:featuredmedia":[{"embeddable":true,"href":"https:\/\/annualreport.forcitgroup.com\/2025\/wp-json\/wp\/v2\/media\/1868"}],"wp:attachment":[{"href":"https:\/\/annualreport.forcitgroup.com\/2025\/wp-json\/wp\/v2\/media?parent=466"}],"curies":[{"name":"wp","href":"https:\/\/api.w.org\/{rel}","templated":true}]}}