{"id":856,"date":"2023-03-07T15:18:00","date_gmt":"2023-03-07T13:18:00","guid":{"rendered":"https:\/\/annualreport.forcitgroup.com\/?page_id=856"},"modified":"2026-03-20T09:29:40","modified_gmt":"2026-03-20T09:29:40","slug":"allekirjoitukset","status":"publish","type":"page","link":"https:\/\/annualreport.forcitgroup.com\/2025\/fi\/tilinpaatos\/allekirjoitukset\/","title":{"rendered":"Allekirjoitukset"},"content":{"rendered":"\n<div style=\"height:100px\" aria-hidden=\"true\" class=\"wp-block-spacer\"><\/div>\n\n\n\n<p class=\"has-text-align-center\">Helsingiss\u00e4 23. maaliskuuta 2026<\/p>\n\n\n\n<div style=\"height:50px\" aria-hidden=\"true\" class=\"wp-block-spacer\"><\/div>\n\n\n\n<p class=\"has-text-align-center\"><strong>Lauri Stadigh<\/strong><br>Hallituksen puheenjohtaja<\/p>\n\n\n\n<p class=\"has-text-align-center\"><strong>Joakim Westerlund<br><\/strong>Toimitusjohtaja<\/p>\n\n\n\n<p class=\"has-text-align-center\"><strong>Hans Karlander<\/strong><br>Hallituksen j\u00e4sen<\/p>\n\n\n\n<p class=\"has-text-align-center\"><strong>Pasi Tolppanen<\/strong><br>Hallituksen j\u00e4sen<\/p>\n\n\n\n<p class=\"has-text-align-center\"><strong>Alexander Tallberg<\/strong><br>Hallituksen j\u00e4sen<\/p>\n\n\n\n<p class=\"has-text-align-center\"><strong>Edoardo Santamaria<\/strong><br>Hallituksen j\u00e4sen<\/p>\n\n\n\n<p class=\"has-text-align-center\"><strong>Jori Harju<\/strong><br>Hallituksen j\u00e4sen<\/p>\n\n\n\n<div style=\"height:50px\" aria-hidden=\"true\" class=\"wp-block-spacer\"><\/div>\n\n\n\n<p class=\"has-text-align-center\">Suoritetusta tilintarkastuksesta on t\u00e4n\u00e4\u00e4n annettu tilintarkastuskertomus<\/p>\n\n\n\n<p class=\"has-text-align-center\">Helsingiss\u00e4 23. maaliskuuta 2026<\/p>\n\n\n\n<p class=\"has-text-align-center\"><strong>KPMG Oy Ab<\/strong><br>Tilintarkastusyhteis\u00f6<br><br><strong>Christian H\u00e4llstr\u00f6m, KHT<\/strong><\/p>\n","protected":false},"excerpt":{"rendered":"<p>Helsingiss\u00e4 23. maaliskuuta 2026 Lauri StadighHallituksen puheenjohtaja Joakim WesterlundToimitusjohtaja Hans KarlanderHallituksen j\u00e4sen Pasi TolppanenHallituksen j\u00e4sen Alexander TallbergHallituksen j\u00e4sen Edoardo SantamariaHallituksen j\u00e4sen Jori HarjuHallituksen j\u00e4sen Suoritetusta tilintarkastuksesta on t\u00e4n\u00e4\u00e4n annettu tilintarkastuskertomus Helsingiss\u00e4 23. maaliskuuta 2026 KPMG Oy AbTilintarkastusyhteis\u00f6 Christian H\u00e4llstr\u00f6m, KHT [&#8230;]<\/p>\n<p><a class=\"btn btn-secondary understrap-read-more-link\" href=\"https:\/\/annualreport.forcitgroup.com\/2025\/fi\/tilinpaatos\/allekirjoitukset\/\">Read More&#8230;<span class=\"screen-reader-text\"> from Allekirjoitukset<\/span><\/a><\/p>\n","protected":false},"author":1,"featured_media":0,"parent":542,"menu_order":0,"comment_status":"closed","ping_status":"closed","template":"page-template-numbers.php","meta":{"_acf_changed":false,"footnotes":""},"acf":[],"_links":{"self":[{"href":"https:\/\/annualreport.forcitgroup.com\/2025\/wp-json\/wp\/v2\/pages\/856"}],"collection":[{"href":"https:\/\/annualreport.forcitgroup.com\/2025\/wp-json\/wp\/v2\/pages"}],"about":[{"href":"https:\/\/annualreport.forcitgroup.com\/2025\/wp-json\/wp\/v2\/types\/page"}],"author":[{"embeddable":true,"href":"https:\/\/annualreport.forcitgroup.com\/2025\/wp-json\/wp\/v2\/users\/1"}],"replies":[{"embeddable":true,"href":"https:\/\/annualreport.forcitgroup.com\/2025\/wp-json\/wp\/v2\/comments?post=856"}],"version-history":[{"count":5,"href":"https:\/\/annualreport.forcitgroup.com\/2025\/wp-json\/wp\/v2\/pages\/856\/revisions"}],"predecessor-version":[{"id":2324,"href":"https:\/\/annualreport.forcitgroup.com\/2025\/wp-json\/wp\/v2\/pages\/856\/revisions\/2324"}],"up":[{"embeddable":true,"href":"https:\/\/annualreport.forcitgroup.com\/2025\/wp-json\/wp\/v2\/pages\/542"}],"wp:attachment":[{"href":"https:\/\/annualreport.forcitgroup.com\/2025\/wp-json\/wp\/v2\/media?parent=856"}],"curies":[{"name":"wp","href":"https:\/\/api.w.org\/{rel}","templated":true}]}}