{"id":966,"date":"2023-03-09T14:28:08","date_gmt":"2023-03-09T12:28:08","guid":{"rendered":"https:\/\/annualreport.forcitgroup.com\/?page_id=966"},"modified":"2023-03-09T14:28:08","modified_gmt":"2023-03-09T12:28:08","slug":"konsernin-tuloslaskelma","status":"publish","type":"page","link":"https:\/\/annualreport.forcitgroup.com\/2025\/fi\/tilinpaatos\/konsernin-tilinpaatos\/konsernin-tuloslaskelma\/","title":{"rendered":"Konsernin tuloslaskelma"},"content":{"rendered":"\n<div style=\"height:40px\" aria-hidden=\"true\" class=\"wp-block-spacer\"><\/div>\n\n\n\n<table id=\"tablepress-29\" class=\"tablepress tablepress-id-29\">\n<thead>\n<tr class=\"row-1 odd\">\n\t<th class=\"column-1\">1000 \u20ac<\/th><th class=\"column-2\">2025<\/th><th class=\"column-3\">2024<\/th>\n<\/tr>\n<\/thead>\n<tbody class=\"row-hover\">\n<tr class=\"row-2 even\">\n\t<td class=\"column-1\">LIIKEVAIHTO<\/td><td class=\"column-2\">497 576<\/td><td class=\"column-3\">275 647<\/td>\n<\/tr>\n<tr class=\"row-3 odd\">\n\t<td class=\"column-1\">Valmistevarastojen muutos<\/td><td class=\"column-2\">14 718<\/td><td class=\"column-3\">2 427<\/td>\n<\/tr>\n<tr class=\"row-4 even\">\n\t<td class=\"column-1\">Valmistus omaan k\u00e4ytt\u00f6\u00f6n<\/td><td class=\"column-2\">0<\/td><td class=\"column-3\">0<\/td>\n<\/tr>\n<tr class=\"row-5 odd\">\n\t<td class=\"column-1\">Liiketoiminnan muut tuotot<\/td><td class=\"column-2\">1 841<\/td><td class=\"column-3\">1 658<\/td>\n<\/tr>\n<tr class=\"row-6 even\">\n\t<td class=\"column-1\">Materiaalit ja palvelut<\/td><td class=\"column-2\"><\/td><td class=\"column-3\"><\/td>\n<\/tr>\n<tr class=\"row-7 odd\">\n\t<td class=\"column-1\">Aineet, tarvikkeet ja tavarat<\/td><td class=\"column-2\"><\/td><td class=\"column-3\"><\/td>\n<\/tr>\n<tr class=\"row-8 even\">\n\t<td class=\"column-1\">Ostot tilikauden aikana<\/td><td class=\"column-2\">-200 470<\/td><td class=\"column-3\">-124 338<\/td>\n<\/tr>\n<tr class=\"row-9 odd\">\n\t<td class=\"column-1\">Varastojen muutos<\/td><td class=\"column-2\">-2 740<\/td><td class=\"column-3\">9 292<\/td>\n<\/tr>\n<tr class=\"row-10 even\">\n\t<td class=\"column-1\">Materiaalit ja palvelut yhteens\u00e4<\/td><td class=\"column-2\">-203 209<\/td><td class=\"column-3\">-115 046<\/td>\n<\/tr>\n<tr class=\"row-11 odd\">\n\t<td class=\"column-1\">Henkil\u00f6st\u00f6kulut<\/td><td class=\"column-2\"><\/td><td class=\"column-3\"><\/td>\n<\/tr>\n<tr class=\"row-12 even\">\n\t<td class=\"column-1\">Palkat ja palkkiot<\/td><td class=\"column-2\">-48 548<\/td><td class=\"column-3\">-39 843<\/td>\n<\/tr>\n<tr class=\"row-13 odd\">\n\t<td class=\"column-1\">Henkil\u00f6sivukulut<\/td><td class=\"column-2\"><\/td><td class=\"column-3\"><\/td>\n<\/tr>\n<tr class=\"row-14 even\">\n\t<td class=\"column-1\">El\u00e4kekulut<\/td><td class=\"column-2\">-7 038<\/td><td class=\"column-3\">-5 571<\/td>\n<\/tr>\n<tr class=\"row-15 odd\">\n\t<td class=\"column-1\">Muut henkil\u00f6sivukulut<\/td><td class=\"column-2\">-3 774<\/td><td class=\"column-3\">-2 969<\/td>\n<\/tr>\n<tr class=\"row-16 even\">\n\t<td class=\"column-1\">Henkil\u00f6st\u00f6kulut yhteens\u00e4<\/td><td class=\"column-2\">-59 360<\/td><td class=\"column-3\">-48 383<\/td>\n<\/tr>\n<tr class=\"row-17 odd\">\n\t<td class=\"column-1\">Poistot ja arvonalentumiset<\/td><td class=\"column-2\"><\/td><td class=\"column-3\"><\/td>\n<\/tr>\n<tr class=\"row-18 even\">\n\t<td class=\"column-1\">Suunnitelman mukaiset poistot<\/td><td class=\"column-2\">-40 524<\/td><td class=\"column-3\">-31 225<\/td>\n<\/tr>\n<tr class=\"row-19 odd\">\n\t<td class=\"column-1\">Liiketoiminnan muut kulut<\/td><td class=\"column-2\">-51 276<\/td><td class=\"column-3\">-38 068<\/td>\n<\/tr>\n<tr class=\"row-20 even\">\n\t<td class=\"column-1\">LIIKEVOITTO<\/td><td class=\"column-2\">159 766<\/td><td class=\"column-3\">47 009<\/td>\n<\/tr>\n<tr class=\"row-21 odd\">\n\t<td class=\"column-1\">Rahoitustuotot ja -kulut<\/td><td class=\"column-2\"><\/td><td class=\"column-3\"><\/td>\n<\/tr>\n<tr class=\"row-22 even\">\n\t<td class=\"column-1\">Muut korko- ja rahoitustuotot<\/td><td class=\"column-2\">363<\/td><td class=\"column-3\">348<\/td>\n<\/tr>\n<tr class=\"row-23 odd\">\n\t<td class=\"column-1\">Korkokulut ja muut rahoituskulut<\/td><td class=\"column-2\">-2 135<\/td><td class=\"column-3\">-1 993<\/td>\n<\/tr>\n<tr class=\"row-24 even\">\n\t<td class=\"column-1\">Rahoitustuotot ja -kulut yhteens\u00e4<\/td><td class=\"column-2\">-1 772<\/td><td class=\"column-3\">-1 646<\/td>\n<\/tr>\n<tr class=\"row-25 odd\">\n\t<td class=\"column-1\">VOITTO ENNEN VEROJA<\/td><td class=\"column-2\">157 994<\/td><td class=\"column-3\">45 364<\/td>\n<\/tr>\n<tr class=\"row-26 even\">\n\t<td class=\"column-1\">Laskennallisen verovelan muutos<\/td><td class=\"column-2\">-1 441<\/td><td class=\"column-3\">-1 883<\/td>\n<\/tr>\n<tr class=\"row-27 odd\">\n\t<td class=\"column-1\">Tuloverot<\/td><td class=\"column-2\">-31 512<\/td><td class=\"column-3\">-7 762<\/td>\n<\/tr>\n<tr class=\"row-28 even\">\n\t<td class=\"column-1\">V\u00e4hemmist\u00f6osuus<\/td><td class=\"column-2\">-59<\/td><td class=\"column-3\">-100<\/td>\n<\/tr>\n<tr class=\"row-29 odd\">\n\t<td class=\"column-1\">TILIKAUDEN VOITTO<\/td><td class=\"column-2\">124 982<\/td><td class=\"column-3\">35 619<\/td>\n<\/tr>\n<\/tbody>\n<\/table>\n<!-- #tablepress-29 from cache -->","protected":false},"excerpt":{"rendered":"<p> [&#8230;]<\/p>\n<p><a class=\"btn btn-secondary understrap-read-more-link\" href=\"https:\/\/annualreport.forcitgroup.com\/2025\/fi\/tilinpaatos\/konsernin-tilinpaatos\/konsernin-tuloslaskelma\/\">Read More&#8230;<span class=\"screen-reader-text\"> from Konsernin tuloslaskelma<\/span><\/a><\/p>\n","protected":false},"author":1,"featured_media":0,"parent":550,"menu_order":0,"comment_status":"closed","ping_status":"closed","template":"page-template-numbers.php","meta":{"_acf_changed":false,"footnotes":""},"acf":[],"_links":{"self":[{"href":"https:\/\/annualreport.forcitgroup.com\/2025\/wp-json\/wp\/v2\/pages\/966"}],"collection":[{"href":"https:\/\/annualreport.forcitgroup.com\/2025\/wp-json\/wp\/v2\/pages"}],"about":[{"href":"https:\/\/annualreport.forcitgroup.com\/2025\/wp-json\/wp\/v2\/types\/page"}],"author":[{"embeddable":true,"href":"https:\/\/annualreport.forcitgroup.com\/2025\/wp-json\/wp\/v2\/users\/1"}],"replies":[{"embeddable":true,"href":"https:\/\/annualreport.forcitgroup.com\/2025\/wp-json\/wp\/v2\/comments?post=966"}],"version-history":[{"count":0,"href":"https:\/\/annualreport.forcitgroup.com\/2025\/wp-json\/wp\/v2\/pages\/966\/revisions"}],"up":[{"embeddable":true,"href":"https:\/\/annualreport.forcitgroup.com\/2025\/wp-json\/wp\/v2\/pages\/550"}],"wp:attachment":[{"href":"https:\/\/annualreport.forcitgroup.com\/2025\/wp-json\/wp\/v2\/media?parent=966"}],"curies":[{"name":"wp","href":"https:\/\/api.w.org\/{rel}","templated":true}]}}