{"id":970,"date":"2023-03-09T14:29:50","date_gmt":"2023-03-09T12:29:50","guid":{"rendered":"https:\/\/annualreport.forcitgroup.com\/?page_id=970"},"modified":"2023-03-09T14:29:50","modified_gmt":"2023-03-09T12:29:50","slug":"konsernin-rahoituslaskelma","status":"publish","type":"page","link":"https:\/\/annualreport.forcitgroup.com\/2025\/fi\/tilinpaatos\/konsernin-tilinpaatos\/konsernin-rahoituslaskelma\/","title":{"rendered":"Konsernin rahoituslaskelma"},"content":{"rendered":"\n<div style=\"height:50px\" aria-hidden=\"true\" class=\"wp-block-spacer\"><\/div>\n\n\n\n<table id=\"tablepress-35\" class=\"tablepress tablepress-id-35\">\n<thead>\n<tr class=\"row-1 odd\">\n\t<th class=\"column-1\">1000 \u20ac<\/th><th class=\"column-2\">2025<\/th><th class=\"column-3\">2024<\/th>\n<\/tr>\n<\/thead>\n<tbody class=\"row-hover\">\n<tr class=\"row-2 even\">\n\t<td class=\"column-1\">Liiketoiminnan rahavirta<\/td><td class=\"column-2\"><\/td><td class=\"column-3\"><\/td>\n<\/tr>\n<tr class=\"row-3 odd\">\n\t<td class=\"column-1\">Liikevoitto<\/td><td class=\"column-2\">159 766<\/td><td class=\"column-3\">47 009<\/td>\n<\/tr>\n<tr class=\"row-4 even\">\n\t<td class=\"column-1\">Oikaisut liikevoittoon<\/td><td class=\"column-2\">41 451<\/td><td class=\"column-3\">32 658<\/td>\n<\/tr>\n<tr class=\"row-5 odd\">\n\t<td class=\"column-1\">K\u00e4ytt\u00f6p\u00e4\u00e4oman muutos<\/td><td class=\"column-2\">39 346<\/td><td class=\"column-3\">-5 645<\/td>\n<\/tr>\n<tr class=\"row-6 even\">\n\t<td class=\"column-1\">Maksetut korot<\/td><td class=\"column-2\">-2 080<\/td><td class=\"column-3\">-2 003<\/td>\n<\/tr>\n<tr class=\"row-7 odd\">\n\t<td class=\"column-1\">Saadut korot<\/td><td class=\"column-2\">363<\/td><td class=\"column-3\">273<\/td>\n<\/tr>\n<tr class=\"row-8 even\">\n\t<td class=\"column-1\">Maksetut verot<\/td><td class=\"column-2\">-13 115<\/td><td class=\"column-3\">-5 342<\/td>\n<\/tr>\n<tr class=\"row-9 odd\">\n\t<td class=\"column-1\">Liiketoiminnan rahavirta<\/td><td class=\"column-2\">225 731<\/td><td class=\"column-3\">66 950<\/td>\n<\/tr>\n<tr class=\"row-10 even\">\n\t<td class=\"column-1\">Investointien rahavirta<\/td><td class=\"column-2\"><\/td><td class=\"column-3\"><\/td>\n<\/tr>\n<tr class=\"row-11 odd\">\n\t<td class=\"column-1\">Investoinnit aineellisiin ja aineettomiin hy\u00f6dykkeisiin<\/td><td class=\"column-2\">-31 505<\/td><td class=\"column-3\">-87 409<\/td>\n<\/tr>\n<tr class=\"row-12 even\">\n\t<td class=\"column-1\">Aineellisten ja aineettomien hy\u00f6dykkeiden luovutustulot<\/td><td class=\"column-2\">134<\/td><td class=\"column-3\">105<\/td>\n<\/tr>\n<tr class=\"row-13 odd\">\n\t<td class=\"column-1\">Tuotot tyt\u00e4ryhti\u00f6osakkeiden myynnist\u00e4<\/td><td class=\"column-2\">0<\/td><td class=\"column-3\">0<\/td>\n<\/tr>\n<tr class=\"row-14 even\">\n\t<td class=\"column-1\">Tyt\u00e4ryhti\u00f6iden hankinta v\u00e4hennettyn\u00e4 yhti\u00f6n k\u00e4teisell\u00e4 hankintahetkell\u00e4<\/td><td class=\"column-2\">0<\/td><td class=\"column-3\">-45<\/td>\n<\/tr>\n<tr class=\"row-15 odd\">\n\t<td class=\"column-1\">Luovutusvoitot muista sijoituksista<\/td><td class=\"column-2\">0<\/td><td class=\"column-3\">73<\/td>\n<\/tr>\n<tr class=\"row-16 even\">\n\t<td class=\"column-1\">Investointien rahavirta<\/td><td class=\"column-2\">-31 371<\/td><td class=\"column-3\">-87 275<\/td>\n<\/tr>\n<tr class=\"row-17 odd\">\n\t<td class=\"column-1\">Rahoituksen rahavirta<\/td><td class=\"column-2\"><\/td><td class=\"column-3\"><\/td>\n<\/tr>\n<tr class=\"row-18 even\">\n\t<td class=\"column-1\">Muutos lyhytaikaisissa lainoissa<\/td><td class=\"column-2\">-19 789<\/td><td class=\"column-3\">17 754<\/td>\n<\/tr>\n<tr class=\"row-19 odd\">\n\t<td class=\"column-1\">Pitk\u00e4aikaisten lainojen nostot<\/td><td class=\"column-2\">0<\/td><td class=\"column-3\">0<\/td>\n<\/tr>\n<tr class=\"row-20 even\">\n\t<td class=\"column-1\">Pitk\u00e4aikaisten lainojen takaisinmaksut<\/td><td class=\"column-2\">-20 763<\/td><td class=\"column-3\">-2 843<\/td>\n<\/tr>\n<tr class=\"row-21 odd\">\n\t<td class=\"column-1\">Maksetut osingot ja oman p\u00e4\u00e4oman muutos<\/td><td class=\"column-2\">-36 022<\/td><td class=\"column-3\">-8 924<\/td>\n<\/tr>\n<tr class=\"row-22 even\">\n\t<td class=\"column-1\">Rahoituksen rahavirta<\/td><td class=\"column-2\">-76 574<\/td><td class=\"column-3\">5 988<\/td>\n<\/tr>\n<tr class=\"row-23 odd\">\n\t<td class=\"column-1\">RAHAVAROJEN MUUTOS<\/td><td class=\"column-2\">117 786<\/td><td class=\"column-3\">-14 337<\/td>\n<\/tr>\n<tr class=\"row-24 even\">\n\t<td class=\"column-1\">Rahavarat tilikauden alussa<\/td><td class=\"column-2\">17 455<\/td><td class=\"column-3\">31 792<\/td>\n<\/tr>\n<tr class=\"row-25 odd\">\n\t<td class=\"column-1\">Muutos tilikauden aikana<\/td><td class=\"column-2\">117 785<\/td><td class=\"column-3\">-14 337<\/td>\n<\/tr>\n<tr class=\"row-26 even\">\n\t<td class=\"column-1\">Rahavarat tilikauden lopussa<\/td><td class=\"column-2\">135 240<\/td><td class=\"column-3\">17 455<\/td>\n<\/tr>\n<\/tbody>\n<\/table>\n<!-- #tablepress-35 from cache -->","protected":false},"excerpt":{"rendered":"<p> [&#8230;]<\/p>\n<p><a class=\"btn btn-secondary understrap-read-more-link\" href=\"https:\/\/annualreport.forcitgroup.com\/2025\/fi\/tilinpaatos\/konsernin-tilinpaatos\/konsernin-rahoituslaskelma\/\">Read More&#8230;<span class=\"screen-reader-text\"> from Konsernin rahoituslaskelma<\/span><\/a><\/p>\n","protected":false},"author":1,"featured_media":0,"parent":550,"menu_order":0,"comment_status":"closed","ping_status":"closed","template":"page-template-numbers.php","meta":{"_acf_changed":false,"footnotes":""},"acf":[],"_links":{"self":[{"href":"https:\/\/annualreport.forcitgroup.com\/2025\/wp-json\/wp\/v2\/pages\/970"}],"collection":[{"href":"https:\/\/annualreport.forcitgroup.com\/2025\/wp-json\/wp\/v2\/pages"}],"about":[{"href":"https:\/\/annualreport.forcitgroup.com\/2025\/wp-json\/wp\/v2\/types\/page"}],"author":[{"embeddable":true,"href":"https:\/\/annualreport.forcitgroup.com\/2025\/wp-json\/wp\/v2\/users\/1"}],"replies":[{"embeddable":true,"href":"https:\/\/annualreport.forcitgroup.com\/2025\/wp-json\/wp\/v2\/comments?post=970"}],"version-history":[{"count":0,"href":"https:\/\/annualreport.forcitgroup.com\/2025\/wp-json\/wp\/v2\/pages\/970\/revisions"}],"up":[{"embeddable":true,"href":"https:\/\/annualreport.forcitgroup.com\/2025\/wp-json\/wp\/v2\/pages\/550"}],"wp:attachment":[{"href":"https:\/\/annualreport.forcitgroup.com\/2025\/wp-json\/wp\/v2\/media?parent=970"}],"curies":[{"name":"wp","href":"https:\/\/api.w.org\/{rel}","templated":true}]}}