{"id":984,"date":"2023-03-09T14:45:33","date_gmt":"2023-03-09T12:45:33","guid":{"rendered":"https:\/\/annualreport.forcitgroup.com\/?page_id=984"},"modified":"2023-03-09T14:45:33","modified_gmt":"2023-03-09T12:45:33","slug":"emoyhtion-tuloslaskelma","status":"publish","type":"page","link":"https:\/\/annualreport.forcitgroup.com\/2025\/fi\/tilinpaatos\/emoyhtion-tilinpaatos\/emoyhtion-tuloslaskelma\/","title":{"rendered":"Emoyhti\u00f6n tuloslaskelma"},"content":{"rendered":"\n<div style=\"height:40px\" aria-hidden=\"true\" class=\"wp-block-spacer\"><\/div>\n\n\n\n<table id=\"tablepress-37\" class=\"tablepress tablepress-id-37\">\n<thead>\n<tr class=\"row-1 odd\">\n\t<th class=\"column-1\">1000 \u20ac<\/th><th class=\"column-2\">2025<\/th><th class=\"column-3\">2024<\/th>\n<\/tr>\n<\/thead>\n<tbody class=\"row-hover\">\n<tr class=\"row-2 even\">\n\t<td class=\"column-1\">LIIKEVAIHTO<\/td><td class=\"column-2\">304 317<\/td><td class=\"column-3\">150 950<\/td>\n<\/tr>\n<tr class=\"row-3 odd\">\n\t<td class=\"column-1\">Valmistevarastojen muutos<\/td><td class=\"column-2\">8 009<\/td><td class=\"column-3\">8 260<\/td>\n<\/tr>\n<tr class=\"row-4 even\">\n\t<td class=\"column-1\">Valmistus omaan k\u00e4ytt\u00f6\u00f6n<\/td><td class=\"column-2\">0<\/td><td class=\"column-3\">0<\/td>\n<\/tr>\n<tr class=\"row-5 odd\">\n\t<td class=\"column-1\">Liiketoiminnan muut tuotot<\/td><td class=\"column-2\">7 351<\/td><td class=\"column-3\">5 073<\/td>\n<\/tr>\n<tr class=\"row-6 even\">\n\t<td class=\"column-1\">Materiaalit ja palvelut<\/td><td class=\"column-2\"><\/td><td class=\"column-3\"><\/td>\n<\/tr>\n<tr class=\"row-7 odd\">\n\t<td class=\"column-1\">Aineet, tarvikkeet ja tavarat<\/td><td class=\"column-2\"><\/td><td class=\"column-3\"><\/td>\n<\/tr>\n<tr class=\"row-8 even\">\n\t<td class=\"column-1\">Ostot tilikauden aikana<\/td><td class=\"column-2\">-141 680<\/td><td class=\"column-3\">-72 785<\/td>\n<\/tr>\n<tr class=\"row-9 odd\">\n\t<td class=\"column-1\">Varastojen muutos<\/td><td class=\"column-2\">3 685<\/td><td class=\"column-3\">2 439<\/td>\n<\/tr>\n<tr class=\"row-10 even\">\n\t<td class=\"column-1\">Materiaalit ja palvelut yhteens\u00e4<\/td><td class=\"column-2\">-137 995<\/td><td class=\"column-3\">-70 346<\/td>\n<\/tr>\n<tr class=\"row-11 odd\">\n\t<td class=\"column-1\">Henkil\u00f6st\u00f6kulut<\/td><td class=\"column-2\"><\/td><td class=\"column-3\"><\/td>\n<\/tr>\n<tr class=\"row-12 even\">\n\t<td class=\"column-1\">Palkat ja palkkiot<\/td><td class=\"column-2\">-29 653<\/td><td class=\"column-3\">-22 606<\/td>\n<\/tr>\n<tr class=\"row-13 odd\">\n\t<td class=\"column-1\">Henkil\u00f6sivukulut<\/td><td class=\"column-2\"><\/td><td class=\"column-3\"><\/td>\n<\/tr>\n<tr class=\"row-14 even\">\n\t<td class=\"column-1\">El\u00e4kekulut<\/td><td class=\"column-2\">-5 201<\/td><td class=\"column-3\">-3 901<\/td>\n<\/tr>\n<tr class=\"row-15 odd\">\n\t<td class=\"column-1\">Muut henkil\u00f6sivukulut<\/td><td class=\"column-2\">-1 081<\/td><td class=\"column-3\">-656<\/td>\n<\/tr>\n<tr class=\"row-16 even\">\n\t<td class=\"column-1\">Henkil\u00f6st\u00f6kulut yhteens\u00e4<\/td><td class=\"column-2\">-35 935<\/td><td class=\"column-3\">-27 163<\/td>\n<\/tr>\n<tr class=\"row-17 odd\">\n\t<td class=\"column-1\">Poistot ja arvonalentumiset<\/td><td class=\"column-2\"><\/td><td class=\"column-3\"><\/td>\n<\/tr>\n<tr class=\"row-18 even\">\n\t<td class=\"column-1\">Suunnitelman mukaiset poistot<\/td><td class=\"column-2\">-34 803<\/td><td class=\"column-3\">-25 720<\/td>\n<\/tr>\n<tr class=\"row-19 odd\">\n\t<td class=\"column-1\">Liiketoiminnan muut kulut<\/td><td class=\"column-2\">-36 296<\/td><td class=\"column-3\">-24 155<\/td>\n<\/tr>\n<tr class=\"row-20 even\">\n\t<td class=\"column-1\">LIIKEVOITTO<\/td><td class=\"column-2\">74 647<\/td><td class=\"column-3\">16 899<\/td>\n<\/tr>\n<tr class=\"row-21 odd\">\n\t<td class=\"column-1\">Rahoitustuotot ja -kulut<\/td><td class=\"column-2\"><\/td><td class=\"column-3\"><\/td>\n<\/tr>\n<tr class=\"row-22 even\">\n\t<td class=\"column-1\">Muut korko- ja rahoitustuotot<\/td><td class=\"column-2\"><\/td><td class=\"column-3\"><\/td>\n<\/tr>\n<tr class=\"row-23 odd\">\n\t<td class=\"column-1\">Konserniyhti\u00f6t<\/td><td class=\"column-2\">2 942<\/td><td class=\"column-3\">6 219<\/td>\n<\/tr>\n<tr class=\"row-24 even\">\n\t<td class=\"column-1\">Muut<\/td><td class=\"column-2\">145<\/td><td class=\"column-3\">218<\/td>\n<\/tr>\n<tr class=\"row-25 odd\">\n\t<td class=\"column-1\">Rahoitustuotot yhteens\u00e4<\/td><td class=\"column-2\">3 086<\/td><td class=\"column-3\">6 437<\/td>\n<\/tr>\n<tr class=\"row-26 even\">\n\t<td class=\"column-1\">Muut korko- ja rahoituskulut<\/td><td class=\"column-2\"><\/td><td class=\"column-3\"><\/td>\n<\/tr>\n<tr class=\"row-27 odd\">\n\t<td class=\"column-1\">Konserniyhti\u00f6t<\/td><td class=\"column-2\">-88<\/td><td class=\"column-3\">-177<\/td>\n<\/tr>\n<tr class=\"row-28 even\">\n\t<td class=\"column-1\">Muut<\/td><td class=\"column-2\">-1 684<\/td><td class=\"column-3\">-1 906<\/td>\n<\/tr>\n<tr class=\"row-29 odd\">\n\t<td class=\"column-1\">Rahoituskulut yhteens\u00e4<\/td><td class=\"column-2\">-1 772<\/td><td class=\"column-3\">-2 082<\/td>\n<\/tr>\n<tr class=\"row-30 even\">\n\t<td class=\"column-1\">VOITTO ENNEN TILIP\u00c4\u00c4T\u00d6SSIIRTOJA JA VEROJA<\/td><td class=\"column-2\">75 962<\/td><td class=\"column-3\">21 253<\/td>\n<\/tr>\n<tr class=\"row-31 odd\">\n\t<td class=\"column-1\">Tilinp\u00e4\u00e4t\u00f6ssiirrot<\/td><td class=\"column-2\"><\/td><td class=\"column-3\"><\/td>\n<\/tr>\n<tr class=\"row-32 even\">\n\t<td class=\"column-1\">Poistoeron muutos<\/td><td class=\"column-2\">-6 771<\/td><td class=\"column-3\">-8 490<\/td>\n<\/tr>\n<tr class=\"row-33 odd\">\n\t<td class=\"column-1\">Saadut konserniavustukset<\/td><td class=\"column-2\">80 947<\/td><td class=\"column-3\">25 940<\/td>\n<\/tr>\n<tr class=\"row-34 even\">\n\t<td class=\"column-1\">Tilinp\u00e4\u00e4t\u00f6ssiirrot yhteens\u00e4<\/td><td class=\"column-2\">74 176<\/td><td class=\"column-3\">17 450<\/td>\n<\/tr>\n<tr class=\"row-35 odd\">\n\t<td class=\"column-1\">Tuloverot<\/td><td class=\"column-2\">-29 674<\/td><td class=\"column-3\">-6 496<\/td>\n<\/tr>\n<tr class=\"row-36 even\">\n\t<td class=\"column-1\">TILIKAUDEN VOITTO<\/td><td class=\"column-2\">120 464<\/td><td class=\"column-3\">32 207<\/td>\n<\/tr>\n<\/tbody>\n<\/table>\n<!-- #tablepress-37 from cache -->","protected":false},"excerpt":{"rendered":"<p> [&#8230;]<\/p>\n<p><a class=\"btn btn-secondary understrap-read-more-link\" href=\"https:\/\/annualreport.forcitgroup.com\/2025\/fi\/tilinpaatos\/emoyhtion-tilinpaatos\/emoyhtion-tuloslaskelma\/\">Read More&#8230;<span class=\"screen-reader-text\"> from Emoyhti\u00f6n tuloslaskelma<\/span><\/a><\/p>\n","protected":false},"author":1,"featured_media":0,"parent":558,"menu_order":0,"comment_status":"closed","ping_status":"closed","template":"page-template-numbers.php","meta":{"_acf_changed":false,"footnotes":""},"acf":[],"_links":{"self":[{"href":"https:\/\/annualreport.forcitgroup.com\/2025\/wp-json\/wp\/v2\/pages\/984"}],"collection":[{"href":"https:\/\/annualreport.forcitgroup.com\/2025\/wp-json\/wp\/v2\/pages"}],"about":[{"href":"https:\/\/annualreport.forcitgroup.com\/2025\/wp-json\/wp\/v2\/types\/page"}],"author":[{"embeddable":true,"href":"https:\/\/annualreport.forcitgroup.com\/2025\/wp-json\/wp\/v2\/users\/1"}],"replies":[{"embeddable":true,"href":"https:\/\/annualreport.forcitgroup.com\/2025\/wp-json\/wp\/v2\/comments?post=984"}],"version-history":[{"count":0,"href":"https:\/\/annualreport.forcitgroup.com\/2025\/wp-json\/wp\/v2\/pages\/984\/revisions"}],"up":[{"embeddable":true,"href":"https:\/\/annualreport.forcitgroup.com\/2025\/wp-json\/wp\/v2\/pages\/558"}],"wp:attachment":[{"href":"https:\/\/annualreport.forcitgroup.com\/2025\/wp-json\/wp\/v2\/media?parent=984"}],"curies":[{"name":"wp","href":"https:\/\/api.w.org\/{rel}","templated":true}]}}